{"id":7935,"date":"2026-03-22T07:21:52","date_gmt":"2026-03-22T07:21:52","guid":{"rendered":"https:\/\/varo.ee\/?post_type=product&#038;p=7935"},"modified":"2026-03-22T07:57:48","modified_gmt":"2026-03-22T07:57:48","slug":"iseteenindusega-joogilett-ollekraan","status":"publish","type":"product","link":"https:\/\/varo.ee\/en\/tooted\/varo-tooted\/iseteenindusega-joogilett-ollekraan\/","title":{"rendered":"Iseteenindusega joogilett \u00d5llekraan"},"content":{"rendered":"","protected":false},"excerpt":{"rendered":"<p>Pakume iseteenindusega lahtiste jookide letti \u00d5llekraan, millega on v\u00f5imalik m\u00fc\u00fca kuuest erinevast vaadist jooke, n\u00e4iteks lahtist \u00f5lut, veini, kalja, limonaadi, kokteile jne.<\/p>\n<ul>\n<li><strong>Kuus erinevat vaati<\/strong><\/li>\n<li><strong>V\u00f5imalik paigaldada erinevaid kraane<\/strong><\/li>\n<li><strong>Kiipidega makselahendus<\/strong> &#8211; klient saab k\u00e4epaela administraatorilt.\n<ul>\n<li>Maksmist saab korraldada kas ettemaksu n\u00e4ol v\u00f5i klient saab jookide eest maksta peale tarbimist.<\/li>\n<li>Makselahendust saab \u00fchendada iga makseterminaliga ja ka Gantneri kassaterminaliga GT7.<\/li>\n<li>Saame teostada integratsiooni kassas\u00fcsteemi ja \u00f5llekraanide s\u00fcsteemi kontollerite vahel, kaardimakselahendus on koheselt olemas.<\/li>\n<\/ul>\n<\/li>\n<li><strong>7-tolline EKRAN<\/strong> &#8211; puutetundlikul ekraanil saab klient valida kuni 6 jooki ning neid \u00fcksteise j\u00e4rel valada topsi.\n<ul>\n<li>On v\u00f5imalik muuta jookide pilte, mahtu, kirjeldust ja hinda.<\/li>\n<\/ul>\n<\/li>\n<\/ul>\n<p><strong>Kuidas joogilett t\u00f6\u00f6tab?<\/strong><\/p>\n<p>Joogi ostmiseks peab klient l\u00e4bima vaid kolm lihtsat sammu, mis on ka ekraanil esile t\u00f5stetud. Kui on aeg jooki valada, s\u00fcttib vastava kraani \u00fcmber roheline LED-tuli, et klient saaks aru, millist kraani kasutada tuleb.<\/p>\n<ol>\n<li>Klient valib ekraanil \u00fche v\u00f5i kuni kolm jooki.<\/li>\n<li>Kliendi vanust kontrollitakse n\u00e4o ja iskut t\u00f5endava dokumendi abil (kui isik on \u00fcle 25-aastane, siis ei ole isikut t\u00f5endava dokumendi esitamine vajalik). Vanusepiirangut saab kohendada.<\/li>\n<li>Klient tasub valitud joogi eest pangakaardi v\u00f5i asutuses kasutusel oleva kaardiga \/ kiibiga ja jook j\u00f5uab kliendi arvele ning v\u00e4ljudes k\u00fcsitakse kassas kliendilt raha.<\/li>\n<li>Klient valab joogi eelseadistatud koguse kas kraani k\u00e4epideme abil v\u00f5i nupule vajutades.<\/li>\n<\/ol>\n<p><strong>Lisav\u00f5imalusena:<\/strong><\/p>\n<p>Vanusekontroll n\u00e4o ja isikutunnistuse abil (kui klient on \u00fcle 25-aastane, pole isikutunnistust vaja). Biomeetrilise kaamera abil on v\u00f5imalik kindlaks teha, kas kaamera ees on inimene v\u00f5i ainult foto. Toetab enam kui 5000 erinevat t\u00fc\u00fcpi dokumenti, n\u00e4iteks juhilubasid, ID-kaarte ja passe. K\u00f5ik andmed edastatakse serverisse kr\u00fcpteeritud kujul ja p\u00e4rast tehisintellekti poolt t\u00f6\u00f6tlemist kustutatakse need, hoides kliendi anon\u00fc\u00fcmsena.<\/p>","protected":false},"featured_media":7936,"template":"","meta":{"_monsterinsights_skip_tracking":false,"_monsterinsights_sitenote_active":false,"_monsterinsights_sitenote_note":"","_monsterinsights_sitenote_category":0,"_kadence_starter_templates_imported_post":false,"_kad_post_transparent":"default","_kad_post_title":"","_kad_post_layout":"default","_kad_post_sidebar_id":"","_kad_post_content_style":"default","_kad_post_vertical_padding":"default","_kad_post_feature":"","_kad_post_feature_position":"","_kad_post_header":false,"_kad_post_footer":false,"_kad_post_classname":""},"product_brand":[],"product_cat":[41],"product_tag":[72],"class_list":{"0":"post-7935","1":"product","2":"type-product","3":"status-publish","4":"has-post-thumbnail","6":"product_cat-varo-tooted","7":"product_tag-iseteenindus","9":"first","10":"instock","11":"shipping-taxable","12":"product-type-simple","13":"entry","14":"content-bg","15":"loop-entry"},"yoast_head":"<!-- This site is optimized with the Yoast SEO plugin v27.4 - https:\/\/yoast.com\/product\/yoast-seo-wordpress\/ -->\n<title>Iseteenindusega joogilett \u00d5llekraan<\/title>\n<meta name=\"description\" content=\"Iseteenindusega joogilett ehk \u00d5llekraan v\u00f5imaldab m\u00fc\u00fca kuni kuuest erinevast vaadist erinevaid jooke: lahtist \u00f5lut, veini, kalja, limonaadi, kokteile jmt.\" \/>\n<meta name=\"robots\" content=\"index, follow, max-snippet:-1, max-image-preview:large, max-video-preview:-1\" \/>\n<link rel=\"canonical\" href=\"https:\/\/varo.ee\/en\/tooted\/varo-tooted\/iseteenindusega-joogilett-ollekraan\/\" \/>\n<meta property=\"og:locale\" content=\"en_GB\" \/>\n<meta property=\"og:type\" content=\"article\" \/>\n<meta property=\"og:title\" content=\"Iseteenindusega joogilett \u00d5llekraan\" \/>\n<meta property=\"og:description\" content=\"Iseteenindusega joogilett ehk \u00d5llekraan v\u00f5imaldab m\u00fc\u00fca kuni kuuest erinevast vaadist erinevaid jooke: lahtist \u00f5lut, veini, kalja, limonaadi, kokteile jmt.\" \/>\n<meta property=\"og:url\" content=\"https:\/\/varo.ee\/en\/tooted\/varo-tooted\/iseteenindusega-joogilett-ollekraan\/\" \/>\n<meta property=\"og:site_name\" content=\"Digitaalsed lahendused\" \/>\n<meta property=\"article:modified_time\" content=\"2026-03-22T07:57:48+00:00\" \/>\n<meta property=\"og:image\" content=\"https:\/\/varo.ee\/wp-content\/uploads\/2026\/03\/ollekraan_3.png\" \/>\n\t<meta property=\"og:image:width\" content=\"1023\" \/>\n\t<meta property=\"og:image:height\" content=\"1114\" \/>\n\t<meta property=\"og:image:type\" content=\"image\/png\" \/>\n<meta name=\"twitter:card\" content=\"summary_large_image\" \/>\n<meta name=\"twitter:label1\" content=\"Estimated reading time\" \/>\n\t<meta name=\"twitter:data1\" content=\"1 minute\" \/>\n<script type=\"application\/ld+json\" class=\"yoast-schema-graph\">{\"@context\":\"https:\\\/\\\/schema.org\",\"@graph\":[{\"@type\":\"WebPage\",\"@id\":\"https:\\\/\\\/varo.ee\\\/tooted\\\/varo-tooted\\\/iseteenindusega-joogilett-ollekraan\\\/\",\"url\":\"https:\\\/\\\/varo.ee\\\/tooted\\\/varo-tooted\\\/iseteenindusega-joogilett-ollekraan\\\/\",\"name\":\"Iseteenindusega joogilett \u00d5llekraan\",\"isPartOf\":{\"@id\":\"https:\\\/\\\/varo.ee\\\/#website\"},\"primaryImageOfPage\":{\"@id\":\"https:\\\/\\\/varo.ee\\\/tooted\\\/varo-tooted\\\/iseteenindusega-joogilett-ollekraan\\\/#primaryimage\"},\"image\":{\"@id\":\"https:\\\/\\\/varo.ee\\\/tooted\\\/varo-tooted\\\/iseteenindusega-joogilett-ollekraan\\\/#primaryimage\"},\"thumbnailUrl\":\"https:\\\/\\\/varo.ee\\\/wp-content\\\/uploads\\\/2026\\\/03\\\/ollekraan_3.png\",\"datePublished\":\"2026-03-22T07:21:52+00:00\",\"dateModified\":\"2026-03-22T07:57:48+00:00\",\"description\":\"Iseteenindusega joogilett ehk \u00d5llekraan v\u00f5imaldab m\u00fc\u00fca kuni kuuest erinevast vaadist erinevaid jooke: lahtist \u00f5lut, veini, kalja, limonaadi, kokteile jmt.\",\"breadcrumb\":{\"@id\":\"https:\\\/\\\/varo.ee\\\/tooted\\\/varo-tooted\\\/iseteenindusega-joogilett-ollekraan\\\/#breadcrumb\"},\"inLanguage\":\"en-GB\",\"potentialAction\":[{\"@type\":\"ReadAction\",\"target\":[\"https:\\\/\\\/varo.ee\\\/tooted\\\/varo-tooted\\\/iseteenindusega-joogilett-ollekraan\\\/\"]}]},{\"@type\":\"ImageObject\",\"inLanguage\":\"en-GB\",\"@id\":\"https:\\\/\\\/varo.ee\\\/tooted\\\/varo-tooted\\\/iseteenindusega-joogilett-ollekraan\\\/#primaryimage\",\"url\":\"https:\\\/\\\/varo.ee\\\/wp-content\\\/uploads\\\/2026\\\/03\\\/ollekraan_3.png\",\"contentUrl\":\"https:\\\/\\\/varo.ee\\\/wp-content\\\/uploads\\\/2026\\\/03\\\/ollekraan_3.png\",\"width\":1023,\"height\":1114,\"caption\":\"Iseteenindusega \u00f5llekraaniga joogilett kuue kraani ja ekraaniga baaris\"},{\"@type\":\"BreadcrumbList\",\"@id\":\"https:\\\/\\\/varo.ee\\\/tooted\\\/varo-tooted\\\/iseteenindusega-joogilett-ollekraan\\\/#breadcrumb\",\"itemListElement\":[{\"@type\":\"ListItem\",\"position\":1,\"name\":\"Avaleht\",\"item\":\"https:\\\/\\\/varo.ee\\\/\"},{\"@type\":\"ListItem\",\"position\":2,\"name\":\"Products\",\"item\":\"https:\\\/\\\/varo.ee\\\/shop\\\/\"},{\"@type\":\"ListItem\",\"position\":3,\"name\":\"Iseteenindusega joogilett \u00d5llekraan\"}]},{\"@type\":\"WebSite\",\"@id\":\"https:\\\/\\\/varo.ee\\\/#website\",\"url\":\"https:\\\/\\\/varo.ee\\\/\",\"name\":\"Digitaalsed lahendused\",\"description\":\"Digitaalsed lahendused\",\"publisher\":{\"@id\":\"https:\\\/\\\/varo.ee\\\/#organization\"},\"potentialAction\":[{\"@type\":\"SearchAction\",\"target\":{\"@type\":\"EntryPoint\",\"urlTemplate\":\"https:\\\/\\\/varo.ee\\\/?s={search_term_string}\"},\"query-input\":{\"@type\":\"PropertyValueSpecification\",\"valueRequired\":true,\"valueName\":\"search_term_string\"}}],\"inLanguage\":\"en-GB\"},{\"@type\":\"Organization\",\"@id\":\"https:\\\/\\\/varo.ee\\\/#organization\",\"name\":\"Digitaalsed lahendused\",\"url\":\"https:\\\/\\\/varo.ee\\\/\",\"logo\":{\"@type\":\"ImageObject\",\"inLanguage\":\"en-GB\",\"@id\":\"https:\\\/\\\/varo.ee\\\/#\\\/schema\\\/logo\\\/image\\\/\",\"url\":\"https:\\\/\\\/varo.ee\\\/wp-content\\\/uploads\\\/2023\\\/10\\\/tume_logo.png\",\"contentUrl\":\"https:\\\/\\\/varo.ee\\\/wp-content\\\/uploads\\\/2023\\\/10\\\/tume_logo.png\",\"width\":350,\"height\":138,\"caption\":\"Digitaalsed lahendused\"},\"image\":{\"@id\":\"https:\\\/\\\/varo.ee\\\/#\\\/schema\\\/logo\\\/image\\\/\"}}]}<\/script>\n<!-- \/ Yoast SEO plugin. -->","yoast_head_json":{"title":"Iseteenindusega joogilett \u00d5llekraan","description":"Iseteenindusega joogilett ehk \u00d5llekraan v\u00f5imaldab m\u00fc\u00fca kuni kuuest erinevast vaadist erinevaid jooke: lahtist \u00f5lut, veini, kalja, limonaadi, kokteile jmt.","robots":{"index":"index","follow":"follow","max-snippet":"max-snippet:-1","max-image-preview":"max-image-preview:large","max-video-preview":"max-video-preview:-1"},"canonical":"https:\/\/varo.ee\/en\/tooted\/varo-tooted\/iseteenindusega-joogilett-ollekraan\/","og_locale":"en_GB","og_type":"article","og_title":"Iseteenindusega joogilett \u00d5llekraan","og_description":"Iseteenindusega joogilett ehk \u00d5llekraan v\u00f5imaldab m\u00fc\u00fca kuni kuuest erinevast vaadist erinevaid jooke: lahtist \u00f5lut, veini, kalja, limonaadi, kokteile jmt.","og_url":"https:\/\/varo.ee\/en\/tooted\/varo-tooted\/iseteenindusega-joogilett-ollekraan\/","og_site_name":"Digitaalsed lahendused","article_modified_time":"2026-03-22T07:57:48+00:00","og_image":[{"width":1023,"height":1114,"url":"https:\/\/varo.ee\/wp-content\/uploads\/2026\/03\/ollekraan_3.png","type":"image\/png"}],"twitter_card":"summary_large_image","twitter_misc":{"Estimated reading time":"1 minute"},"schema":{"@context":"https:\/\/schema.org","@graph":[{"@type":"WebPage","@id":"https:\/\/varo.ee\/tooted\/varo-tooted\/iseteenindusega-joogilett-ollekraan\/","url":"https:\/\/varo.ee\/tooted\/varo-tooted\/iseteenindusega-joogilett-ollekraan\/","name":"Iseteenindusega joogilett \u00d5llekraan","isPartOf":{"@id":"https:\/\/varo.ee\/#website"},"primaryImageOfPage":{"@id":"https:\/\/varo.ee\/tooted\/varo-tooted\/iseteenindusega-joogilett-ollekraan\/#primaryimage"},"image":{"@id":"https:\/\/varo.ee\/tooted\/varo-tooted\/iseteenindusega-joogilett-ollekraan\/#primaryimage"},"thumbnailUrl":"https:\/\/varo.ee\/wp-content\/uploads\/2026\/03\/ollekraan_3.png","datePublished":"2026-03-22T07:21:52+00:00","dateModified":"2026-03-22T07:57:48+00:00","description":"Iseteenindusega joogilett ehk \u00d5llekraan v\u00f5imaldab m\u00fc\u00fca kuni kuuest erinevast vaadist erinevaid jooke: lahtist \u00f5lut, veini, kalja, limonaadi, kokteile jmt.","breadcrumb":{"@id":"https:\/\/varo.ee\/tooted\/varo-tooted\/iseteenindusega-joogilett-ollekraan\/#breadcrumb"},"inLanguage":"en-GB","potentialAction":[{"@type":"ReadAction","target":["https:\/\/varo.ee\/tooted\/varo-tooted\/iseteenindusega-joogilett-ollekraan\/"]}]},{"@type":"ImageObject","inLanguage":"en-GB","@id":"https:\/\/varo.ee\/tooted\/varo-tooted\/iseteenindusega-joogilett-ollekraan\/#primaryimage","url":"https:\/\/varo.ee\/wp-content\/uploads\/2026\/03\/ollekraan_3.png","contentUrl":"https:\/\/varo.ee\/wp-content\/uploads\/2026\/03\/ollekraan_3.png","width":1023,"height":1114,"caption":"Iseteenindusega \u00f5llekraaniga joogilett kuue kraani ja ekraaniga baaris"},{"@type":"BreadcrumbList","@id":"https:\/\/varo.ee\/tooted\/varo-tooted\/iseteenindusega-joogilett-ollekraan\/#breadcrumb","itemListElement":[{"@type":"ListItem","position":1,"name":"Avaleht","item":"https:\/\/varo.ee\/"},{"@type":"ListItem","position":2,"name":"Products","item":"https:\/\/varo.ee\/shop\/"},{"@type":"ListItem","position":3,"name":"Iseteenindusega joogilett \u00d5llekraan"}]},{"@type":"WebSite","@id":"https:\/\/varo.ee\/#website","url":"https:\/\/varo.ee\/","name":"Digitaalsed lahendused","description":"Digitaalsed lahendused","publisher":{"@id":"https:\/\/varo.ee\/#organization"},"potentialAction":[{"@type":"SearchAction","target":{"@type":"EntryPoint","urlTemplate":"https:\/\/varo.ee\/?s={search_term_string}"},"query-input":{"@type":"PropertyValueSpecification","valueRequired":true,"valueName":"search_term_string"}}],"inLanguage":"en-GB"},{"@type":"Organization","@id":"https:\/\/varo.ee\/#organization","name":"Digitaalsed lahendused","url":"https:\/\/varo.ee\/","logo":{"@type":"ImageObject","inLanguage":"en-GB","@id":"https:\/\/varo.ee\/#\/schema\/logo\/image\/","url":"https:\/\/varo.ee\/wp-content\/uploads\/2023\/10\/tume_logo.png","contentUrl":"https:\/\/varo.ee\/wp-content\/uploads\/2023\/10\/tume_logo.png","width":350,"height":138,"caption":"Digitaalsed lahendused"},"image":{"@id":"https:\/\/varo.ee\/#\/schema\/logo\/image\/"}}]}},"jetpack_sharing_enabled":true,"_links":{"self":[{"href":"https:\/\/varo.ee\/en\/wp-json\/wp\/v2\/product\/7935","targetHints":{"allow":["GET"]}}],"collection":[{"href":"https:\/\/varo.ee\/en\/wp-json\/wp\/v2\/product"}],"about":[{"href":"https:\/\/varo.ee\/en\/wp-json\/wp\/v2\/types\/product"}],"version-history":[{"count":5,"href":"https:\/\/varo.ee\/en\/wp-json\/wp\/v2\/product\/7935\/revisions"}],"predecessor-version":[{"id":7945,"href":"https:\/\/varo.ee\/en\/wp-json\/wp\/v2\/product\/7935\/revisions\/7945"}],"wp:featuredmedia":[{"embeddable":true,"href":"https:\/\/varo.ee\/en\/wp-json\/wp\/v2\/media\/7936"}],"wp:attachment":[{"href":"https:\/\/varo.ee\/en\/wp-json\/wp\/v2\/media?parent=7935"}],"wp:term":[{"taxonomy":"product_brand","embeddable":true,"href":"https:\/\/varo.ee\/en\/wp-json\/wp\/v2\/product_brand?post=7935"},{"taxonomy":"product_cat","embeddable":true,"href":"https:\/\/varo.ee\/en\/wp-json\/wp\/v2\/product_cat?post=7935"},{"taxonomy":"product_tag","embeddable":true,"href":"https:\/\/varo.ee\/en\/wp-json\/wp\/v2\/product_tag?post=7935"}],"curies":[{"name":"wp","href":"https:\/\/api.w.org\/{rel}","templated":true}]}}