{"id":7881,"date":"2025-10-26T14:53:38","date_gmt":"2025-10-26T14:53:38","guid":{"rendered":"https:\/\/varo.ee\/?post_type=product&#038;p=7881"},"modified":"2026-03-22T07:59:01","modified_gmt":"2026-03-22T07:59:01","slug":"nutikas-kapp-kaaludega-ehk-iseteenindusladu","status":"publish","type":"product","link":"https:\/\/varo.ee\/en\/tooted\/varo-tooted\/nutikas-kapp-kaaludega-ehk-iseteenindusladu\/","title":{"rendered":"Nutikas kapp kaaludega ehk iseteenindusladu"},"content":{"rendered":"","protected":false},"excerpt":{"rendered":"<p><strong>Hinnale lisandub k\u00e4ibemaks<\/strong><\/p>\n<p>Nutikad riiulid on varustatud kaaludega, mis suudavad m\u00f5\u00f5ta riiulil olevate esemete kaalu. Need andurid tagavad inventuuri t\u00e4pse kaalu m\u00e4\u00e4ramise.<\/p>\n<p><strong>Automatiseeritud arvestus:<\/strong> S\u00fcsteem registreerib automaatselt kaalu muutused ja v\u00e4rskendab andmeid reaalajas. See automatiseerib j\u00e4relej\u00e4\u00e4nud kaupade v\u00f5i inventuuri j\u00e4lgimise protsessi. Riiulite suuruseid on v\u00f5imlik muuta.<\/p>\n<p><strong>Integratsioon tarkvaraga:<\/strong> Kaalude andmetega kogutud andmeid saab API abil integreerida Inventuuri haldamise tarkvaraga. See h\u00f5lbustab ajakohaste kirjete s\u00e4ilitamist ja inventuuri haldamist.<\/p>\n<p><strong>Teated puuduj\u00e4\u00e4kidest v\u00f5i \u00fclej\u00e4\u00e4kidest:<\/strong> S\u00fcsteem saab hoiatada kauba puuduj\u00e4\u00e4kide v\u00f5i \u00fclej\u00e4\u00e4kide eest, tuginedes kaalu andmetele. See aitab v\u00e4ltida ajakadu ja ressursside kadu, mis on seotud ebaefektiivse inventuuri haldamisega.<\/p>\n<p><strong>Anal\u00fc\u00fctika ja aruandlus:<\/strong> S\u00fcsteem saab pakkuda anal\u00fc\u00fctilist teavet ja aruandlust, aidates juhtidel teha otsuseid inventuuri haldamise osas.<\/p>\n<p><strong>Kapp on varustatud:<\/strong><\/p>\n<ul>\n<li>LCD ekraan<\/li>\n<li>RFID kaardilugeja v\u00f5imalusega<\/li>\n<li>ID kaardi tuvastamine<\/li>\n<li>Saab kasutada k\u00fclmikuna<\/li>\n<li>Tolmukindel<\/li>\n<li>Sisemine valgustus<\/li>\n<li>Klaasuks<\/li>\n<\/ul>","protected":false},"featured_media":7883,"template":"","meta":{"_monsterinsights_skip_tracking":false,"_monsterinsights_sitenote_active":false,"_monsterinsights_sitenote_note":"","_monsterinsights_sitenote_category":0,"_kadence_starter_templates_imported_post":false,"_kad_post_transparent":"default","_kad_post_title":"","_kad_post_layout":"default","_kad_post_sidebar_id":"","_kad_post_content_style":"default","_kad_post_vertical_padding":"default","_kad_post_feature":"","_kad_post_feature_position":"","_kad_post_header":false,"_kad_post_footer":false,"_kad_post_classname":""},"product_brand":[],"product_cat":[41],"product_tag":[72],"class_list":{"0":"post-7881","1":"product","2":"type-product","3":"status-publish","4":"has-post-thumbnail","6":"product_cat-varo-tooted","7":"product_tag-iseteenindus","9":"first","10":"instock","11":"shipping-taxable","12":"purchasable","13":"product-type-simple","14":"entry","15":"content-bg","16":"loop-entry"},"yoast_head":"<!-- This site is optimized with the Yoast SEO plugin v27.4 - https:\/\/yoast.com\/product\/yoast-seo-wordpress\/ -->\n<title>Nutikas kapp kaaludega ehk iseteenindusladu - Digitaalsed lahendused<\/title>\n<meta name=\"description\" content=\"Nutikas kapp kaaludega muudab inventuuri haldamise automaatseks ja t\u00e4pseks. Reaalajas andmed, API integratsioon, teavitused puuduj\u00e4\u00e4kidest, RFID ja ID-kaardi tugi, LCD ekraan, sisemine valgustus ning klaasuks.\" \/>\n<meta name=\"robots\" content=\"index, follow, max-snippet:-1, max-image-preview:large, max-video-preview:-1\" \/>\n<link rel=\"canonical\" href=\"https:\/\/varo.ee\/en\/tooted\/varo-tooted\/nutikas-kapp-kaaludega-ehk-iseteenindusladu\/\" \/>\n<meta property=\"og:locale\" content=\"en_GB\" \/>\n<meta property=\"og:type\" content=\"article\" \/>\n<meta property=\"og:title\" content=\"Nutikas kapp kaaludega ehk iseteenindusladu - Digitaalsed lahendused\" \/>\n<meta property=\"og:description\" content=\"Nutikas kapp kaaludega muudab inventuuri haldamise automaatseks ja t\u00e4pseks. Reaalajas andmed, API integratsioon, teavitused puuduj\u00e4\u00e4kidest, RFID ja ID-kaardi tugi, LCD ekraan, sisemine valgustus ning klaasuks.\" \/>\n<meta property=\"og:url\" content=\"https:\/\/varo.ee\/en\/tooted\/varo-tooted\/nutikas-kapp-kaaludega-ehk-iseteenindusladu\/\" \/>\n<meta property=\"og:site_name\" content=\"Digitaalsed lahendused\" \/>\n<meta property=\"article:modified_time\" content=\"2026-03-22T07:59:01+00:00\" \/>\n<meta property=\"og:image\" content=\"https:\/\/varo.ee\/wp-content\/uploads\/2025\/10\/kapp-kaaludega-1.webp\" \/>\n\t<meta property=\"og:image:width\" content=\"600\" \/>\n\t<meta property=\"og:image:height\" content=\"800\" \/>\n\t<meta property=\"og:image:type\" content=\"image\/webp\" \/>\n<meta name=\"twitter:card\" content=\"summary_large_image\" \/>\n<meta name=\"twitter:label1\" content=\"Estimated reading time\" \/>\n\t<meta name=\"twitter:data1\" content=\"1 minute\" \/>\n<script type=\"application\/ld+json\" class=\"yoast-schema-graph\">{\"@context\":\"https:\\\/\\\/schema.org\",\"@graph\":[{\"@type\":\"WebPage\",\"@id\":\"https:\\\/\\\/varo.ee\\\/tooted\\\/varo-tooted\\\/nutikas-kapp-kaaludega-ehk-iseteenindusladu\\\/\",\"url\":\"https:\\\/\\\/varo.ee\\\/tooted\\\/varo-tooted\\\/nutikas-kapp-kaaludega-ehk-iseteenindusladu\\\/\",\"name\":\"Nutikas kapp kaaludega ehk iseteenindusladu - Digitaalsed lahendused\",\"isPartOf\":{\"@id\":\"https:\\\/\\\/varo.ee\\\/#website\"},\"primaryImageOfPage\":{\"@id\":\"https:\\\/\\\/varo.ee\\\/tooted\\\/varo-tooted\\\/nutikas-kapp-kaaludega-ehk-iseteenindusladu\\\/#primaryimage\"},\"image\":{\"@id\":\"https:\\\/\\\/varo.ee\\\/tooted\\\/varo-tooted\\\/nutikas-kapp-kaaludega-ehk-iseteenindusladu\\\/#primaryimage\"},\"thumbnailUrl\":\"https:\\\/\\\/varo.ee\\\/wp-content\\\/uploads\\\/2025\\\/10\\\/kapp-kaaludega-1.webp\",\"datePublished\":\"2025-10-26T14:53:38+00:00\",\"dateModified\":\"2026-03-22T07:59:01+00:00\",\"description\":\"Nutikas kapp kaaludega muudab inventuuri haldamise automaatseks ja t\u00e4pseks. Reaalajas andmed, API integratsioon, teavitused puuduj\u00e4\u00e4kidest, RFID ja ID-kaardi tugi, LCD ekraan, sisemine valgustus ning klaasuks.\",\"breadcrumb\":{\"@id\":\"https:\\\/\\\/varo.ee\\\/tooted\\\/varo-tooted\\\/nutikas-kapp-kaaludega-ehk-iseteenindusladu\\\/#breadcrumb\"},\"inLanguage\":\"en-GB\",\"potentialAction\":[{\"@type\":\"ReadAction\",\"target\":[\"https:\\\/\\\/varo.ee\\\/tooted\\\/varo-tooted\\\/nutikas-kapp-kaaludega-ehk-iseteenindusladu\\\/\"]}]},{\"@type\":\"ImageObject\",\"inLanguage\":\"en-GB\",\"@id\":\"https:\\\/\\\/varo.ee\\\/tooted\\\/varo-tooted\\\/nutikas-kapp-kaaludega-ehk-iseteenindusladu\\\/#primaryimage\",\"url\":\"https:\\\/\\\/varo.ee\\\/wp-content\\\/uploads\\\/2025\\\/10\\\/kapp-kaaludega-1.webp\",\"contentUrl\":\"https:\\\/\\\/varo.ee\\\/wp-content\\\/uploads\\\/2025\\\/10\\\/kapp-kaaludega-1.webp\",\"width\":600,\"height\":800,\"caption\":\"Tehniline joonis kapist\"},{\"@type\":\"BreadcrumbList\",\"@id\":\"https:\\\/\\\/varo.ee\\\/tooted\\\/varo-tooted\\\/nutikas-kapp-kaaludega-ehk-iseteenindusladu\\\/#breadcrumb\",\"itemListElement\":[{\"@type\":\"ListItem\",\"position\":1,\"name\":\"Avaleht\",\"item\":\"https:\\\/\\\/varo.ee\\\/\"},{\"@type\":\"ListItem\",\"position\":2,\"name\":\"Products\",\"item\":\"https:\\\/\\\/varo.ee\\\/shop\\\/\"},{\"@type\":\"ListItem\",\"position\":3,\"name\":\"Nutikas kapp kaaludega ehk iseteenindusladu\"}]},{\"@type\":\"WebSite\",\"@id\":\"https:\\\/\\\/varo.ee\\\/#website\",\"url\":\"https:\\\/\\\/varo.ee\\\/\",\"name\":\"Digitaalsed lahendused\",\"description\":\"Digitaalsed lahendused\",\"publisher\":{\"@id\":\"https:\\\/\\\/varo.ee\\\/#organization\"},\"potentialAction\":[{\"@type\":\"SearchAction\",\"target\":{\"@type\":\"EntryPoint\",\"urlTemplate\":\"https:\\\/\\\/varo.ee\\\/?s={search_term_string}\"},\"query-input\":{\"@type\":\"PropertyValueSpecification\",\"valueRequired\":true,\"valueName\":\"search_term_string\"}}],\"inLanguage\":\"en-GB\"},{\"@type\":\"Organization\",\"@id\":\"https:\\\/\\\/varo.ee\\\/#organization\",\"name\":\"Digitaalsed lahendused\",\"url\":\"https:\\\/\\\/varo.ee\\\/\",\"logo\":{\"@type\":\"ImageObject\",\"inLanguage\":\"en-GB\",\"@id\":\"https:\\\/\\\/varo.ee\\\/#\\\/schema\\\/logo\\\/image\\\/\",\"url\":\"https:\\\/\\\/varo.ee\\\/wp-content\\\/uploads\\\/2023\\\/10\\\/tume_logo.png\",\"contentUrl\":\"https:\\\/\\\/varo.ee\\\/wp-content\\\/uploads\\\/2023\\\/10\\\/tume_logo.png\",\"width\":350,\"height\":138,\"caption\":\"Digitaalsed lahendused\"},\"image\":{\"@id\":\"https:\\\/\\\/varo.ee\\\/#\\\/schema\\\/logo\\\/image\\\/\"}}]}<\/script>\n<!-- \/ Yoast SEO plugin. -->","yoast_head_json":{"title":"Nutikas kapp kaaludega ehk iseteenindusladu - Digitaalsed lahendused","description":"Nutikas kapp kaaludega muudab inventuuri haldamise automaatseks ja t\u00e4pseks. Reaalajas andmed, API integratsioon, teavitused puuduj\u00e4\u00e4kidest, RFID ja ID-kaardi tugi, LCD ekraan, sisemine valgustus ning klaasuks.","robots":{"index":"index","follow":"follow","max-snippet":"max-snippet:-1","max-image-preview":"max-image-preview:large","max-video-preview":"max-video-preview:-1"},"canonical":"https:\/\/varo.ee\/en\/tooted\/varo-tooted\/nutikas-kapp-kaaludega-ehk-iseteenindusladu\/","og_locale":"en_GB","og_type":"article","og_title":"Nutikas kapp kaaludega ehk iseteenindusladu - Digitaalsed lahendused","og_description":"Nutikas kapp kaaludega muudab inventuuri haldamise automaatseks ja t\u00e4pseks. Reaalajas andmed, API integratsioon, teavitused puuduj\u00e4\u00e4kidest, RFID ja ID-kaardi tugi, LCD ekraan, sisemine valgustus ning klaasuks.","og_url":"https:\/\/varo.ee\/en\/tooted\/varo-tooted\/nutikas-kapp-kaaludega-ehk-iseteenindusladu\/","og_site_name":"Digitaalsed lahendused","article_modified_time":"2026-03-22T07:59:01+00:00","og_image":[{"width":600,"height":800,"url":"https:\/\/varo.ee\/wp-content\/uploads\/2025\/10\/kapp-kaaludega-1.webp","type":"image\/webp"}],"twitter_card":"summary_large_image","twitter_misc":{"Estimated reading time":"1 minute"},"schema":{"@context":"https:\/\/schema.org","@graph":[{"@type":"WebPage","@id":"https:\/\/varo.ee\/tooted\/varo-tooted\/nutikas-kapp-kaaludega-ehk-iseteenindusladu\/","url":"https:\/\/varo.ee\/tooted\/varo-tooted\/nutikas-kapp-kaaludega-ehk-iseteenindusladu\/","name":"Nutikas kapp kaaludega ehk iseteenindusladu - Digitaalsed lahendused","isPartOf":{"@id":"https:\/\/varo.ee\/#website"},"primaryImageOfPage":{"@id":"https:\/\/varo.ee\/tooted\/varo-tooted\/nutikas-kapp-kaaludega-ehk-iseteenindusladu\/#primaryimage"},"image":{"@id":"https:\/\/varo.ee\/tooted\/varo-tooted\/nutikas-kapp-kaaludega-ehk-iseteenindusladu\/#primaryimage"},"thumbnailUrl":"https:\/\/varo.ee\/wp-content\/uploads\/2025\/10\/kapp-kaaludega-1.webp","datePublished":"2025-10-26T14:53:38+00:00","dateModified":"2026-03-22T07:59:01+00:00","description":"Nutikas kapp kaaludega muudab inventuuri haldamise automaatseks ja t\u00e4pseks. Reaalajas andmed, API integratsioon, teavitused puuduj\u00e4\u00e4kidest, RFID ja ID-kaardi tugi, LCD ekraan, sisemine valgustus ning klaasuks.","breadcrumb":{"@id":"https:\/\/varo.ee\/tooted\/varo-tooted\/nutikas-kapp-kaaludega-ehk-iseteenindusladu\/#breadcrumb"},"inLanguage":"en-GB","potentialAction":[{"@type":"ReadAction","target":["https:\/\/varo.ee\/tooted\/varo-tooted\/nutikas-kapp-kaaludega-ehk-iseteenindusladu\/"]}]},{"@type":"ImageObject","inLanguage":"en-GB","@id":"https:\/\/varo.ee\/tooted\/varo-tooted\/nutikas-kapp-kaaludega-ehk-iseteenindusladu\/#primaryimage","url":"https:\/\/varo.ee\/wp-content\/uploads\/2025\/10\/kapp-kaaludega-1.webp","contentUrl":"https:\/\/varo.ee\/wp-content\/uploads\/2025\/10\/kapp-kaaludega-1.webp","width":600,"height":800,"caption":"Tehniline joonis kapist"},{"@type":"BreadcrumbList","@id":"https:\/\/varo.ee\/tooted\/varo-tooted\/nutikas-kapp-kaaludega-ehk-iseteenindusladu\/#breadcrumb","itemListElement":[{"@type":"ListItem","position":1,"name":"Avaleht","item":"https:\/\/varo.ee\/"},{"@type":"ListItem","position":2,"name":"Products","item":"https:\/\/varo.ee\/shop\/"},{"@type":"ListItem","position":3,"name":"Nutikas kapp kaaludega ehk iseteenindusladu"}]},{"@type":"WebSite","@id":"https:\/\/varo.ee\/#website","url":"https:\/\/varo.ee\/","name":"Digitaalsed lahendused","description":"Digitaalsed lahendused","publisher":{"@id":"https:\/\/varo.ee\/#organization"},"potentialAction":[{"@type":"SearchAction","target":{"@type":"EntryPoint","urlTemplate":"https:\/\/varo.ee\/?s={search_term_string}"},"query-input":{"@type":"PropertyValueSpecification","valueRequired":true,"valueName":"search_term_string"}}],"inLanguage":"en-GB"},{"@type":"Organization","@id":"https:\/\/varo.ee\/#organization","name":"Digitaalsed lahendused","url":"https:\/\/varo.ee\/","logo":{"@type":"ImageObject","inLanguage":"en-GB","@id":"https:\/\/varo.ee\/#\/schema\/logo\/image\/","url":"https:\/\/varo.ee\/wp-content\/uploads\/2023\/10\/tume_logo.png","contentUrl":"https:\/\/varo.ee\/wp-content\/uploads\/2023\/10\/tume_logo.png","width":350,"height":138,"caption":"Digitaalsed lahendused"},"image":{"@id":"https:\/\/varo.ee\/#\/schema\/logo\/image\/"}}]}},"jetpack_sharing_enabled":true,"_links":{"self":[{"href":"https:\/\/varo.ee\/en\/wp-json\/wp\/v2\/product\/7881","targetHints":{"allow":["GET"]}}],"collection":[{"href":"https:\/\/varo.ee\/en\/wp-json\/wp\/v2\/product"}],"about":[{"href":"https:\/\/varo.ee\/en\/wp-json\/wp\/v2\/types\/product"}],"version-history":[{"count":3,"href":"https:\/\/varo.ee\/en\/wp-json\/wp\/v2\/product\/7881\/revisions"}],"predecessor-version":[{"id":7888,"href":"https:\/\/varo.ee\/en\/wp-json\/wp\/v2\/product\/7881\/revisions\/7888"}],"wp:featuredmedia":[{"embeddable":true,"href":"https:\/\/varo.ee\/en\/wp-json\/wp\/v2\/media\/7883"}],"wp:attachment":[{"href":"https:\/\/varo.ee\/en\/wp-json\/wp\/v2\/media?parent=7881"}],"wp:term":[{"taxonomy":"product_brand","embeddable":true,"href":"https:\/\/varo.ee\/en\/wp-json\/wp\/v2\/product_brand?post=7881"},{"taxonomy":"product_cat","embeddable":true,"href":"https:\/\/varo.ee\/en\/wp-json\/wp\/v2\/product_cat?post=7881"},{"taxonomy":"product_tag","embeddable":true,"href":"https:\/\/varo.ee\/en\/wp-json\/wp\/v2\/product_tag?post=7881"}],"curies":[{"name":"wp","href":"https:\/\/api.w.org\/{rel}","templated":true}]}}