{"id":7809,"date":"2025-10-26T13:41:09","date_gmt":"2025-10-26T13:41:09","guid":{"rendered":"https:\/\/varo.ee\/?post_type=product&#038;p=7809"},"modified":"2025-10-26T15:07:18","modified_gmt":"2025-10-26T15:07:18","slug":"nutikas-laokapp","status":"publish","type":"product","link":"https:\/\/varo.ee\/en\/tooted\/varo-tooted\/nutikas-laokapp\/","title":{"rendered":"Nutikas laokapp"},"content":{"rendered":"","protected":false},"excerpt":{"rendered":"<p><strong>Hinnale lisandub k\u00e4ibemaks<\/strong><\/p>\n<p>Kui vajad \u00fchte kappi ja soovid kontrollida, kes seda kasutab, pakub Varo O\u00dc nutikat laokappi.<\/p>\n<p>Kapp on valmistatud metallist, m\u00f5\u00f5tmetega 1000 \u00d7 1900 \u00d7 430 mm, kahepoolsete ustega. V\u00e4rvus helehall (RAL7035). Sobib kasutamiseks sisetingimustes.<\/p>\n<p>Kapil on ees nutikas patareitoitel lukk, mis on \u00fchendatud internetti WiFi saatja kaudu. WiFi saatja peab olema \u00fchendatud internetti ja saama elektritoidet 230 V. Saatja ei tohi asuda lukust kaugemal kui 8 meetrit.<\/p>\n<p><strong>Lukk v\u00f5imaldab:<\/strong><\/p>\n<ul>\n<li>RFID kaardiga kasutamist;<\/li>\n<li>Kuni 200 RFID kaarti \u00fchele lukule;<\/li>\n<li>Kuni 150 pin koodi, PIN + RFID=350 kasutajat<\/li>\n<li>APP piiramata arv kasutajaid;<\/li>\n<li>Telefoni APP\u00b4ga avamist;<\/li>\n<li>N\u00e4ha aku t\u00e4ituvust;<\/li>\n<li>Vaadata kasutajate logi;<\/li>\n<li>Saab hallata kasutajate lubasid;<\/li>\n<li>Vaadata kas uks on avatud;<\/li>\n<li>Lukku saab kaugelt avada;<\/li>\n<li>API sidumist, API dokumendid saadaval ja saab \u00fchendada teie tarkvaraga.<\/li>\n<li>Wifi Gateway paigaldust<\/li>\n<\/ul>\n<p>Hind ei sisalda paigaldust<\/p>","protected":false},"featured_media":7810,"template":"","meta":{"_monsterinsights_skip_tracking":false,"_monsterinsights_sitenote_active":false,"_monsterinsights_sitenote_note":"","_monsterinsights_sitenote_category":0,"_kadence_starter_templates_imported_post":false,"_kad_post_transparent":"default","_kad_post_title":"","_kad_post_layout":"default","_kad_post_sidebar_id":"","_kad_post_content_style":"default","_kad_post_vertical_padding":"default","_kad_post_feature":"","_kad_post_feature_position":"","_kad_post_header":false,"_kad_post_footer":false,"_kad_post_classname":""},"product_brand":[],"product_cat":[41],"product_tag":[],"class_list":{"0":"post-7809","1":"product","2":"type-product","3":"status-publish","4":"has-post-thumbnail","6":"product_cat-varo-tooted","8":"first","9":"instock","10":"shipping-taxable","11":"purchasable","12":"product-type-simple","13":"entry","14":"content-bg","15":"loop-entry"},"yoast_head":"<!-- This site is optimized with the Yoast SEO plugin v27.4 - https:\/\/yoast.com\/product\/yoast-seo-wordpress\/ -->\n<title>Nutikas laokapp - Digitaalsed lahendused<\/title>\n<meta name=\"description\" content=\"Nutikas metallist laokapp RFID- ja PIN-lukuga. Wifi kaudu juhitav, kuni 350 kasutajat, kaugjuhtimine ja API tugi. Hind 850\u20ac +km.\" \/>\n<meta name=\"robots\" content=\"index, follow, max-snippet:-1, max-image-preview:large, max-video-preview:-1\" \/>\n<link rel=\"canonical\" href=\"https:\/\/varo.ee\/en\/tooted\/varo-tooted\/nutikas-laokapp\/\" \/>\n<meta property=\"og:locale\" content=\"en_GB\" \/>\n<meta property=\"og:type\" content=\"article\" \/>\n<meta property=\"og:title\" content=\"Nutikas laokapp - Digitaalsed lahendused\" \/>\n<meta property=\"og:description\" content=\"Nutikas metallist laokapp RFID- ja PIN-lukuga. Wifi kaudu juhitav, kuni 350 kasutajat, kaugjuhtimine ja API tugi. Hind 850\u20ac +km.\" \/>\n<meta property=\"og:url\" content=\"https:\/\/varo.ee\/en\/tooted\/varo-tooted\/nutikas-laokapp\/\" \/>\n<meta property=\"og:site_name\" content=\"Digitaalsed lahendused\" \/>\n<meta property=\"article:modified_time\" content=\"2025-10-26T15:07:18+00:00\" \/>\n<meta property=\"og:image\" content=\"https:\/\/varo.ee\/wp-content\/uploads\/2025\/10\/lukk.webp\" \/>\n\t<meta property=\"og:image:width\" content=\"600\" \/>\n\t<meta property=\"og:image:height\" content=\"800\" \/>\n\t<meta property=\"og:image:type\" content=\"image\/webp\" \/>\n<meta name=\"twitter:card\" content=\"summary_large_image\" \/>\n<meta name=\"twitter:label1\" content=\"Estimated reading time\" \/>\n\t<meta name=\"twitter:data1\" content=\"1 minute\" \/>\n<script type=\"application\/ld+json\" class=\"yoast-schema-graph\">{\"@context\":\"https:\\\/\\\/schema.org\",\"@graph\":[{\"@type\":\"WebPage\",\"@id\":\"https:\\\/\\\/varo.ee\\\/tooted\\\/varo-tooted\\\/nutikas-laokapp\\\/\",\"url\":\"https:\\\/\\\/varo.ee\\\/tooted\\\/varo-tooted\\\/nutikas-laokapp\\\/\",\"name\":\"Nutikas laokapp - Digitaalsed lahendused\",\"isPartOf\":{\"@id\":\"https:\\\/\\\/varo.ee\\\/#website\"},\"primaryImageOfPage\":{\"@id\":\"https:\\\/\\\/varo.ee\\\/tooted\\\/varo-tooted\\\/nutikas-laokapp\\\/#primaryimage\"},\"image\":{\"@id\":\"https:\\\/\\\/varo.ee\\\/tooted\\\/varo-tooted\\\/nutikas-laokapp\\\/#primaryimage\"},\"thumbnailUrl\":\"https:\\\/\\\/varo.ee\\\/wp-content\\\/uploads\\\/2025\\\/10\\\/lukk.webp\",\"datePublished\":\"2025-10-26T13:41:09+00:00\",\"dateModified\":\"2025-10-26T15:07:18+00:00\",\"description\":\"Nutikas metallist laokapp RFID- ja PIN-lukuga. Wifi kaudu juhitav, kuni 350 kasutajat, kaugjuhtimine ja API tugi. Hind 850\u20ac +km.\",\"breadcrumb\":{\"@id\":\"https:\\\/\\\/varo.ee\\\/tooted\\\/varo-tooted\\\/nutikas-laokapp\\\/#breadcrumb\"},\"inLanguage\":\"en-GB\",\"potentialAction\":[{\"@type\":\"ReadAction\",\"target\":[\"https:\\\/\\\/varo.ee\\\/tooted\\\/varo-tooted\\\/nutikas-laokapp\\\/\"]}]},{\"@type\":\"ImageObject\",\"inLanguage\":\"en-GB\",\"@id\":\"https:\\\/\\\/varo.ee\\\/tooted\\\/varo-tooted\\\/nutikas-laokapp\\\/#primaryimage\",\"url\":\"https:\\\/\\\/varo.ee\\\/wp-content\\\/uploads\\\/2025\\\/10\\\/lukk.webp\",\"contentUrl\":\"https:\\\/\\\/varo.ee\\\/wp-content\\\/uploads\\\/2025\\\/10\\\/lukk.webp\",\"width\":600,\"height\":800,\"caption\":\"n\u00e4htamatu lukk\"},{\"@type\":\"BreadcrumbList\",\"@id\":\"https:\\\/\\\/varo.ee\\\/tooted\\\/varo-tooted\\\/nutikas-laokapp\\\/#breadcrumb\",\"itemListElement\":[{\"@type\":\"ListItem\",\"position\":1,\"name\":\"Avaleht\",\"item\":\"https:\\\/\\\/varo.ee\\\/\"},{\"@type\":\"ListItem\",\"position\":2,\"name\":\"Products\",\"item\":\"https:\\\/\\\/varo.ee\\\/shop\\\/\"},{\"@type\":\"ListItem\",\"position\":3,\"name\":\"Nutikas laokapp\"}]},{\"@type\":\"WebSite\",\"@id\":\"https:\\\/\\\/varo.ee\\\/#website\",\"url\":\"https:\\\/\\\/varo.ee\\\/\",\"name\":\"Digitaalsed lahendused\",\"description\":\"Digitaalsed lahendused\",\"publisher\":{\"@id\":\"https:\\\/\\\/varo.ee\\\/#organization\"},\"potentialAction\":[{\"@type\":\"SearchAction\",\"target\":{\"@type\":\"EntryPoint\",\"urlTemplate\":\"https:\\\/\\\/varo.ee\\\/?s={search_term_string}\"},\"query-input\":{\"@type\":\"PropertyValueSpecification\",\"valueRequired\":true,\"valueName\":\"search_term_string\"}}],\"inLanguage\":\"en-GB\"},{\"@type\":\"Organization\",\"@id\":\"https:\\\/\\\/varo.ee\\\/#organization\",\"name\":\"Digitaalsed lahendused\",\"url\":\"https:\\\/\\\/varo.ee\\\/\",\"logo\":{\"@type\":\"ImageObject\",\"inLanguage\":\"en-GB\",\"@id\":\"https:\\\/\\\/varo.ee\\\/#\\\/schema\\\/logo\\\/image\\\/\",\"url\":\"https:\\\/\\\/varo.ee\\\/wp-content\\\/uploads\\\/2023\\\/10\\\/tume_logo.png\",\"contentUrl\":\"https:\\\/\\\/varo.ee\\\/wp-content\\\/uploads\\\/2023\\\/10\\\/tume_logo.png\",\"width\":350,\"height\":138,\"caption\":\"Digitaalsed lahendused\"},\"image\":{\"@id\":\"https:\\\/\\\/varo.ee\\\/#\\\/schema\\\/logo\\\/image\\\/\"}}]}<\/script>\n<!-- \/ Yoast SEO plugin. -->","yoast_head_json":{"title":"Nutikas laokapp - Digitaalsed lahendused","description":"Nutikas metallist laokapp RFID- ja PIN-lukuga. Wifi kaudu juhitav, kuni 350 kasutajat, kaugjuhtimine ja API tugi. Hind 850\u20ac +km.","robots":{"index":"index","follow":"follow","max-snippet":"max-snippet:-1","max-image-preview":"max-image-preview:large","max-video-preview":"max-video-preview:-1"},"canonical":"https:\/\/varo.ee\/en\/tooted\/varo-tooted\/nutikas-laokapp\/","og_locale":"en_GB","og_type":"article","og_title":"Nutikas laokapp - Digitaalsed lahendused","og_description":"Nutikas metallist laokapp RFID- ja PIN-lukuga. Wifi kaudu juhitav, kuni 350 kasutajat, kaugjuhtimine ja API tugi. Hind 850\u20ac +km.","og_url":"https:\/\/varo.ee\/en\/tooted\/varo-tooted\/nutikas-laokapp\/","og_site_name":"Digitaalsed lahendused","article_modified_time":"2025-10-26T15:07:18+00:00","og_image":[{"width":600,"height":800,"url":"https:\/\/varo.ee\/wp-content\/uploads\/2025\/10\/lukk.webp","type":"image\/webp"}],"twitter_card":"summary_large_image","twitter_misc":{"Estimated reading time":"1 minute"},"schema":{"@context":"https:\/\/schema.org","@graph":[{"@type":"WebPage","@id":"https:\/\/varo.ee\/tooted\/varo-tooted\/nutikas-laokapp\/","url":"https:\/\/varo.ee\/tooted\/varo-tooted\/nutikas-laokapp\/","name":"Nutikas laokapp - Digitaalsed lahendused","isPartOf":{"@id":"https:\/\/varo.ee\/#website"},"primaryImageOfPage":{"@id":"https:\/\/varo.ee\/tooted\/varo-tooted\/nutikas-laokapp\/#primaryimage"},"image":{"@id":"https:\/\/varo.ee\/tooted\/varo-tooted\/nutikas-laokapp\/#primaryimage"},"thumbnailUrl":"https:\/\/varo.ee\/wp-content\/uploads\/2025\/10\/lukk.webp","datePublished":"2025-10-26T13:41:09+00:00","dateModified":"2025-10-26T15:07:18+00:00","description":"Nutikas metallist laokapp RFID- ja PIN-lukuga. Wifi kaudu juhitav, kuni 350 kasutajat, kaugjuhtimine ja API tugi. Hind 850\u20ac +km.","breadcrumb":{"@id":"https:\/\/varo.ee\/tooted\/varo-tooted\/nutikas-laokapp\/#breadcrumb"},"inLanguage":"en-GB","potentialAction":[{"@type":"ReadAction","target":["https:\/\/varo.ee\/tooted\/varo-tooted\/nutikas-laokapp\/"]}]},{"@type":"ImageObject","inLanguage":"en-GB","@id":"https:\/\/varo.ee\/tooted\/varo-tooted\/nutikas-laokapp\/#primaryimage","url":"https:\/\/varo.ee\/wp-content\/uploads\/2025\/10\/lukk.webp","contentUrl":"https:\/\/varo.ee\/wp-content\/uploads\/2025\/10\/lukk.webp","width":600,"height":800,"caption":"n\u00e4htamatu lukk"},{"@type":"BreadcrumbList","@id":"https:\/\/varo.ee\/tooted\/varo-tooted\/nutikas-laokapp\/#breadcrumb","itemListElement":[{"@type":"ListItem","position":1,"name":"Avaleht","item":"https:\/\/varo.ee\/"},{"@type":"ListItem","position":2,"name":"Products","item":"https:\/\/varo.ee\/shop\/"},{"@type":"ListItem","position":3,"name":"Nutikas laokapp"}]},{"@type":"WebSite","@id":"https:\/\/varo.ee\/#website","url":"https:\/\/varo.ee\/","name":"Digitaalsed lahendused","description":"Digitaalsed lahendused","publisher":{"@id":"https:\/\/varo.ee\/#organization"},"potentialAction":[{"@type":"SearchAction","target":{"@type":"EntryPoint","urlTemplate":"https:\/\/varo.ee\/?s={search_term_string}"},"query-input":{"@type":"PropertyValueSpecification","valueRequired":true,"valueName":"search_term_string"}}],"inLanguage":"en-GB"},{"@type":"Organization","@id":"https:\/\/varo.ee\/#organization","name":"Digitaalsed lahendused","url":"https:\/\/varo.ee\/","logo":{"@type":"ImageObject","inLanguage":"en-GB","@id":"https:\/\/varo.ee\/#\/schema\/logo\/image\/","url":"https:\/\/varo.ee\/wp-content\/uploads\/2023\/10\/tume_logo.png","contentUrl":"https:\/\/varo.ee\/wp-content\/uploads\/2023\/10\/tume_logo.png","width":350,"height":138,"caption":"Digitaalsed lahendused"},"image":{"@id":"https:\/\/varo.ee\/#\/schema\/logo\/image\/"}}]}},"jetpack_sharing_enabled":true,"_links":{"self":[{"href":"https:\/\/varo.ee\/en\/wp-json\/wp\/v2\/product\/7809","targetHints":{"allow":["GET"]}}],"collection":[{"href":"https:\/\/varo.ee\/en\/wp-json\/wp\/v2\/product"}],"about":[{"href":"https:\/\/varo.ee\/en\/wp-json\/wp\/v2\/types\/product"}],"version-history":[{"count":4,"href":"https:\/\/varo.ee\/en\/wp-json\/wp\/v2\/product\/7809\/revisions"}],"predecessor-version":[{"id":7889,"href":"https:\/\/varo.ee\/en\/wp-json\/wp\/v2\/product\/7809\/revisions\/7889"}],"wp:featuredmedia":[{"embeddable":true,"href":"https:\/\/varo.ee\/en\/wp-json\/wp\/v2\/media\/7810"}],"wp:attachment":[{"href":"https:\/\/varo.ee\/en\/wp-json\/wp\/v2\/media?parent=7809"}],"wp:term":[{"taxonomy":"product_brand","embeddable":true,"href":"https:\/\/varo.ee\/en\/wp-json\/wp\/v2\/product_brand?post=7809"},{"taxonomy":"product_cat","embeddable":true,"href":"https:\/\/varo.ee\/en\/wp-json\/wp\/v2\/product_cat?post=7809"},{"taxonomy":"product_tag","embeddable":true,"href":"https:\/\/varo.ee\/en\/wp-json\/wp\/v2\/product_tag?post=7809"}],"curies":[{"name":"wp","href":"https:\/\/api.w.org\/{rel}","templated":true}]}}