{"id":7802,"date":"2025-10-22T16:38:55","date_gmt":"2025-10-22T16:38:55","guid":{"rendered":"https:\/\/varo.ee\/?post_type=product&#038;p=7802"},"modified":"2025-10-26T15:08:04","modified_gmt":"2025-10-26T15:08:04","slug":"gl7-nutikas-ja-usaldusvaarne-pin-rfid-lukk","status":"publish","type":"product","link":"https:\/\/varo.ee\/en\/tooted\/varo-tooted\/gl7-nutikas-ja-usaldusvaarne-pin-rfid-lukk\/","title":{"rendered":"GL7 nutikas ja usaldusv\u00e4\u00e4rne PIN\/RFID lukk"},"content":{"rendered":"","protected":false},"excerpt":{"rendered":"<p><strong>Hinnale lisandub k\u00e4ibemaks<\/strong><\/p>\n<p>Asendage tavap\u00e4rased v\u00f5tmelukud kaasaegse ja mugava lahendusega, mis vabastab teid v\u00f5tmete haldamise muredest. Gantner GL7 on ideaalne valik avalikes ruumides, spordikeskustele ja b\u00fcroodele.<\/p>\n<p><strong>P\u00f5hilised eelised<\/strong><\/p>\n<ul>\n<li><strong>Kuni 32 kasutajat:<\/strong> \u00dchele lukule saab m\u00e4\u00e4rata kuni 32 unikaalset PIN-koodi v\u00f5i seostada kuni 32 RFID-kaarti.<\/li>\n<li><strong>Lihtne paigaldus:<\/strong> Lukk on m\u00f5eldud lihtsaks paigaldamiseks olemasolevate standardsete lukkude asemele.<\/li>\n<li><strong>Pikaajaline patarei:<\/strong> T\u00e4nu Low-Power Technology&#8217;le ja liitiumpatareile tagab lukk v\u00e4hemalt 10 aastat t\u00f6\u00f6d ilma patareid vahetamata.<\/li>\n<li><strong>Vastupidav disain:<\/strong> Lukk on IP54 klassiga tolmu- ja pritsmekindel ning talub temperatuure alates -20 kuni +60 \u00b0C.<\/li>\n<\/ul>\n<p><strong>Kuidas see t\u00f6\u00f6tab?<\/strong><br \/>\nGantner GL7 pakub paindlikkust. Iga kasutaja lukustab ja avab luku oma isikliku PIN-koodi v\u00f5i RFID-kaardiga. See t\u00e4hendab, et \u00fcks kasutaja saab luku lukustada ja teine, oma koodiga, selle avada. K\u00f5ik koodid on unikaalsed ja iseseisvad.<\/p>\n<p>Lisaks standardsetele funktsioonidele pakub GL7 t\u00e4iendavaid v\u00f5imalusi:<\/p>\n<ul>\n<li><strong>RFID-kaardi tugi:<\/strong> Kasutage lukku mugavalt kaardi abil.<\/li>\n<li><strong>Masterv\u00f5tmete komplekt:<\/strong> Juurdep\u00e4\u00e4su logidele ja t\u00e4iendavatele seadetele.<\/li>\n<li><strong>Juurdep\u00e4\u00e4su ajalugu:<\/strong> Masterv\u00f5tmega saab vaadata, millal kappi avati v\u00f5i suleti.<\/li>\n<li><strong>Telefoniga kasutamine:<\/strong> Avage lukk oma nutitelefoniga.<\/li>\n<li><strong>Kaugavamine<\/strong>: V\u00f5imalus lukku kaugelt avada.<\/li>\n<li><strong>Elegantne disain:<\/strong> Lukk on saadaval stiilse musta v\u00e4rvi korpusega.<\/li>\n<\/ul>\n<p>Kokkuv\u00f5te: Miks valida Gantner GL7?<\/p>\n<ul>\n<li><strong>Vabadus v\u00f5tmetest:<\/strong> Ei ole vaja enam v\u00f5tmeid jagada, kopeerida ega kaotada.<\/li>\n<li><strong>Lihtne kasutus:<\/strong> Igal kasutajal on oma isiklik juurdep\u00e4\u00e4s.<\/li>\n<li><strong>Maksimaalne vastupidavus:<\/strong> T\u00f6\u00f6tab usaldusv\u00e4\u00e4rselt \u00e4\u00e4rmuslikes tingimustes.<\/li>\n<li><strong>Pikaajaline lahendus:<\/strong> 10 aastat ilma patareid vahetamata.<\/li>\n<li><strong>Paindlikkus<\/strong>: Lai valik lisafunktsioone vastavalt teie vajadustele.<\/li>\n<\/ul>\n<p>Asendage oma v\u00f5tmega lukud VARO poolt pakutavate Gantner GL7 lukkudega, nagu on juba teinud paljud eesti spordiklubid ja ettev\u00f5tted!<\/p>","protected":false},"featured_media":2319,"template":"","meta":{"_monsterinsights_skip_tracking":false,"_monsterinsights_sitenote_active":false,"_monsterinsights_sitenote_note":"","_monsterinsights_sitenote_category":0,"_kadence_starter_templates_imported_post":false,"_kad_post_transparent":"default","_kad_post_title":"","_kad_post_layout":"default","_kad_post_sidebar_id":"","_kad_post_content_style":"default","_kad_post_vertical_padding":"default","_kad_post_feature":"","_kad_post_feature_position":"","_kad_post_header":false,"_kad_post_footer":false,"_kad_post_classname":""},"product_brand":[],"product_cat":[41],"product_tag":[],"class_list":{"0":"post-7802","1":"product","2":"type-product","3":"status-publish","4":"has-post-thumbnail","6":"product_cat-varo-tooted","8":"first","9":"instock","10":"shipping-taxable","11":"purchasable","12":"product-type-simple","13":"entry","14":"content-bg","15":"loop-entry"},"yoast_head":"<!-- This site is optimized with the Yoast SEO plugin v27.4 - https:\/\/yoast.com\/product\/yoast-seo-wordpress\/ -->\n<title>GL7 nutikas ja usaldusv\u00e4\u00e4rne PIN\/RFID lukk - Digitaalsed lahendused<\/title>\n<meta name=\"description\" content=\"Asendage v\u00f5tmelukud nutika Gantner GL7-ga \u2013 PIN- ja RFID-lukk kuni 32 kasutajale, 10-aastase patareiga ja vastupidava disainiga.\" \/>\n<meta name=\"robots\" content=\"index, follow, max-snippet:-1, max-image-preview:large, max-video-preview:-1\" \/>\n<link rel=\"canonical\" href=\"https:\/\/varo.ee\/en\/tooted\/varo-tooted\/gl7-nutikas-ja-usaldusvaarne-pin-rfid-lukk\/\" \/>\n<meta property=\"og:locale\" content=\"en_GB\" \/>\n<meta property=\"og:type\" content=\"article\" \/>\n<meta property=\"og:title\" content=\"GL7 nutikas ja usaldusv\u00e4\u00e4rne PIN\/RFID lukk - Digitaalsed lahendused\" \/>\n<meta property=\"og:description\" content=\"Asendage v\u00f5tmelukud nutika Gantner GL7-ga \u2013 PIN- ja RFID-lukk kuni 32 kasutajale, 10-aastase patareiga ja vastupidava disainiga.\" \/>\n<meta property=\"og:url\" content=\"https:\/\/varo.ee\/en\/tooted\/varo-tooted\/gl7-nutikas-ja-usaldusvaarne-pin-rfid-lukk\/\" \/>\n<meta property=\"og:site_name\" content=\"Digitaalsed lahendused\" \/>\n<meta property=\"article:modified_time\" content=\"2025-10-26T15:08:04+00:00\" \/>\n<meta property=\"og:image\" content=\"https:\/\/varo.ee\/wp-content\/uploads\/2023\/11\/GL7p_2.png\" \/>\n\t<meta property=\"og:image:width\" content=\"600\" \/>\n\t<meta property=\"og:image:height\" content=\"800\" \/>\n\t<meta property=\"og:image:type\" content=\"image\/png\" \/>\n<meta name=\"twitter:card\" content=\"summary_large_image\" \/>\n<meta name=\"twitter:label1\" content=\"Estimated reading time\" \/>\n\t<meta name=\"twitter:data1\" content=\"1 minute\" \/>\n<script type=\"application\/ld+json\" class=\"yoast-schema-graph\">{\"@context\":\"https:\\\/\\\/schema.org\",\"@graph\":[{\"@type\":\"WebPage\",\"@id\":\"https:\\\/\\\/varo.ee\\\/tooted\\\/varo-tooted\\\/gl7-nutikas-ja-usaldusvaarne-pin-rfid-lukk\\\/\",\"url\":\"https:\\\/\\\/varo.ee\\\/tooted\\\/varo-tooted\\\/gl7-nutikas-ja-usaldusvaarne-pin-rfid-lukk\\\/\",\"name\":\"GL7 nutikas ja usaldusv\u00e4\u00e4rne PIN\\\/RFID lukk - Digitaalsed lahendused\",\"isPartOf\":{\"@id\":\"https:\\\/\\\/varo.ee\\\/#website\"},\"primaryImageOfPage\":{\"@id\":\"https:\\\/\\\/varo.ee\\\/tooted\\\/varo-tooted\\\/gl7-nutikas-ja-usaldusvaarne-pin-rfid-lukk\\\/#primaryimage\"},\"image\":{\"@id\":\"https:\\\/\\\/varo.ee\\\/tooted\\\/varo-tooted\\\/gl7-nutikas-ja-usaldusvaarne-pin-rfid-lukk\\\/#primaryimage\"},\"thumbnailUrl\":\"https:\\\/\\\/varo.ee\\\/wp-content\\\/uploads\\\/2023\\\/11\\\/GL7p_2.png\",\"datePublished\":\"2025-10-22T16:38:55+00:00\",\"dateModified\":\"2025-10-26T15:08:04+00:00\",\"description\":\"Asendage v\u00f5tmelukud nutika Gantner GL7-ga \u2013 PIN- ja RFID-lukk kuni 32 kasutajale, 10-aastase patareiga ja vastupidava disainiga.\",\"breadcrumb\":{\"@id\":\"https:\\\/\\\/varo.ee\\\/tooted\\\/varo-tooted\\\/gl7-nutikas-ja-usaldusvaarne-pin-rfid-lukk\\\/#breadcrumb\"},\"inLanguage\":\"en-GB\",\"potentialAction\":[{\"@type\":\"ReadAction\",\"target\":[\"https:\\\/\\\/varo.ee\\\/tooted\\\/varo-tooted\\\/gl7-nutikas-ja-usaldusvaarne-pin-rfid-lukk\\\/\"]}]},{\"@type\":\"ImageObject\",\"inLanguage\":\"en-GB\",\"@id\":\"https:\\\/\\\/varo.ee\\\/tooted\\\/varo-tooted\\\/gl7-nutikas-ja-usaldusvaarne-pin-rfid-lukk\\\/#primaryimage\",\"url\":\"https:\\\/\\\/varo.ee\\\/wp-content\\\/uploads\\\/2023\\\/11\\\/GL7p_2.png\",\"contentUrl\":\"https:\\\/\\\/varo.ee\\\/wp-content\\\/uploads\\\/2023\\\/11\\\/GL7p_2.png\",\"width\":600,\"height\":800,\"caption\":\"Gantner GL7p\"},{\"@type\":\"BreadcrumbList\",\"@id\":\"https:\\\/\\\/varo.ee\\\/tooted\\\/varo-tooted\\\/gl7-nutikas-ja-usaldusvaarne-pin-rfid-lukk\\\/#breadcrumb\",\"itemListElement\":[{\"@type\":\"ListItem\",\"position\":1,\"name\":\"Avaleht\",\"item\":\"https:\\\/\\\/varo.ee\\\/\"},{\"@type\":\"ListItem\",\"position\":2,\"name\":\"Products\",\"item\":\"https:\\\/\\\/varo.ee\\\/shop\\\/\"},{\"@type\":\"ListItem\",\"position\":3,\"name\":\"GL7 nutikas ja usaldusv\u00e4\u00e4rne PIN\\\/RFID lukk\"}]},{\"@type\":\"WebSite\",\"@id\":\"https:\\\/\\\/varo.ee\\\/#website\",\"url\":\"https:\\\/\\\/varo.ee\\\/\",\"name\":\"Digitaalsed lahendused\",\"description\":\"Digitaalsed lahendused\",\"publisher\":{\"@id\":\"https:\\\/\\\/varo.ee\\\/#organization\"},\"potentialAction\":[{\"@type\":\"SearchAction\",\"target\":{\"@type\":\"EntryPoint\",\"urlTemplate\":\"https:\\\/\\\/varo.ee\\\/?s={search_term_string}\"},\"query-input\":{\"@type\":\"PropertyValueSpecification\",\"valueRequired\":true,\"valueName\":\"search_term_string\"}}],\"inLanguage\":\"en-GB\"},{\"@type\":\"Organization\",\"@id\":\"https:\\\/\\\/varo.ee\\\/#organization\",\"name\":\"Digitaalsed lahendused\",\"url\":\"https:\\\/\\\/varo.ee\\\/\",\"logo\":{\"@type\":\"ImageObject\",\"inLanguage\":\"en-GB\",\"@id\":\"https:\\\/\\\/varo.ee\\\/#\\\/schema\\\/logo\\\/image\\\/\",\"url\":\"https:\\\/\\\/varo.ee\\\/wp-content\\\/uploads\\\/2023\\\/10\\\/tume_logo.png\",\"contentUrl\":\"https:\\\/\\\/varo.ee\\\/wp-content\\\/uploads\\\/2023\\\/10\\\/tume_logo.png\",\"width\":350,\"height\":138,\"caption\":\"Digitaalsed lahendused\"},\"image\":{\"@id\":\"https:\\\/\\\/varo.ee\\\/#\\\/schema\\\/logo\\\/image\\\/\"}}]}<\/script>\n<!-- \/ Yoast SEO plugin. -->","yoast_head_json":{"title":"GL7 nutikas ja usaldusv\u00e4\u00e4rne PIN\/RFID lukk - Digitaalsed lahendused","description":"Asendage v\u00f5tmelukud nutika Gantner GL7-ga \u2013 PIN- ja RFID-lukk kuni 32 kasutajale, 10-aastase patareiga ja vastupidava disainiga.","robots":{"index":"index","follow":"follow","max-snippet":"max-snippet:-1","max-image-preview":"max-image-preview:large","max-video-preview":"max-video-preview:-1"},"canonical":"https:\/\/varo.ee\/en\/tooted\/varo-tooted\/gl7-nutikas-ja-usaldusvaarne-pin-rfid-lukk\/","og_locale":"en_GB","og_type":"article","og_title":"GL7 nutikas ja usaldusv\u00e4\u00e4rne PIN\/RFID lukk - Digitaalsed lahendused","og_description":"Asendage v\u00f5tmelukud nutika Gantner GL7-ga \u2013 PIN- ja RFID-lukk kuni 32 kasutajale, 10-aastase patareiga ja vastupidava disainiga.","og_url":"https:\/\/varo.ee\/en\/tooted\/varo-tooted\/gl7-nutikas-ja-usaldusvaarne-pin-rfid-lukk\/","og_site_name":"Digitaalsed lahendused","article_modified_time":"2025-10-26T15:08:04+00:00","og_image":[{"width":600,"height":800,"url":"https:\/\/varo.ee\/wp-content\/uploads\/2023\/11\/GL7p_2.png","type":"image\/png"}],"twitter_card":"summary_large_image","twitter_misc":{"Estimated reading time":"1 minute"},"schema":{"@context":"https:\/\/schema.org","@graph":[{"@type":"WebPage","@id":"https:\/\/varo.ee\/tooted\/varo-tooted\/gl7-nutikas-ja-usaldusvaarne-pin-rfid-lukk\/","url":"https:\/\/varo.ee\/tooted\/varo-tooted\/gl7-nutikas-ja-usaldusvaarne-pin-rfid-lukk\/","name":"GL7 nutikas ja usaldusv\u00e4\u00e4rne PIN\/RFID lukk - Digitaalsed lahendused","isPartOf":{"@id":"https:\/\/varo.ee\/#website"},"primaryImageOfPage":{"@id":"https:\/\/varo.ee\/tooted\/varo-tooted\/gl7-nutikas-ja-usaldusvaarne-pin-rfid-lukk\/#primaryimage"},"image":{"@id":"https:\/\/varo.ee\/tooted\/varo-tooted\/gl7-nutikas-ja-usaldusvaarne-pin-rfid-lukk\/#primaryimage"},"thumbnailUrl":"https:\/\/varo.ee\/wp-content\/uploads\/2023\/11\/GL7p_2.png","datePublished":"2025-10-22T16:38:55+00:00","dateModified":"2025-10-26T15:08:04+00:00","description":"Asendage v\u00f5tmelukud nutika Gantner GL7-ga \u2013 PIN- ja RFID-lukk kuni 32 kasutajale, 10-aastase patareiga ja vastupidava disainiga.","breadcrumb":{"@id":"https:\/\/varo.ee\/tooted\/varo-tooted\/gl7-nutikas-ja-usaldusvaarne-pin-rfid-lukk\/#breadcrumb"},"inLanguage":"en-GB","potentialAction":[{"@type":"ReadAction","target":["https:\/\/varo.ee\/tooted\/varo-tooted\/gl7-nutikas-ja-usaldusvaarne-pin-rfid-lukk\/"]}]},{"@type":"ImageObject","inLanguage":"en-GB","@id":"https:\/\/varo.ee\/tooted\/varo-tooted\/gl7-nutikas-ja-usaldusvaarne-pin-rfid-lukk\/#primaryimage","url":"https:\/\/varo.ee\/wp-content\/uploads\/2023\/11\/GL7p_2.png","contentUrl":"https:\/\/varo.ee\/wp-content\/uploads\/2023\/11\/GL7p_2.png","width":600,"height":800,"caption":"Gantner GL7p"},{"@type":"BreadcrumbList","@id":"https:\/\/varo.ee\/tooted\/varo-tooted\/gl7-nutikas-ja-usaldusvaarne-pin-rfid-lukk\/#breadcrumb","itemListElement":[{"@type":"ListItem","position":1,"name":"Avaleht","item":"https:\/\/varo.ee\/"},{"@type":"ListItem","position":2,"name":"Products","item":"https:\/\/varo.ee\/shop\/"},{"@type":"ListItem","position":3,"name":"GL7 nutikas ja usaldusv\u00e4\u00e4rne PIN\/RFID lukk"}]},{"@type":"WebSite","@id":"https:\/\/varo.ee\/#website","url":"https:\/\/varo.ee\/","name":"Digitaalsed lahendused","description":"Digitaalsed lahendused","publisher":{"@id":"https:\/\/varo.ee\/#organization"},"potentialAction":[{"@type":"SearchAction","target":{"@type":"EntryPoint","urlTemplate":"https:\/\/varo.ee\/?s={search_term_string}"},"query-input":{"@type":"PropertyValueSpecification","valueRequired":true,"valueName":"search_term_string"}}],"inLanguage":"en-GB"},{"@type":"Organization","@id":"https:\/\/varo.ee\/#organization","name":"Digitaalsed lahendused","url":"https:\/\/varo.ee\/","logo":{"@type":"ImageObject","inLanguage":"en-GB","@id":"https:\/\/varo.ee\/#\/schema\/logo\/image\/","url":"https:\/\/varo.ee\/wp-content\/uploads\/2023\/10\/tume_logo.png","contentUrl":"https:\/\/varo.ee\/wp-content\/uploads\/2023\/10\/tume_logo.png","width":350,"height":138,"caption":"Digitaalsed lahendused"},"image":{"@id":"https:\/\/varo.ee\/#\/schema\/logo\/image\/"}}]}},"jetpack_sharing_enabled":true,"_links":{"self":[{"href":"https:\/\/varo.ee\/en\/wp-json\/wp\/v2\/product\/7802","targetHints":{"allow":["GET"]}}],"collection":[{"href":"https:\/\/varo.ee\/en\/wp-json\/wp\/v2\/product"}],"about":[{"href":"https:\/\/varo.ee\/en\/wp-json\/wp\/v2\/types\/product"}],"version-history":[{"count":4,"href":"https:\/\/varo.ee\/en\/wp-json\/wp\/v2\/product\/7802\/revisions"}],"predecessor-version":[{"id":7805,"href":"https:\/\/varo.ee\/en\/wp-json\/wp\/v2\/product\/7802\/revisions\/7805"}],"wp:featuredmedia":[{"embeddable":true,"href":"https:\/\/varo.ee\/en\/wp-json\/wp\/v2\/media\/2319"}],"wp:attachment":[{"href":"https:\/\/varo.ee\/en\/wp-json\/wp\/v2\/media?parent=7802"}],"wp:term":[{"taxonomy":"product_brand","embeddable":true,"href":"https:\/\/varo.ee\/en\/wp-json\/wp\/v2\/product_brand?post=7802"},{"taxonomy":"product_cat","embeddable":true,"href":"https:\/\/varo.ee\/en\/wp-json\/wp\/v2\/product_cat?post=7802"},{"taxonomy":"product_tag","embeddable":true,"href":"https:\/\/varo.ee\/en\/wp-json\/wp\/v2\/product_tag?post=7802"}],"curies":[{"name":"wp","href":"https:\/\/api.w.org\/{rel}","templated":true}]}}