{"id":7782,"date":"2025-10-15T13:03:39","date_gmt":"2025-10-15T13:03:39","guid":{"rendered":"https:\/\/varo.ee\/?post_type=product&#038;p=7782"},"modified":"2025-10-26T15:09:01","modified_gmt":"2025-10-26T15:09:01","slug":"turvakapp","status":"publish","type":"product","link":"https:\/\/varo.ee\/en\/tooted\/lokkerid\/turvakapp\/","title":{"rendered":"Turvakapp"},"content":{"rendered":"","protected":false},"excerpt":{"rendered":"<p><strong>Hinnale lisandub k\u00e4ibemaks<\/strong><\/p>\n<p>Pakume kolme uut, turvalist hoiukappi mobiiltelefonidele, v\u00f5tmetele ja muudele v\u00e4ikestele v\u00e4\u00e4rtuslikele esemetele. Lahendus on suunatud ettev\u00f5tetele, haridusasutustele ja t\u00f6\u00f6stusettev\u00f5tetele, kes soovivad tagada turvalise asjade hoiustamise.<\/p>\n<p>Kapp on disainitud pakkuma nutitelefonidele ja v\u00e4ikestele esemetele usaldusv\u00e4\u00e4rset ja isikup\u00e4rastatud hoiustamislahendust. See v\u00f5imaldab kasutajatel oma seadmeid turvaliselt hoiustada, minimeerides segavaid tegureid ja suurendades seel\u00e4bi t\u00f6\u00f6- v\u00f5i \u00f5pikeskkonna efektiivsust.<\/p>\n<p><strong>Tehnilised spesifikatsioonid:<\/strong><\/p>\n<ul>\n<li><strong>\u00dcldm\u00f5\u00f5tmed<\/strong>: 1835 mm (k\u00f5rgus) x 1254 mm (laius) x 450 mm (s\u00fcgavus).<\/li>\n<li><strong>Kapi uste arv<\/strong>: 80 individuaalset pesa.<\/li>\n<li><strong>Kapiriiuli m\u00f5\u00f5tmed<\/strong>: 160 mm (k\u00f5rgus) x 126 mm (laius).<\/li>\n<li><strong>Lukustuss\u00fcsteem<\/strong>: PIN-koodiga tabalukk (iga kapp on varustatud oma lukuga).<\/li>\n<li><strong>Paigaldus<\/strong>: P\u00f5randale seisev, reguleeritavate jalgadega.<\/li>\n<li><strong>T\u00e4iendav v\u00f5imalus:<\/strong> V\u00f5imalus paigaldada pehmendusmatt igasse kappi.<\/li>\n<\/ul>\n<p><strong>Peamised kasutajaeelised:<\/strong><\/p>\n<ul>\n<li><strong>Privaatsus ja turvalisus<\/strong>: Isiklik PIN-kood tagab, et ainult telefoni omanik p\u00e4\u00e4seb oma seadmele ligi.<\/li>\n<li><strong>Keskendumise parandamine:<\/strong> V\u00e4hendab oluliselt segavaid tegureid, aidates luua keskendumis- ja produktiivsuss\u00f5braliku keskkonna.<\/li>\n<li><strong>Kvaliteetne konstruktsioon:<\/strong> Stabiilne, vastupidav ja p\u00f5hjalikult l\u00e4bim\u00f5eldud disain.<\/li>\n<li><strong>Paindlikkus<\/strong>: Reguleeritavad jalad tagavad stabiilsuse ebatasastel p\u00f5randatel.<\/li>\n<\/ul>\n<p>Kapp on varustatud tabalukuga<\/p>\n<p>V\u00f5tke meiega julgelt \u00fchendust, et leida parim lahendus teie vajadustele!<\/p>","protected":false},"featured_media":7783,"template":"","meta":{"_monsterinsights_skip_tracking":false,"_monsterinsights_sitenote_active":false,"_monsterinsights_sitenote_note":"","_monsterinsights_sitenote_category":0,"_kadence_starter_templates_imported_post":false,"_kad_post_transparent":"default","_kad_post_title":"","_kad_post_layout":"default","_kad_post_sidebar_id":"","_kad_post_content_style":"default","_kad_post_vertical_padding":"default","_kad_post_feature":"","_kad_post_feature_position":"","_kad_post_header":false,"_kad_post_footer":false,"_kad_post_classname":""},"product_brand":[],"product_cat":[36,41],"product_tag":[],"class_list":{"0":"post-7782","1":"product","2":"type-product","3":"status-publish","4":"has-post-thumbnail","6":"product_cat-lokkerid","7":"product_cat-varo-tooted","9":"first","10":"instock","11":"shipping-taxable","12":"purchasable","13":"product-type-simple","14":"entry","15":"content-bg","16":"loop-entry"},"yoast_head":"<!-- This site is optimized with the Yoast SEO plugin v27.4 - https:\/\/yoast.com\/product\/yoast-seo-wordpress\/ -->\n<title>Turvakapp - Digitaalsed lahendused<\/title>\n<meta name=\"description\" content=\"Pakume kolme uut, 80 uksega turvakappi mobiiltelefonidele, v\u00f5tmetele ja muudele v\u00e4ikestele v\u00e4\u00e4rtuslikele esemetele hoiustamiseks.\" \/>\n<meta name=\"robots\" content=\"index, follow, max-snippet:-1, max-image-preview:large, max-video-preview:-1\" \/>\n<link rel=\"canonical\" href=\"https:\/\/varo.ee\/en\/tooted\/lokkerid\/turvakapp\/\" \/>\n<meta property=\"og:locale\" content=\"en_GB\" \/>\n<meta property=\"og:type\" content=\"article\" \/>\n<meta property=\"og:title\" content=\"Turvakapp - Digitaalsed lahendused\" \/>\n<meta property=\"og:description\" content=\"Pakume kolme uut, 80 uksega turvakappi mobiiltelefonidele, v\u00f5tmetele ja muudele v\u00e4ikestele v\u00e4\u00e4rtuslikele esemetele hoiustamiseks.\" \/>\n<meta property=\"og:url\" content=\"https:\/\/varo.ee\/en\/tooted\/lokkerid\/turvakapp\/\" \/>\n<meta property=\"og:site_name\" content=\"Digitaalsed lahendused\" \/>\n<meta property=\"article:modified_time\" content=\"2025-10-26T15:09:01+00:00\" \/>\n<meta property=\"og:image\" content=\"https:\/\/varo.ee\/wp-content\/uploads\/2025\/10\/Tabalukuga-kapp-15-scaled.webp\" \/>\n\t<meta property=\"og:image:width\" content=\"1928\" \/>\n\t<meta property=\"og:image:height\" content=\"2560\" \/>\n\t<meta property=\"og:image:type\" content=\"image\/webp\" \/>\n<meta name=\"twitter:card\" content=\"summary_large_image\" \/>\n<meta name=\"twitter:label1\" content=\"Estimated reading time\" \/>\n\t<meta name=\"twitter:data1\" content=\"1 minute\" \/>\n<script type=\"application\/ld+json\" class=\"yoast-schema-graph\">{\"@context\":\"https:\\\/\\\/schema.org\",\"@graph\":[{\"@type\":\"WebPage\",\"@id\":\"https:\\\/\\\/varo.ee\\\/tooted\\\/lokkerid\\\/turvakapp\\\/\",\"url\":\"https:\\\/\\\/varo.ee\\\/tooted\\\/lokkerid\\\/turvakapp\\\/\",\"name\":\"Turvakapp - Digitaalsed lahendused\",\"isPartOf\":{\"@id\":\"https:\\\/\\\/varo.ee\\\/#website\"},\"primaryImageOfPage\":{\"@id\":\"https:\\\/\\\/varo.ee\\\/tooted\\\/lokkerid\\\/turvakapp\\\/#primaryimage\"},\"image\":{\"@id\":\"https:\\\/\\\/varo.ee\\\/tooted\\\/lokkerid\\\/turvakapp\\\/#primaryimage\"},\"thumbnailUrl\":\"https:\\\/\\\/varo.ee\\\/wp-content\\\/uploads\\\/2025\\\/10\\\/Tabalukuga-kapp-15-scaled.webp\",\"datePublished\":\"2025-10-15T13:03:39+00:00\",\"dateModified\":\"2025-10-26T15:09:01+00:00\",\"description\":\"Pakume kolme uut, 80 uksega turvakappi mobiiltelefonidele, v\u00f5tmetele ja muudele v\u00e4ikestele v\u00e4\u00e4rtuslikele esemetele hoiustamiseks.\",\"breadcrumb\":{\"@id\":\"https:\\\/\\\/varo.ee\\\/tooted\\\/lokkerid\\\/turvakapp\\\/#breadcrumb\"},\"inLanguage\":\"en-GB\",\"potentialAction\":[{\"@type\":\"ReadAction\",\"target\":[\"https:\\\/\\\/varo.ee\\\/tooted\\\/lokkerid\\\/turvakapp\\\/\"]}]},{\"@type\":\"ImageObject\",\"inLanguage\":\"en-GB\",\"@id\":\"https:\\\/\\\/varo.ee\\\/tooted\\\/lokkerid\\\/turvakapp\\\/#primaryimage\",\"url\":\"https:\\\/\\\/varo.ee\\\/wp-content\\\/uploads\\\/2025\\\/10\\\/Tabalukuga-kapp-15-scaled.webp\",\"contentUrl\":\"https:\\\/\\\/varo.ee\\\/wp-content\\\/uploads\\\/2025\\\/10\\\/Tabalukuga-kapp-15-scaled.webp\",\"width\":1928,\"height\":2560,\"caption\":\"Turvakapp l\u00e4hedalt\"},{\"@type\":\"BreadcrumbList\",\"@id\":\"https:\\\/\\\/varo.ee\\\/tooted\\\/lokkerid\\\/turvakapp\\\/#breadcrumb\",\"itemListElement\":[{\"@type\":\"ListItem\",\"position\":1,\"name\":\"Avaleht\",\"item\":\"https:\\\/\\\/varo.ee\\\/\"},{\"@type\":\"ListItem\",\"position\":2,\"name\":\"Products\",\"item\":\"https:\\\/\\\/varo.ee\\\/shop\\\/\"},{\"@type\":\"ListItem\",\"position\":3,\"name\":\"Turvakapp\"}]},{\"@type\":\"WebSite\",\"@id\":\"https:\\\/\\\/varo.ee\\\/#website\",\"url\":\"https:\\\/\\\/varo.ee\\\/\",\"name\":\"Digitaalsed lahendused\",\"description\":\"Digitaalsed lahendused\",\"publisher\":{\"@id\":\"https:\\\/\\\/varo.ee\\\/#organization\"},\"potentialAction\":[{\"@type\":\"SearchAction\",\"target\":{\"@type\":\"EntryPoint\",\"urlTemplate\":\"https:\\\/\\\/varo.ee\\\/?s={search_term_string}\"},\"query-input\":{\"@type\":\"PropertyValueSpecification\",\"valueRequired\":true,\"valueName\":\"search_term_string\"}}],\"inLanguage\":\"en-GB\"},{\"@type\":\"Organization\",\"@id\":\"https:\\\/\\\/varo.ee\\\/#organization\",\"name\":\"Digitaalsed lahendused\",\"url\":\"https:\\\/\\\/varo.ee\\\/\",\"logo\":{\"@type\":\"ImageObject\",\"inLanguage\":\"en-GB\",\"@id\":\"https:\\\/\\\/varo.ee\\\/#\\\/schema\\\/logo\\\/image\\\/\",\"url\":\"https:\\\/\\\/varo.ee\\\/wp-content\\\/uploads\\\/2023\\\/10\\\/tume_logo.png\",\"contentUrl\":\"https:\\\/\\\/varo.ee\\\/wp-content\\\/uploads\\\/2023\\\/10\\\/tume_logo.png\",\"width\":350,\"height\":138,\"caption\":\"Digitaalsed lahendused\"},\"image\":{\"@id\":\"https:\\\/\\\/varo.ee\\\/#\\\/schema\\\/logo\\\/image\\\/\"}}]}<\/script>\n<!-- \/ Yoast SEO plugin. -->","yoast_head_json":{"title":"Turvakapp - Digitaalsed lahendused","description":"Pakume kolme uut, 80 uksega turvakappi mobiiltelefonidele, v\u00f5tmetele ja muudele v\u00e4ikestele v\u00e4\u00e4rtuslikele esemetele hoiustamiseks.","robots":{"index":"index","follow":"follow","max-snippet":"max-snippet:-1","max-image-preview":"max-image-preview:large","max-video-preview":"max-video-preview:-1"},"canonical":"https:\/\/varo.ee\/en\/tooted\/lokkerid\/turvakapp\/","og_locale":"en_GB","og_type":"article","og_title":"Turvakapp - Digitaalsed lahendused","og_description":"Pakume kolme uut, 80 uksega turvakappi mobiiltelefonidele, v\u00f5tmetele ja muudele v\u00e4ikestele v\u00e4\u00e4rtuslikele esemetele hoiustamiseks.","og_url":"https:\/\/varo.ee\/en\/tooted\/lokkerid\/turvakapp\/","og_site_name":"Digitaalsed lahendused","article_modified_time":"2025-10-26T15:09:01+00:00","og_image":[{"width":1928,"height":2560,"url":"https:\/\/varo.ee\/wp-content\/uploads\/2025\/10\/Tabalukuga-kapp-15-scaled.webp","type":"image\/webp"}],"twitter_card":"summary_large_image","twitter_misc":{"Estimated reading time":"1 minute"},"schema":{"@context":"https:\/\/schema.org","@graph":[{"@type":"WebPage","@id":"https:\/\/varo.ee\/tooted\/lokkerid\/turvakapp\/","url":"https:\/\/varo.ee\/tooted\/lokkerid\/turvakapp\/","name":"Turvakapp - Digitaalsed lahendused","isPartOf":{"@id":"https:\/\/varo.ee\/#website"},"primaryImageOfPage":{"@id":"https:\/\/varo.ee\/tooted\/lokkerid\/turvakapp\/#primaryimage"},"image":{"@id":"https:\/\/varo.ee\/tooted\/lokkerid\/turvakapp\/#primaryimage"},"thumbnailUrl":"https:\/\/varo.ee\/wp-content\/uploads\/2025\/10\/Tabalukuga-kapp-15-scaled.webp","datePublished":"2025-10-15T13:03:39+00:00","dateModified":"2025-10-26T15:09:01+00:00","description":"Pakume kolme uut, 80 uksega turvakappi mobiiltelefonidele, v\u00f5tmetele ja muudele v\u00e4ikestele v\u00e4\u00e4rtuslikele esemetele hoiustamiseks.","breadcrumb":{"@id":"https:\/\/varo.ee\/tooted\/lokkerid\/turvakapp\/#breadcrumb"},"inLanguage":"en-GB","potentialAction":[{"@type":"ReadAction","target":["https:\/\/varo.ee\/tooted\/lokkerid\/turvakapp\/"]}]},{"@type":"ImageObject","inLanguage":"en-GB","@id":"https:\/\/varo.ee\/tooted\/lokkerid\/turvakapp\/#primaryimage","url":"https:\/\/varo.ee\/wp-content\/uploads\/2025\/10\/Tabalukuga-kapp-15-scaled.webp","contentUrl":"https:\/\/varo.ee\/wp-content\/uploads\/2025\/10\/Tabalukuga-kapp-15-scaled.webp","width":1928,"height":2560,"caption":"Turvakapp l\u00e4hedalt"},{"@type":"BreadcrumbList","@id":"https:\/\/varo.ee\/tooted\/lokkerid\/turvakapp\/#breadcrumb","itemListElement":[{"@type":"ListItem","position":1,"name":"Avaleht","item":"https:\/\/varo.ee\/"},{"@type":"ListItem","position":2,"name":"Products","item":"https:\/\/varo.ee\/shop\/"},{"@type":"ListItem","position":3,"name":"Turvakapp"}]},{"@type":"WebSite","@id":"https:\/\/varo.ee\/#website","url":"https:\/\/varo.ee\/","name":"Digitaalsed lahendused","description":"Digitaalsed lahendused","publisher":{"@id":"https:\/\/varo.ee\/#organization"},"potentialAction":[{"@type":"SearchAction","target":{"@type":"EntryPoint","urlTemplate":"https:\/\/varo.ee\/?s={search_term_string}"},"query-input":{"@type":"PropertyValueSpecification","valueRequired":true,"valueName":"search_term_string"}}],"inLanguage":"en-GB"},{"@type":"Organization","@id":"https:\/\/varo.ee\/#organization","name":"Digitaalsed lahendused","url":"https:\/\/varo.ee\/","logo":{"@type":"ImageObject","inLanguage":"en-GB","@id":"https:\/\/varo.ee\/#\/schema\/logo\/image\/","url":"https:\/\/varo.ee\/wp-content\/uploads\/2023\/10\/tume_logo.png","contentUrl":"https:\/\/varo.ee\/wp-content\/uploads\/2023\/10\/tume_logo.png","width":350,"height":138,"caption":"Digitaalsed lahendused"},"image":{"@id":"https:\/\/varo.ee\/#\/schema\/logo\/image\/"}}]}},"jetpack_sharing_enabled":true,"_links":{"self":[{"href":"https:\/\/varo.ee\/en\/wp-json\/wp\/v2\/product\/7782","targetHints":{"allow":["GET"]}}],"collection":[{"href":"https:\/\/varo.ee\/en\/wp-json\/wp\/v2\/product"}],"about":[{"href":"https:\/\/varo.ee\/en\/wp-json\/wp\/v2\/types\/product"}],"version-history":[{"count":6,"href":"https:\/\/varo.ee\/en\/wp-json\/wp\/v2\/product\/7782\/revisions"}],"predecessor-version":[{"id":7892,"href":"https:\/\/varo.ee\/en\/wp-json\/wp\/v2\/product\/7782\/revisions\/7892"}],"wp:featuredmedia":[{"embeddable":true,"href":"https:\/\/varo.ee\/en\/wp-json\/wp\/v2\/media\/7783"}],"wp:attachment":[{"href":"https:\/\/varo.ee\/en\/wp-json\/wp\/v2\/media?parent=7782"}],"wp:term":[{"taxonomy":"product_brand","embeddable":true,"href":"https:\/\/varo.ee\/en\/wp-json\/wp\/v2\/product_brand?post=7782"},{"taxonomy":"product_cat","embeddable":true,"href":"https:\/\/varo.ee\/en\/wp-json\/wp\/v2\/product_cat?post=7782"},{"taxonomy":"product_tag","embeddable":true,"href":"https:\/\/varo.ee\/en\/wp-json\/wp\/v2\/product_tag?post=7782"}],"curies":[{"name":"wp","href":"https:\/\/api.w.org\/{rel}","templated":true}]}}