{"id":7055,"date":"2025-05-02T17:49:41","date_gmt":"2025-05-02T17:49:41","guid":{"rendered":"https:\/\/varo.ee\/?post_type=product&#038;p=7055"},"modified":"2025-10-26T15:09:46","modified_gmt":"2025-10-26T15:09:46","slug":"smalox-p01-mooblilukk","status":"publish","type":"product","link":"https:\/\/varo.ee\/en\/tooted\/varo-tooted\/smalox-p01-mooblilukk\/","title":{"rendered":"SMALOX P01 m\u00f6\u00f6blilukk"},"content":{"rendered":"<p>SMALOX P01 m\u00f6\u00f6blilukuga saab isiklikke asju lihtsalt ja turvaliselt hoiustada. Pole vaja v\u00f5tmeid, RFID kaarti ega patareisid \u2013 nutitelefoni NFC-v\u00e4lja kasutatakse energia tootmiseks.<\/p>\n<p>Kasutamine on lihtne: m\u00f6\u00f6blilukku juhitakse SMALOX rakenduse abil. Juhtmete ja akudeta lahendus v\u00e4hendab oluliselt paigaldus- ja hoolduskulusid. Kui on vajadus suurt kogust lukke siis selle halduseks on saadaval haldustarkvara. See muudab objekti haldamise lihtsamaks ja kasutajaid saab m\u00e4\u00e4rata.<\/p>\n<ul>\n<li>Suure hulga lukkude jaoks on saadaval valikuline haldustarkvara. See h\u00f5lbustab kappide haldust.<\/li>\n<li>M\u00f5eldud kasutamiseks siseruumides: Temperatuurivahemik +5 \u00b0C kuni +40 \u00b0C<\/li>\n<li>IP kaitseklass: IP52<\/li>\n<li>CE-vastavus: Jah, RoHS- ja REACH-vastavus: Jah<\/li>\n<li>Operatsioonis\u00fcsteemi \u00fchilduvus: Androidi versioonist 8.0 v\u00f5i uuemast versioonist, iOS-i versioonist 14.0 v\u00f5i uuemast<\/li>\n<li>Side ja toiteedastus: NFC<\/li>\n<li>Vajalik on \u00fchilduv mobiiltelefon (NFC t\u00f6\u00f6tamise tarkvara) ja NFC-funktsiooniga t\u00f6\u00f6tamiseks SMALOX.<\/li>\n<\/ul>\n<p>Laadi rakendus alla:<\/p>\n<p>SMALOX vajab t\u00f6\u00f6tamiseks vastavat rakendust mobiiltelefonis. Valikuid on 3:<\/p>\n<ol>\n<li>Tasuta SMALOXi rakendus (versioon ilma pilve\u00fchenduseta)<\/li>\n<li>SMALOX Enterprise\u2019i rakendus tasulise ENTERPRISE haldustarkvara ja pilve\u00fchendusega<\/li>\n<li>SMALOX Enterprise\u2019i rakendus tasulise ENTERPRISE PREMIUM haldustarkvara ja pilve\u00fchendusega<\/li>\n<\/ol>\n<p>M\u00e4rkus: Haldustarkvara v\u00f5imaldab mugavalt administreerida juurdep\u00e4\u00e4su- ja kasutus\u00f5igusi. Pilve\u00fchenduse kaudu saab \u00fcksikuid kasutajaid kaugjuhtimisega gruppi m\u00e4\u00e4rata v\u00f5i sealt eemaldada.<\/p>\n<div style=\"width: 480px;\" class=\"wp-video\"><video class=\"wp-video-shortcode\" id=\"video-7055-1\" width=\"480\" height=\"848\" preload=\"metadata\" controls=\"controls\"><source type=\"video\/mp4\" src=\"https:\/\/varo.ee\/wp-content\/uploads\/2025\/05\/Samlox-tutvustus.mp4?_=1\" \/><a href=\"https:\/\/varo.ee\/wp-content\/uploads\/2025\/05\/Samlox-tutvustus.mp4\">https:\/\/varo.ee\/wp-content\/uploads\/2025\/05\/Samlox-tutvustus.mp4<\/a><\/video><\/div>","protected":false},"excerpt":{"rendered":"<p><strong>Hinnale lisandub k\u00e4ibemaks<\/strong><\/p>\n<p><i class=\"far fa-file-pdf\" style=\"padding-right: 10px; font-size: 20px; color: #0088cc;\" aria-hidden=\"true\"><\/i><a style=\"font-weight: bold; color: #0088cc; text-decoration: underline;\" href=\"https:\/\/varo.ee\/wp-content\/uploads\/2025\/05\/Smalox-P-01-Instruction-Manual.pdf\" target=\"_blank\" rel=\"noopener\">Smalox P01 manuaal inglise keeles (PDF)<\/a><br \/>\n<i class=\"far fa-file-pdf\" style=\"padding-right: 10px; font-size: 20px; color: #0088cc;\" aria-hidden=\"true\"><\/i><a style=\"font-weight: bold; color: #0088cc; text-decoration: underline;\" href=\"https:\/\/varo.ee\/wp-content\/uploads\/2025\/05\/Tutvustus-v.4.pdf\" target=\"_blank\" rel=\"noopener\">Smalox P01 tutvustus eesti keeles (PDF)<\/a><\/p>\n<p><strong data-start=\"107\" data-end=\"121\">SMALOX P01<\/strong> on uuenduslik m\u00f6\u00f6blilukk, mis pakub turvalist ja v\u00f5tmevaba hoiustamist t\u00e4nu nutitelefoni NFC-tehnoloogiale. Selle t\u00f6\u00f6ks ei ole vaja patareisid ega juhtmeid \u2013 kogu vajaminev energia edastatakse telefonilt kontaktivabalt. Luku avamine ja haldamine toimub mugavalt l\u00e4bi spetsiaalse mobiilirakenduse.<\/p>\n<p data-start=\"698\" data-end=\"720\">Peamised eelised:<\/p>\n<ul data-start=\"721\" data-end=\"1055\">\n<li class=\"\" data-start=\"721\" data-end=\"772\">\n<p class=\"\" data-start=\"723\" data-end=\"772\"><strong data-start=\"723\" data-end=\"738\">Patareivaba<\/strong> \u2013 NFC-v\u00e4li tagab vajaliku energia<\/p>\n<\/li>\n<li class=\"\" data-start=\"773\" data-end=\"837\">\n<p class=\"\" data-start=\"775\" data-end=\"837\"><strong data-start=\"775\" data-end=\"795\">Kasutajas\u00f5bralik<\/strong> \u2013 juhtmevaba, lihtne paigaldus ja hooldus<\/p>\n<\/li>\n<li class=\"\" data-start=\"838\" data-end=\"896\">\n<p class=\"\" data-start=\"840\" data-end=\"896\"><strong data-start=\"840\" data-end=\"861\">Keskkonnas\u00e4\u00e4stlik<\/strong> \u2013 ei vaja patareisid ega laadimist<\/p>\n<\/li>\n<li class=\"\" data-start=\"897\" data-end=\"964\">\n<p class=\"\" data-start=\"899\" data-end=\"964\"><strong data-start=\"899\" data-end=\"916\">Tark rakendus<\/strong> \u2013 tasuta v\u00f5i pilvep\u00f5hine haldustarkvara valikus<\/p>\n<\/li>\n<li class=\"\" data-start=\"965\" data-end=\"1055\">\n<p class=\"\" data-start=\"967\" data-end=\"1055\"><strong data-start=\"967\" data-end=\"980\">Turvaline<\/strong> \u2013 administreerimine salas\u00f5naga ja v\u00f5imalus m\u00e4\u00e4rata ajapiiranguga ligip\u00e4\u00e4se<\/p>\n<\/li>\n<\/ul>","protected":false},"featured_media":7062,"template":"","meta":{"_monsterinsights_skip_tracking":false,"_monsterinsights_sitenote_active":false,"_monsterinsights_sitenote_note":"","_monsterinsights_sitenote_category":0,"_kadence_starter_templates_imported_post":false,"_kad_post_transparent":"default","_kad_post_title":"","_kad_post_layout":"default","_kad_post_sidebar_id":"","_kad_post_content_style":"default","_kad_post_vertical_padding":"default","_kad_post_feature":"","_kad_post_feature_position":"","_kad_post_header":false,"_kad_post_footer":false,"_kad_post_classname":""},"product_brand":[],"product_cat":[69,41],"product_tag":[70],"class_list":{"0":"post-7055","1":"product","2":"type-product","3":"status-publish","4":"has-post-thumbnail","6":"product_cat-smalox-tooted","7":"product_cat-varo-tooted","8":"product_tag-nutilukud","10":"first","11":"instock","12":"shipping-taxable","13":"purchasable","14":"product-type-simple","15":"entry","16":"content-bg","17":"loop-entry"},"yoast_head":"<!-- This site is optimized with the Yoast SEO plugin v27.4 - https:\/\/yoast.com\/product\/yoast-seo-wordpress\/ -->\n<title>SMALOX P01 m\u00f6\u00f6blilukk<\/title>\n<meta name=\"description\" content=\"SMALOX P01 m\u00f6\u00f6blilukk turvaliseks hoiustamiseks. Pole vaja v\u00f5tmeid, RFID kaarti ega patareisid \u2013 nutitelefoni NFC-v\u00e4lja kasutatakse energia tootmiseks.\" \/>\n<meta name=\"robots\" content=\"index, follow, max-snippet:-1, max-image-preview:large, max-video-preview:-1\" \/>\n<link rel=\"canonical\" href=\"https:\/\/varo.ee\/en\/tooted\/varo-tooted\/smalox-p01-mooblilukk\/\" \/>\n<meta property=\"og:locale\" content=\"en_GB\" \/>\n<meta property=\"og:type\" content=\"article\" \/>\n<meta property=\"og:title\" content=\"SMALOX P01 m\u00f6\u00f6blilukk\" \/>\n<meta property=\"og:description\" content=\"SMALOX P01 m\u00f6\u00f6blilukk turvaliseks hoiustamiseks. Pole vaja v\u00f5tmeid, RFID kaarti ega patareisid \u2013 nutitelefoni NFC-v\u00e4lja kasutatakse energia tootmiseks.\" \/>\n<meta property=\"og:url\" content=\"https:\/\/varo.ee\/en\/tooted\/varo-tooted\/smalox-p01-mooblilukk\/\" \/>\n<meta property=\"og:site_name\" content=\"Digitaalsed lahendused\" \/>\n<meta property=\"article:modified_time\" content=\"2025-10-26T15:09:46+00:00\" \/>\n<meta property=\"og:image\" content=\"https:\/\/varo.ee\/wp-content\/uploads\/2025\/05\/SMALOX-lukud.png\" \/>\n\t<meta property=\"og:image:width\" content=\"600\" \/>\n\t<meta property=\"og:image:height\" content=\"800\" \/>\n\t<meta property=\"og:image:type\" content=\"image\/png\" \/>\n<meta name=\"twitter:card\" content=\"summary_large_image\" \/>\n<meta name=\"twitter:label1\" content=\"Estimated reading time\" \/>\n\t<meta name=\"twitter:data1\" content=\"1 minute\" \/>\n<script type=\"application\/ld+json\" class=\"yoast-schema-graph\">{\"@context\":\"https:\\\/\\\/schema.org\",\"@graph\":[{\"@type\":\"WebPage\",\"@id\":\"https:\\\/\\\/varo.ee\\\/tooted\\\/varo-tooted\\\/smalox-p01-mooblilukk\\\/\",\"url\":\"https:\\\/\\\/varo.ee\\\/tooted\\\/varo-tooted\\\/smalox-p01-mooblilukk\\\/\",\"name\":\"SMALOX P01 m\u00f6\u00f6blilukk\",\"isPartOf\":{\"@id\":\"https:\\\/\\\/varo.ee\\\/#website\"},\"primaryImageOfPage\":{\"@id\":\"https:\\\/\\\/varo.ee\\\/tooted\\\/varo-tooted\\\/smalox-p01-mooblilukk\\\/#primaryimage\"},\"image\":{\"@id\":\"https:\\\/\\\/varo.ee\\\/tooted\\\/varo-tooted\\\/smalox-p01-mooblilukk\\\/#primaryimage\"},\"thumbnailUrl\":\"https:\\\/\\\/varo.ee\\\/wp-content\\\/uploads\\\/2025\\\/05\\\/SMALOX-lukud.png\",\"datePublished\":\"2025-05-02T17:49:41+00:00\",\"dateModified\":\"2025-10-26T15:09:46+00:00\",\"description\":\"SMALOX P01 m\u00f6\u00f6blilukk turvaliseks hoiustamiseks. Pole vaja v\u00f5tmeid, RFID kaarti ega patareisid \u2013 nutitelefoni NFC-v\u00e4lja kasutatakse energia tootmiseks.\",\"breadcrumb\":{\"@id\":\"https:\\\/\\\/varo.ee\\\/tooted\\\/varo-tooted\\\/smalox-p01-mooblilukk\\\/#breadcrumb\"},\"inLanguage\":\"en-GB\",\"potentialAction\":[{\"@type\":\"ReadAction\",\"target\":[\"https:\\\/\\\/varo.ee\\\/tooted\\\/varo-tooted\\\/smalox-p01-mooblilukk\\\/\"]}]},{\"@type\":\"ImageObject\",\"inLanguage\":\"en-GB\",\"@id\":\"https:\\\/\\\/varo.ee\\\/tooted\\\/varo-tooted\\\/smalox-p01-mooblilukk\\\/#primaryimage\",\"url\":\"https:\\\/\\\/varo.ee\\\/wp-content\\\/uploads\\\/2025\\\/05\\\/SMALOX-lukud.png\",\"contentUrl\":\"https:\\\/\\\/varo.ee\\\/wp-content\\\/uploads\\\/2025\\\/05\\\/SMALOX-lukud.png\",\"width\":600,\"height\":800,\"caption\":\"SMALOX patareivaba nutilukk kapile\"},{\"@type\":\"BreadcrumbList\",\"@id\":\"https:\\\/\\\/varo.ee\\\/tooted\\\/varo-tooted\\\/smalox-p01-mooblilukk\\\/#breadcrumb\",\"itemListElement\":[{\"@type\":\"ListItem\",\"position\":1,\"name\":\"Avaleht\",\"item\":\"https:\\\/\\\/varo.ee\\\/\"},{\"@type\":\"ListItem\",\"position\":2,\"name\":\"Products\",\"item\":\"https:\\\/\\\/varo.ee\\\/shop\\\/\"},{\"@type\":\"ListItem\",\"position\":3,\"name\":\"SMALOX P01 m\u00f6\u00f6blilukk\"}]},{\"@type\":\"WebSite\",\"@id\":\"https:\\\/\\\/varo.ee\\\/#website\",\"url\":\"https:\\\/\\\/varo.ee\\\/\",\"name\":\"Digitaalsed lahendused\",\"description\":\"Digitaalsed lahendused\",\"publisher\":{\"@id\":\"https:\\\/\\\/varo.ee\\\/#organization\"},\"potentialAction\":[{\"@type\":\"SearchAction\",\"target\":{\"@type\":\"EntryPoint\",\"urlTemplate\":\"https:\\\/\\\/varo.ee\\\/?s={search_term_string}\"},\"query-input\":{\"@type\":\"PropertyValueSpecification\",\"valueRequired\":true,\"valueName\":\"search_term_string\"}}],\"inLanguage\":\"en-GB\"},{\"@type\":\"Organization\",\"@id\":\"https:\\\/\\\/varo.ee\\\/#organization\",\"name\":\"Digitaalsed lahendused\",\"url\":\"https:\\\/\\\/varo.ee\\\/\",\"logo\":{\"@type\":\"ImageObject\",\"inLanguage\":\"en-GB\",\"@id\":\"https:\\\/\\\/varo.ee\\\/#\\\/schema\\\/logo\\\/image\\\/\",\"url\":\"https:\\\/\\\/varo.ee\\\/wp-content\\\/uploads\\\/2023\\\/10\\\/tume_logo.png\",\"contentUrl\":\"https:\\\/\\\/varo.ee\\\/wp-content\\\/uploads\\\/2023\\\/10\\\/tume_logo.png\",\"width\":350,\"height\":138,\"caption\":\"Digitaalsed lahendused\"},\"image\":{\"@id\":\"https:\\\/\\\/varo.ee\\\/#\\\/schema\\\/logo\\\/image\\\/\"}}]}<\/script>\n<!-- \/ Yoast SEO plugin. -->","yoast_head_json":{"title":"SMALOX P01 m\u00f6\u00f6blilukk","description":"SMALOX P01 m\u00f6\u00f6blilukk turvaliseks hoiustamiseks. Pole vaja v\u00f5tmeid, RFID kaarti ega patareisid \u2013 nutitelefoni NFC-v\u00e4lja kasutatakse energia tootmiseks.","robots":{"index":"index","follow":"follow","max-snippet":"max-snippet:-1","max-image-preview":"max-image-preview:large","max-video-preview":"max-video-preview:-1"},"canonical":"https:\/\/varo.ee\/en\/tooted\/varo-tooted\/smalox-p01-mooblilukk\/","og_locale":"en_GB","og_type":"article","og_title":"SMALOX P01 m\u00f6\u00f6blilukk","og_description":"SMALOX P01 m\u00f6\u00f6blilukk turvaliseks hoiustamiseks. Pole vaja v\u00f5tmeid, RFID kaarti ega patareisid \u2013 nutitelefoni NFC-v\u00e4lja kasutatakse energia tootmiseks.","og_url":"https:\/\/varo.ee\/en\/tooted\/varo-tooted\/smalox-p01-mooblilukk\/","og_site_name":"Digitaalsed lahendused","article_modified_time":"2025-10-26T15:09:46+00:00","og_image":[{"width":600,"height":800,"url":"https:\/\/varo.ee\/wp-content\/uploads\/2025\/05\/SMALOX-lukud.png","type":"image\/png"}],"twitter_card":"summary_large_image","twitter_misc":{"Estimated reading time":"1 minute"},"schema":{"@context":"https:\/\/schema.org","@graph":[{"@type":"WebPage","@id":"https:\/\/varo.ee\/tooted\/varo-tooted\/smalox-p01-mooblilukk\/","url":"https:\/\/varo.ee\/tooted\/varo-tooted\/smalox-p01-mooblilukk\/","name":"SMALOX P01 m\u00f6\u00f6blilukk","isPartOf":{"@id":"https:\/\/varo.ee\/#website"},"primaryImageOfPage":{"@id":"https:\/\/varo.ee\/tooted\/varo-tooted\/smalox-p01-mooblilukk\/#primaryimage"},"image":{"@id":"https:\/\/varo.ee\/tooted\/varo-tooted\/smalox-p01-mooblilukk\/#primaryimage"},"thumbnailUrl":"https:\/\/varo.ee\/wp-content\/uploads\/2025\/05\/SMALOX-lukud.png","datePublished":"2025-05-02T17:49:41+00:00","dateModified":"2025-10-26T15:09:46+00:00","description":"SMALOX P01 m\u00f6\u00f6blilukk turvaliseks hoiustamiseks. Pole vaja v\u00f5tmeid, RFID kaarti ega patareisid \u2013 nutitelefoni NFC-v\u00e4lja kasutatakse energia tootmiseks.","breadcrumb":{"@id":"https:\/\/varo.ee\/tooted\/varo-tooted\/smalox-p01-mooblilukk\/#breadcrumb"},"inLanguage":"en-GB","potentialAction":[{"@type":"ReadAction","target":["https:\/\/varo.ee\/tooted\/varo-tooted\/smalox-p01-mooblilukk\/"]}]},{"@type":"ImageObject","inLanguage":"en-GB","@id":"https:\/\/varo.ee\/tooted\/varo-tooted\/smalox-p01-mooblilukk\/#primaryimage","url":"https:\/\/varo.ee\/wp-content\/uploads\/2025\/05\/SMALOX-lukud.png","contentUrl":"https:\/\/varo.ee\/wp-content\/uploads\/2025\/05\/SMALOX-lukud.png","width":600,"height":800,"caption":"SMALOX patareivaba nutilukk kapile"},{"@type":"BreadcrumbList","@id":"https:\/\/varo.ee\/tooted\/varo-tooted\/smalox-p01-mooblilukk\/#breadcrumb","itemListElement":[{"@type":"ListItem","position":1,"name":"Avaleht","item":"https:\/\/varo.ee\/"},{"@type":"ListItem","position":2,"name":"Products","item":"https:\/\/varo.ee\/shop\/"},{"@type":"ListItem","position":3,"name":"SMALOX P01 m\u00f6\u00f6blilukk"}]},{"@type":"WebSite","@id":"https:\/\/varo.ee\/#website","url":"https:\/\/varo.ee\/","name":"Digitaalsed lahendused","description":"Digitaalsed lahendused","publisher":{"@id":"https:\/\/varo.ee\/#organization"},"potentialAction":[{"@type":"SearchAction","target":{"@type":"EntryPoint","urlTemplate":"https:\/\/varo.ee\/?s={search_term_string}"},"query-input":{"@type":"PropertyValueSpecification","valueRequired":true,"valueName":"search_term_string"}}],"inLanguage":"en-GB"},{"@type":"Organization","@id":"https:\/\/varo.ee\/#organization","name":"Digitaalsed lahendused","url":"https:\/\/varo.ee\/","logo":{"@type":"ImageObject","inLanguage":"en-GB","@id":"https:\/\/varo.ee\/#\/schema\/logo\/image\/","url":"https:\/\/varo.ee\/wp-content\/uploads\/2023\/10\/tume_logo.png","contentUrl":"https:\/\/varo.ee\/wp-content\/uploads\/2023\/10\/tume_logo.png","width":350,"height":138,"caption":"Digitaalsed lahendused"},"image":{"@id":"https:\/\/varo.ee\/#\/schema\/logo\/image\/"}}]}},"jetpack_sharing_enabled":true,"_links":{"self":[{"href":"https:\/\/varo.ee\/en\/wp-json\/wp\/v2\/product\/7055","targetHints":{"allow":["GET"]}}],"collection":[{"href":"https:\/\/varo.ee\/en\/wp-json\/wp\/v2\/product"}],"about":[{"href":"https:\/\/varo.ee\/en\/wp-json\/wp\/v2\/types\/product"}],"version-history":[{"count":6,"href":"https:\/\/varo.ee\/en\/wp-json\/wp\/v2\/product\/7055\/revisions"}],"predecessor-version":[{"id":7893,"href":"https:\/\/varo.ee\/en\/wp-json\/wp\/v2\/product\/7055\/revisions\/7893"}],"wp:featuredmedia":[{"embeddable":true,"href":"https:\/\/varo.ee\/en\/wp-json\/wp\/v2\/media\/7062"}],"wp:attachment":[{"href":"https:\/\/varo.ee\/en\/wp-json\/wp\/v2\/media?parent=7055"}],"wp:term":[{"taxonomy":"product_brand","embeddable":true,"href":"https:\/\/varo.ee\/en\/wp-json\/wp\/v2\/product_brand?post=7055"},{"taxonomy":"product_cat","embeddable":true,"href":"https:\/\/varo.ee\/en\/wp-json\/wp\/v2\/product_cat?post=7055"},{"taxonomy":"product_tag","embeddable":true,"href":"https:\/\/varo.ee\/en\/wp-json\/wp\/v2\/product_tag?post=7055"}],"curies":[{"name":"wp","href":"https:\/\/api.w.org\/{rel}","templated":true}]}}