{"id":7020,"date":"2025-03-11T22:01:10","date_gmt":"2025-03-11T22:01:10","guid":{"rendered":"https:\/\/varo.ee\/?post_type=product&#038;p=7020"},"modified":"2025-03-11T22:02:06","modified_gmt":"2025-03-11T22:02:06","slug":"votmekapp","status":"publish","type":"product","link":"https:\/\/varo.ee\/en\/tooted\/varo-tooted\/votmekapp\/","title":{"rendered":"V\u00f5tmekapp"},"content":{"rendered":"","protected":false},"excerpt":{"rendered":"<p>V\u00f5tmekapp on praktiline ja turvaline lahendus k\u00f5igile, kes soovivad hoida oma v\u00f5tmeid v\u00f5i v\u00e4ikeesemeid. See sobib nii kontoritesse, hotellidesse, spordikeskustesse kui ka mujale. Meie v\u00f5tmekapp on varustatud Gantner turvalise lukuga. Toode on kohandatav vastavalt teie soovidele.<\/p>","protected":false},"featured_media":7024,"template":"","meta":{"_monsterinsights_skip_tracking":false,"_monsterinsights_sitenote_active":false,"_monsterinsights_sitenote_note":"","_monsterinsights_sitenote_category":0,"_kadence_starter_templates_imported_post":false,"_kad_post_transparent":"default","_kad_post_title":"","_kad_post_layout":"default","_kad_post_sidebar_id":"","_kad_post_content_style":"default","_kad_post_vertical_padding":"default","_kad_post_feature":"","_kad_post_feature_position":"","_kad_post_header":false,"_kad_post_footer":false,"_kad_post_classname":""},"product_brand":[],"product_cat":[41],"product_tag":[68],"class_list":{"0":"post-7020","1":"product","2":"type-product","3":"status-publish","4":"has-post-thumbnail","6":"product_cat-varo-tooted","7":"product_tag-votmekapp","9":"first","10":"instock","11":"shipping-taxable","12":"product-type-simple","13":"entry","14":"content-bg","15":"loop-entry"},"yoast_head":"<!-- This site is optimized with the Yoast SEO plugin v27.4 - https:\/\/yoast.com\/product\/yoast-seo-wordpress\/ -->\n<title>V\u00f5tmekapp<\/title>\n<meta name=\"description\" content=\"V\u00f5tmekapp koos Gantner lukuga on praktiline ja turvaline lahendus k\u00f5igile, kes soovivad hoida oma v\u00f5tmeid v\u00f5i v\u00e4ikeesemeid. Toode on kohandatav vastavalt teie soovidele.\" \/>\n<meta name=\"robots\" content=\"index, follow, max-snippet:-1, max-image-preview:large, max-video-preview:-1\" \/>\n<link rel=\"canonical\" href=\"https:\/\/varo.ee\/en\/tooted\/varo-tooted\/votmekapp\/\" \/>\n<meta property=\"og:locale\" content=\"en_GB\" \/>\n<meta property=\"og:type\" content=\"article\" \/>\n<meta property=\"og:title\" content=\"V\u00f5tmekapp\" \/>\n<meta property=\"og:description\" content=\"V\u00f5tmekapp koos Gantner lukuga on praktiline ja turvaline lahendus k\u00f5igile, kes soovivad hoida oma v\u00f5tmeid v\u00f5i v\u00e4ikeesemeid. Toode on kohandatav vastavalt teie soovidele.\" \/>\n<meta property=\"og:url\" content=\"https:\/\/varo.ee\/en\/tooted\/varo-tooted\/votmekapp\/\" \/>\n<meta property=\"og:site_name\" content=\"Digitaalsed lahendused\" \/>\n<meta property=\"article:modified_time\" content=\"2025-03-11T22:02:06+00:00\" \/>\n<meta property=\"og:image\" content=\"https:\/\/varo.ee\/wp-content\/uploads\/2025\/03\/votmekapp_1.png\" \/>\n\t<meta property=\"og:image:width\" content=\"600\" \/>\n\t<meta property=\"og:image:height\" content=\"800\" \/>\n\t<meta property=\"og:image:type\" content=\"image\/png\" \/>\n<meta name=\"twitter:card\" content=\"summary_large_image\" \/>\n<meta name=\"twitter:label1\" content=\"Estimated reading time\" \/>\n\t<meta name=\"twitter:data1\" content=\"1 minute\" \/>\n<script type=\"application\/ld+json\" class=\"yoast-schema-graph\">{\"@context\":\"https:\\\/\\\/schema.org\",\"@graph\":[{\"@type\":\"WebPage\",\"@id\":\"https:\\\/\\\/varo.ee\\\/tooted\\\/varo-tooted\\\/votmekapp\\\/\",\"url\":\"https:\\\/\\\/varo.ee\\\/tooted\\\/varo-tooted\\\/votmekapp\\\/\",\"name\":\"V\u00f5tmekapp\",\"isPartOf\":{\"@id\":\"https:\\\/\\\/varo.ee\\\/#website\"},\"primaryImageOfPage\":{\"@id\":\"https:\\\/\\\/varo.ee\\\/tooted\\\/varo-tooted\\\/votmekapp\\\/#primaryimage\"},\"image\":{\"@id\":\"https:\\\/\\\/varo.ee\\\/tooted\\\/varo-tooted\\\/votmekapp\\\/#primaryimage\"},\"thumbnailUrl\":\"https:\\\/\\\/varo.ee\\\/wp-content\\\/uploads\\\/2025\\\/03\\\/votmekapp_1.png\",\"datePublished\":\"2025-03-11T22:01:10+00:00\",\"dateModified\":\"2025-03-11T22:02:06+00:00\",\"description\":\"V\u00f5tmekapp koos Gantner lukuga on praktiline ja turvaline lahendus k\u00f5igile, kes soovivad hoida oma v\u00f5tmeid v\u00f5i v\u00e4ikeesemeid. Toode on kohandatav vastavalt teie soovidele.\",\"breadcrumb\":{\"@id\":\"https:\\\/\\\/varo.ee\\\/tooted\\\/varo-tooted\\\/votmekapp\\\/#breadcrumb\"},\"inLanguage\":\"en-GB\",\"potentialAction\":[{\"@type\":\"ReadAction\",\"target\":[\"https:\\\/\\\/varo.ee\\\/tooted\\\/varo-tooted\\\/votmekapp\\\/\"]}]},{\"@type\":\"ImageObject\",\"inLanguage\":\"en-GB\",\"@id\":\"https:\\\/\\\/varo.ee\\\/tooted\\\/varo-tooted\\\/votmekapp\\\/#primaryimage\",\"url\":\"https:\\\/\\\/varo.ee\\\/wp-content\\\/uploads\\\/2025\\\/03\\\/votmekapp_1.png\",\"contentUrl\":\"https:\\\/\\\/varo.ee\\\/wp-content\\\/uploads\\\/2025\\\/03\\\/votmekapp_1.png\",\"width\":600,\"height\":800,\"caption\":\"V\u00f5tmekapp eest k\u00fcljelt uksed lahti\"},{\"@type\":\"BreadcrumbList\",\"@id\":\"https:\\\/\\\/varo.ee\\\/tooted\\\/varo-tooted\\\/votmekapp\\\/#breadcrumb\",\"itemListElement\":[{\"@type\":\"ListItem\",\"position\":1,\"name\":\"Avaleht\",\"item\":\"https:\\\/\\\/varo.ee\\\/\"},{\"@type\":\"ListItem\",\"position\":2,\"name\":\"Products\",\"item\":\"https:\\\/\\\/varo.ee\\\/shop\\\/\"},{\"@type\":\"ListItem\",\"position\":3,\"name\":\"V\u00f5tmekapp\"}]},{\"@type\":\"WebSite\",\"@id\":\"https:\\\/\\\/varo.ee\\\/#website\",\"url\":\"https:\\\/\\\/varo.ee\\\/\",\"name\":\"Digitaalsed lahendused\",\"description\":\"Digitaalsed lahendused\",\"publisher\":{\"@id\":\"https:\\\/\\\/varo.ee\\\/#organization\"},\"potentialAction\":[{\"@type\":\"SearchAction\",\"target\":{\"@type\":\"EntryPoint\",\"urlTemplate\":\"https:\\\/\\\/varo.ee\\\/?s={search_term_string}\"},\"query-input\":{\"@type\":\"PropertyValueSpecification\",\"valueRequired\":true,\"valueName\":\"search_term_string\"}}],\"inLanguage\":\"en-GB\"},{\"@type\":\"Organization\",\"@id\":\"https:\\\/\\\/varo.ee\\\/#organization\",\"name\":\"Digitaalsed lahendused\",\"url\":\"https:\\\/\\\/varo.ee\\\/\",\"logo\":{\"@type\":\"ImageObject\",\"inLanguage\":\"en-GB\",\"@id\":\"https:\\\/\\\/varo.ee\\\/#\\\/schema\\\/logo\\\/image\\\/\",\"url\":\"https:\\\/\\\/varo.ee\\\/wp-content\\\/uploads\\\/2023\\\/10\\\/tume_logo.png\",\"contentUrl\":\"https:\\\/\\\/varo.ee\\\/wp-content\\\/uploads\\\/2023\\\/10\\\/tume_logo.png\",\"width\":350,\"height\":138,\"caption\":\"Digitaalsed lahendused\"},\"image\":{\"@id\":\"https:\\\/\\\/varo.ee\\\/#\\\/schema\\\/logo\\\/image\\\/\"}}]}<\/script>\n<!-- \/ Yoast SEO plugin. -->","yoast_head_json":{"title":"V\u00f5tmekapp","description":"V\u00f5tmekapp koos Gantner lukuga on praktiline ja turvaline lahendus k\u00f5igile, kes soovivad hoida oma v\u00f5tmeid v\u00f5i v\u00e4ikeesemeid. Toode on kohandatav vastavalt teie soovidele.","robots":{"index":"index","follow":"follow","max-snippet":"max-snippet:-1","max-image-preview":"max-image-preview:large","max-video-preview":"max-video-preview:-1"},"canonical":"https:\/\/varo.ee\/en\/tooted\/varo-tooted\/votmekapp\/","og_locale":"en_GB","og_type":"article","og_title":"V\u00f5tmekapp","og_description":"V\u00f5tmekapp koos Gantner lukuga on praktiline ja turvaline lahendus k\u00f5igile, kes soovivad hoida oma v\u00f5tmeid v\u00f5i v\u00e4ikeesemeid. Toode on kohandatav vastavalt teie soovidele.","og_url":"https:\/\/varo.ee\/en\/tooted\/varo-tooted\/votmekapp\/","og_site_name":"Digitaalsed lahendused","article_modified_time":"2025-03-11T22:02:06+00:00","og_image":[{"width":600,"height":800,"url":"https:\/\/varo.ee\/wp-content\/uploads\/2025\/03\/votmekapp_1.png","type":"image\/png"}],"twitter_card":"summary_large_image","twitter_misc":{"Estimated reading time":"1 minute"},"schema":{"@context":"https:\/\/schema.org","@graph":[{"@type":"WebPage","@id":"https:\/\/varo.ee\/tooted\/varo-tooted\/votmekapp\/","url":"https:\/\/varo.ee\/tooted\/varo-tooted\/votmekapp\/","name":"V\u00f5tmekapp","isPartOf":{"@id":"https:\/\/varo.ee\/#website"},"primaryImageOfPage":{"@id":"https:\/\/varo.ee\/tooted\/varo-tooted\/votmekapp\/#primaryimage"},"image":{"@id":"https:\/\/varo.ee\/tooted\/varo-tooted\/votmekapp\/#primaryimage"},"thumbnailUrl":"https:\/\/varo.ee\/wp-content\/uploads\/2025\/03\/votmekapp_1.png","datePublished":"2025-03-11T22:01:10+00:00","dateModified":"2025-03-11T22:02:06+00:00","description":"V\u00f5tmekapp koos Gantner lukuga on praktiline ja turvaline lahendus k\u00f5igile, kes soovivad hoida oma v\u00f5tmeid v\u00f5i v\u00e4ikeesemeid. Toode on kohandatav vastavalt teie soovidele.","breadcrumb":{"@id":"https:\/\/varo.ee\/tooted\/varo-tooted\/votmekapp\/#breadcrumb"},"inLanguage":"en-GB","potentialAction":[{"@type":"ReadAction","target":["https:\/\/varo.ee\/tooted\/varo-tooted\/votmekapp\/"]}]},{"@type":"ImageObject","inLanguage":"en-GB","@id":"https:\/\/varo.ee\/tooted\/varo-tooted\/votmekapp\/#primaryimage","url":"https:\/\/varo.ee\/wp-content\/uploads\/2025\/03\/votmekapp_1.png","contentUrl":"https:\/\/varo.ee\/wp-content\/uploads\/2025\/03\/votmekapp_1.png","width":600,"height":800,"caption":"V\u00f5tmekapp eest k\u00fcljelt uksed lahti"},{"@type":"BreadcrumbList","@id":"https:\/\/varo.ee\/tooted\/varo-tooted\/votmekapp\/#breadcrumb","itemListElement":[{"@type":"ListItem","position":1,"name":"Avaleht","item":"https:\/\/varo.ee\/"},{"@type":"ListItem","position":2,"name":"Products","item":"https:\/\/varo.ee\/shop\/"},{"@type":"ListItem","position":3,"name":"V\u00f5tmekapp"}]},{"@type":"WebSite","@id":"https:\/\/varo.ee\/#website","url":"https:\/\/varo.ee\/","name":"Digitaalsed lahendused","description":"Digitaalsed lahendused","publisher":{"@id":"https:\/\/varo.ee\/#organization"},"potentialAction":[{"@type":"SearchAction","target":{"@type":"EntryPoint","urlTemplate":"https:\/\/varo.ee\/?s={search_term_string}"},"query-input":{"@type":"PropertyValueSpecification","valueRequired":true,"valueName":"search_term_string"}}],"inLanguage":"en-GB"},{"@type":"Organization","@id":"https:\/\/varo.ee\/#organization","name":"Digitaalsed lahendused","url":"https:\/\/varo.ee\/","logo":{"@type":"ImageObject","inLanguage":"en-GB","@id":"https:\/\/varo.ee\/#\/schema\/logo\/image\/","url":"https:\/\/varo.ee\/wp-content\/uploads\/2023\/10\/tume_logo.png","contentUrl":"https:\/\/varo.ee\/wp-content\/uploads\/2023\/10\/tume_logo.png","width":350,"height":138,"caption":"Digitaalsed lahendused"},"image":{"@id":"https:\/\/varo.ee\/#\/schema\/logo\/image\/"}}]}},"jetpack_sharing_enabled":true,"_links":{"self":[{"href":"https:\/\/varo.ee\/en\/wp-json\/wp\/v2\/product\/7020","targetHints":{"allow":["GET"]}}],"collection":[{"href":"https:\/\/varo.ee\/en\/wp-json\/wp\/v2\/product"}],"about":[{"href":"https:\/\/varo.ee\/en\/wp-json\/wp\/v2\/types\/product"}],"version-history":[{"count":2,"href":"https:\/\/varo.ee\/en\/wp-json\/wp\/v2\/product\/7020\/revisions"}],"predecessor-version":[{"id":7026,"href":"https:\/\/varo.ee\/en\/wp-json\/wp\/v2\/product\/7020\/revisions\/7026"}],"wp:featuredmedia":[{"embeddable":true,"href":"https:\/\/varo.ee\/en\/wp-json\/wp\/v2\/media\/7024"}],"wp:attachment":[{"href":"https:\/\/varo.ee\/en\/wp-json\/wp\/v2\/media?parent=7020"}],"wp:term":[{"taxonomy":"product_brand","embeddable":true,"href":"https:\/\/varo.ee\/en\/wp-json\/wp\/v2\/product_brand?post=7020"},{"taxonomy":"product_cat","embeddable":true,"href":"https:\/\/varo.ee\/en\/wp-json\/wp\/v2\/product_cat?post=7020"},{"taxonomy":"product_tag","embeddable":true,"href":"https:\/\/varo.ee\/en\/wp-json\/wp\/v2\/product_tag?post=7020"}],"curies":[{"name":"wp","href":"https:\/\/api.w.org\/{rel}","templated":true}]}}