{"id":7011,"date":"2025-03-11T21:02:45","date_gmt":"2025-03-11T21:02:45","guid":{"rendered":"https:\/\/varo.ee\/?post_type=product&#038;p=7011"},"modified":"2025-10-26T15:10:49","modified_gmt":"2025-10-26T15:10:49","slug":"vorkpalli-porkelaud","status":"publish","type":"product","link":"https:\/\/varo.ee\/en\/tooted\/varo-tooted\/vorkpalli-porkelaud\/","title":{"rendered":"P\u00f5rkelaud v\u00f5rkpalli treeninguteks"},"content":{"rendered":"<p>Eestimaine uudistoode P\u00f5rkelaud parandab v\u00f5rkpallurite l\u00f6\u00f6git\u00e4psust, arendab positsioonim\u00e4ngu ja lisab treeningutesse p\u00f5nevust. Ideaalne abivahend treeningute sisukamaks ja t\u00f5husamaks muutmiseks!<\/p>\n<p>Audentese poiste treeneri Lauris Iecelneksi juhendamisel v\u00e4lja t\u00f6\u00f6tatud ja v\u00f5rkpallis\u00f5bralike ettev\u00f5tete Varo, Avila ja Avoluxi abiga teoks tehtud P\u00f5rkelauda kasutavad juba nii noored kui ka Eesti tippv\u00f5rkpallurid.<\/p>\n<p>T\u00e4nu reguleeritavale nurgale saadab P\u00f5rkelaud palli tagasi erinevate nurkade alt, mis aitab r\u00fcndajatel harjutada l\u00f6\u00f6git\u00e4psust, sidem\u00e4ngijatel liikumist ja t\u00f5steid ning liberodel positsioonim\u00e4ngu ja kaitset.<\/p>","protected":false},"excerpt":{"rendered":"<p><strong>Hinnale lisandub k\u00e4ibemaks<\/strong><br \/>\nM\u00fc\u00fcgist saadav tulu annetatakse noorte v\u00f5rkpalli toetuseks.<\/p>\n<p>Kolm v\u00f5rkpalli toetavat ettev\u00f5tet, Varo, Avila ja Avolux, on Audentese poiste treeneri Lauris Iecelneksi juhendamisel v\u00e4lja t\u00f6\u00f6tanud uudse treeningvahendi \u2013 P\u00f5rkelaua. Seda innovaatilist spordivahendit kasutavad treeningutel nii Audentese noored kui ka Eesti meeste- ja naiste v\u00f5rkpallikoondislased.<br \/>\nP\u00f5rkelaud on ideaalne abivahend treeneritele sportlaste arendamiseks. Plaadi nurka saab reguleerida, et pall p\u00f5rkaks tagasi erinevate nurkade alt, aidates r\u00fcndajatel suunata l\u00f6\u00f6ke ja sidem\u00e4ngijatel harjutada t\u00e4pseid t\u00f5steid.<\/p>\n<ul>\n<li><strong>R\u00fcndajatele<\/strong>: Aitab harjutada r\u00fcndel\u00f6\u00f6ke ja parandada l\u00f6\u00f6git\u00e4psust.<\/li>\n<li><strong>Sidem\u00e4ngijatele<\/strong>: T\u00e4iuslik t\u00f6\u00f6riist t\u00e4psete t\u00f5stete sooritamiseks ja liikumise harjutamiseks.<\/li>\n<li><strong>Liberodele<\/strong>: Suurep\u00e4rane treeningpartner positsioonim\u00e4ngu ja kaitseharjutuste arendamiseks.<\/li>\n<li><strong>R\u00fcnnaku imitatsioon<\/strong>: P\u00f5rkelaud v\u00f5ib asendada \u00fche m\u00e4ngija v\u00e4ljakul, pakkudes sihtm\u00e4rki t\u00e4psete r\u00fcndel\u00f6\u00f6kide jaoks.<\/li>\n<\/ul>\n<p>Soeta P\u00f5rkelaud ja vii oma v\u00f5istkonna treeningud uuele tasemele!<\/p>","protected":false},"featured_media":7035,"template":"","meta":{"_monsterinsights_skip_tracking":false,"_monsterinsights_sitenote_active":false,"_monsterinsights_sitenote_note":"","_monsterinsights_sitenote_category":0,"_kadence_starter_templates_imported_post":false,"_kad_post_transparent":"default","_kad_post_title":"","_kad_post_layout":"default","_kad_post_sidebar_id":"","_kad_post_content_style":"default","_kad_post_vertical_padding":"default","_kad_post_feature":"","_kad_post_feature_position":"","_kad_post_header":false,"_kad_post_footer":false,"_kad_post_classname":""},"product_brand":[],"product_cat":[41],"product_tag":[],"class_list":{"0":"post-7011","1":"product","2":"type-product","3":"status-publish","4":"has-post-thumbnail","6":"product_cat-varo-tooted","8":"first","9":"instock","10":"shipping-taxable","11":"purchasable","12":"product-type-simple","13":"entry","14":"content-bg","15":"loop-entry"},"yoast_head":"<!-- This site is optimized with the Yoast SEO plugin v27.4 - https:\/\/yoast.com\/product\/yoast-seo-wordpress\/ -->\n<title>P\u00f5rkelaud v\u00f5rkpalli treeninguteks<\/title>\n<meta name=\"description\" content=\"Eestimaine uudistoode P\u00f5rkelaud parandab v\u00f5rkpallurite l\u00f6\u00f6git\u00e4psust, arendab positsioonim\u00e4ngu ja lisab treeningutesse p\u00f5nevust. Vii oma v\u00f5istkonna treeningud uuele tasemele!\" \/>\n<meta name=\"robots\" content=\"index, follow, max-snippet:-1, max-image-preview:large, max-video-preview:-1\" \/>\n<link rel=\"canonical\" href=\"https:\/\/varo.ee\/en\/tooted\/varo-tooted\/vorkpalli-porkelaud\/\" \/>\n<meta property=\"og:locale\" content=\"en_GB\" \/>\n<meta property=\"og:type\" content=\"article\" \/>\n<meta property=\"og:title\" content=\"P\u00f5rkelaud v\u00f5rkpalli treeninguteks\" \/>\n<meta property=\"og:description\" content=\"Eestimaine uudistoode P\u00f5rkelaud parandab v\u00f5rkpallurite l\u00f6\u00f6git\u00e4psust, arendab positsioonim\u00e4ngu ja lisab treeningutesse p\u00f5nevust. Vii oma v\u00f5istkonna treeningud uuele tasemele!\" \/>\n<meta property=\"og:url\" content=\"https:\/\/varo.ee\/en\/tooted\/varo-tooted\/vorkpalli-porkelaud\/\" \/>\n<meta property=\"og:site_name\" content=\"Digitaalsed lahendused\" \/>\n<meta property=\"article:modified_time\" content=\"2025-10-26T15:10:49+00:00\" \/>\n<meta property=\"og:image\" content=\"https:\/\/varo.ee\/wp-content\/uploads\/2025\/03\/porkelaud.png\" \/>\n\t<meta property=\"og:image:width\" content=\"600\" \/>\n\t<meta property=\"og:image:height\" content=\"800\" \/>\n\t<meta property=\"og:image:type\" content=\"image\/png\" \/>\n<meta name=\"twitter:card\" content=\"summary_large_image\" \/>\n<meta name=\"twitter:label1\" content=\"Estimated reading time\" \/>\n\t<meta name=\"twitter:data1\" content=\"1 minute\" \/>\n<script type=\"application\/ld+json\" class=\"yoast-schema-graph\">{\"@context\":\"https:\\\/\\\/schema.org\",\"@graph\":[{\"@type\":\"WebPage\",\"@id\":\"https:\\\/\\\/varo.ee\\\/tooted\\\/varo-tooted\\\/vorkpalli-porkelaud\\\/\",\"url\":\"https:\\\/\\\/varo.ee\\\/tooted\\\/varo-tooted\\\/vorkpalli-porkelaud\\\/\",\"name\":\"P\u00f5rkelaud v\u00f5rkpalli treeninguteks\",\"isPartOf\":{\"@id\":\"https:\\\/\\\/varo.ee\\\/#website\"},\"primaryImageOfPage\":{\"@id\":\"https:\\\/\\\/varo.ee\\\/tooted\\\/varo-tooted\\\/vorkpalli-porkelaud\\\/#primaryimage\"},\"image\":{\"@id\":\"https:\\\/\\\/varo.ee\\\/tooted\\\/varo-tooted\\\/vorkpalli-porkelaud\\\/#primaryimage\"},\"thumbnailUrl\":\"https:\\\/\\\/varo.ee\\\/wp-content\\\/uploads\\\/2025\\\/03\\\/porkelaud.png\",\"datePublished\":\"2025-03-11T21:02:45+00:00\",\"dateModified\":\"2025-10-26T15:10:49+00:00\",\"description\":\"Eestimaine uudistoode P\u00f5rkelaud parandab v\u00f5rkpallurite l\u00f6\u00f6git\u00e4psust, arendab positsioonim\u00e4ngu ja lisab treeningutesse p\u00f5nevust. Vii oma v\u00f5istkonna treeningud uuele tasemele!\",\"breadcrumb\":{\"@id\":\"https:\\\/\\\/varo.ee\\\/tooted\\\/varo-tooted\\\/vorkpalli-porkelaud\\\/#breadcrumb\"},\"inLanguage\":\"en-GB\",\"potentialAction\":[{\"@type\":\"ReadAction\",\"target\":[\"https:\\\/\\\/varo.ee\\\/tooted\\\/varo-tooted\\\/vorkpalli-porkelaud\\\/\"]}]},{\"@type\":\"ImageObject\",\"inLanguage\":\"en-GB\",\"@id\":\"https:\\\/\\\/varo.ee\\\/tooted\\\/varo-tooted\\\/vorkpalli-porkelaud\\\/#primaryimage\",\"url\":\"https:\\\/\\\/varo.ee\\\/wp-content\\\/uploads\\\/2025\\\/03\\\/porkelaud.png\",\"contentUrl\":\"https:\\\/\\\/varo.ee\\\/wp-content\\\/uploads\\\/2025\\\/03\\\/porkelaud.png\",\"width\":600,\"height\":800},{\"@type\":\"BreadcrumbList\",\"@id\":\"https:\\\/\\\/varo.ee\\\/tooted\\\/varo-tooted\\\/vorkpalli-porkelaud\\\/#breadcrumb\",\"itemListElement\":[{\"@type\":\"ListItem\",\"position\":1,\"name\":\"Avaleht\",\"item\":\"https:\\\/\\\/varo.ee\\\/\"},{\"@type\":\"ListItem\",\"position\":2,\"name\":\"Products\",\"item\":\"https:\\\/\\\/varo.ee\\\/shop\\\/\"},{\"@type\":\"ListItem\",\"position\":3,\"name\":\"P\u00f5rkelaud v\u00f5rkpalli treeninguteks\"}]},{\"@type\":\"WebSite\",\"@id\":\"https:\\\/\\\/varo.ee\\\/#website\",\"url\":\"https:\\\/\\\/varo.ee\\\/\",\"name\":\"Digitaalsed lahendused\",\"description\":\"Digitaalsed lahendused\",\"publisher\":{\"@id\":\"https:\\\/\\\/varo.ee\\\/#organization\"},\"potentialAction\":[{\"@type\":\"SearchAction\",\"target\":{\"@type\":\"EntryPoint\",\"urlTemplate\":\"https:\\\/\\\/varo.ee\\\/?s={search_term_string}\"},\"query-input\":{\"@type\":\"PropertyValueSpecification\",\"valueRequired\":true,\"valueName\":\"search_term_string\"}}],\"inLanguage\":\"en-GB\"},{\"@type\":\"Organization\",\"@id\":\"https:\\\/\\\/varo.ee\\\/#organization\",\"name\":\"Digitaalsed lahendused\",\"url\":\"https:\\\/\\\/varo.ee\\\/\",\"logo\":{\"@type\":\"ImageObject\",\"inLanguage\":\"en-GB\",\"@id\":\"https:\\\/\\\/varo.ee\\\/#\\\/schema\\\/logo\\\/image\\\/\",\"url\":\"https:\\\/\\\/varo.ee\\\/wp-content\\\/uploads\\\/2023\\\/10\\\/tume_logo.png\",\"contentUrl\":\"https:\\\/\\\/varo.ee\\\/wp-content\\\/uploads\\\/2023\\\/10\\\/tume_logo.png\",\"width\":350,\"height\":138,\"caption\":\"Digitaalsed lahendused\"},\"image\":{\"@id\":\"https:\\\/\\\/varo.ee\\\/#\\\/schema\\\/logo\\\/image\\\/\"}}]}<\/script>\n<!-- \/ Yoast SEO plugin. -->","yoast_head_json":{"title":"P\u00f5rkelaud v\u00f5rkpalli treeninguteks","description":"Eestimaine uudistoode P\u00f5rkelaud parandab v\u00f5rkpallurite l\u00f6\u00f6git\u00e4psust, arendab positsioonim\u00e4ngu ja lisab treeningutesse p\u00f5nevust. Vii oma v\u00f5istkonna treeningud uuele tasemele!","robots":{"index":"index","follow":"follow","max-snippet":"max-snippet:-1","max-image-preview":"max-image-preview:large","max-video-preview":"max-video-preview:-1"},"canonical":"https:\/\/varo.ee\/en\/tooted\/varo-tooted\/vorkpalli-porkelaud\/","og_locale":"en_GB","og_type":"article","og_title":"P\u00f5rkelaud v\u00f5rkpalli treeninguteks","og_description":"Eestimaine uudistoode P\u00f5rkelaud parandab v\u00f5rkpallurite l\u00f6\u00f6git\u00e4psust, arendab positsioonim\u00e4ngu ja lisab treeningutesse p\u00f5nevust. Vii oma v\u00f5istkonna treeningud uuele tasemele!","og_url":"https:\/\/varo.ee\/en\/tooted\/varo-tooted\/vorkpalli-porkelaud\/","og_site_name":"Digitaalsed lahendused","article_modified_time":"2025-10-26T15:10:49+00:00","og_image":[{"width":600,"height":800,"url":"https:\/\/varo.ee\/wp-content\/uploads\/2025\/03\/porkelaud.png","type":"image\/png"}],"twitter_card":"summary_large_image","twitter_misc":{"Estimated reading time":"1 minute"},"schema":{"@context":"https:\/\/schema.org","@graph":[{"@type":"WebPage","@id":"https:\/\/varo.ee\/tooted\/varo-tooted\/vorkpalli-porkelaud\/","url":"https:\/\/varo.ee\/tooted\/varo-tooted\/vorkpalli-porkelaud\/","name":"P\u00f5rkelaud v\u00f5rkpalli treeninguteks","isPartOf":{"@id":"https:\/\/varo.ee\/#website"},"primaryImageOfPage":{"@id":"https:\/\/varo.ee\/tooted\/varo-tooted\/vorkpalli-porkelaud\/#primaryimage"},"image":{"@id":"https:\/\/varo.ee\/tooted\/varo-tooted\/vorkpalli-porkelaud\/#primaryimage"},"thumbnailUrl":"https:\/\/varo.ee\/wp-content\/uploads\/2025\/03\/porkelaud.png","datePublished":"2025-03-11T21:02:45+00:00","dateModified":"2025-10-26T15:10:49+00:00","description":"Eestimaine uudistoode P\u00f5rkelaud parandab v\u00f5rkpallurite l\u00f6\u00f6git\u00e4psust, arendab positsioonim\u00e4ngu ja lisab treeningutesse p\u00f5nevust. Vii oma v\u00f5istkonna treeningud uuele tasemele!","breadcrumb":{"@id":"https:\/\/varo.ee\/tooted\/varo-tooted\/vorkpalli-porkelaud\/#breadcrumb"},"inLanguage":"en-GB","potentialAction":[{"@type":"ReadAction","target":["https:\/\/varo.ee\/tooted\/varo-tooted\/vorkpalli-porkelaud\/"]}]},{"@type":"ImageObject","inLanguage":"en-GB","@id":"https:\/\/varo.ee\/tooted\/varo-tooted\/vorkpalli-porkelaud\/#primaryimage","url":"https:\/\/varo.ee\/wp-content\/uploads\/2025\/03\/porkelaud.png","contentUrl":"https:\/\/varo.ee\/wp-content\/uploads\/2025\/03\/porkelaud.png","width":600,"height":800},{"@type":"BreadcrumbList","@id":"https:\/\/varo.ee\/tooted\/varo-tooted\/vorkpalli-porkelaud\/#breadcrumb","itemListElement":[{"@type":"ListItem","position":1,"name":"Avaleht","item":"https:\/\/varo.ee\/"},{"@type":"ListItem","position":2,"name":"Products","item":"https:\/\/varo.ee\/shop\/"},{"@type":"ListItem","position":3,"name":"P\u00f5rkelaud v\u00f5rkpalli treeninguteks"}]},{"@type":"WebSite","@id":"https:\/\/varo.ee\/#website","url":"https:\/\/varo.ee\/","name":"Digitaalsed lahendused","description":"Digitaalsed lahendused","publisher":{"@id":"https:\/\/varo.ee\/#organization"},"potentialAction":[{"@type":"SearchAction","target":{"@type":"EntryPoint","urlTemplate":"https:\/\/varo.ee\/?s={search_term_string}"},"query-input":{"@type":"PropertyValueSpecification","valueRequired":true,"valueName":"search_term_string"}}],"inLanguage":"en-GB"},{"@type":"Organization","@id":"https:\/\/varo.ee\/#organization","name":"Digitaalsed lahendused","url":"https:\/\/varo.ee\/","logo":{"@type":"ImageObject","inLanguage":"en-GB","@id":"https:\/\/varo.ee\/#\/schema\/logo\/image\/","url":"https:\/\/varo.ee\/wp-content\/uploads\/2023\/10\/tume_logo.png","contentUrl":"https:\/\/varo.ee\/wp-content\/uploads\/2023\/10\/tume_logo.png","width":350,"height":138,"caption":"Digitaalsed lahendused"},"image":{"@id":"https:\/\/varo.ee\/#\/schema\/logo\/image\/"}}]}},"jetpack_sharing_enabled":true,"_links":{"self":[{"href":"https:\/\/varo.ee\/en\/wp-json\/wp\/v2\/product\/7011","targetHints":{"allow":["GET"]}}],"collection":[{"href":"https:\/\/varo.ee\/en\/wp-json\/wp\/v2\/product"}],"about":[{"href":"https:\/\/varo.ee\/en\/wp-json\/wp\/v2\/types\/product"}],"version-history":[{"count":3,"href":"https:\/\/varo.ee\/en\/wp-json\/wp\/v2\/product\/7011\/revisions"}],"predecessor-version":[{"id":7894,"href":"https:\/\/varo.ee\/en\/wp-json\/wp\/v2\/product\/7011\/revisions\/7894"}],"wp:featuredmedia":[{"embeddable":true,"href":"https:\/\/varo.ee\/en\/wp-json\/wp\/v2\/media\/7035"}],"wp:attachment":[{"href":"https:\/\/varo.ee\/en\/wp-json\/wp\/v2\/media?parent=7011"}],"wp:term":[{"taxonomy":"product_brand","embeddable":true,"href":"https:\/\/varo.ee\/en\/wp-json\/wp\/v2\/product_brand?post=7011"},{"taxonomy":"product_cat","embeddable":true,"href":"https:\/\/varo.ee\/en\/wp-json\/wp\/v2\/product_cat?post=7011"},{"taxonomy":"product_tag","embeddable":true,"href":"https:\/\/varo.ee\/en\/wp-json\/wp\/v2\/product_tag?post=7011"}],"curies":[{"name":"wp","href":"https:\/\/api.w.org\/{rel}","templated":true}]}}