{"id":6693,"date":"2025-01-11T12:35:26","date_gmt":"2025-01-11T12:35:26","guid":{"rendered":"https:\/\/varo.ee\/?post_type=product&#038;p=6693"},"modified":"2025-01-11T14:00:02","modified_gmt":"2025-01-11T14:00:02","slug":"igloohome-keybox-3-votmekapp","status":"publish","type":"product","link":"https:\/\/varo.ee\/en\/tooted\/igloohome-nutilukud\/igloohome-keybox-3-votmekapp\/","title":{"rendered":"Igloohome Keybox 3 v\u00f5tmekapp"},"content":{"rendered":"<p><strong>Igloohome Keybox 3<\/strong> on turvaline ja mugav v\u00f5tmekapp, mille abil saab jagada ligip\u00e4\u00e4su teie kodu, kontori v\u00f5i muudele objektidele, ilma et oleks vaja f\u00fc\u00fcsilisi v\u00f5tmeid. Keybox 3 on ideaalne lahendus, kui otsite usaldusv\u00e4\u00e4rset, paindlikku ja turvalist viisi v\u00f5tmete v\u00f5i muude esemete jagamiseks, samuti sobib see suurep\u00e4raselt Airbnb, hotellide, kontorite ja teiste \u00e4ri- v\u00f5i eluruumide jaoks.<\/p>","protected":false},"excerpt":{"rendered":"<p>+KM<\/p>\n<p><strong>Igloohome Keybox 3<\/strong> on turvaline ja mugav v\u00f5tmekapp, mille abil saab jagada ligip\u00e4\u00e4su teie kodu, kontori v\u00f5i muudele objektidele, ilma et oleks vaja f\u00fc\u00fcsilisi v\u00f5tmeid. Keybox 3 on ideaalne lahendus, kui otsite usaldusv\u00e4\u00e4rset, paindlikku ja turvalist viisi v\u00f5tmete v\u00f5i muude esemete jagamiseks, samuti sobib see suurep\u00e4raselt Airbnb, hotellide, kontorite ja teiste \u00e4ri- v\u00f5i eluruumide jaoks.<\/p>\n<ul>\n<li>Sisemus on piisavalt <strong>ruumikas<\/strong>, et mahutada mitut asja.<\/li>\n<li><strong>Kaugturvalisus<\/strong>: Keybox 3 v\u00f5imaldab m\u00e4\u00e4rata PIN-koode, et jagada ligip\u00e4\u00e4su valitud isikutele, olgu siis tegemist k\u00fclaliste, t\u00f6\u00f6tajate v\u00f5i teenusepakkujatega.<\/li>\n<li><strong>Nutitelefoni \u00fchendus<\/strong>: Kasutajad saavad oma nutitelefoni kaudu ligip\u00e4\u00e4su jagada ja hallata, kasutades Igloohome&#8217;i mobiilirakendust.<\/li>\n<li><strong>Mitme juurdep\u00e4\u00e4su v\u00f5imalus<\/strong>: Toode toetab PIN-koode, Bluetooth-i ja muud kaugjuhtimist, et tagada erinevad juurdep\u00e4\u00e4suv\u00f5imalused.<\/li>\n<li><strong>Lihtne paigaldus<\/strong>: Keybox 3 on loodud olema lihtne paigaldada ja sobib erinevateks kasutusv\u00f5imalusteks, sealhulgas kodudes, korterites, majutuskohtades ja ettev\u00f5tetes. Kaasas kahes suuruses k\u00f6idikud.<\/li>\n<li><strong>Kompaktne ja vastupidav<\/strong>: K\u00f5ik toote mehhaanilised osad on valmistatud tugevast materjalist, et tagada pikaajaline t\u00f6\u00f6kindlus igasugustes ilmastikutingimustes.<\/li>\n<\/ul>","protected":false},"featured_media":6698,"template":"","meta":{"_monsterinsights_skip_tracking":false,"_monsterinsights_sitenote_active":false,"_monsterinsights_sitenote_note":"","_monsterinsights_sitenote_category":0,"_kadence_starter_templates_imported_post":false,"_kad_post_transparent":"default","_kad_post_title":"","_kad_post_layout":"default","_kad_post_sidebar_id":"","_kad_post_content_style":"default","_kad_post_vertical_padding":"default","_kad_post_feature":"","_kad_post_feature_position":"","_kad_post_header":false,"_kad_post_footer":false,"_kad_post_classname":""},"product_brand":[],"product_cat":[65],"product_tag":[67],"class_list":{"0":"post-6693","1":"product","2":"type-product","3":"status-publish","4":"has-post-thumbnail","6":"product_cat-igloohome-nutilukud","7":"product_tag-votmekapid","9":"first","10":"instock","11":"shipping-taxable","12":"purchasable","13":"product-type-simple","14":"entry","15":"content-bg","16":"loop-entry"},"yoast_head":"<!-- This site is optimized with the Yoast SEO plugin v27.4 - https:\/\/yoast.com\/product\/yoast-seo-wordpress\/ -->\n<title>Igloohome Keybox 3 v\u00f5tmekapp<\/title>\n<meta name=\"description\" content=\"Igloohome Keybox 3 on turvaline ja ilmastikukindel v\u00f5tmekapp, mille abil saab jagada ligip\u00e4\u00e4su teie koju, kontori v\u00f5i majutusasutusse.\" \/>\n<meta name=\"robots\" content=\"index, follow, max-snippet:-1, max-image-preview:large, max-video-preview:-1\" \/>\n<link rel=\"canonical\" href=\"https:\/\/varo.ee\/en\/tooted\/igloohome-nutilukud\/igloohome-keybox-3-votmekapp\/\" \/>\n<meta property=\"og:locale\" content=\"en_GB\" \/>\n<meta property=\"og:type\" content=\"article\" \/>\n<meta property=\"og:title\" content=\"Igloohome Keybox 3 v\u00f5tmekapp\" \/>\n<meta property=\"og:description\" content=\"Igloohome Keybox 3 on turvaline ja ilmastikukindel v\u00f5tmekapp, mille abil saab jagada ligip\u00e4\u00e4su teie koju, kontori v\u00f5i majutusasutusse.\" \/>\n<meta property=\"og:url\" content=\"https:\/\/varo.ee\/en\/tooted\/igloohome-nutilukud\/igloohome-keybox-3-votmekapp\/\" \/>\n<meta property=\"og:site_name\" content=\"Digitaalsed lahendused\" \/>\n<meta property=\"article:modified_time\" content=\"2025-01-11T14:00:02+00:00\" \/>\n<meta property=\"og:image\" content=\"https:\/\/varo.ee\/wp-content\/uploads\/2025\/01\/keybox-3-1.webp\" \/>\n\t<meta property=\"og:image:width\" content=\"600\" \/>\n\t<meta property=\"og:image:height\" content=\"800\" \/>\n\t<meta property=\"og:image:type\" content=\"image\/webp\" \/>\n<meta name=\"twitter:card\" content=\"summary_large_image\" \/>\n<meta name=\"twitter:label1\" content=\"Estimated reading time\" \/>\n\t<meta name=\"twitter:data1\" content=\"1 minute\" \/>\n<script type=\"application\/ld+json\" class=\"yoast-schema-graph\">{\"@context\":\"https:\\\/\\\/schema.org\",\"@graph\":[{\"@type\":\"WebPage\",\"@id\":\"https:\\\/\\\/varo.ee\\\/tooted\\\/igloohome-nutilukud\\\/igloohome-keybox-3-votmekapp\\\/\",\"url\":\"https:\\\/\\\/varo.ee\\\/tooted\\\/igloohome-nutilukud\\\/igloohome-keybox-3-votmekapp\\\/\",\"name\":\"Igloohome Keybox 3 v\u00f5tmekapp\",\"isPartOf\":{\"@id\":\"https:\\\/\\\/varo.ee\\\/#website\"},\"primaryImageOfPage\":{\"@id\":\"https:\\\/\\\/varo.ee\\\/tooted\\\/igloohome-nutilukud\\\/igloohome-keybox-3-votmekapp\\\/#primaryimage\"},\"image\":{\"@id\":\"https:\\\/\\\/varo.ee\\\/tooted\\\/igloohome-nutilukud\\\/igloohome-keybox-3-votmekapp\\\/#primaryimage\"},\"thumbnailUrl\":\"https:\\\/\\\/varo.ee\\\/wp-content\\\/uploads\\\/2025\\\/01\\\/keybox-3-1.webp\",\"datePublished\":\"2025-01-11T12:35:26+00:00\",\"dateModified\":\"2025-01-11T14:00:02+00:00\",\"description\":\"Igloohome Keybox 3 on turvaline ja ilmastikukindel v\u00f5tmekapp, mille abil saab jagada ligip\u00e4\u00e4su teie koju, kontori v\u00f5i majutusasutusse.\",\"breadcrumb\":{\"@id\":\"https:\\\/\\\/varo.ee\\\/tooted\\\/igloohome-nutilukud\\\/igloohome-keybox-3-votmekapp\\\/#breadcrumb\"},\"inLanguage\":\"en-GB\",\"potentialAction\":[{\"@type\":\"ReadAction\",\"target\":[\"https:\\\/\\\/varo.ee\\\/tooted\\\/igloohome-nutilukud\\\/igloohome-keybox-3-votmekapp\\\/\"]}]},{\"@type\":\"ImageObject\",\"inLanguage\":\"en-GB\",\"@id\":\"https:\\\/\\\/varo.ee\\\/tooted\\\/igloohome-nutilukud\\\/igloohome-keybox-3-votmekapp\\\/#primaryimage\",\"url\":\"https:\\\/\\\/varo.ee\\\/wp-content\\\/uploads\\\/2025\\\/01\\\/keybox-3-1.webp\",\"contentUrl\":\"https:\\\/\\\/varo.ee\\\/wp-content\\\/uploads\\\/2025\\\/01\\\/keybox-3-1.webp\",\"width\":600,\"height\":800,\"caption\":\"Keybox 3 v\u00f5tmekapp\"},{\"@type\":\"BreadcrumbList\",\"@id\":\"https:\\\/\\\/varo.ee\\\/tooted\\\/igloohome-nutilukud\\\/igloohome-keybox-3-votmekapp\\\/#breadcrumb\",\"itemListElement\":[{\"@type\":\"ListItem\",\"position\":1,\"name\":\"Avaleht\",\"item\":\"https:\\\/\\\/varo.ee\\\/\"},{\"@type\":\"ListItem\",\"position\":2,\"name\":\"Products\",\"item\":\"https:\\\/\\\/varo.ee\\\/shop\\\/\"},{\"@type\":\"ListItem\",\"position\":3,\"name\":\"Igloohome Keybox 3 v\u00f5tmekapp\"}]},{\"@type\":\"WebSite\",\"@id\":\"https:\\\/\\\/varo.ee\\\/#website\",\"url\":\"https:\\\/\\\/varo.ee\\\/\",\"name\":\"Digitaalsed lahendused\",\"description\":\"Digitaalsed lahendused\",\"publisher\":{\"@id\":\"https:\\\/\\\/varo.ee\\\/#organization\"},\"potentialAction\":[{\"@type\":\"SearchAction\",\"target\":{\"@type\":\"EntryPoint\",\"urlTemplate\":\"https:\\\/\\\/varo.ee\\\/?s={search_term_string}\"},\"query-input\":{\"@type\":\"PropertyValueSpecification\",\"valueRequired\":true,\"valueName\":\"search_term_string\"}}],\"inLanguage\":\"en-GB\"},{\"@type\":\"Organization\",\"@id\":\"https:\\\/\\\/varo.ee\\\/#organization\",\"name\":\"Digitaalsed lahendused\",\"url\":\"https:\\\/\\\/varo.ee\\\/\",\"logo\":{\"@type\":\"ImageObject\",\"inLanguage\":\"en-GB\",\"@id\":\"https:\\\/\\\/varo.ee\\\/#\\\/schema\\\/logo\\\/image\\\/\",\"url\":\"https:\\\/\\\/varo.ee\\\/wp-content\\\/uploads\\\/2023\\\/10\\\/tume_logo.png\",\"contentUrl\":\"https:\\\/\\\/varo.ee\\\/wp-content\\\/uploads\\\/2023\\\/10\\\/tume_logo.png\",\"width\":350,\"height\":138,\"caption\":\"Digitaalsed lahendused\"},\"image\":{\"@id\":\"https:\\\/\\\/varo.ee\\\/#\\\/schema\\\/logo\\\/image\\\/\"}}]}<\/script>\n<!-- \/ Yoast SEO plugin. -->","yoast_head_json":{"title":"Igloohome Keybox 3 v\u00f5tmekapp","description":"Igloohome Keybox 3 on turvaline ja ilmastikukindel v\u00f5tmekapp, mille abil saab jagada ligip\u00e4\u00e4su teie koju, kontori v\u00f5i majutusasutusse.","robots":{"index":"index","follow":"follow","max-snippet":"max-snippet:-1","max-image-preview":"max-image-preview:large","max-video-preview":"max-video-preview:-1"},"canonical":"https:\/\/varo.ee\/en\/tooted\/igloohome-nutilukud\/igloohome-keybox-3-votmekapp\/","og_locale":"en_GB","og_type":"article","og_title":"Igloohome Keybox 3 v\u00f5tmekapp","og_description":"Igloohome Keybox 3 on turvaline ja ilmastikukindel v\u00f5tmekapp, mille abil saab jagada ligip\u00e4\u00e4su teie koju, kontori v\u00f5i majutusasutusse.","og_url":"https:\/\/varo.ee\/en\/tooted\/igloohome-nutilukud\/igloohome-keybox-3-votmekapp\/","og_site_name":"Digitaalsed lahendused","article_modified_time":"2025-01-11T14:00:02+00:00","og_image":[{"width":600,"height":800,"url":"https:\/\/varo.ee\/wp-content\/uploads\/2025\/01\/keybox-3-1.webp","type":"image\/webp"}],"twitter_card":"summary_large_image","twitter_misc":{"Estimated reading time":"1 minute"},"schema":{"@context":"https:\/\/schema.org","@graph":[{"@type":"WebPage","@id":"https:\/\/varo.ee\/tooted\/igloohome-nutilukud\/igloohome-keybox-3-votmekapp\/","url":"https:\/\/varo.ee\/tooted\/igloohome-nutilukud\/igloohome-keybox-3-votmekapp\/","name":"Igloohome Keybox 3 v\u00f5tmekapp","isPartOf":{"@id":"https:\/\/varo.ee\/#website"},"primaryImageOfPage":{"@id":"https:\/\/varo.ee\/tooted\/igloohome-nutilukud\/igloohome-keybox-3-votmekapp\/#primaryimage"},"image":{"@id":"https:\/\/varo.ee\/tooted\/igloohome-nutilukud\/igloohome-keybox-3-votmekapp\/#primaryimage"},"thumbnailUrl":"https:\/\/varo.ee\/wp-content\/uploads\/2025\/01\/keybox-3-1.webp","datePublished":"2025-01-11T12:35:26+00:00","dateModified":"2025-01-11T14:00:02+00:00","description":"Igloohome Keybox 3 on turvaline ja ilmastikukindel v\u00f5tmekapp, mille abil saab jagada ligip\u00e4\u00e4su teie koju, kontori v\u00f5i majutusasutusse.","breadcrumb":{"@id":"https:\/\/varo.ee\/tooted\/igloohome-nutilukud\/igloohome-keybox-3-votmekapp\/#breadcrumb"},"inLanguage":"en-GB","potentialAction":[{"@type":"ReadAction","target":["https:\/\/varo.ee\/tooted\/igloohome-nutilukud\/igloohome-keybox-3-votmekapp\/"]}]},{"@type":"ImageObject","inLanguage":"en-GB","@id":"https:\/\/varo.ee\/tooted\/igloohome-nutilukud\/igloohome-keybox-3-votmekapp\/#primaryimage","url":"https:\/\/varo.ee\/wp-content\/uploads\/2025\/01\/keybox-3-1.webp","contentUrl":"https:\/\/varo.ee\/wp-content\/uploads\/2025\/01\/keybox-3-1.webp","width":600,"height":800,"caption":"Keybox 3 v\u00f5tmekapp"},{"@type":"BreadcrumbList","@id":"https:\/\/varo.ee\/tooted\/igloohome-nutilukud\/igloohome-keybox-3-votmekapp\/#breadcrumb","itemListElement":[{"@type":"ListItem","position":1,"name":"Avaleht","item":"https:\/\/varo.ee\/"},{"@type":"ListItem","position":2,"name":"Products","item":"https:\/\/varo.ee\/shop\/"},{"@type":"ListItem","position":3,"name":"Igloohome Keybox 3 v\u00f5tmekapp"}]},{"@type":"WebSite","@id":"https:\/\/varo.ee\/#website","url":"https:\/\/varo.ee\/","name":"Digitaalsed lahendused","description":"Digitaalsed lahendused","publisher":{"@id":"https:\/\/varo.ee\/#organization"},"potentialAction":[{"@type":"SearchAction","target":{"@type":"EntryPoint","urlTemplate":"https:\/\/varo.ee\/?s={search_term_string}"},"query-input":{"@type":"PropertyValueSpecification","valueRequired":true,"valueName":"search_term_string"}}],"inLanguage":"en-GB"},{"@type":"Organization","@id":"https:\/\/varo.ee\/#organization","name":"Digitaalsed lahendused","url":"https:\/\/varo.ee\/","logo":{"@type":"ImageObject","inLanguage":"en-GB","@id":"https:\/\/varo.ee\/#\/schema\/logo\/image\/","url":"https:\/\/varo.ee\/wp-content\/uploads\/2023\/10\/tume_logo.png","contentUrl":"https:\/\/varo.ee\/wp-content\/uploads\/2023\/10\/tume_logo.png","width":350,"height":138,"caption":"Digitaalsed lahendused"},"image":{"@id":"https:\/\/varo.ee\/#\/schema\/logo\/image\/"}}]}},"jetpack_sharing_enabled":true,"_links":{"self":[{"href":"https:\/\/varo.ee\/en\/wp-json\/wp\/v2\/product\/6693","targetHints":{"allow":["GET"]}}],"collection":[{"href":"https:\/\/varo.ee\/en\/wp-json\/wp\/v2\/product"}],"about":[{"href":"https:\/\/varo.ee\/en\/wp-json\/wp\/v2\/types\/product"}],"version-history":[{"count":5,"href":"https:\/\/varo.ee\/en\/wp-json\/wp\/v2\/product\/6693\/revisions"}],"predecessor-version":[{"id":6768,"href":"https:\/\/varo.ee\/en\/wp-json\/wp\/v2\/product\/6693\/revisions\/6768"}],"wp:featuredmedia":[{"embeddable":true,"href":"https:\/\/varo.ee\/en\/wp-json\/wp\/v2\/media\/6698"}],"wp:attachment":[{"href":"https:\/\/varo.ee\/en\/wp-json\/wp\/v2\/media?parent=6693"}],"wp:term":[{"taxonomy":"product_brand","embeddable":true,"href":"https:\/\/varo.ee\/en\/wp-json\/wp\/v2\/product_brand?post=6693"},{"taxonomy":"product_cat","embeddable":true,"href":"https:\/\/varo.ee\/en\/wp-json\/wp\/v2\/product_cat?post=6693"},{"taxonomy":"product_tag","embeddable":true,"href":"https:\/\/varo.ee\/en\/wp-json\/wp\/v2\/product_tag?post=6693"}],"curies":[{"name":"wp","href":"https:\/\/api.w.org\/{rel}","templated":true}]}}