{"id":6120,"date":"2024-12-20T09:34:31","date_gmt":"2024-12-20T09:34:31","guid":{"rendered":"https:\/\/varo.ee\/?post_type=product&#038;p=6120"},"modified":"2025-03-03T19:22:50","modified_gmt":"2025-03-03T19:22:50","slug":"gc7-3000-juurdepaasukontroller","status":"publish","type":"product","link":"https:\/\/varo.ee\/en\/tooted\/gantner-tooted\/gc7-3000-juurdepaasukontroller\/","title":{"rendered":"GC7.3000 juurdep\u00e4\u00e4sukontroller"},"content":{"rendered":"<p>GC7.3000 on juurdep\u00e4\u00e4sukontroller, mis v\u00f5imaldab hallata l\u00e4bip\u00e4\u00e4su turvalistes piirkondades. Seda kasutatakse p\u00f6\u00f6rdv\u00e4ravate, uste ja kapis\u00fcsteemide kontrollimiseks. Kontroller tagab turvalisuse ja paindlikkuse, pakkudes tuge mitmetele RFID-tehnoloogiatele ja erinevatele tuvastusmeetoditele.<\/p>\n<p>GC7.3000 sobib ideaalselt kontoritesse, elamukompleksidesse, spordikeskustesse ja t\u00f6\u00f6stuskeskkondadesse, kus on vajalik usaldusv\u00e4\u00e4rne ja paindlik juurdep\u00e4\u00e4sukontroll. Kontrolleri multifunktsionaalsus ja kaasaegne disain muudavad selle igak\u00fclgseks lahenduseks igasugustes keskkondades.<\/p>\n<p>&nbsp;<\/p>","protected":false},"excerpt":{"rendered":"<p><i aria-hidden=\"true\" class=\"far fa-file-pdf\" style=\"padding-right:10px; font-size:20px; color: #0088CC;\"><\/i><a href=\"https:\/\/varo.ee\/wp-content\/uploads\/2024\/12\/GC7.3000-LABIPAASU-KONTROLLER.pdf\" target=\"_blank\" rel=\"noopener\" style=\"font-weight:bold; color: #0088CC; text-decoration: underline;\">GC7 l\u00e4bip\u00e4\u00e4su kontrolleri dokumentatsioon (PDF)<\/a><\/p>\n<ul>\n<li><strong>Mitmetehnoloogiline tugi:<\/strong> Toetab LEGIC, MIFARE\u00ae ja ISO 15693 RFID-tehnoloogiaid.<\/li>\n<li><strong>Paindlikud \u00fchendusv\u00f5imalused:<\/strong> Ethernet, RS-232, RS-485, USB ja Wiegand liidesed tagavad maksimaalse \u00fchenduvuse.<\/li>\n<li><strong>T\u00f6\u00f6kindlus ja turvalisus:<\/strong> SSL\/TLS turvaline andmevahetus ja 802.1x autentimine.<\/li>\n<li><strong>Lihtne paigaldus ja seadistamine:<\/strong> Seadme konfigureerimine toimub intuitiivse G7 Connect tarkvara abil.<\/li>\n<li><strong>Mitu funktsiooni \u00fches seadmes:<\/strong> V\u00f5imalus kasutada eri rakendusi, n\u00e4iteks juurdep\u00e4\u00e4sukontrolliks v\u00f5i kapis\u00fcsteemide haldamiseks.<\/li>\n<li><strong>Sisendid ja v\u00e4ljundid:<\/strong> 4 optokoppli sisendit ja 6 releev\u00e4ljundit staatuse tagasiside ja seadmete juhtimiseks.<\/li>\n<li><strong>Korpus:<\/strong> Vastupidav plastkorpus, mis sobib ka seinapaigalduseks.<\/li>\n<li><strong>\u00dchilduvus:<\/strong> Sobib kasutamiseks GR7 ja teiste GANTNERi lugejatega.<\/li>\n<li><strong>Valikuline WiFi-tugi:<\/strong> WLAN USB-pulga abil saab kontrolleri \u00fchendada juhtmevaba v\u00f5rguga.<\/li>\n<\/ul>","protected":false},"featured_media":6119,"template":"","meta":{"_monsterinsights_skip_tracking":false,"_monsterinsights_sitenote_active":false,"_monsterinsights_sitenote_note":"","_monsterinsights_sitenote_category":0,"_kadence_starter_templates_imported_post":false,"_kad_post_transparent":"default","_kad_post_title":"","_kad_post_layout":"default","_kad_post_sidebar_id":"","_kad_post_content_style":"default","_kad_post_vertical_padding":"default","_kad_post_feature":"","_kad_post_feature_position":"","_kad_post_header":false,"_kad_post_footer":false,"_kad_post_classname":""},"product_brand":[],"product_cat":[40],"product_tag":[64],"class_list":{"0":"post-6120","1":"product","2":"type-product","3":"status-publish","4":"has-post-thumbnail","6":"product_cat-gantner-tooted","7":"product_tag-labipaasususteemid","9":"first","10":"instock","11":"shipping-taxable","12":"product-type-simple","13":"entry","14":"content-bg","15":"loop-entry"},"yoast_head":"<!-- This site is optimized with the Yoast SEO plugin v27.4 - https:\/\/yoast.com\/product\/yoast-seo-wordpress\/ -->\n<title>GC7.3000 juurdep\u00e4\u00e4sukontroller<\/title>\n<meta name=\"description\" content=\"GC7.3000 juurdep\u00e4\u00e4sukontroller \u2013 turvaline lahendus, mis toetab k\u00f5iki populaarseid RFID-tehnoloogiaid. Paindlik \u00fchenduvus, SSL\/TLS turvalisus ja lihtne seadistamine\" \/>\n<meta name=\"robots\" content=\"index, follow, max-snippet:-1, max-image-preview:large, max-video-preview:-1\" \/>\n<link rel=\"canonical\" href=\"https:\/\/varo.ee\/en\/tooted\/gantner-tooted\/gc7-3000-juurdepaasukontroller\/\" \/>\n<meta property=\"og:locale\" content=\"en_GB\" \/>\n<meta property=\"og:type\" content=\"article\" \/>\n<meta property=\"og:title\" content=\"GC7.3000 juurdep\u00e4\u00e4sukontroller\" \/>\n<meta property=\"og:description\" content=\"GC7.3000 juurdep\u00e4\u00e4sukontroller \u2013 turvaline lahendus, mis toetab k\u00f5iki populaarseid RFID-tehnoloogiaid. Paindlik \u00fchenduvus, SSL\/TLS turvalisus ja lihtne seadistamine\" \/>\n<meta property=\"og:url\" content=\"https:\/\/varo.ee\/en\/tooted\/gantner-tooted\/gc7-3000-juurdepaasukontroller\/\" \/>\n<meta property=\"og:site_name\" content=\"Digitaalsed lahendused\" \/>\n<meta property=\"article:modified_time\" content=\"2025-03-03T19:22:50+00:00\" \/>\n<meta property=\"og:image\" content=\"https:\/\/varo.ee\/wp-content\/uploads\/2024\/12\/GC7.3000-LABIPAASU-KONTROLLER.png\" \/>\n\t<meta property=\"og:image:width\" content=\"600\" \/>\n\t<meta property=\"og:image:height\" content=\"800\" \/>\n\t<meta property=\"og:image:type\" content=\"image\/png\" \/>\n<meta name=\"twitter:card\" content=\"summary_large_image\" \/>\n<meta name=\"twitter:label1\" content=\"Estimated reading time\" \/>\n\t<meta name=\"twitter:data1\" content=\"1 minute\" \/>\n<script type=\"application\/ld+json\" class=\"yoast-schema-graph\">{\"@context\":\"https:\\\/\\\/schema.org\",\"@graph\":[{\"@type\":\"WebPage\",\"@id\":\"https:\\\/\\\/varo.ee\\\/tooted\\\/gantner-tooted\\\/gc7-3000-juurdepaasukontroller\\\/\",\"url\":\"https:\\\/\\\/varo.ee\\\/tooted\\\/gantner-tooted\\\/gc7-3000-juurdepaasukontroller\\\/\",\"name\":\"GC7.3000 juurdep\u00e4\u00e4sukontroller\",\"isPartOf\":{\"@id\":\"https:\\\/\\\/varo.ee\\\/#website\"},\"primaryImageOfPage\":{\"@id\":\"https:\\\/\\\/varo.ee\\\/tooted\\\/gantner-tooted\\\/gc7-3000-juurdepaasukontroller\\\/#primaryimage\"},\"image\":{\"@id\":\"https:\\\/\\\/varo.ee\\\/tooted\\\/gantner-tooted\\\/gc7-3000-juurdepaasukontroller\\\/#primaryimage\"},\"thumbnailUrl\":\"https:\\\/\\\/varo.ee\\\/wp-content\\\/uploads\\\/2024\\\/12\\\/GC7.3000-LABIPAASU-KONTROLLER.png\",\"datePublished\":\"2024-12-20T09:34:31+00:00\",\"dateModified\":\"2025-03-03T19:22:50+00:00\",\"description\":\"GC7.3000 juurdep\u00e4\u00e4sukontroller \u2013 turvaline lahendus, mis toetab k\u00f5iki populaarseid RFID-tehnoloogiaid. Paindlik \u00fchenduvus, SSL\\\/TLS turvalisus ja lihtne seadistamine\",\"breadcrumb\":{\"@id\":\"https:\\\/\\\/varo.ee\\\/tooted\\\/gantner-tooted\\\/gc7-3000-juurdepaasukontroller\\\/#breadcrumb\"},\"inLanguage\":\"en-GB\",\"potentialAction\":[{\"@type\":\"ReadAction\",\"target\":[\"https:\\\/\\\/varo.ee\\\/tooted\\\/gantner-tooted\\\/gc7-3000-juurdepaasukontroller\\\/\"]}]},{\"@type\":\"ImageObject\",\"inLanguage\":\"en-GB\",\"@id\":\"https:\\\/\\\/varo.ee\\\/tooted\\\/gantner-tooted\\\/gc7-3000-juurdepaasukontroller\\\/#primaryimage\",\"url\":\"https:\\\/\\\/varo.ee\\\/wp-content\\\/uploads\\\/2024\\\/12\\\/GC7.3000-LABIPAASU-KONTROLLER.png\",\"contentUrl\":\"https:\\\/\\\/varo.ee\\\/wp-content\\\/uploads\\\/2024\\\/12\\\/GC7.3000-LABIPAASU-KONTROLLER.png\",\"width\":600,\"height\":800},{\"@type\":\"BreadcrumbList\",\"@id\":\"https:\\\/\\\/varo.ee\\\/tooted\\\/gantner-tooted\\\/gc7-3000-juurdepaasukontroller\\\/#breadcrumb\",\"itemListElement\":[{\"@type\":\"ListItem\",\"position\":1,\"name\":\"Avaleht\",\"item\":\"https:\\\/\\\/varo.ee\\\/\"},{\"@type\":\"ListItem\",\"position\":2,\"name\":\"Products\",\"item\":\"https:\\\/\\\/varo.ee\\\/shop\\\/\"},{\"@type\":\"ListItem\",\"position\":3,\"name\":\"GC7.3000 juurdep\u00e4\u00e4sukontroller\"}]},{\"@type\":\"WebSite\",\"@id\":\"https:\\\/\\\/varo.ee\\\/#website\",\"url\":\"https:\\\/\\\/varo.ee\\\/\",\"name\":\"Digitaalsed lahendused\",\"description\":\"Digitaalsed lahendused\",\"publisher\":{\"@id\":\"https:\\\/\\\/varo.ee\\\/#organization\"},\"potentialAction\":[{\"@type\":\"SearchAction\",\"target\":{\"@type\":\"EntryPoint\",\"urlTemplate\":\"https:\\\/\\\/varo.ee\\\/?s={search_term_string}\"},\"query-input\":{\"@type\":\"PropertyValueSpecification\",\"valueRequired\":true,\"valueName\":\"search_term_string\"}}],\"inLanguage\":\"en-GB\"},{\"@type\":\"Organization\",\"@id\":\"https:\\\/\\\/varo.ee\\\/#organization\",\"name\":\"Digitaalsed lahendused\",\"url\":\"https:\\\/\\\/varo.ee\\\/\",\"logo\":{\"@type\":\"ImageObject\",\"inLanguage\":\"en-GB\",\"@id\":\"https:\\\/\\\/varo.ee\\\/#\\\/schema\\\/logo\\\/image\\\/\",\"url\":\"https:\\\/\\\/varo.ee\\\/wp-content\\\/uploads\\\/2023\\\/10\\\/tume_logo.png\",\"contentUrl\":\"https:\\\/\\\/varo.ee\\\/wp-content\\\/uploads\\\/2023\\\/10\\\/tume_logo.png\",\"width\":350,\"height\":138,\"caption\":\"Digitaalsed lahendused\"},\"image\":{\"@id\":\"https:\\\/\\\/varo.ee\\\/#\\\/schema\\\/logo\\\/image\\\/\"}}]}<\/script>\n<!-- \/ Yoast SEO plugin. -->","yoast_head_json":{"title":"GC7.3000 juurdep\u00e4\u00e4sukontroller","description":"GC7.3000 juurdep\u00e4\u00e4sukontroller \u2013 turvaline lahendus, mis toetab k\u00f5iki populaarseid RFID-tehnoloogiaid. Paindlik \u00fchenduvus, SSL\/TLS turvalisus ja lihtne seadistamine","robots":{"index":"index","follow":"follow","max-snippet":"max-snippet:-1","max-image-preview":"max-image-preview:large","max-video-preview":"max-video-preview:-1"},"canonical":"https:\/\/varo.ee\/en\/tooted\/gantner-tooted\/gc7-3000-juurdepaasukontroller\/","og_locale":"en_GB","og_type":"article","og_title":"GC7.3000 juurdep\u00e4\u00e4sukontroller","og_description":"GC7.3000 juurdep\u00e4\u00e4sukontroller \u2013 turvaline lahendus, mis toetab k\u00f5iki populaarseid RFID-tehnoloogiaid. Paindlik \u00fchenduvus, SSL\/TLS turvalisus ja lihtne seadistamine","og_url":"https:\/\/varo.ee\/en\/tooted\/gantner-tooted\/gc7-3000-juurdepaasukontroller\/","og_site_name":"Digitaalsed lahendused","article_modified_time":"2025-03-03T19:22:50+00:00","og_image":[{"width":600,"height":800,"url":"https:\/\/varo.ee\/wp-content\/uploads\/2024\/12\/GC7.3000-LABIPAASU-KONTROLLER.png","type":"image\/png"}],"twitter_card":"summary_large_image","twitter_misc":{"Estimated reading time":"1 minute"},"schema":{"@context":"https:\/\/schema.org","@graph":[{"@type":"WebPage","@id":"https:\/\/varo.ee\/tooted\/gantner-tooted\/gc7-3000-juurdepaasukontroller\/","url":"https:\/\/varo.ee\/tooted\/gantner-tooted\/gc7-3000-juurdepaasukontroller\/","name":"GC7.3000 juurdep\u00e4\u00e4sukontroller","isPartOf":{"@id":"https:\/\/varo.ee\/#website"},"primaryImageOfPage":{"@id":"https:\/\/varo.ee\/tooted\/gantner-tooted\/gc7-3000-juurdepaasukontroller\/#primaryimage"},"image":{"@id":"https:\/\/varo.ee\/tooted\/gantner-tooted\/gc7-3000-juurdepaasukontroller\/#primaryimage"},"thumbnailUrl":"https:\/\/varo.ee\/wp-content\/uploads\/2024\/12\/GC7.3000-LABIPAASU-KONTROLLER.png","datePublished":"2024-12-20T09:34:31+00:00","dateModified":"2025-03-03T19:22:50+00:00","description":"GC7.3000 juurdep\u00e4\u00e4sukontroller \u2013 turvaline lahendus, mis toetab k\u00f5iki populaarseid RFID-tehnoloogiaid. Paindlik \u00fchenduvus, SSL\/TLS turvalisus ja lihtne seadistamine","breadcrumb":{"@id":"https:\/\/varo.ee\/tooted\/gantner-tooted\/gc7-3000-juurdepaasukontroller\/#breadcrumb"},"inLanguage":"en-GB","potentialAction":[{"@type":"ReadAction","target":["https:\/\/varo.ee\/tooted\/gantner-tooted\/gc7-3000-juurdepaasukontroller\/"]}]},{"@type":"ImageObject","inLanguage":"en-GB","@id":"https:\/\/varo.ee\/tooted\/gantner-tooted\/gc7-3000-juurdepaasukontroller\/#primaryimage","url":"https:\/\/varo.ee\/wp-content\/uploads\/2024\/12\/GC7.3000-LABIPAASU-KONTROLLER.png","contentUrl":"https:\/\/varo.ee\/wp-content\/uploads\/2024\/12\/GC7.3000-LABIPAASU-KONTROLLER.png","width":600,"height":800},{"@type":"BreadcrumbList","@id":"https:\/\/varo.ee\/tooted\/gantner-tooted\/gc7-3000-juurdepaasukontroller\/#breadcrumb","itemListElement":[{"@type":"ListItem","position":1,"name":"Avaleht","item":"https:\/\/varo.ee\/"},{"@type":"ListItem","position":2,"name":"Products","item":"https:\/\/varo.ee\/shop\/"},{"@type":"ListItem","position":3,"name":"GC7.3000 juurdep\u00e4\u00e4sukontroller"}]},{"@type":"WebSite","@id":"https:\/\/varo.ee\/#website","url":"https:\/\/varo.ee\/","name":"Digitaalsed lahendused","description":"Digitaalsed lahendused","publisher":{"@id":"https:\/\/varo.ee\/#organization"},"potentialAction":[{"@type":"SearchAction","target":{"@type":"EntryPoint","urlTemplate":"https:\/\/varo.ee\/?s={search_term_string}"},"query-input":{"@type":"PropertyValueSpecification","valueRequired":true,"valueName":"search_term_string"}}],"inLanguage":"en-GB"},{"@type":"Organization","@id":"https:\/\/varo.ee\/#organization","name":"Digitaalsed lahendused","url":"https:\/\/varo.ee\/","logo":{"@type":"ImageObject","inLanguage":"en-GB","@id":"https:\/\/varo.ee\/#\/schema\/logo\/image\/","url":"https:\/\/varo.ee\/wp-content\/uploads\/2023\/10\/tume_logo.png","contentUrl":"https:\/\/varo.ee\/wp-content\/uploads\/2023\/10\/tume_logo.png","width":350,"height":138,"caption":"Digitaalsed lahendused"},"image":{"@id":"https:\/\/varo.ee\/#\/schema\/logo\/image\/"}}]}},"jetpack_sharing_enabled":true,"_links":{"self":[{"href":"https:\/\/varo.ee\/en\/wp-json\/wp\/v2\/product\/6120","targetHints":{"allow":["GET"]}}],"collection":[{"href":"https:\/\/varo.ee\/en\/wp-json\/wp\/v2\/product"}],"about":[{"href":"https:\/\/varo.ee\/en\/wp-json\/wp\/v2\/types\/product"}],"version-history":[{"count":17,"href":"https:\/\/varo.ee\/en\/wp-json\/wp\/v2\/product\/6120\/revisions"}],"predecessor-version":[{"id":6152,"href":"https:\/\/varo.ee\/en\/wp-json\/wp\/v2\/product\/6120\/revisions\/6152"}],"wp:featuredmedia":[{"embeddable":true,"href":"https:\/\/varo.ee\/en\/wp-json\/wp\/v2\/media\/6119"}],"wp:attachment":[{"href":"https:\/\/varo.ee\/en\/wp-json\/wp\/v2\/media?parent=6120"}],"wp:term":[{"taxonomy":"product_brand","embeddable":true,"href":"https:\/\/varo.ee\/en\/wp-json\/wp\/v2\/product_brand?post=6120"},{"taxonomy":"product_cat","embeddable":true,"href":"https:\/\/varo.ee\/en\/wp-json\/wp\/v2\/product_cat?post=6120"},{"taxonomy":"product_tag","embeddable":true,"href":"https:\/\/varo.ee\/en\/wp-json\/wp\/v2\/product_tag?post=6120"}],"curies":[{"name":"wp","href":"https:\/\/api.w.org\/{rel}","templated":true}]}}