{"id":5587,"date":"2024-10-01T06:21:04","date_gmt":"2024-10-01T06:21:04","guid":{"rendered":"https:\/\/varo.ee\/?post_type=product&#038;p=5587"},"modified":"2024-10-01T07:50:22","modified_gmt":"2024-10-01T07:50:22","slug":"hoiu-ja-rendikapp","status":"publish","type":"product","link":"https:\/\/varo.ee\/en\/tooted\/varo-tooted\/hoiu-ja-rendikapp\/","title":{"rendered":"Hoiu- ja rendikapp"},"content":{"rendered":"","protected":false},"excerpt":{"rendered":"<p>Avalikud terviserajad, spordiv\u00e4ljakud, staadionid on ehitatud kogukonna raha eest ja kogukonna jaoks. Ning enamik inimesi ei tule liikuma \u00fcksnes rannavolle v\u00f5i metsajooksu p\u00e4rast \u2013 ta tuleb mitmek\u00fclgselt liikuma.<\/p>\n<p>Liikumisv\u00f5imalustest maksimumi v\u00f5tmiseks tuleb m\u00f5nikord asjad \u2013 pall, rulluisud, reketid, isiklikud esemed \u2013 spordiv\u00e4ljaku juurde maha j\u00e4tta. Nii saavad sopsus\u00f5brad alustada trenni muretu soojenduss\u00f6rgiga, v\u00e4lij\u00f5usaalis rassijad saabuda rulluiskudega, v\u00f5i rahvasportlased treeningu vahepeal j\u00e4\u00e4tise v\u00f5i karastusjoogi j\u00e4rel k\u00e4ia.<\/p>\n<p><strong>L\u00f5ime spordirajatiste juurde paigaldamiseks turvalise v\u00e4li-hoiukapi, mida on samuti v\u00f5imalik kasutada instrumentide laenutamiseks.<\/strong><\/p>\n<p>\u21b3 Metallist hoiukapp on tugev, vihma eest kaitstud ning valgustatud s\u00e4\u00e4stliku LED-valgustiga.<br \/>\n\u21b3 Kasutajaks registreerimisega v\u00f5ib hoiu- ja rendikapp olla n\u00e4iteks kogukonnaliikmetele tasuta ning teistele tasuliseks kasutamiseks.<\/p>\n<p><strong>Hoiukapp toimib j\u00e4rgmiselt:<\/strong><br \/>\n\u21b3 Klient valib paraja suurusega kapi ja tellib selle soovitud perioodiks. Kasutusajal saab klient kappi nutitelefoniga korduvalt avada-sulgeda.<br \/>\n\u21b3 Inventari laenutamise saab \u00fchildada sama kapis\u00fcsteemiga.<br \/>\n\u21b3 J\u00e4\u00e4vad \u00e4ra makseterminali p\u00fcsikulud, klient arveldab enda nutitelefonis.<br \/>\n\u21b3 Hoiukapp vajab opereerimiseks internetti (selleks on kapil SIM-kaardi pesa) ning 220V toidet.<br \/>\n\u21b3 Hoiukapi broneerimiss\u00fcsteemi saame paigaldada teie kodulehele v\u00f5i saate kasutada meie kodulehel olevat broneerimiss\u00fcsteemi.<\/p>","protected":false},"featured_media":5588,"template":"","meta":{"_monsterinsights_skip_tracking":false,"_monsterinsights_sitenote_active":false,"_monsterinsights_sitenote_note":"","_monsterinsights_sitenote_category":0,"_kadence_starter_templates_imported_post":false,"_kad_post_transparent":"default","_kad_post_title":"","_kad_post_layout":"default","_kad_post_sidebar_id":"","_kad_post_content_style":"default","_kad_post_vertical_padding":"default","_kad_post_feature":"","_kad_post_feature_position":"","_kad_post_header":false,"_kad_post_footer":false,"_kad_post_classname":""},"product_brand":[],"product_cat":[41],"product_tag":[50,59],"class_list":{"0":"post-5587","1":"product","2":"type-product","3":"status-publish","4":"has-post-thumbnail","6":"product_cat-varo-tooted","7":"product_tag-garderoobikapid","8":"product_tag-lokkerid","10":"first","11":"instock","12":"shipping-taxable","13":"product-type-simple","14":"entry","15":"content-bg","16":"loop-entry"},"yoast_head":"<!-- This site is optimized with the Yoast SEO plugin v27.4 - https:\/\/yoast.com\/product\/yoast-seo-wordpress\/ -->\n<title>Hoiu- ja rendikapp - Digitaalsed lahendused<\/title>\n<meta name=\"description\" content=\"L\u00f5ime spordirajatiste juurde paigaldamiseks turvalise v\u00e4li-hoiukapi, mida on samuti v\u00f5imalik kasutada instrumentide laenutamiseks.\" \/>\n<meta name=\"robots\" content=\"index, follow, max-snippet:-1, max-image-preview:large, max-video-preview:-1\" \/>\n<link rel=\"canonical\" href=\"https:\/\/varo.ee\/en\/tooted\/varo-tooted\/hoiu-ja-rendikapp\/\" \/>\n<meta property=\"og:locale\" content=\"en_GB\" \/>\n<meta property=\"og:type\" content=\"article\" \/>\n<meta property=\"og:title\" content=\"Hoiu- ja rendikapp - Digitaalsed lahendused\" \/>\n<meta property=\"og:description\" content=\"L\u00f5ime spordirajatiste juurde paigaldamiseks turvalise v\u00e4li-hoiukapi, mida on samuti v\u00f5imalik kasutada instrumentide laenutamiseks.\" \/>\n<meta property=\"og:url\" content=\"https:\/\/varo.ee\/en\/tooted\/varo-tooted\/hoiu-ja-rendikapp\/\" \/>\n<meta property=\"og:site_name\" content=\"Digitaalsed lahendused\" \/>\n<meta property=\"article:modified_time\" content=\"2024-10-01T07:50:22+00:00\" \/>\n<meta property=\"og:image\" content=\"https:\/\/varo.ee\/wp-content\/uploads\/2024\/10\/kapp-1.png\" \/>\n\t<meta property=\"og:image:width\" content=\"600\" \/>\n\t<meta property=\"og:image:height\" content=\"800\" \/>\n\t<meta property=\"og:image:type\" content=\"image\/png\" \/>\n<meta name=\"twitter:card\" content=\"summary_large_image\" \/>\n<meta name=\"twitter:label1\" content=\"Estimated reading time\" \/>\n\t<meta name=\"twitter:data1\" content=\"1 minute\" \/>\n<script type=\"application\/ld+json\" class=\"yoast-schema-graph\">{\"@context\":\"https:\\\/\\\/schema.org\",\"@graph\":[{\"@type\":\"WebPage\",\"@id\":\"https:\\\/\\\/varo.ee\\\/tooted\\\/varo-tooted\\\/hoiu-ja-rendikapp\\\/\",\"url\":\"https:\\\/\\\/varo.ee\\\/tooted\\\/varo-tooted\\\/hoiu-ja-rendikapp\\\/\",\"name\":\"Hoiu- ja rendikapp - Digitaalsed lahendused\",\"isPartOf\":{\"@id\":\"https:\\\/\\\/varo.ee\\\/#website\"},\"primaryImageOfPage\":{\"@id\":\"https:\\\/\\\/varo.ee\\\/tooted\\\/varo-tooted\\\/hoiu-ja-rendikapp\\\/#primaryimage\"},\"image\":{\"@id\":\"https:\\\/\\\/varo.ee\\\/tooted\\\/varo-tooted\\\/hoiu-ja-rendikapp\\\/#primaryimage\"},\"thumbnailUrl\":\"https:\\\/\\\/varo.ee\\\/wp-content\\\/uploads\\\/2024\\\/10\\\/kapp-1.png\",\"datePublished\":\"2024-10-01T06:21:04+00:00\",\"dateModified\":\"2024-10-01T07:50:22+00:00\",\"description\":\"L\u00f5ime spordirajatiste juurde paigaldamiseks turvalise v\u00e4li-hoiukapi, mida on samuti v\u00f5imalik kasutada instrumentide laenutamiseks.\",\"breadcrumb\":{\"@id\":\"https:\\\/\\\/varo.ee\\\/tooted\\\/varo-tooted\\\/hoiu-ja-rendikapp\\\/#breadcrumb\"},\"inLanguage\":\"en-GB\",\"potentialAction\":[{\"@type\":\"ReadAction\",\"target\":[\"https:\\\/\\\/varo.ee\\\/tooted\\\/varo-tooted\\\/hoiu-ja-rendikapp\\\/\"]}]},{\"@type\":\"ImageObject\",\"inLanguage\":\"en-GB\",\"@id\":\"https:\\\/\\\/varo.ee\\\/tooted\\\/varo-tooted\\\/hoiu-ja-rendikapp\\\/#primaryimage\",\"url\":\"https:\\\/\\\/varo.ee\\\/wp-content\\\/uploads\\\/2024\\\/10\\\/kapp-1.png\",\"contentUrl\":\"https:\\\/\\\/varo.ee\\\/wp-content\\\/uploads\\\/2024\\\/10\\\/kapp-1.png\",\"width\":600,\"height\":800,\"caption\":\"Hoiukapp rendikapp\"},{\"@type\":\"BreadcrumbList\",\"@id\":\"https:\\\/\\\/varo.ee\\\/tooted\\\/varo-tooted\\\/hoiu-ja-rendikapp\\\/#breadcrumb\",\"itemListElement\":[{\"@type\":\"ListItem\",\"position\":1,\"name\":\"Avaleht\",\"item\":\"https:\\\/\\\/varo.ee\\\/\"},{\"@type\":\"ListItem\",\"position\":2,\"name\":\"Products\",\"item\":\"https:\\\/\\\/varo.ee\\\/shop\\\/\"},{\"@type\":\"ListItem\",\"position\":3,\"name\":\"Hoiu- ja rendikapp\"}]},{\"@type\":\"WebSite\",\"@id\":\"https:\\\/\\\/varo.ee\\\/#website\",\"url\":\"https:\\\/\\\/varo.ee\\\/\",\"name\":\"Digitaalsed lahendused\",\"description\":\"Digitaalsed lahendused\",\"publisher\":{\"@id\":\"https:\\\/\\\/varo.ee\\\/#organization\"},\"potentialAction\":[{\"@type\":\"SearchAction\",\"target\":{\"@type\":\"EntryPoint\",\"urlTemplate\":\"https:\\\/\\\/varo.ee\\\/?s={search_term_string}\"},\"query-input\":{\"@type\":\"PropertyValueSpecification\",\"valueRequired\":true,\"valueName\":\"search_term_string\"}}],\"inLanguage\":\"en-GB\"},{\"@type\":\"Organization\",\"@id\":\"https:\\\/\\\/varo.ee\\\/#organization\",\"name\":\"Digitaalsed lahendused\",\"url\":\"https:\\\/\\\/varo.ee\\\/\",\"logo\":{\"@type\":\"ImageObject\",\"inLanguage\":\"en-GB\",\"@id\":\"https:\\\/\\\/varo.ee\\\/#\\\/schema\\\/logo\\\/image\\\/\",\"url\":\"https:\\\/\\\/varo.ee\\\/wp-content\\\/uploads\\\/2023\\\/10\\\/tume_logo.png\",\"contentUrl\":\"https:\\\/\\\/varo.ee\\\/wp-content\\\/uploads\\\/2023\\\/10\\\/tume_logo.png\",\"width\":350,\"height\":138,\"caption\":\"Digitaalsed lahendused\"},\"image\":{\"@id\":\"https:\\\/\\\/varo.ee\\\/#\\\/schema\\\/logo\\\/image\\\/\"}}]}<\/script>\n<!-- \/ Yoast SEO plugin. -->","yoast_head_json":{"title":"Hoiu- ja rendikapp - Digitaalsed lahendused","description":"L\u00f5ime spordirajatiste juurde paigaldamiseks turvalise v\u00e4li-hoiukapi, mida on samuti v\u00f5imalik kasutada instrumentide laenutamiseks.","robots":{"index":"index","follow":"follow","max-snippet":"max-snippet:-1","max-image-preview":"max-image-preview:large","max-video-preview":"max-video-preview:-1"},"canonical":"https:\/\/varo.ee\/en\/tooted\/varo-tooted\/hoiu-ja-rendikapp\/","og_locale":"en_GB","og_type":"article","og_title":"Hoiu- ja rendikapp - Digitaalsed lahendused","og_description":"L\u00f5ime spordirajatiste juurde paigaldamiseks turvalise v\u00e4li-hoiukapi, mida on samuti v\u00f5imalik kasutada instrumentide laenutamiseks.","og_url":"https:\/\/varo.ee\/en\/tooted\/varo-tooted\/hoiu-ja-rendikapp\/","og_site_name":"Digitaalsed lahendused","article_modified_time":"2024-10-01T07:50:22+00:00","og_image":[{"width":600,"height":800,"url":"https:\/\/varo.ee\/wp-content\/uploads\/2024\/10\/kapp-1.png","type":"image\/png"}],"twitter_card":"summary_large_image","twitter_misc":{"Estimated reading time":"1 minute"},"schema":{"@context":"https:\/\/schema.org","@graph":[{"@type":"WebPage","@id":"https:\/\/varo.ee\/tooted\/varo-tooted\/hoiu-ja-rendikapp\/","url":"https:\/\/varo.ee\/tooted\/varo-tooted\/hoiu-ja-rendikapp\/","name":"Hoiu- ja rendikapp - Digitaalsed lahendused","isPartOf":{"@id":"https:\/\/varo.ee\/#website"},"primaryImageOfPage":{"@id":"https:\/\/varo.ee\/tooted\/varo-tooted\/hoiu-ja-rendikapp\/#primaryimage"},"image":{"@id":"https:\/\/varo.ee\/tooted\/varo-tooted\/hoiu-ja-rendikapp\/#primaryimage"},"thumbnailUrl":"https:\/\/varo.ee\/wp-content\/uploads\/2024\/10\/kapp-1.png","datePublished":"2024-10-01T06:21:04+00:00","dateModified":"2024-10-01T07:50:22+00:00","description":"L\u00f5ime spordirajatiste juurde paigaldamiseks turvalise v\u00e4li-hoiukapi, mida on samuti v\u00f5imalik kasutada instrumentide laenutamiseks.","breadcrumb":{"@id":"https:\/\/varo.ee\/tooted\/varo-tooted\/hoiu-ja-rendikapp\/#breadcrumb"},"inLanguage":"en-GB","potentialAction":[{"@type":"ReadAction","target":["https:\/\/varo.ee\/tooted\/varo-tooted\/hoiu-ja-rendikapp\/"]}]},{"@type":"ImageObject","inLanguage":"en-GB","@id":"https:\/\/varo.ee\/tooted\/varo-tooted\/hoiu-ja-rendikapp\/#primaryimage","url":"https:\/\/varo.ee\/wp-content\/uploads\/2024\/10\/kapp-1.png","contentUrl":"https:\/\/varo.ee\/wp-content\/uploads\/2024\/10\/kapp-1.png","width":600,"height":800,"caption":"Hoiukapp rendikapp"},{"@type":"BreadcrumbList","@id":"https:\/\/varo.ee\/tooted\/varo-tooted\/hoiu-ja-rendikapp\/#breadcrumb","itemListElement":[{"@type":"ListItem","position":1,"name":"Avaleht","item":"https:\/\/varo.ee\/"},{"@type":"ListItem","position":2,"name":"Products","item":"https:\/\/varo.ee\/shop\/"},{"@type":"ListItem","position":3,"name":"Hoiu- ja rendikapp"}]},{"@type":"WebSite","@id":"https:\/\/varo.ee\/#website","url":"https:\/\/varo.ee\/","name":"Digitaalsed lahendused","description":"Digitaalsed lahendused","publisher":{"@id":"https:\/\/varo.ee\/#organization"},"potentialAction":[{"@type":"SearchAction","target":{"@type":"EntryPoint","urlTemplate":"https:\/\/varo.ee\/?s={search_term_string}"},"query-input":{"@type":"PropertyValueSpecification","valueRequired":true,"valueName":"search_term_string"}}],"inLanguage":"en-GB"},{"@type":"Organization","@id":"https:\/\/varo.ee\/#organization","name":"Digitaalsed lahendused","url":"https:\/\/varo.ee\/","logo":{"@type":"ImageObject","inLanguage":"en-GB","@id":"https:\/\/varo.ee\/#\/schema\/logo\/image\/","url":"https:\/\/varo.ee\/wp-content\/uploads\/2023\/10\/tume_logo.png","contentUrl":"https:\/\/varo.ee\/wp-content\/uploads\/2023\/10\/tume_logo.png","width":350,"height":138,"caption":"Digitaalsed lahendused"},"image":{"@id":"https:\/\/varo.ee\/#\/schema\/logo\/image\/"}}]}},"jetpack_sharing_enabled":true,"_links":{"self":[{"href":"https:\/\/varo.ee\/en\/wp-json\/wp\/v2\/product\/5587","targetHints":{"allow":["GET"]}}],"collection":[{"href":"https:\/\/varo.ee\/en\/wp-json\/wp\/v2\/product"}],"about":[{"href":"https:\/\/varo.ee\/en\/wp-json\/wp\/v2\/types\/product"}],"version-history":[{"count":6,"href":"https:\/\/varo.ee\/en\/wp-json\/wp\/v2\/product\/5587\/revisions"}],"predecessor-version":[{"id":5600,"href":"https:\/\/varo.ee\/en\/wp-json\/wp\/v2\/product\/5587\/revisions\/5600"}],"wp:featuredmedia":[{"embeddable":true,"href":"https:\/\/varo.ee\/en\/wp-json\/wp\/v2\/media\/5588"}],"wp:attachment":[{"href":"https:\/\/varo.ee\/en\/wp-json\/wp\/v2\/media?parent=5587"}],"wp:term":[{"taxonomy":"product_brand","embeddable":true,"href":"https:\/\/varo.ee\/en\/wp-json\/wp\/v2\/product_brand?post=5587"},{"taxonomy":"product_cat","embeddable":true,"href":"https:\/\/varo.ee\/en\/wp-json\/wp\/v2\/product_cat?post=5587"},{"taxonomy":"product_tag","embeddable":true,"href":"https:\/\/varo.ee\/en\/wp-json\/wp\/v2\/product_tag?post=5587"}],"curies":[{"name":"wp","href":"https:\/\/api.w.org\/{rel}","templated":true}]}}