{"id":5567,"date":"2024-09-30T08:17:37","date_gmt":"2024-09-30T08:17:37","guid":{"rendered":"https:\/\/varo.ee\/?post_type=product&#038;p=5567"},"modified":"2024-10-01T07:49:08","modified_gmt":"2024-10-01T07:49:08","slug":"uisulaenutuskapp","status":"publish","type":"product","link":"https:\/\/varo.ee\/en\/tooted\/varo-tooted\/uisulaenutuskapp\/","title":{"rendered":"Uisulaenutuskapp"},"content":{"rendered":"","protected":false},"excerpt":{"rendered":"<p>Otsite mugavat ja t\u00f5husat viisi uiskude (v\u00f5i muu inventari) laenutamiseks? T\u00e4isautomaatne uisulaenutuse s\u00fcsteem lubab laenutada klientidele varustust \u00f6\u00f6p\u00e4evaringselt, ilma inimt\u00f6\u00f6j\u00f5u vajaduseta!<\/p>\n<p><strong>Uuenduslik laenutuss\u00fcsteem<\/strong><br \/>\n\u21b3 T\u00e4isautomaatne: laenutamine k\u00e4ib otse kasutaja nutitelefoni kaudu.<br \/>\n\u21b3 Erineva suurusega kapid: Valikus on eri suurustes kapid, mis vastavad k\u00f5ikidele uisusuurustele.<br \/>\n\u21b3 Turvalisus: Isikutuvastuss\u00fcsteem garanteerib varustuse turvalise hoidmise.<br \/>\n\u21b3 Mitmek\u00fclgsed maksev\u00f5imalused: Maksta saab pangalingi, krediitkaardi, Apple Pay v\u00f5i Google Pay abil.<br \/>\n\u21b3 Ilmastikukindel disain: Tugevad metallkapid on varustatud LED valgustuse ja vihmakaitsega ning sobivad suurep\u00e4raselt v\u00e4litingimustesse.<\/p>\n<p><strong>Kuidas meie s\u00fcsteem toimib?<\/strong><br \/>\n\u21b3 Registreerimine ja makse: Kasutaja registreerib end nutiseadme abil ja tasub laenutuse eest.<br \/>\n\u21b3 Uiskude valik: Kasutaja valib sobiva suurusega uisud.<br \/>\n\u21b3 Hoiustamine ja tagastamine: Laenutuse ajal hoiustab kasutaja oma jalan\u00f5ud samas kapis, uiske tagastades saab tagasi isikliud esemed.<\/p>\n<p><strong>Hooldus ja tehnilised n\u00f5uded<\/strong><br \/>\nKapp vajab 230V elektritoidet ja interneti\u00fchendust (varustatud SIM-kaardi pesaga). Meie s\u00fcsteem on peaaegu hooldusvaba, kuid soovitatav on kord p\u00e4evas kapid ning uisud \u00fcle vaadata.<\/p>\n<p>Inventarilaenutuse kappide haldamise tarkvara saad kasutada nii enda kodulehel kui meie poolt pakutavas keskkonnas.<br \/>\n\u21b3 Nutitelefoni rakendus<br \/>\n\u21b3 Makselahendused<br \/>\n\u21b3 Digiallkirjastatud rendilepingud<br \/>\n\u21b3 Renditellimuste juhtimine<br \/>\n\u21b3 Klientide haldus<br \/>\n\u21b3 Valves\u00fcsteemi liides ja valvekaamerate juhtimine<br \/>\n\u21b3 Raamatupidamisprogrammi liides<\/p>\n<p>Kogege uisulaenutuse t\u00e4iustatud s\u00fcsteemi mugavust ja turvalisust &#8211; optimeeritud lahendus, mis v\u00f5imaldab teie uisuplatsil s\u00e4rada igal ajal!<\/p>","protected":false},"featured_media":5570,"template":"","meta":{"_monsterinsights_skip_tracking":false,"_monsterinsights_sitenote_active":false,"_monsterinsights_sitenote_note":"","_monsterinsights_sitenote_category":0,"_kadence_starter_templates_imported_post":false,"_kad_post_transparent":"default","_kad_post_title":"","_kad_post_layout":"default","_kad_post_sidebar_id":"","_kad_post_content_style":"default","_kad_post_vertical_padding":"default","_kad_post_feature":"","_kad_post_feature_position":"","_kad_post_header":false,"_kad_post_footer":false,"_kad_post_classname":""},"product_brand":[],"product_cat":[41],"product_tag":[50,59],"class_list":{"0":"post-5567","1":"product","2":"type-product","3":"status-publish","4":"has-post-thumbnail","6":"product_cat-varo-tooted","7":"product_tag-garderoobikapid","8":"product_tag-lokkerid","10":"first","11":"instock","12":"shipping-taxable","13":"product-type-simple","14":"entry","15":"content-bg","16":"loop-entry"},"yoast_head":"<!-- This site is optimized with the Yoast SEO plugin v27.4 - https:\/\/yoast.com\/product\/yoast-seo-wordpress\/ -->\n<title>Uisulaenutuskapp - Digitaalsed lahendused<\/title>\n<meta name=\"description\" content=\"Otsite mugavat ja t\u00f5husat viisi uiskude (v\u00f5i muu inventari) laenutamiseks?T\u00e4isautomaatne uisulaenutuskapp lubab laenutada klientidele varustust \u00f6\u00f6p\u00e4evaringselt, ilma inimt\u00f6\u00f6j\u00f5u vajaduseta.\" \/>\n<meta name=\"robots\" content=\"index, follow, max-snippet:-1, max-image-preview:large, max-video-preview:-1\" \/>\n<link rel=\"canonical\" href=\"https:\/\/varo.ee\/en\/tooted\/varo-tooted\/uisulaenutuskapp\/\" \/>\n<meta property=\"og:locale\" content=\"en_GB\" \/>\n<meta property=\"og:type\" content=\"article\" \/>\n<meta property=\"og:title\" content=\"Uisulaenutuskapp - Digitaalsed lahendused\" \/>\n<meta property=\"og:description\" content=\"Otsite mugavat ja t\u00f5husat viisi uiskude (v\u00f5i muu inventari) laenutamiseks?T\u00e4isautomaatne uisulaenutuskapp lubab laenutada klientidele varustust \u00f6\u00f6p\u00e4evaringselt, ilma inimt\u00f6\u00f6j\u00f5u vajaduseta.\" \/>\n<meta property=\"og:url\" content=\"https:\/\/varo.ee\/en\/tooted\/varo-tooted\/uisulaenutuskapp\/\" \/>\n<meta property=\"og:site_name\" content=\"Digitaalsed lahendused\" \/>\n<meta property=\"article:modified_time\" content=\"2024-10-01T07:49:08+00:00\" \/>\n<meta property=\"og:image\" content=\"https:\/\/varo.ee\/wp-content\/uploads\/2024\/09\/Uisukapp-2-hele.png\" \/>\n\t<meta property=\"og:image:width\" content=\"600\" \/>\n\t<meta property=\"og:image:height\" content=\"800\" \/>\n\t<meta property=\"og:image:type\" content=\"image\/png\" \/>\n<meta name=\"twitter:card\" content=\"summary_large_image\" \/>\n<meta name=\"twitter:label1\" content=\"Estimated reading time\" \/>\n\t<meta name=\"twitter:data1\" content=\"1 minute\" \/>\n<script type=\"application\/ld+json\" class=\"yoast-schema-graph\">{\"@context\":\"https:\\\/\\\/schema.org\",\"@graph\":[{\"@type\":\"WebPage\",\"@id\":\"https:\\\/\\\/varo.ee\\\/tooted\\\/varo-tooted\\\/uisulaenutuskapp\\\/\",\"url\":\"https:\\\/\\\/varo.ee\\\/tooted\\\/varo-tooted\\\/uisulaenutuskapp\\\/\",\"name\":\"Uisulaenutuskapp - Digitaalsed lahendused\",\"isPartOf\":{\"@id\":\"https:\\\/\\\/varo.ee\\\/#website\"},\"primaryImageOfPage\":{\"@id\":\"https:\\\/\\\/varo.ee\\\/tooted\\\/varo-tooted\\\/uisulaenutuskapp\\\/#primaryimage\"},\"image\":{\"@id\":\"https:\\\/\\\/varo.ee\\\/tooted\\\/varo-tooted\\\/uisulaenutuskapp\\\/#primaryimage\"},\"thumbnailUrl\":\"https:\\\/\\\/varo.ee\\\/wp-content\\\/uploads\\\/2024\\\/09\\\/Uisukapp-2-hele.png\",\"datePublished\":\"2024-09-30T08:17:37+00:00\",\"dateModified\":\"2024-10-01T07:49:08+00:00\",\"description\":\"Otsite mugavat ja t\u00f5husat viisi uiskude (v\u00f5i muu inventari) laenutamiseks?T\u00e4isautomaatne uisulaenutuskapp lubab laenutada klientidele varustust \u00f6\u00f6p\u00e4evaringselt, ilma inimt\u00f6\u00f6j\u00f5u vajaduseta.\",\"breadcrumb\":{\"@id\":\"https:\\\/\\\/varo.ee\\\/tooted\\\/varo-tooted\\\/uisulaenutuskapp\\\/#breadcrumb\"},\"inLanguage\":\"en-GB\",\"potentialAction\":[{\"@type\":\"ReadAction\",\"target\":[\"https:\\\/\\\/varo.ee\\\/tooted\\\/varo-tooted\\\/uisulaenutuskapp\\\/\"]}]},{\"@type\":\"ImageObject\",\"inLanguage\":\"en-GB\",\"@id\":\"https:\\\/\\\/varo.ee\\\/tooted\\\/varo-tooted\\\/uisulaenutuskapp\\\/#primaryimage\",\"url\":\"https:\\\/\\\/varo.ee\\\/wp-content\\\/uploads\\\/2024\\\/09\\\/Uisukapp-2-hele.png\",\"contentUrl\":\"https:\\\/\\\/varo.ee\\\/wp-content\\\/uploads\\\/2024\\\/09\\\/Uisukapp-2-hele.png\",\"width\":600,\"height\":800},{\"@type\":\"BreadcrumbList\",\"@id\":\"https:\\\/\\\/varo.ee\\\/tooted\\\/varo-tooted\\\/uisulaenutuskapp\\\/#breadcrumb\",\"itemListElement\":[{\"@type\":\"ListItem\",\"position\":1,\"name\":\"Avaleht\",\"item\":\"https:\\\/\\\/varo.ee\\\/\"},{\"@type\":\"ListItem\",\"position\":2,\"name\":\"Products\",\"item\":\"https:\\\/\\\/varo.ee\\\/shop\\\/\"},{\"@type\":\"ListItem\",\"position\":3,\"name\":\"Uisulaenutuskapp\"}]},{\"@type\":\"WebSite\",\"@id\":\"https:\\\/\\\/varo.ee\\\/#website\",\"url\":\"https:\\\/\\\/varo.ee\\\/\",\"name\":\"Digitaalsed lahendused\",\"description\":\"Digitaalsed lahendused\",\"publisher\":{\"@id\":\"https:\\\/\\\/varo.ee\\\/#organization\"},\"potentialAction\":[{\"@type\":\"SearchAction\",\"target\":{\"@type\":\"EntryPoint\",\"urlTemplate\":\"https:\\\/\\\/varo.ee\\\/?s={search_term_string}\"},\"query-input\":{\"@type\":\"PropertyValueSpecification\",\"valueRequired\":true,\"valueName\":\"search_term_string\"}}],\"inLanguage\":\"en-GB\"},{\"@type\":\"Organization\",\"@id\":\"https:\\\/\\\/varo.ee\\\/#organization\",\"name\":\"Digitaalsed lahendused\",\"url\":\"https:\\\/\\\/varo.ee\\\/\",\"logo\":{\"@type\":\"ImageObject\",\"inLanguage\":\"en-GB\",\"@id\":\"https:\\\/\\\/varo.ee\\\/#\\\/schema\\\/logo\\\/image\\\/\",\"url\":\"https:\\\/\\\/varo.ee\\\/wp-content\\\/uploads\\\/2023\\\/10\\\/tume_logo.png\",\"contentUrl\":\"https:\\\/\\\/varo.ee\\\/wp-content\\\/uploads\\\/2023\\\/10\\\/tume_logo.png\",\"width\":350,\"height\":138,\"caption\":\"Digitaalsed lahendused\"},\"image\":{\"@id\":\"https:\\\/\\\/varo.ee\\\/#\\\/schema\\\/logo\\\/image\\\/\"}}]}<\/script>\n<!-- \/ Yoast SEO plugin. -->","yoast_head_json":{"title":"Uisulaenutuskapp - Digitaalsed lahendused","description":"Otsite mugavat ja t\u00f5husat viisi uiskude (v\u00f5i muu inventari) laenutamiseks?T\u00e4isautomaatne uisulaenutuskapp lubab laenutada klientidele varustust \u00f6\u00f6p\u00e4evaringselt, ilma inimt\u00f6\u00f6j\u00f5u vajaduseta.","robots":{"index":"index","follow":"follow","max-snippet":"max-snippet:-1","max-image-preview":"max-image-preview:large","max-video-preview":"max-video-preview:-1"},"canonical":"https:\/\/varo.ee\/en\/tooted\/varo-tooted\/uisulaenutuskapp\/","og_locale":"en_GB","og_type":"article","og_title":"Uisulaenutuskapp - Digitaalsed lahendused","og_description":"Otsite mugavat ja t\u00f5husat viisi uiskude (v\u00f5i muu inventari) laenutamiseks?T\u00e4isautomaatne uisulaenutuskapp lubab laenutada klientidele varustust \u00f6\u00f6p\u00e4evaringselt, ilma inimt\u00f6\u00f6j\u00f5u vajaduseta.","og_url":"https:\/\/varo.ee\/en\/tooted\/varo-tooted\/uisulaenutuskapp\/","og_site_name":"Digitaalsed lahendused","article_modified_time":"2024-10-01T07:49:08+00:00","og_image":[{"width":600,"height":800,"url":"https:\/\/varo.ee\/wp-content\/uploads\/2024\/09\/Uisukapp-2-hele.png","type":"image\/png"}],"twitter_card":"summary_large_image","twitter_misc":{"Estimated reading time":"1 minute"},"schema":{"@context":"https:\/\/schema.org","@graph":[{"@type":"WebPage","@id":"https:\/\/varo.ee\/tooted\/varo-tooted\/uisulaenutuskapp\/","url":"https:\/\/varo.ee\/tooted\/varo-tooted\/uisulaenutuskapp\/","name":"Uisulaenutuskapp - Digitaalsed lahendused","isPartOf":{"@id":"https:\/\/varo.ee\/#website"},"primaryImageOfPage":{"@id":"https:\/\/varo.ee\/tooted\/varo-tooted\/uisulaenutuskapp\/#primaryimage"},"image":{"@id":"https:\/\/varo.ee\/tooted\/varo-tooted\/uisulaenutuskapp\/#primaryimage"},"thumbnailUrl":"https:\/\/varo.ee\/wp-content\/uploads\/2024\/09\/Uisukapp-2-hele.png","datePublished":"2024-09-30T08:17:37+00:00","dateModified":"2024-10-01T07:49:08+00:00","description":"Otsite mugavat ja t\u00f5husat viisi uiskude (v\u00f5i muu inventari) laenutamiseks?T\u00e4isautomaatne uisulaenutuskapp lubab laenutada klientidele varustust \u00f6\u00f6p\u00e4evaringselt, ilma inimt\u00f6\u00f6j\u00f5u vajaduseta.","breadcrumb":{"@id":"https:\/\/varo.ee\/tooted\/varo-tooted\/uisulaenutuskapp\/#breadcrumb"},"inLanguage":"en-GB","potentialAction":[{"@type":"ReadAction","target":["https:\/\/varo.ee\/tooted\/varo-tooted\/uisulaenutuskapp\/"]}]},{"@type":"ImageObject","inLanguage":"en-GB","@id":"https:\/\/varo.ee\/tooted\/varo-tooted\/uisulaenutuskapp\/#primaryimage","url":"https:\/\/varo.ee\/wp-content\/uploads\/2024\/09\/Uisukapp-2-hele.png","contentUrl":"https:\/\/varo.ee\/wp-content\/uploads\/2024\/09\/Uisukapp-2-hele.png","width":600,"height":800},{"@type":"BreadcrumbList","@id":"https:\/\/varo.ee\/tooted\/varo-tooted\/uisulaenutuskapp\/#breadcrumb","itemListElement":[{"@type":"ListItem","position":1,"name":"Avaleht","item":"https:\/\/varo.ee\/"},{"@type":"ListItem","position":2,"name":"Products","item":"https:\/\/varo.ee\/shop\/"},{"@type":"ListItem","position":3,"name":"Uisulaenutuskapp"}]},{"@type":"WebSite","@id":"https:\/\/varo.ee\/#website","url":"https:\/\/varo.ee\/","name":"Digitaalsed lahendused","description":"Digitaalsed lahendused","publisher":{"@id":"https:\/\/varo.ee\/#organization"},"potentialAction":[{"@type":"SearchAction","target":{"@type":"EntryPoint","urlTemplate":"https:\/\/varo.ee\/?s={search_term_string}"},"query-input":{"@type":"PropertyValueSpecification","valueRequired":true,"valueName":"search_term_string"}}],"inLanguage":"en-GB"},{"@type":"Organization","@id":"https:\/\/varo.ee\/#organization","name":"Digitaalsed lahendused","url":"https:\/\/varo.ee\/","logo":{"@type":"ImageObject","inLanguage":"en-GB","@id":"https:\/\/varo.ee\/#\/schema\/logo\/image\/","url":"https:\/\/varo.ee\/wp-content\/uploads\/2023\/10\/tume_logo.png","contentUrl":"https:\/\/varo.ee\/wp-content\/uploads\/2023\/10\/tume_logo.png","width":350,"height":138,"caption":"Digitaalsed lahendused"},"image":{"@id":"https:\/\/varo.ee\/#\/schema\/logo\/image\/"}}]}},"jetpack_sharing_enabled":true,"_links":{"self":[{"href":"https:\/\/varo.ee\/en\/wp-json\/wp\/v2\/product\/5567","targetHints":{"allow":["GET"]}}],"collection":[{"href":"https:\/\/varo.ee\/en\/wp-json\/wp\/v2\/product"}],"about":[{"href":"https:\/\/varo.ee\/en\/wp-json\/wp\/v2\/types\/product"}],"version-history":[{"count":12,"href":"https:\/\/varo.ee\/en\/wp-json\/wp\/v2\/product\/5567\/revisions"}],"predecessor-version":[{"id":5599,"href":"https:\/\/varo.ee\/en\/wp-json\/wp\/v2\/product\/5567\/revisions\/5599"}],"wp:featuredmedia":[{"embeddable":true,"href":"https:\/\/varo.ee\/en\/wp-json\/wp\/v2\/media\/5570"}],"wp:attachment":[{"href":"https:\/\/varo.ee\/en\/wp-json\/wp\/v2\/media?parent=5567"}],"wp:term":[{"taxonomy":"product_brand","embeddable":true,"href":"https:\/\/varo.ee\/en\/wp-json\/wp\/v2\/product_brand?post=5567"},{"taxonomy":"product_cat","embeddable":true,"href":"https:\/\/varo.ee\/en\/wp-json\/wp\/v2\/product_cat?post=5567"},{"taxonomy":"product_tag","embeddable":true,"href":"https:\/\/varo.ee\/en\/wp-json\/wp\/v2\/product_tag?post=5567"}],"curies":[{"name":"wp","href":"https:\/\/api.w.org\/{rel}","templated":true}]}}