{"id":2563,"date":"2023-12-17T17:57:02","date_gmt":"2023-12-17T17:57:02","guid":{"rendered":"https:\/\/varo.ee\/?post_type=product&#038;p=2563"},"modified":"2024-05-05T19:48:31","modified_gmt":"2024-05-05T19:48:31","slug":"vr-g200-garderoobikapp","status":"publish","type":"product","link":"https:\/\/varo.ee\/en\/tooted\/varo-tooted\/vr-g200-garderoobikapp\/","title":{"rendered":"VR-G200 wardrobe"},"content":{"rendered":"<p>Smart cabinets locking systems<\/p>","protected":false},"excerpt":{"rendered":"<p><span class=\"Apple-converted-space\">\u00a0<\/span>Space-saving wardrobe cabinet with electronic lock<\/p>\n<ul>\n<li>The wardrobe has a metal frame and a melamine door according to your colors, there is an electronic lock in front of it that can be closed with a pin code, card or phone.<span class=\"Apple-converted-space\">\u00a0<\/span><\/li>\n<li>The locker key is never lost! The key can be a smartphone, work certificate, student card or pin code!<span class=\"Apple-converted-space\">\u00a0<\/span><\/li>\n<li>The locks are equipped with a battery - there can be up to 10,000 openings<span class=\"Apple-converted-space\">\u00a0<\/span><\/li>\n<li>House managers do not have to deal with keys if the pin code is forgotten, the doors can be opened with the included master key and the history of the use of the cabinet can be monitored.<span class=\"Apple-converted-space\">\u00a0<\/span><\/li>\n<li>Cabinet 4 module dimensions L800xW545xH1900, door L200.<span class=\"Apple-converted-space\">\u00a0<\/span><\/li>\n<li>No electricity required.<\/li>\n<\/ul>","protected":false},"featured_media":2601,"template":"","meta":{"_monsterinsights_skip_tracking":false,"_monsterinsights_sitenote_active":false,"_monsterinsights_sitenote_note":"","_monsterinsights_sitenote_category":0,"_kadence_starter_templates_imported_post":false,"_kad_post_transparent":"default","_kad_post_title":"","_kad_post_layout":"default","_kad_post_sidebar_id":"","_kad_post_content_style":"default","_kad_post_vertical_padding":"default","_kad_post_feature":"","_kad_post_feature_position":"","_kad_post_header":false,"_kad_post_footer":false,"_kad_post_classname":""},"product_brand":[],"product_cat":[41],"product_tag":[50],"class_list":{"0":"post-2563","1":"product","2":"type-product","3":"status-publish","4":"has-post-thumbnail","6":"product_cat-varo-tooted","7":"product_tag-garderoobikapid","9":"first","10":"instock","11":"shipping-taxable","12":"purchasable","13":"product-type-simple","14":"entry","15":"content-bg","16":"loop-entry"},"yoast_head":"<!-- This site is optimized with the Yoast SEO plugin v27.4 - https:\/\/yoast.com\/product\/yoast-seo-wordpress\/ -->\n<title>VR-G200 garderoobikapp - Digitaalsed lahendused<\/title>\n<meta name=\"robots\" content=\"index, follow, max-snippet:-1, max-image-preview:large, max-video-preview:-1\" \/>\n<link rel=\"canonical\" href=\"https:\/\/varo.ee\/en\/tooted\/varo-tooted\/vr-g200-garderoobikapp\/\" \/>\n<meta property=\"og:locale\" content=\"en_GB\" \/>\n<meta property=\"og:type\" content=\"article\" \/>\n<meta property=\"og:title\" content=\"VR-G200 garderoobikapp - Digitaalsed lahendused\" \/>\n<meta property=\"og:description\" content=\"\u00a0Ruumis\u00e4\u00e4stev garderoobi kapp elektroonilise lukuga   Garderoobikapp on metallist karkassi ja melamiinist uksega vastavalt Teie v\u00e4rvidele, selle ees on elektrooniline lukk mida saab sulgeda pin koodi, kaardi v\u00f5i telefoniga.\u00a0  Kapi v\u00f5ti ei ole kunagi kadunud! V\u00f5tmeks v\u00f5ib olla nutitelefon, t\u00f6\u00f6t\u00f5end, \u00f5pilaspilet v\u00f5i pin kood!\u00a0  Lukud on varustatud patareiga - avamisi v\u00f5ib olla kuni 10 000\u00a0  Majahaldurid ei pea tegelema v\u00f5tmetega kui pin kood on ununenud saab uksi avada komplekti kuuluva peav\u00f5tmega ja kapi kasutamise ajalugu on v\u00f5imalik j\u00e4lgida.\u00a0  Kapi 4-se mooduli m\u00f5\u00f5dud L800xS545xH1900, uks L200.\u00a0  Ei vaja elektrit.\" \/>\n<meta property=\"og:url\" content=\"https:\/\/varo.ee\/en\/tooted\/varo-tooted\/vr-g200-garderoobikapp\/\" \/>\n<meta property=\"og:site_name\" content=\"Digitaalsed lahendused\" \/>\n<meta property=\"article:modified_time\" content=\"2024-05-05T19:48:31+00:00\" \/>\n<meta property=\"og:image\" content=\"https:\/\/varo.ee\/wp-content\/uploads\/2023\/12\/valge_1.png\" \/>\n\t<meta property=\"og:image:width\" content=\"600\" \/>\n\t<meta property=\"og:image:height\" content=\"800\" \/>\n\t<meta property=\"og:image:type\" content=\"image\/png\" \/>\n<meta name=\"twitter:card\" content=\"summary_large_image\" \/>\n<script type=\"application\/ld+json\" class=\"yoast-schema-graph\">{\"@context\":\"https:\\\/\\\/schema.org\",\"@graph\":[{\"@type\":\"WebPage\",\"@id\":\"https:\\\/\\\/varo.ee\\\/tooted\\\/varo-tooted\\\/vr-g200-garderoobikapp\\\/\",\"url\":\"https:\\\/\\\/varo.ee\\\/tooted\\\/varo-tooted\\\/vr-g200-garderoobikapp\\\/\",\"name\":\"VR-G200 garderoobikapp - Digitaalsed lahendused\",\"isPartOf\":{\"@id\":\"https:\\\/\\\/varo.ee\\\/#website\"},\"primaryImageOfPage\":{\"@id\":\"https:\\\/\\\/varo.ee\\\/tooted\\\/varo-tooted\\\/vr-g200-garderoobikapp\\\/#primaryimage\"},\"image\":{\"@id\":\"https:\\\/\\\/varo.ee\\\/tooted\\\/varo-tooted\\\/vr-g200-garderoobikapp\\\/#primaryimage\"},\"thumbnailUrl\":\"https:\\\/\\\/varo.ee\\\/wp-content\\\/uploads\\\/2023\\\/12\\\/valge_1.png\",\"datePublished\":\"2023-12-17T17:57:02+00:00\",\"dateModified\":\"2024-05-05T19:48:31+00:00\",\"breadcrumb\":{\"@id\":\"https:\\\/\\\/varo.ee\\\/tooted\\\/varo-tooted\\\/vr-g200-garderoobikapp\\\/#breadcrumb\"},\"inLanguage\":\"en-GB\",\"potentialAction\":[{\"@type\":\"ReadAction\",\"target\":[\"https:\\\/\\\/varo.ee\\\/tooted\\\/varo-tooted\\\/vr-g200-garderoobikapp\\\/\"]}]},{\"@type\":\"ImageObject\",\"inLanguage\":\"en-GB\",\"@id\":\"https:\\\/\\\/varo.ee\\\/tooted\\\/varo-tooted\\\/vr-g200-garderoobikapp\\\/#primaryimage\",\"url\":\"https:\\\/\\\/varo.ee\\\/wp-content\\\/uploads\\\/2023\\\/12\\\/valge_1.png\",\"contentUrl\":\"https:\\\/\\\/varo.ee\\\/wp-content\\\/uploads\\\/2023\\\/12\\\/valge_1.png\",\"width\":600,\"height\":800,\"caption\":\"VR-200 garderoobikapp\"},{\"@type\":\"BreadcrumbList\",\"@id\":\"https:\\\/\\\/varo.ee\\\/tooted\\\/varo-tooted\\\/vr-g200-garderoobikapp\\\/#breadcrumb\",\"itemListElement\":[{\"@type\":\"ListItem\",\"position\":1,\"name\":\"Avaleht\",\"item\":\"https:\\\/\\\/varo.ee\\\/\"},{\"@type\":\"ListItem\",\"position\":2,\"name\":\"Products\",\"item\":\"https:\\\/\\\/varo.ee\\\/shop\\\/\"},{\"@type\":\"ListItem\",\"position\":3,\"name\":\"VR-G200 garderoobikapp\"}]},{\"@type\":\"WebSite\",\"@id\":\"https:\\\/\\\/varo.ee\\\/#website\",\"url\":\"https:\\\/\\\/varo.ee\\\/\",\"name\":\"Digitaalsed lahendused\",\"description\":\"Digitaalsed lahendused\",\"publisher\":{\"@id\":\"https:\\\/\\\/varo.ee\\\/#organization\"},\"potentialAction\":[{\"@type\":\"SearchAction\",\"target\":{\"@type\":\"EntryPoint\",\"urlTemplate\":\"https:\\\/\\\/varo.ee\\\/?s={search_term_string}\"},\"query-input\":{\"@type\":\"PropertyValueSpecification\",\"valueRequired\":true,\"valueName\":\"search_term_string\"}}],\"inLanguage\":\"en-GB\"},{\"@type\":\"Organization\",\"@id\":\"https:\\\/\\\/varo.ee\\\/#organization\",\"name\":\"Digitaalsed lahendused\",\"url\":\"https:\\\/\\\/varo.ee\\\/\",\"logo\":{\"@type\":\"ImageObject\",\"inLanguage\":\"en-GB\",\"@id\":\"https:\\\/\\\/varo.ee\\\/#\\\/schema\\\/logo\\\/image\\\/\",\"url\":\"https:\\\/\\\/varo.ee\\\/wp-content\\\/uploads\\\/2023\\\/10\\\/tume_logo.png\",\"contentUrl\":\"https:\\\/\\\/varo.ee\\\/wp-content\\\/uploads\\\/2023\\\/10\\\/tume_logo.png\",\"width\":350,\"height\":138,\"caption\":\"Digitaalsed lahendused\"},\"image\":{\"@id\":\"https:\\\/\\\/varo.ee\\\/#\\\/schema\\\/logo\\\/image\\\/\"}}]}<\/script>\n<!-- \/ Yoast SEO plugin. -->","yoast_head_json":{"title":"VR-G200 garderoobikapp - Digitaalsed lahendused","robots":{"index":"index","follow":"follow","max-snippet":"max-snippet:-1","max-image-preview":"max-image-preview:large","max-video-preview":"max-video-preview:-1"},"canonical":"https:\/\/varo.ee\/en\/tooted\/varo-tooted\/vr-g200-garderoobikapp\/","og_locale":"en_GB","og_type":"article","og_title":"VR-G200 garderoobikapp - Digitaalsed lahendused","og_description":"\u00a0Ruumis\u00e4\u00e4stev garderoobi kapp elektroonilise lukuga   Garderoobikapp on metallist karkassi ja melamiinist uksega vastavalt Teie v\u00e4rvidele, selle ees on elektrooniline lukk mida saab sulgeda pin koodi, kaardi v\u00f5i telefoniga.\u00a0  Kapi v\u00f5ti ei ole kunagi kadunud! V\u00f5tmeks v\u00f5ib olla nutitelefon, t\u00f6\u00f6t\u00f5end, \u00f5pilaspilet v\u00f5i pin kood!\u00a0  Lukud on varustatud patareiga - avamisi v\u00f5ib olla kuni 10 000\u00a0  Majahaldurid ei pea tegelema v\u00f5tmetega kui pin kood on ununenud saab uksi avada komplekti kuuluva peav\u00f5tmega ja kapi kasutamise ajalugu on v\u00f5imalik j\u00e4lgida.\u00a0  Kapi 4-se mooduli m\u00f5\u00f5dud L800xS545xH1900, uks L200.\u00a0  Ei vaja elektrit.","og_url":"https:\/\/varo.ee\/en\/tooted\/varo-tooted\/vr-g200-garderoobikapp\/","og_site_name":"Digitaalsed lahendused","article_modified_time":"2024-05-05T19:48:31+00:00","og_image":[{"width":600,"height":800,"url":"https:\/\/varo.ee\/wp-content\/uploads\/2023\/12\/valge_1.png","type":"image\/png"}],"twitter_card":"summary_large_image","schema":{"@context":"https:\/\/schema.org","@graph":[{"@type":"WebPage","@id":"https:\/\/varo.ee\/tooted\/varo-tooted\/vr-g200-garderoobikapp\/","url":"https:\/\/varo.ee\/tooted\/varo-tooted\/vr-g200-garderoobikapp\/","name":"VR-G200 garderoobikapp - Digitaalsed lahendused","isPartOf":{"@id":"https:\/\/varo.ee\/#website"},"primaryImageOfPage":{"@id":"https:\/\/varo.ee\/tooted\/varo-tooted\/vr-g200-garderoobikapp\/#primaryimage"},"image":{"@id":"https:\/\/varo.ee\/tooted\/varo-tooted\/vr-g200-garderoobikapp\/#primaryimage"},"thumbnailUrl":"https:\/\/varo.ee\/wp-content\/uploads\/2023\/12\/valge_1.png","datePublished":"2023-12-17T17:57:02+00:00","dateModified":"2024-05-05T19:48:31+00:00","breadcrumb":{"@id":"https:\/\/varo.ee\/tooted\/varo-tooted\/vr-g200-garderoobikapp\/#breadcrumb"},"inLanguage":"en-GB","potentialAction":[{"@type":"ReadAction","target":["https:\/\/varo.ee\/tooted\/varo-tooted\/vr-g200-garderoobikapp\/"]}]},{"@type":"ImageObject","inLanguage":"en-GB","@id":"https:\/\/varo.ee\/tooted\/varo-tooted\/vr-g200-garderoobikapp\/#primaryimage","url":"https:\/\/varo.ee\/wp-content\/uploads\/2023\/12\/valge_1.png","contentUrl":"https:\/\/varo.ee\/wp-content\/uploads\/2023\/12\/valge_1.png","width":600,"height":800,"caption":"VR-200 garderoobikapp"},{"@type":"BreadcrumbList","@id":"https:\/\/varo.ee\/tooted\/varo-tooted\/vr-g200-garderoobikapp\/#breadcrumb","itemListElement":[{"@type":"ListItem","position":1,"name":"Avaleht","item":"https:\/\/varo.ee\/"},{"@type":"ListItem","position":2,"name":"Products","item":"https:\/\/varo.ee\/shop\/"},{"@type":"ListItem","position":3,"name":"VR-G200 garderoobikapp"}]},{"@type":"WebSite","@id":"https:\/\/varo.ee\/#website","url":"https:\/\/varo.ee\/","name":"Digitaalsed lahendused","description":"Digitaalsed lahendused","publisher":{"@id":"https:\/\/varo.ee\/#organization"},"potentialAction":[{"@type":"SearchAction","target":{"@type":"EntryPoint","urlTemplate":"https:\/\/varo.ee\/?s={search_term_string}"},"query-input":{"@type":"PropertyValueSpecification","valueRequired":true,"valueName":"search_term_string"}}],"inLanguage":"en-GB"},{"@type":"Organization","@id":"https:\/\/varo.ee\/#organization","name":"Digitaalsed lahendused","url":"https:\/\/varo.ee\/","logo":{"@type":"ImageObject","inLanguage":"en-GB","@id":"https:\/\/varo.ee\/#\/schema\/logo\/image\/","url":"https:\/\/varo.ee\/wp-content\/uploads\/2023\/10\/tume_logo.png","contentUrl":"https:\/\/varo.ee\/wp-content\/uploads\/2023\/10\/tume_logo.png","width":350,"height":138,"caption":"Digitaalsed lahendused"},"image":{"@id":"https:\/\/varo.ee\/#\/schema\/logo\/image\/"}}]}},"jetpack_sharing_enabled":true,"_links":{"self":[{"href":"https:\/\/varo.ee\/en\/wp-json\/wp\/v2\/product\/2563","targetHints":{"allow":["GET"]}}],"collection":[{"href":"https:\/\/varo.ee\/en\/wp-json\/wp\/v2\/product"}],"about":[{"href":"https:\/\/varo.ee\/en\/wp-json\/wp\/v2\/types\/product"}],"version-history":[{"count":5,"href":"https:\/\/varo.ee\/en\/wp-json\/wp\/v2\/product\/2563\/revisions"}],"predecessor-version":[{"id":2588,"href":"https:\/\/varo.ee\/en\/wp-json\/wp\/v2\/product\/2563\/revisions\/2588"}],"wp:featuredmedia":[{"embeddable":true,"href":"https:\/\/varo.ee\/en\/wp-json\/wp\/v2\/media\/2601"}],"wp:attachment":[{"href":"https:\/\/varo.ee\/en\/wp-json\/wp\/v2\/media?parent=2563"}],"wp:term":[{"taxonomy":"product_brand","embeddable":true,"href":"https:\/\/varo.ee\/en\/wp-json\/wp\/v2\/product_brand?post=2563"},{"taxonomy":"product_cat","embeddable":true,"href":"https:\/\/varo.ee\/en\/wp-json\/wp\/v2\/product_cat?post=2563"},{"taxonomy":"product_tag","embeddable":true,"href":"https:\/\/varo.ee\/en\/wp-json\/wp\/v2\/product_tag?post=2563"}],"curies":[{"name":"wp","href":"https:\/\/api.w.org\/{rel}","templated":true}]}}