{"id":2408,"date":"2023-11-14T19:43:14","date_gmt":"2023-11-14T19:43:14","guid":{"rendered":"https:\/\/varo.ee\/?post_type=product&#038;p=2408"},"modified":"2025-03-03T19:38:25","modified_gmt":"2025-03-03T19:38:25","slug":"gat-vendor-7000-kaepaelte-valjastusautomaat","status":"publish","type":"product","link":"https:\/\/varo.ee\/en\/tooted\/kiipide-valjastusautomaat\/gat-vendor-7000-kaepaelte-valjastusautomaat\/","title":{"rendered":"GAT Vendor 7000 k\u00e4epaelte v\u00e4ljastusautomaat"},"content":{"rendered":"<p>GAT Vendor 7000 on kompaktne automaatne RFID k\u00e4epaelte v\u00e4ljastus\u00fcsteem, mis on m\u00f5eldud kasutamiseks vabaaja keskustes nagu ujulad, spaa- ja m\u00e4ngusaalid. See s\u00fcsteem v\u00f5imaldab kiirelt ja mugavalt k\u00fclastajatel saada RFID k\u00e4epaelu, mida saab kasutada identifitseerimiseks sisenemiskontrollis\u00fcsteemides, n\u00e4iteks p\u00f6\u00f6rdv\u00e4ravates ja elektroonilistes kapides.<\/p>\n<p>GAT Vendor 7000 sobib ideaalselt vabaaja rajatistesse, kus k\u00fclastajad saavad RFID k\u00e4epaelu kasutada ligip\u00e4\u00e4suks erinevatesse tsoonidesse, nagu veekeskustes ja spaa-aladel. Seade pakub turvalist, kiiret ja mugavat viisi k\u00fclastajate autentimiseks ja seadmete juhtimiseks.<\/p>","protected":false},"excerpt":{"rendered":"<p><i aria-hidden=\"true\" class=\"far fa-file-pdf\" style=\"padding-right:10px; font-size:20px; color: #0088CC;\"><\/i><a href=\"https:\/\/varo.ee\/wp-content\/uploads\/2024\/12\/GAT-VENDOR7000-VALJASTUSATM.pdf\" target=\"_blank\" rel=\"noopener\" style=\"font-weight:bold; color: #0088CC; text-decoration: underline;\">GAT Vendor 7000 k\u00e4epaelte v\u00e4ljastusautomaadi dokumentatsioon (PDF)<\/a><\/span><\/p>\n<ul>\n<li><strong>Automaatne RFID k\u00e4epaelte v\u00e4ljastamine:<\/strong> Kuni 282 GAT Chip Band 65 k\u00e4epaela mahutavus, kiirus umbes 2 sekundit iga k\u00e4epaela v\u00e4ljastamiseks.<\/li>\n<li><strong>Modulaarne disain:<\/strong> Kuni 6 v\u00e4ljastusseadet \u00fches GAT Vendor 7000 seadmes.<\/li>\n<li><strong>Lihtne t\u00e4iendamine:<\/strong> K\u00e4epaelte t\u00e4iendamine toimub mugavalt esik\u00fcljelt.<\/li>\n<li><strong>Kohandatav esik\u00fclg:<\/strong> Esiosa saab kohandada individuaalse logo v\u00f5i disainiga.<\/li>\n<li><strong>Ethernet-\u00fchendus:<\/strong> \u00dchendus k\u00f5rgema taseme juhtimis\u00fcsteemiga.<\/li>\n<li><strong>Vastupidav korpus:<\/strong> Metallkorpus (RAL 7016), sobib paigaldamiseks tasasele pinnale.<\/li>\n<li><strong>V\u00f5imsus:<\/strong> 230 V AC toite\u00fchendus.<\/li>\n<li><strong>Mahutavus:<\/strong> Kuni 282 k\u00e4epaela (47 iga v\u00e4ljastusseadme kohta).<\/li>\n<li><strong>S\u00fcsteemi sagedus:<\/strong> 13.56 MHz RFID (MIFARE\u00ae).<\/li>\n<li><strong>Paigaldus:<\/strong> Paigaldatakse tasasele pinnale, pakub reguleeritavaid paigaldusavasid tagak\u00fcljel.<\/li>\n<\/ul>","protected":false},"featured_media":6145,"template":"","meta":{"_monsterinsights_skip_tracking":false,"_monsterinsights_sitenote_active":false,"_monsterinsights_sitenote_note":"","_monsterinsights_sitenote_category":0,"_kadence_starter_templates_imported_post":false,"_kad_post_transparent":"default","_kad_post_title":"","_kad_post_layout":"default","_kad_post_sidebar_id":"","_kad_post_content_style":"default","_kad_post_vertical_padding":"default","_kad_post_feature":"","_kad_post_feature_position":"","_kad_post_header":false,"_kad_post_footer":false,"_kad_post_classname":""},"product_brand":[],"product_cat":[40,35],"product_tag":[54,56],"class_list":{"0":"post-2408","1":"product","2":"type-product","3":"status-publish","4":"has-post-thumbnail","6":"product_cat-gantner-tooted","7":"product_cat-kiipide-valjastusautomaat","8":"product_tag-kiibid","9":"product_tag-kiipide-valjastusautomaat","11":"first","12":"instock","13":"shipping-taxable","14":"product-type-simple","15":"entry","16":"content-bg","17":"loop-entry"},"yoast_head":"<!-- This site is optimized with the Yoast SEO plugin v27.4 - https:\/\/yoast.com\/product\/yoast-seo-wordpress\/ -->\n<title>GAT Vendor 7000 k\u00e4epaelte v\u00e4ljastusautomaat<\/title>\n<meta name=\"description\" content=\"GAT Vendor 7000 on k\u00e4epaelte v\u00e4ljastusautomaat, mis sobib n\u00e4iteks vabaaja keskustesse. Kiire, usaldusv\u00e4\u00e4rne ja lihtne paigaldus, 282 k\u00e4epaela mahutavus ja Ethernet-\u00fchendus.\" \/>\n<meta name=\"robots\" content=\"index, follow, max-snippet:-1, max-image-preview:large, max-video-preview:-1\" \/>\n<link rel=\"canonical\" href=\"https:\/\/varo.ee\/en\/tooted\/kiipide-valjastusautomaat\/gat-vendor-7000-kaepaelte-valjastusautomaat\/\" \/>\n<meta property=\"og:locale\" content=\"en_GB\" \/>\n<meta property=\"og:type\" content=\"article\" \/>\n<meta property=\"og:title\" content=\"GAT Vendor 7000 k\u00e4epaelte v\u00e4ljastusautomaat\" \/>\n<meta property=\"og:description\" content=\"GAT Vendor 7000 on k\u00e4epaelte v\u00e4ljastusautomaat, mis sobib n\u00e4iteks vabaaja keskustesse. Kiire, usaldusv\u00e4\u00e4rne ja lihtne paigaldus, 282 k\u00e4epaela mahutavus ja Ethernet-\u00fchendus.\" \/>\n<meta property=\"og:url\" content=\"https:\/\/varo.ee\/en\/tooted\/kiipide-valjastusautomaat\/gat-vendor-7000-kaepaelte-valjastusautomaat\/\" \/>\n<meta property=\"og:site_name\" content=\"Digitaalsed lahendused\" \/>\n<meta property=\"article:modified_time\" content=\"2025-03-03T19:38:25+00:00\" \/>\n<meta property=\"og:image\" content=\"https:\/\/varo.ee\/wp-content\/uploads\/2024\/12\/GAT-VENDOR7000-VALJASTUSATM-a.png\" \/>\n\t<meta property=\"og:image:width\" content=\"600\" \/>\n\t<meta property=\"og:image:height\" content=\"800\" \/>\n\t<meta property=\"og:image:type\" content=\"image\/png\" \/>\n<meta name=\"twitter:card\" content=\"summary_large_image\" \/>\n<meta name=\"twitter:label1\" content=\"Estimated reading time\" \/>\n\t<meta name=\"twitter:data1\" content=\"1 minute\" \/>\n<script type=\"application\/ld+json\" class=\"yoast-schema-graph\">{\"@context\":\"https:\\\/\\\/schema.org\",\"@graph\":[{\"@type\":\"WebPage\",\"@id\":\"https:\\\/\\\/varo.ee\\\/tooted\\\/kiipide-valjastusautomaat\\\/gat-vendor-7000-kaepaelte-valjastusautomaat\\\/\",\"url\":\"https:\\\/\\\/varo.ee\\\/tooted\\\/kiipide-valjastusautomaat\\\/gat-vendor-7000-kaepaelte-valjastusautomaat\\\/\",\"name\":\"GAT Vendor 7000 k\u00e4epaelte v\u00e4ljastusautomaat\",\"isPartOf\":{\"@id\":\"https:\\\/\\\/varo.ee\\\/#website\"},\"primaryImageOfPage\":{\"@id\":\"https:\\\/\\\/varo.ee\\\/tooted\\\/kiipide-valjastusautomaat\\\/gat-vendor-7000-kaepaelte-valjastusautomaat\\\/#primaryimage\"},\"image\":{\"@id\":\"https:\\\/\\\/varo.ee\\\/tooted\\\/kiipide-valjastusautomaat\\\/gat-vendor-7000-kaepaelte-valjastusautomaat\\\/#primaryimage\"},\"thumbnailUrl\":\"https:\\\/\\\/varo.ee\\\/wp-content\\\/uploads\\\/2024\\\/12\\\/GAT-VENDOR7000-VALJASTUSATM-a.png\",\"datePublished\":\"2023-11-14T19:43:14+00:00\",\"dateModified\":\"2025-03-03T19:38:25+00:00\",\"description\":\"GAT Vendor 7000 on k\u00e4epaelte v\u00e4ljastusautomaat, mis sobib n\u00e4iteks vabaaja keskustesse. Kiire, usaldusv\u00e4\u00e4rne ja lihtne paigaldus, 282 k\u00e4epaela mahutavus ja Ethernet-\u00fchendus.\",\"breadcrumb\":{\"@id\":\"https:\\\/\\\/varo.ee\\\/tooted\\\/kiipide-valjastusautomaat\\\/gat-vendor-7000-kaepaelte-valjastusautomaat\\\/#breadcrumb\"},\"inLanguage\":\"en-GB\",\"potentialAction\":[{\"@type\":\"ReadAction\",\"target\":[\"https:\\\/\\\/varo.ee\\\/tooted\\\/kiipide-valjastusautomaat\\\/gat-vendor-7000-kaepaelte-valjastusautomaat\\\/\"]}]},{\"@type\":\"ImageObject\",\"inLanguage\":\"en-GB\",\"@id\":\"https:\\\/\\\/varo.ee\\\/tooted\\\/kiipide-valjastusautomaat\\\/gat-vendor-7000-kaepaelte-valjastusautomaat\\\/#primaryimage\",\"url\":\"https:\\\/\\\/varo.ee\\\/wp-content\\\/uploads\\\/2024\\\/12\\\/GAT-VENDOR7000-VALJASTUSATM-a.png\",\"contentUrl\":\"https:\\\/\\\/varo.ee\\\/wp-content\\\/uploads\\\/2024\\\/12\\\/GAT-VENDOR7000-VALJASTUSATM-a.png\",\"width\":600,\"height\":800},{\"@type\":\"BreadcrumbList\",\"@id\":\"https:\\\/\\\/varo.ee\\\/tooted\\\/kiipide-valjastusautomaat\\\/gat-vendor-7000-kaepaelte-valjastusautomaat\\\/#breadcrumb\",\"itemListElement\":[{\"@type\":\"ListItem\",\"position\":1,\"name\":\"Avaleht\",\"item\":\"https:\\\/\\\/varo.ee\\\/\"},{\"@type\":\"ListItem\",\"position\":2,\"name\":\"Products\",\"item\":\"https:\\\/\\\/varo.ee\\\/shop\\\/\"},{\"@type\":\"ListItem\",\"position\":3,\"name\":\"GAT Vendor 7000 k\u00e4epaelte v\u00e4ljastusautomaat\"}]},{\"@type\":\"WebSite\",\"@id\":\"https:\\\/\\\/varo.ee\\\/#website\",\"url\":\"https:\\\/\\\/varo.ee\\\/\",\"name\":\"Digitaalsed lahendused\",\"description\":\"Digitaalsed lahendused\",\"publisher\":{\"@id\":\"https:\\\/\\\/varo.ee\\\/#organization\"},\"potentialAction\":[{\"@type\":\"SearchAction\",\"target\":{\"@type\":\"EntryPoint\",\"urlTemplate\":\"https:\\\/\\\/varo.ee\\\/?s={search_term_string}\"},\"query-input\":{\"@type\":\"PropertyValueSpecification\",\"valueRequired\":true,\"valueName\":\"search_term_string\"}}],\"inLanguage\":\"en-GB\"},{\"@type\":\"Organization\",\"@id\":\"https:\\\/\\\/varo.ee\\\/#organization\",\"name\":\"Digitaalsed lahendused\",\"url\":\"https:\\\/\\\/varo.ee\\\/\",\"logo\":{\"@type\":\"ImageObject\",\"inLanguage\":\"en-GB\",\"@id\":\"https:\\\/\\\/varo.ee\\\/#\\\/schema\\\/logo\\\/image\\\/\",\"url\":\"https:\\\/\\\/varo.ee\\\/wp-content\\\/uploads\\\/2023\\\/10\\\/tume_logo.png\",\"contentUrl\":\"https:\\\/\\\/varo.ee\\\/wp-content\\\/uploads\\\/2023\\\/10\\\/tume_logo.png\",\"width\":350,\"height\":138,\"caption\":\"Digitaalsed lahendused\"},\"image\":{\"@id\":\"https:\\\/\\\/varo.ee\\\/#\\\/schema\\\/logo\\\/image\\\/\"}}]}<\/script>\n<!-- \/ Yoast SEO plugin. -->","yoast_head_json":{"title":"GAT Vendor 7000 k\u00e4epaelte v\u00e4ljastusautomaat","description":"GAT Vendor 7000 on k\u00e4epaelte v\u00e4ljastusautomaat, mis sobib n\u00e4iteks vabaaja keskustesse. Kiire, usaldusv\u00e4\u00e4rne ja lihtne paigaldus, 282 k\u00e4epaela mahutavus ja Ethernet-\u00fchendus.","robots":{"index":"index","follow":"follow","max-snippet":"max-snippet:-1","max-image-preview":"max-image-preview:large","max-video-preview":"max-video-preview:-1"},"canonical":"https:\/\/varo.ee\/en\/tooted\/kiipide-valjastusautomaat\/gat-vendor-7000-kaepaelte-valjastusautomaat\/","og_locale":"en_GB","og_type":"article","og_title":"GAT Vendor 7000 k\u00e4epaelte v\u00e4ljastusautomaat","og_description":"GAT Vendor 7000 on k\u00e4epaelte v\u00e4ljastusautomaat, mis sobib n\u00e4iteks vabaaja keskustesse. Kiire, usaldusv\u00e4\u00e4rne ja lihtne paigaldus, 282 k\u00e4epaela mahutavus ja Ethernet-\u00fchendus.","og_url":"https:\/\/varo.ee\/en\/tooted\/kiipide-valjastusautomaat\/gat-vendor-7000-kaepaelte-valjastusautomaat\/","og_site_name":"Digitaalsed lahendused","article_modified_time":"2025-03-03T19:38:25+00:00","og_image":[{"width":600,"height":800,"url":"https:\/\/varo.ee\/wp-content\/uploads\/2024\/12\/GAT-VENDOR7000-VALJASTUSATM-a.png","type":"image\/png"}],"twitter_card":"summary_large_image","twitter_misc":{"Estimated reading time":"1 minute"},"schema":{"@context":"https:\/\/schema.org","@graph":[{"@type":"WebPage","@id":"https:\/\/varo.ee\/tooted\/kiipide-valjastusautomaat\/gat-vendor-7000-kaepaelte-valjastusautomaat\/","url":"https:\/\/varo.ee\/tooted\/kiipide-valjastusautomaat\/gat-vendor-7000-kaepaelte-valjastusautomaat\/","name":"GAT Vendor 7000 k\u00e4epaelte v\u00e4ljastusautomaat","isPartOf":{"@id":"https:\/\/varo.ee\/#website"},"primaryImageOfPage":{"@id":"https:\/\/varo.ee\/tooted\/kiipide-valjastusautomaat\/gat-vendor-7000-kaepaelte-valjastusautomaat\/#primaryimage"},"image":{"@id":"https:\/\/varo.ee\/tooted\/kiipide-valjastusautomaat\/gat-vendor-7000-kaepaelte-valjastusautomaat\/#primaryimage"},"thumbnailUrl":"https:\/\/varo.ee\/wp-content\/uploads\/2024\/12\/GAT-VENDOR7000-VALJASTUSATM-a.png","datePublished":"2023-11-14T19:43:14+00:00","dateModified":"2025-03-03T19:38:25+00:00","description":"GAT Vendor 7000 on k\u00e4epaelte v\u00e4ljastusautomaat, mis sobib n\u00e4iteks vabaaja keskustesse. Kiire, usaldusv\u00e4\u00e4rne ja lihtne paigaldus, 282 k\u00e4epaela mahutavus ja Ethernet-\u00fchendus.","breadcrumb":{"@id":"https:\/\/varo.ee\/tooted\/kiipide-valjastusautomaat\/gat-vendor-7000-kaepaelte-valjastusautomaat\/#breadcrumb"},"inLanguage":"en-GB","potentialAction":[{"@type":"ReadAction","target":["https:\/\/varo.ee\/tooted\/kiipide-valjastusautomaat\/gat-vendor-7000-kaepaelte-valjastusautomaat\/"]}]},{"@type":"ImageObject","inLanguage":"en-GB","@id":"https:\/\/varo.ee\/tooted\/kiipide-valjastusautomaat\/gat-vendor-7000-kaepaelte-valjastusautomaat\/#primaryimage","url":"https:\/\/varo.ee\/wp-content\/uploads\/2024\/12\/GAT-VENDOR7000-VALJASTUSATM-a.png","contentUrl":"https:\/\/varo.ee\/wp-content\/uploads\/2024\/12\/GAT-VENDOR7000-VALJASTUSATM-a.png","width":600,"height":800},{"@type":"BreadcrumbList","@id":"https:\/\/varo.ee\/tooted\/kiipide-valjastusautomaat\/gat-vendor-7000-kaepaelte-valjastusautomaat\/#breadcrumb","itemListElement":[{"@type":"ListItem","position":1,"name":"Avaleht","item":"https:\/\/varo.ee\/"},{"@type":"ListItem","position":2,"name":"Products","item":"https:\/\/varo.ee\/shop\/"},{"@type":"ListItem","position":3,"name":"GAT Vendor 7000 k\u00e4epaelte v\u00e4ljastusautomaat"}]},{"@type":"WebSite","@id":"https:\/\/varo.ee\/#website","url":"https:\/\/varo.ee\/","name":"Digitaalsed lahendused","description":"Digitaalsed lahendused","publisher":{"@id":"https:\/\/varo.ee\/#organization"},"potentialAction":[{"@type":"SearchAction","target":{"@type":"EntryPoint","urlTemplate":"https:\/\/varo.ee\/?s={search_term_string}"},"query-input":{"@type":"PropertyValueSpecification","valueRequired":true,"valueName":"search_term_string"}}],"inLanguage":"en-GB"},{"@type":"Organization","@id":"https:\/\/varo.ee\/#organization","name":"Digitaalsed lahendused","url":"https:\/\/varo.ee\/","logo":{"@type":"ImageObject","inLanguage":"en-GB","@id":"https:\/\/varo.ee\/#\/schema\/logo\/image\/","url":"https:\/\/varo.ee\/wp-content\/uploads\/2023\/10\/tume_logo.png","contentUrl":"https:\/\/varo.ee\/wp-content\/uploads\/2023\/10\/tume_logo.png","width":350,"height":138,"caption":"Digitaalsed lahendused"},"image":{"@id":"https:\/\/varo.ee\/#\/schema\/logo\/image\/"}}]}},"jetpack_sharing_enabled":true,"_links":{"self":[{"href":"https:\/\/varo.ee\/en\/wp-json\/wp\/v2\/product\/2408","targetHints":{"allow":["GET"]}}],"collection":[{"href":"https:\/\/varo.ee\/en\/wp-json\/wp\/v2\/product"}],"about":[{"href":"https:\/\/varo.ee\/en\/wp-json\/wp\/v2\/types\/product"}],"version-history":[{"count":5,"href":"https:\/\/varo.ee\/en\/wp-json\/wp\/v2\/product\/2408\/revisions"}],"predecessor-version":[{"id":6148,"href":"https:\/\/varo.ee\/en\/wp-json\/wp\/v2\/product\/2408\/revisions\/6148"}],"wp:featuredmedia":[{"embeddable":true,"href":"https:\/\/varo.ee\/en\/wp-json\/wp\/v2\/media\/6145"}],"wp:attachment":[{"href":"https:\/\/varo.ee\/en\/wp-json\/wp\/v2\/media?parent=2408"}],"wp:term":[{"taxonomy":"product_brand","embeddable":true,"href":"https:\/\/varo.ee\/en\/wp-json\/wp\/v2\/product_brand?post=2408"},{"taxonomy":"product_cat","embeddable":true,"href":"https:\/\/varo.ee\/en\/wp-json\/wp\/v2\/product_cat?post=2408"},{"taxonomy":"product_tag","embeddable":true,"href":"https:\/\/varo.ee\/en\/wp-json\/wp\/v2\/product_tag?post=2408"}],"curies":[{"name":"wp","href":"https:\/\/api.w.org\/{rel}","templated":true}]}}