{"id":2404,"date":"2023-11-14T19:38:01","date_gmt":"2023-11-14T19:38:01","guid":{"rendered":"https:\/\/varo.ee\/?post_type=product&#038;p=2404"},"modified":"2025-03-03T19:39:40","modified_gmt":"2025-03-03T19:39:40","slug":"gt7-infoterminal","status":"publish","type":"product","link":"https:\/\/varo.ee\/en\/tooted\/gantner-tooted\/gt7-infoterminal\/","title":{"rendered":"GT7 information terminal"},"content":{"rendered":"<p>Available with or without a fingerprint sensor, the GT7 terminal impresses with highlights including the possibility of identification via RFID, NFC or wireless interface and a unique application concept that is uploaded to universal hardware.<\/p>\n<p>The corresponding app determines whether the reader is used as a passage terminal (access control of doors, turnstiles), a time terminal (timer function for solariums, hot tubs) or an information terminal (cabinet or visitor information display).<\/p>\n<p>A clear 4.3 \u0301 \u0301 color screen with an intuitive capacitive touch screen, Power over Ethernet (PoE) function, an integrated speaker as well as an elegantly modern slim design make the GANTNER GT7 device generation a real must-have.<\/p>","protected":false},"excerpt":{"rendered":"<p><i aria-hidden=\"true\" class=\"far fa-file-pdf\" style=\"padding-right:10px; font-size:20px; color: #0088CC;\"><\/i><a href=\"https:\/\/varo.ee\/wp-content\/uploads\/2023\/11\/GT7-infoterminali-dokumentatsioon-PDF.pdf\" style=\"font-weight:bold; color: #0088CC; text-decoration: underline;\">GT7 info terminal documentation (PDF)<\/a><\/p>\n<p>\u2022 An application concept that allows the desired application (access, time, information, etc.) to be loaded into the hardware or simply swapped<br \/>\n\u2022 Development of customized applications for selected partners is also possible<br \/>\n\u2022 Cloud-based G7 Connect platform with integrated authorization system for configuring one or more devices\/projects, updating firmware and applications<br \/>\n\u2022 4.3 \u0301 \u0301 color display with capacitive touch screen for intuitive user guidance and operation<br \/>\n\u2022 Contactless multi-technology reader for all popular RFID technologies, NFC data carriers and Gantner.Connect<br \/>\n\u2022 Device web interface<br \/>\n\u2022 Power over Ethernet (PoE) possible<br \/>\n\u2022 Slim body design<br \/>\n\u2022 Simple installation and convenient Plug&amp;Play commissioning<br \/>\n\u2022 Available with fingerprint reader for added security<br \/>\n\u2022 Integrated speaker for user feedback<\/p>","protected":false},"featured_media":2401,"template":"","meta":{"_monsterinsights_skip_tracking":false,"_monsterinsights_sitenote_active":false,"_monsterinsights_sitenote_note":"","_monsterinsights_sitenote_category":0,"_kadence_starter_templates_imported_post":false,"_kad_post_transparent":"default","_kad_post_title":"","_kad_post_layout":"default","_kad_post_sidebar_id":"","_kad_post_content_style":"default","_kad_post_vertical_padding":"default","_kad_post_feature":"","_kad_post_feature_position":"","_kad_post_header":false,"_kad_post_footer":false,"_kad_post_classname":""},"product_brand":[],"product_cat":[40],"product_tag":[57],"class_list":{"0":"post-2404","1":"product","2":"type-product","3":"status-publish","4":"has-post-thumbnail","6":"product_cat-gantner-tooted","7":"product_tag-infoterminal","9":"first","10":"instock","11":"shipping-taxable","12":"product-type-simple","13":"entry","14":"content-bg","15":"loop-entry"},"yoast_head":"<!-- This site is optimized with the Yoast SEO plugin v27.4 - https:\/\/yoast.com\/product\/yoast-seo-wordpress\/ -->\n<title>GT7 infoterminal - Digitaalsed lahendused<\/title>\n<meta name=\"robots\" content=\"index, follow, max-snippet:-1, max-image-preview:large, max-video-preview:-1\" \/>\n<link rel=\"canonical\" href=\"https:\/\/varo.ee\/en\/tooted\/gantner-tooted\/gt7-infoterminal\/\" \/>\n<meta property=\"og:locale\" content=\"en_GB\" \/>\n<meta property=\"og:type\" content=\"article\" \/>\n<meta property=\"og:title\" content=\"GT7 infoterminal - Digitaalsed lahendused\" \/>\n<meta property=\"og:description\" content=\"GT7 infoterminali dokumentatsioon (PDF)  \u2022 Rakenduse kontseptsioon, mis v\u00f5imaldab soovitud rakenduse (juurdep\u00e4\u00e4s, aeg, teave jne) riistvarasse laadida v\u00f5i lihtsalt vahetada \u2022 V\u00f5imalik ka kohandatud rakenduste arendamine valitud partneritele \u2022 Pilvep\u00f5hine G7 Connecti platvorm integreeritud autoriseerimiss\u00fcsteemiga \u00fche v\u00f5i mitme seadme\/projekti konfigureerimiseks, p\u00fcsivara ja rakenduste v\u00e4rskendamiseks \u2022 4,3 \u0301 \u0301 v\u00e4rviekraan mahtuvusliku puuteekraaniga kasutaja intuitiivseks juhendamiseks ja kasutamiseks \u2022 Kontaktivaba multitehnoloogia lugeja k\u00f5igi populaarsete RFID-tehnoloogiate, NFC-andmekandjate ja Gantner.Connect jaoks \u2022 Seadme veebiliides \u2022 V\u00f5imalik toide Etherneti (PoE) kaudu \u2022 \u00d5huke korpuse disain \u2022 Lihtne paigaldus ja mugav Plug&amp;Play kasutuselev\u00f5tt \u2022 Turvalisuse suurendamiseks saadaval s\u00f5rmej\u00e4ljelugejaga \u2022 Integreeritud k\u00f5lar kasutaja tagasiside jaoks\" \/>\n<meta property=\"og:url\" content=\"https:\/\/varo.ee\/en\/tooted\/gantner-tooted\/gt7-infoterminal\/\" \/>\n<meta property=\"og:site_name\" content=\"Digitaalsed lahendused\" \/>\n<meta property=\"article:modified_time\" content=\"2025-03-03T19:39:40+00:00\" \/>\n<meta property=\"og:image\" content=\"https:\/\/varo.ee\/wp-content\/uploads\/2023\/11\/infoterm3.png\" \/>\n\t<meta property=\"og:image:width\" content=\"600\" \/>\n\t<meta property=\"og:image:height\" content=\"800\" \/>\n\t<meta property=\"og:image:type\" content=\"image\/png\" \/>\n<meta name=\"twitter:card\" content=\"summary_large_image\" \/>\n<meta name=\"twitter:label1\" content=\"Estimated reading time\" \/>\n\t<meta name=\"twitter:data1\" content=\"1 minute\" \/>\n<script type=\"application\/ld+json\" class=\"yoast-schema-graph\">{\"@context\":\"https:\\\/\\\/schema.org\",\"@graph\":[{\"@type\":\"WebPage\",\"@id\":\"https:\\\/\\\/varo.ee\\\/tooted\\\/gantner-tooted\\\/gt7-infoterminal\\\/\",\"url\":\"https:\\\/\\\/varo.ee\\\/tooted\\\/gantner-tooted\\\/gt7-infoterminal\\\/\",\"name\":\"GT7 infoterminal - Digitaalsed lahendused\",\"isPartOf\":{\"@id\":\"https:\\\/\\\/varo.ee\\\/#website\"},\"primaryImageOfPage\":{\"@id\":\"https:\\\/\\\/varo.ee\\\/tooted\\\/gantner-tooted\\\/gt7-infoterminal\\\/#primaryimage\"},\"image\":{\"@id\":\"https:\\\/\\\/varo.ee\\\/tooted\\\/gantner-tooted\\\/gt7-infoterminal\\\/#primaryimage\"},\"thumbnailUrl\":\"https:\\\/\\\/varo.ee\\\/wp-content\\\/uploads\\\/2023\\\/11\\\/infoterm3.png\",\"datePublished\":\"2023-11-14T19:38:01+00:00\",\"dateModified\":\"2025-03-03T19:39:40+00:00\",\"breadcrumb\":{\"@id\":\"https:\\\/\\\/varo.ee\\\/tooted\\\/gantner-tooted\\\/gt7-infoterminal\\\/#breadcrumb\"},\"inLanguage\":\"en-GB\",\"potentialAction\":[{\"@type\":\"ReadAction\",\"target\":[\"https:\\\/\\\/varo.ee\\\/tooted\\\/gantner-tooted\\\/gt7-infoterminal\\\/\"]}]},{\"@type\":\"ImageObject\",\"inLanguage\":\"en-GB\",\"@id\":\"https:\\\/\\\/varo.ee\\\/tooted\\\/gantner-tooted\\\/gt7-infoterminal\\\/#primaryimage\",\"url\":\"https:\\\/\\\/varo.ee\\\/wp-content\\\/uploads\\\/2023\\\/11\\\/infoterm3.png\",\"contentUrl\":\"https:\\\/\\\/varo.ee\\\/wp-content\\\/uploads\\\/2023\\\/11\\\/infoterm3.png\",\"width\":600,\"height\":800,\"caption\":\"Gantner GT7 infoterminal\"},{\"@type\":\"BreadcrumbList\",\"@id\":\"https:\\\/\\\/varo.ee\\\/tooted\\\/gantner-tooted\\\/gt7-infoterminal\\\/#breadcrumb\",\"itemListElement\":[{\"@type\":\"ListItem\",\"position\":1,\"name\":\"Avaleht\",\"item\":\"https:\\\/\\\/varo.ee\\\/\"},{\"@type\":\"ListItem\",\"position\":2,\"name\":\"Products\",\"item\":\"https:\\\/\\\/varo.ee\\\/shop\\\/\"},{\"@type\":\"ListItem\",\"position\":3,\"name\":\"GT7 infoterminal\"}]},{\"@type\":\"WebSite\",\"@id\":\"https:\\\/\\\/varo.ee\\\/#website\",\"url\":\"https:\\\/\\\/varo.ee\\\/\",\"name\":\"Digitaalsed lahendused\",\"description\":\"Digitaalsed lahendused\",\"publisher\":{\"@id\":\"https:\\\/\\\/varo.ee\\\/#organization\"},\"potentialAction\":[{\"@type\":\"SearchAction\",\"target\":{\"@type\":\"EntryPoint\",\"urlTemplate\":\"https:\\\/\\\/varo.ee\\\/?s={search_term_string}\"},\"query-input\":{\"@type\":\"PropertyValueSpecification\",\"valueRequired\":true,\"valueName\":\"search_term_string\"}}],\"inLanguage\":\"en-GB\"},{\"@type\":\"Organization\",\"@id\":\"https:\\\/\\\/varo.ee\\\/#organization\",\"name\":\"Digitaalsed lahendused\",\"url\":\"https:\\\/\\\/varo.ee\\\/\",\"logo\":{\"@type\":\"ImageObject\",\"inLanguage\":\"en-GB\",\"@id\":\"https:\\\/\\\/varo.ee\\\/#\\\/schema\\\/logo\\\/image\\\/\",\"url\":\"https:\\\/\\\/varo.ee\\\/wp-content\\\/uploads\\\/2023\\\/10\\\/tume_logo.png\",\"contentUrl\":\"https:\\\/\\\/varo.ee\\\/wp-content\\\/uploads\\\/2023\\\/10\\\/tume_logo.png\",\"width\":350,\"height\":138,\"caption\":\"Digitaalsed lahendused\"},\"image\":{\"@id\":\"https:\\\/\\\/varo.ee\\\/#\\\/schema\\\/logo\\\/image\\\/\"}}]}<\/script>\n<!-- \/ Yoast SEO plugin. -->","yoast_head_json":{"title":"GT7 infoterminal - Digitaalsed lahendused","robots":{"index":"index","follow":"follow","max-snippet":"max-snippet:-1","max-image-preview":"max-image-preview:large","max-video-preview":"max-video-preview:-1"},"canonical":"https:\/\/varo.ee\/en\/tooted\/gantner-tooted\/gt7-infoterminal\/","og_locale":"en_GB","og_type":"article","og_title":"GT7 infoterminal - Digitaalsed lahendused","og_description":"GT7 infoterminali dokumentatsioon (PDF)  \u2022 Rakenduse kontseptsioon, mis v\u00f5imaldab soovitud rakenduse (juurdep\u00e4\u00e4s, aeg, teave jne) riistvarasse laadida v\u00f5i lihtsalt vahetada \u2022 V\u00f5imalik ka kohandatud rakenduste arendamine valitud partneritele \u2022 Pilvep\u00f5hine G7 Connecti platvorm integreeritud autoriseerimiss\u00fcsteemiga \u00fche v\u00f5i mitme seadme\/projekti konfigureerimiseks, p\u00fcsivara ja rakenduste v\u00e4rskendamiseks \u2022 4,3 \u0301 \u0301 v\u00e4rviekraan mahtuvusliku puuteekraaniga kasutaja intuitiivseks juhendamiseks ja kasutamiseks \u2022 Kontaktivaba multitehnoloogia lugeja k\u00f5igi populaarsete RFID-tehnoloogiate, NFC-andmekandjate ja Gantner.Connect jaoks \u2022 Seadme veebiliides \u2022 V\u00f5imalik toide Etherneti (PoE) kaudu \u2022 \u00d5huke korpuse disain \u2022 Lihtne paigaldus ja mugav Plug&amp;Play kasutuselev\u00f5tt \u2022 Turvalisuse suurendamiseks saadaval s\u00f5rmej\u00e4ljelugejaga \u2022 Integreeritud k\u00f5lar kasutaja tagasiside jaoks","og_url":"https:\/\/varo.ee\/en\/tooted\/gantner-tooted\/gt7-infoterminal\/","og_site_name":"Digitaalsed lahendused","article_modified_time":"2025-03-03T19:39:40+00:00","og_image":[{"width":600,"height":800,"url":"https:\/\/varo.ee\/wp-content\/uploads\/2023\/11\/infoterm3.png","type":"image\/png"}],"twitter_card":"summary_large_image","twitter_misc":{"Estimated reading time":"1 minute"},"schema":{"@context":"https:\/\/schema.org","@graph":[{"@type":"WebPage","@id":"https:\/\/varo.ee\/tooted\/gantner-tooted\/gt7-infoterminal\/","url":"https:\/\/varo.ee\/tooted\/gantner-tooted\/gt7-infoterminal\/","name":"GT7 infoterminal - Digitaalsed lahendused","isPartOf":{"@id":"https:\/\/varo.ee\/#website"},"primaryImageOfPage":{"@id":"https:\/\/varo.ee\/tooted\/gantner-tooted\/gt7-infoterminal\/#primaryimage"},"image":{"@id":"https:\/\/varo.ee\/tooted\/gantner-tooted\/gt7-infoterminal\/#primaryimage"},"thumbnailUrl":"https:\/\/varo.ee\/wp-content\/uploads\/2023\/11\/infoterm3.png","datePublished":"2023-11-14T19:38:01+00:00","dateModified":"2025-03-03T19:39:40+00:00","breadcrumb":{"@id":"https:\/\/varo.ee\/tooted\/gantner-tooted\/gt7-infoterminal\/#breadcrumb"},"inLanguage":"en-GB","potentialAction":[{"@type":"ReadAction","target":["https:\/\/varo.ee\/tooted\/gantner-tooted\/gt7-infoterminal\/"]}]},{"@type":"ImageObject","inLanguage":"en-GB","@id":"https:\/\/varo.ee\/tooted\/gantner-tooted\/gt7-infoterminal\/#primaryimage","url":"https:\/\/varo.ee\/wp-content\/uploads\/2023\/11\/infoterm3.png","contentUrl":"https:\/\/varo.ee\/wp-content\/uploads\/2023\/11\/infoterm3.png","width":600,"height":800,"caption":"Gantner GT7 infoterminal"},{"@type":"BreadcrumbList","@id":"https:\/\/varo.ee\/tooted\/gantner-tooted\/gt7-infoterminal\/#breadcrumb","itemListElement":[{"@type":"ListItem","position":1,"name":"Avaleht","item":"https:\/\/varo.ee\/"},{"@type":"ListItem","position":2,"name":"Products","item":"https:\/\/varo.ee\/shop\/"},{"@type":"ListItem","position":3,"name":"GT7 infoterminal"}]},{"@type":"WebSite","@id":"https:\/\/varo.ee\/#website","url":"https:\/\/varo.ee\/","name":"Digitaalsed lahendused","description":"Digitaalsed lahendused","publisher":{"@id":"https:\/\/varo.ee\/#organization"},"potentialAction":[{"@type":"SearchAction","target":{"@type":"EntryPoint","urlTemplate":"https:\/\/varo.ee\/?s={search_term_string}"},"query-input":{"@type":"PropertyValueSpecification","valueRequired":true,"valueName":"search_term_string"}}],"inLanguage":"en-GB"},{"@type":"Organization","@id":"https:\/\/varo.ee\/#organization","name":"Digitaalsed lahendused","url":"https:\/\/varo.ee\/","logo":{"@type":"ImageObject","inLanguage":"en-GB","@id":"https:\/\/varo.ee\/#\/schema\/logo\/image\/","url":"https:\/\/varo.ee\/wp-content\/uploads\/2023\/10\/tume_logo.png","contentUrl":"https:\/\/varo.ee\/wp-content\/uploads\/2023\/10\/tume_logo.png","width":350,"height":138,"caption":"Digitaalsed lahendused"},"image":{"@id":"https:\/\/varo.ee\/#\/schema\/logo\/image\/"}}]}},"jetpack_sharing_enabled":true,"_links":{"self":[{"href":"https:\/\/varo.ee\/en\/wp-json\/wp\/v2\/product\/2404","targetHints":{"allow":["GET"]}}],"collection":[{"href":"https:\/\/varo.ee\/en\/wp-json\/wp\/v2\/product"}],"about":[{"href":"https:\/\/varo.ee\/en\/wp-json\/wp\/v2\/types\/product"}],"version-history":[{"count":3,"href":"https:\/\/varo.ee\/en\/wp-json\/wp\/v2\/product\/2404\/revisions"}],"predecessor-version":[{"id":2406,"href":"https:\/\/varo.ee\/en\/wp-json\/wp\/v2\/product\/2404\/revisions\/2406"}],"wp:featuredmedia":[{"embeddable":true,"href":"https:\/\/varo.ee\/en\/wp-json\/wp\/v2\/media\/2401"}],"wp:attachment":[{"href":"https:\/\/varo.ee\/en\/wp-json\/wp\/v2\/media?parent=2404"}],"wp:term":[{"taxonomy":"product_brand","embeddable":true,"href":"https:\/\/varo.ee\/en\/wp-json\/wp\/v2\/product_brand?post=2404"},{"taxonomy":"product_cat","embeddable":true,"href":"https:\/\/varo.ee\/en\/wp-json\/wp\/v2\/product_cat?post=2404"},{"taxonomy":"product_tag","embeddable":true,"href":"https:\/\/varo.ee\/en\/wp-json\/wp\/v2\/product_tag?post=2404"}],"curies":[{"name":"wp","href":"https:\/\/api.w.org\/{rel}","templated":true}]}}