{"id":2393,"date":"2023-11-14T19:25:34","date_gmt":"2023-11-14T19:25:34","guid":{"rendered":"https:\/\/varo.ee\/?post_type=product&#038;p=2393"},"modified":"2025-03-10T09:21:09","modified_gmt":"2025-03-10T09:21:09","slug":"rfid-kaartide-valjastusautomaat-gcd7-1000","status":"publish","type":"product","link":"https:\/\/varo.ee\/en\/tooted\/gantner-tooted\/rfid-kaartide-valjastusautomaat-gcd7-1000\/","title":{"rendered":"Card issuing machine"},"content":{"rendered":"<p>GCD7.1000 on kompaktne jaotusautomaat, mis on m\u00f5eldud RFID-kaartide v\u00e4ljastamiseks n\u00e4iteks ujulates, spaades ja spordiklubides. Seade tagab k\u00fclastajatele mugava ja kontaktivaba identifitseerimise nii sissep\u00e4\u00e4sul kui ka erinevate teenuste kasutamisel.<\/p>","protected":false},"excerpt":{"rendered":"<p><i class=\"far fa-file-pdf\" style=\"padding-right: 10px; font-size: 20px; color: #0088cc;\" aria-hidden=\"true\"><\/i><a style=\"font-weight: bold; color: #0088cc; text-decoration: underline;\" href=\"https:\/\/varo.ee\/wp-content\/uploads\/2025\/03\/DB_GCD7-1000-EN_10.pdf\" target=\"_blank\" rel=\"noopener\">Kaartide v\u00e4ljastusautomaadi GCD7.1000 dokumentatsioon (PDF)<\/a><\/p>\n<p>GCD7.1000 on RFID-kaartide v\u00e4ljastusautomaat, mis sobib n\u00e4iteks ujulatesse, spaadesse ja spordiklubidesse. Seade tagab k\u00fclastajatele mugava ja kontaktivaba identifitseerimise nii sissep\u00e4\u00e4sul kui ka erinevate teenuste kasutamisel.<\/p>\n<ul>\n<li>Automatiseeritud RFID-kaartide v\u00e4ljastamine \u2013 lihtne ja kiire protsess<\/li>\n<li>Mahukas kaartide hoidla \u2013 kuni 550 kaardi jaoks<\/li>\n<li>MIFARE-tehnoloogia \u2013 integreeritud RFID-lugeja<\/li>\n<li>Turvaline PIN-koodi sisestamine \u2013 klaviatuuriga<\/li>\n<li>V\u00f5rgu\u00fchendus \u2013 integreeritud Ethernet-liides<\/li>\n<li>Paindlik haldus \u2013 seadistamine veebiliidese kaudu<\/li>\n<li>GANTNER Cloud integratsioon \u2013 lihtsaks s\u00fcsteemi haldamiseks<\/li>\n<li>Kergesti ligip\u00e4\u00e4setav mehhanism \u2013 mugav kaartide lisamine ja hooldus<\/li>\n<li>Personaalne disain \u2013 esipaneelile saab tellida kohandatud logo v\u00f5i kujunduse<\/li>\n<\/ul>","protected":false},"featured_media":2394,"template":"","meta":{"_monsterinsights_skip_tracking":false,"_monsterinsights_sitenote_active":false,"_monsterinsights_sitenote_note":"","_monsterinsights_sitenote_category":0,"_kadence_starter_templates_imported_post":false,"_kad_post_transparent":"default","_kad_post_title":"","_kad_post_layout":"default","_kad_post_sidebar_id":"","_kad_post_content_style":"default","_kad_post_vertical_padding":"default","_kad_post_feature":"","_kad_post_feature_position":"","_kad_post_header":false,"_kad_post_footer":false,"_kad_post_classname":""},"product_brand":[],"product_cat":[40],"product_tag":[54,56],"class_list":{"0":"post-2393","1":"product","2":"type-product","3":"status-publish","4":"has-post-thumbnail","6":"product_cat-gantner-tooted","7":"product_tag-kiibid","8":"product_tag-kiipide-valjastusautomaat","10":"first","11":"instock","12":"shipping-taxable","13":"product-type-simple","14":"entry","15":"content-bg","16":"loop-entry"},"yoast_head":"<!-- This site is optimized with the Yoast SEO plugin v27.4 - https:\/\/yoast.com\/product\/yoast-seo-wordpress\/ -->\n<title>Kaartide v\u00e4ljastusautomaat - Digitaalsed lahendused<\/title>\n<meta name=\"description\" content=\"GCD7.1000 on automaatne RFID-kaartide v, mis tagab kiire ja mugava kaardiv\u00e4ljastuse spordiklubides, spaades ja muudes vaba aja veetmise asutustes. Mahutab kuni 550 kaarti, integreeritud MIFARE\u00ae lugejaga ja Ethernet-\u00fchendusega.\" \/>\n<meta name=\"robots\" content=\"index, follow, max-snippet:-1, max-image-preview:large, max-video-preview:-1\" \/>\n<link rel=\"canonical\" href=\"https:\/\/varo.ee\/en\/tooted\/gantner-tooted\/rfid-kaartide-valjastusautomaat-gcd7-1000\/\" \/>\n<meta property=\"og:locale\" content=\"en_GB\" \/>\n<meta property=\"og:type\" content=\"article\" \/>\n<meta property=\"og:title\" content=\"Kaartide v\u00e4ljastusautomaat - Digitaalsed lahendused\" \/>\n<meta property=\"og:description\" content=\"GCD7.1000 on automaatne RFID-kaartide v, mis tagab kiire ja mugava kaardiv\u00e4ljastuse spordiklubides, spaades ja muudes vaba aja veetmise asutustes. Mahutab kuni 550 kaarti, integreeritud MIFARE\u00ae lugejaga ja Ethernet-\u00fchendusega.\" \/>\n<meta property=\"og:url\" content=\"https:\/\/varo.ee\/en\/tooted\/gantner-tooted\/rfid-kaartide-valjastusautomaat-gcd7-1000\/\" \/>\n<meta property=\"og:site_name\" content=\"Digitaalsed lahendused\" \/>\n<meta property=\"article:modified_time\" content=\"2025-03-10T09:21:09+00:00\" \/>\n<meta property=\"og:image\" content=\"https:\/\/varo.ee\/wp-content\/uploads\/2023\/11\/valjastusautomaat.png\" \/>\n\t<meta property=\"og:image:width\" content=\"600\" \/>\n\t<meta property=\"og:image:height\" content=\"800\" \/>\n\t<meta property=\"og:image:type\" content=\"image\/png\" \/>\n<meta name=\"twitter:card\" content=\"summary_large_image\" \/>\n<meta name=\"twitter:label1\" content=\"Estimated reading time\" \/>\n\t<meta name=\"twitter:data1\" content=\"1 minute\" \/>\n<script type=\"application\/ld+json\" class=\"yoast-schema-graph\">{\"@context\":\"https:\\\/\\\/schema.org\",\"@graph\":[{\"@type\":\"WebPage\",\"@id\":\"https:\\\/\\\/varo.ee\\\/tooted\\\/gantner-tooted\\\/rfid-kaartide-valjastusautomaat-gcd7-1000\\\/\",\"url\":\"https:\\\/\\\/varo.ee\\\/tooted\\\/gantner-tooted\\\/rfid-kaartide-valjastusautomaat-gcd7-1000\\\/\",\"name\":\"Kaartide v\u00e4ljastusautomaat - Digitaalsed lahendused\",\"isPartOf\":{\"@id\":\"https:\\\/\\\/varo.ee\\\/#website\"},\"primaryImageOfPage\":{\"@id\":\"https:\\\/\\\/varo.ee\\\/tooted\\\/gantner-tooted\\\/rfid-kaartide-valjastusautomaat-gcd7-1000\\\/#primaryimage\"},\"image\":{\"@id\":\"https:\\\/\\\/varo.ee\\\/tooted\\\/gantner-tooted\\\/rfid-kaartide-valjastusautomaat-gcd7-1000\\\/#primaryimage\"},\"thumbnailUrl\":\"https:\\\/\\\/varo.ee\\\/wp-content\\\/uploads\\\/2023\\\/11\\\/valjastusautomaat.png\",\"datePublished\":\"2023-11-14T19:25:34+00:00\",\"dateModified\":\"2025-03-10T09:21:09+00:00\",\"description\":\"GCD7.1000 on automaatne RFID-kaartide v, mis tagab kiire ja mugava kaardiv\u00e4ljastuse spordiklubides, spaades ja muudes vaba aja veetmise asutustes. Mahutab kuni 550 kaarti, integreeritud MIFARE\u00ae lugejaga ja Ethernet-\u00fchendusega.\",\"breadcrumb\":{\"@id\":\"https:\\\/\\\/varo.ee\\\/tooted\\\/gantner-tooted\\\/rfid-kaartide-valjastusautomaat-gcd7-1000\\\/#breadcrumb\"},\"inLanguage\":\"en-GB\",\"potentialAction\":[{\"@type\":\"ReadAction\",\"target\":[\"https:\\\/\\\/varo.ee\\\/tooted\\\/gantner-tooted\\\/rfid-kaartide-valjastusautomaat-gcd7-1000\\\/\"]}]},{\"@type\":\"ImageObject\",\"inLanguage\":\"en-GB\",\"@id\":\"https:\\\/\\\/varo.ee\\\/tooted\\\/gantner-tooted\\\/rfid-kaartide-valjastusautomaat-gcd7-1000\\\/#primaryimage\",\"url\":\"https:\\\/\\\/varo.ee\\\/wp-content\\\/uploads\\\/2023\\\/11\\\/valjastusautomaat.png\",\"contentUrl\":\"https:\\\/\\\/varo.ee\\\/wp-content\\\/uploads\\\/2023\\\/11\\\/valjastusautomaat.png\",\"width\":600,\"height\":800,\"caption\":\"Kaartide v\u00e4ljastusautomaat\"},{\"@type\":\"BreadcrumbList\",\"@id\":\"https:\\\/\\\/varo.ee\\\/tooted\\\/gantner-tooted\\\/rfid-kaartide-valjastusautomaat-gcd7-1000\\\/#breadcrumb\",\"itemListElement\":[{\"@type\":\"ListItem\",\"position\":1,\"name\":\"Avaleht\",\"item\":\"https:\\\/\\\/varo.ee\\\/\"},{\"@type\":\"ListItem\",\"position\":2,\"name\":\"Products\",\"item\":\"https:\\\/\\\/varo.ee\\\/shop\\\/\"},{\"@type\":\"ListItem\",\"position\":3,\"name\":\"Kaartide v\u00e4ljastusautomaat\"}]},{\"@type\":\"WebSite\",\"@id\":\"https:\\\/\\\/varo.ee\\\/#website\",\"url\":\"https:\\\/\\\/varo.ee\\\/\",\"name\":\"Digitaalsed lahendused\",\"description\":\"Digitaalsed lahendused\",\"publisher\":{\"@id\":\"https:\\\/\\\/varo.ee\\\/#organization\"},\"potentialAction\":[{\"@type\":\"SearchAction\",\"target\":{\"@type\":\"EntryPoint\",\"urlTemplate\":\"https:\\\/\\\/varo.ee\\\/?s={search_term_string}\"},\"query-input\":{\"@type\":\"PropertyValueSpecification\",\"valueRequired\":true,\"valueName\":\"search_term_string\"}}],\"inLanguage\":\"en-GB\"},{\"@type\":\"Organization\",\"@id\":\"https:\\\/\\\/varo.ee\\\/#organization\",\"name\":\"Digitaalsed lahendused\",\"url\":\"https:\\\/\\\/varo.ee\\\/\",\"logo\":{\"@type\":\"ImageObject\",\"inLanguage\":\"en-GB\",\"@id\":\"https:\\\/\\\/varo.ee\\\/#\\\/schema\\\/logo\\\/image\\\/\",\"url\":\"https:\\\/\\\/varo.ee\\\/wp-content\\\/uploads\\\/2023\\\/10\\\/tume_logo.png\",\"contentUrl\":\"https:\\\/\\\/varo.ee\\\/wp-content\\\/uploads\\\/2023\\\/10\\\/tume_logo.png\",\"width\":350,\"height\":138,\"caption\":\"Digitaalsed lahendused\"},\"image\":{\"@id\":\"https:\\\/\\\/varo.ee\\\/#\\\/schema\\\/logo\\\/image\\\/\"}}]}<\/script>\n<!-- \/ Yoast SEO plugin. -->","yoast_head_json":{"title":"Kaartide v\u00e4ljastusautomaat - Digitaalsed lahendused","description":"GCD7.1000 on automaatne RFID-kaartide v, mis tagab kiire ja mugava kaardiv\u00e4ljastuse spordiklubides, spaades ja muudes vaba aja veetmise asutustes. Mahutab kuni 550 kaarti, integreeritud MIFARE\u00ae lugejaga ja Ethernet-\u00fchendusega.","robots":{"index":"index","follow":"follow","max-snippet":"max-snippet:-1","max-image-preview":"max-image-preview:large","max-video-preview":"max-video-preview:-1"},"canonical":"https:\/\/varo.ee\/en\/tooted\/gantner-tooted\/rfid-kaartide-valjastusautomaat-gcd7-1000\/","og_locale":"en_GB","og_type":"article","og_title":"Kaartide v\u00e4ljastusautomaat - Digitaalsed lahendused","og_description":"GCD7.1000 on automaatne RFID-kaartide v, mis tagab kiire ja mugava kaardiv\u00e4ljastuse spordiklubides, spaades ja muudes vaba aja veetmise asutustes. Mahutab kuni 550 kaarti, integreeritud MIFARE\u00ae lugejaga ja Ethernet-\u00fchendusega.","og_url":"https:\/\/varo.ee\/en\/tooted\/gantner-tooted\/rfid-kaartide-valjastusautomaat-gcd7-1000\/","og_site_name":"Digitaalsed lahendused","article_modified_time":"2025-03-10T09:21:09+00:00","og_image":[{"width":600,"height":800,"url":"https:\/\/varo.ee\/wp-content\/uploads\/2023\/11\/valjastusautomaat.png","type":"image\/png"}],"twitter_card":"summary_large_image","twitter_misc":{"Estimated reading time":"1 minute"},"schema":{"@context":"https:\/\/schema.org","@graph":[{"@type":"WebPage","@id":"https:\/\/varo.ee\/tooted\/gantner-tooted\/rfid-kaartide-valjastusautomaat-gcd7-1000\/","url":"https:\/\/varo.ee\/tooted\/gantner-tooted\/rfid-kaartide-valjastusautomaat-gcd7-1000\/","name":"Kaartide v\u00e4ljastusautomaat - Digitaalsed lahendused","isPartOf":{"@id":"https:\/\/varo.ee\/#website"},"primaryImageOfPage":{"@id":"https:\/\/varo.ee\/tooted\/gantner-tooted\/rfid-kaartide-valjastusautomaat-gcd7-1000\/#primaryimage"},"image":{"@id":"https:\/\/varo.ee\/tooted\/gantner-tooted\/rfid-kaartide-valjastusautomaat-gcd7-1000\/#primaryimage"},"thumbnailUrl":"https:\/\/varo.ee\/wp-content\/uploads\/2023\/11\/valjastusautomaat.png","datePublished":"2023-11-14T19:25:34+00:00","dateModified":"2025-03-10T09:21:09+00:00","description":"GCD7.1000 on automaatne RFID-kaartide v, mis tagab kiire ja mugava kaardiv\u00e4ljastuse spordiklubides, spaades ja muudes vaba aja veetmise asutustes. Mahutab kuni 550 kaarti, integreeritud MIFARE\u00ae lugejaga ja Ethernet-\u00fchendusega.","breadcrumb":{"@id":"https:\/\/varo.ee\/tooted\/gantner-tooted\/rfid-kaartide-valjastusautomaat-gcd7-1000\/#breadcrumb"},"inLanguage":"en-GB","potentialAction":[{"@type":"ReadAction","target":["https:\/\/varo.ee\/tooted\/gantner-tooted\/rfid-kaartide-valjastusautomaat-gcd7-1000\/"]}]},{"@type":"ImageObject","inLanguage":"en-GB","@id":"https:\/\/varo.ee\/tooted\/gantner-tooted\/rfid-kaartide-valjastusautomaat-gcd7-1000\/#primaryimage","url":"https:\/\/varo.ee\/wp-content\/uploads\/2023\/11\/valjastusautomaat.png","contentUrl":"https:\/\/varo.ee\/wp-content\/uploads\/2023\/11\/valjastusautomaat.png","width":600,"height":800,"caption":"Kaartide v\u00e4ljastusautomaat"},{"@type":"BreadcrumbList","@id":"https:\/\/varo.ee\/tooted\/gantner-tooted\/rfid-kaartide-valjastusautomaat-gcd7-1000\/#breadcrumb","itemListElement":[{"@type":"ListItem","position":1,"name":"Avaleht","item":"https:\/\/varo.ee\/"},{"@type":"ListItem","position":2,"name":"Products","item":"https:\/\/varo.ee\/shop\/"},{"@type":"ListItem","position":3,"name":"Kaartide v\u00e4ljastusautomaat"}]},{"@type":"WebSite","@id":"https:\/\/varo.ee\/#website","url":"https:\/\/varo.ee\/","name":"Digitaalsed lahendused","description":"Digitaalsed lahendused","publisher":{"@id":"https:\/\/varo.ee\/#organization"},"potentialAction":[{"@type":"SearchAction","target":{"@type":"EntryPoint","urlTemplate":"https:\/\/varo.ee\/?s={search_term_string}"},"query-input":{"@type":"PropertyValueSpecification","valueRequired":true,"valueName":"search_term_string"}}],"inLanguage":"en-GB"},{"@type":"Organization","@id":"https:\/\/varo.ee\/#organization","name":"Digitaalsed lahendused","url":"https:\/\/varo.ee\/","logo":{"@type":"ImageObject","inLanguage":"en-GB","@id":"https:\/\/varo.ee\/#\/schema\/logo\/image\/","url":"https:\/\/varo.ee\/wp-content\/uploads\/2023\/10\/tume_logo.png","contentUrl":"https:\/\/varo.ee\/wp-content\/uploads\/2023\/10\/tume_logo.png","width":350,"height":138,"caption":"Digitaalsed lahendused"},"image":{"@id":"https:\/\/varo.ee\/#\/schema\/logo\/image\/"}}]}},"jetpack_sharing_enabled":true,"_links":{"self":[{"href":"https:\/\/varo.ee\/en\/wp-json\/wp\/v2\/product\/2393","targetHints":{"allow":["GET"]}}],"collection":[{"href":"https:\/\/varo.ee\/en\/wp-json\/wp\/v2\/product"}],"about":[{"href":"https:\/\/varo.ee\/en\/wp-json\/wp\/v2\/types\/product"}],"version-history":[{"count":5,"href":"https:\/\/varo.ee\/en\/wp-json\/wp\/v2\/product\/2393\/revisions"}],"predecessor-version":[{"id":2397,"href":"https:\/\/varo.ee\/en\/wp-json\/wp\/v2\/product\/2393\/revisions\/2397"}],"wp:featuredmedia":[{"embeddable":true,"href":"https:\/\/varo.ee\/en\/wp-json\/wp\/v2\/media\/2394"}],"wp:attachment":[{"href":"https:\/\/varo.ee\/en\/wp-json\/wp\/v2\/media?parent=2393"}],"wp:term":[{"taxonomy":"product_brand","embeddable":true,"href":"https:\/\/varo.ee\/en\/wp-json\/wp\/v2\/product_brand?post=2393"},{"taxonomy":"product_cat","embeddable":true,"href":"https:\/\/varo.ee\/en\/wp-json\/wp\/v2\/product_cat?post=2393"},{"taxonomy":"product_tag","embeddable":true,"href":"https:\/\/varo.ee\/en\/wp-json\/wp\/v2\/product_tag?post=2393"}],"curies":[{"name":"wp","href":"https:\/\/api.w.org\/{rel}","templated":true}]}}