{"id":2389,"date":"2023-11-14T19:17:57","date_gmt":"2023-11-14T19:17:57","guid":{"rendered":"https:\/\/varo.ee\/?post_type=product&#038;p=2389"},"modified":"2025-03-03T19:40:40","modified_gmt":"2025-03-03T19:40:40","slug":"kaepaelte-tagastusautomaat","status":"publish","type":"product","link":"https:\/\/varo.ee\/en\/tooted\/kiipide-tagastusautomaat\/kaepaelte-tagastusautomaat\/","title":{"rendered":"K\u00e4epaelte tagastusautomaat"},"content":{"rendered":"<p>GRT7.x300 on vastupidav ja t\u00f5hus RFID-k\u00e4epaelte tagastamise automaat, mis sobib ideaalselt meelelahutuskohtadesse, n\u00e4iteks veeparkidesse, vaba aja keskustesse, ujulatesse ja spordisaalidesse. Automaat paigaldatakse tavaliselt v\u00e4ljap\u00e4\u00e4sude l\u00e4hedusse, kus k\u00fclastajad saavad mugavalt tagastada oma k\u00e4epaelad seadmesse sisestades.<\/p>\n<p>Automaatne protsess tagab kaasaegse ja kasutajas\u00f5braliku kogemuse, v\u00f5imaldades k\u00fclastajatel rajatisest turvaliselt ja kontrollitult v\u00e4ljuda. Operaatoritele pakub seade personali kulude v\u00e4hendamist t\u00e4nu t\u00f5husale t\u00f6\u00f6korraldusele ning kindlust, et k\u00f5ik k\u00fclastuse ajal kasutatud teenused on enne lahkumist tasutud.<\/p>\n<p>GANTNER pakub kahte automaadi versiooni erinevateks rakendusteks:<\/p>\n<ul>\n<li><strong>GRT7.1300<\/strong>: Roostevabast terasest korpusega seisev automaat, mis sisaldab integreeritud kogumiskasti. V\u00f5ib kasutada iseseisvalt v\u00f5i koos p\u00f6\u00f6rdv\u00e4ravaga.<\/li>\n<li><strong>GRT7.2300<\/strong>: T\u00f6\u00f6lauapinnale integreerimiseks m\u00f5eldud automaat, mille all asub kogumiskast. Sobib vastuv\u00f5tulaudadele ja kompaktseks paigalduseks.<\/li>\n<\/ul>","protected":false},"excerpt":{"rendered":"<p><i aria-hidden=\"true\" class=\"far fa-file-pdf\" style=\"padding-right:10px; font-size:20px; color: #0088CC;\"><\/i><span style=\"text-decoration: underline;\"><a href=\"https:\/\/varo.ee\/wp-content\/uploads\/2024\/12\/GRT7-TAGASTUSAUTOMAAT.pdf\" target=\"_blank\" rel=\"noopener\" style=\"font-weight:bold; color: #0088CC; text-decoration: underline;\">GRT7.x300 dokumentatsioon (PDF)<\/a><\/span><\/p>\n<ul>\n<li>T\u00e4isautomaatne protsess k\u00e4epaelte tagastamiseks.<\/li>\n<li>RFID-lugeja tuvastab k\u00e4epaela ja saadab andmed haldustarkvarasse.<\/li>\n<li>Graafiline ekraan ja valgustatud sisestusava juhendavad kasutajat protsessi k\u00e4igus.<\/li>\n<li>V\u00f5imalus integreerida p\u00f6\u00f6rdv\u00e4ravate v\u00f5i v\u00e4ravatega.<\/li>\n<li>V\u00f5imalus kasutada alternatiivina RFID-m\u00fcnte.<\/li>\n<\/ul>","protected":false},"featured_media":6100,"template":"","meta":{"_monsterinsights_skip_tracking":false,"_monsterinsights_sitenote_active":false,"_monsterinsights_sitenote_note":"","_monsterinsights_sitenote_category":0,"_kadence_starter_templates_imported_post":false,"_kad_post_transparent":"default","_kad_post_title":"","_kad_post_layout":"default","_kad_post_sidebar_id":"","_kad_post_content_style":"default","_kad_post_vertical_padding":"default","_kad_post_feature":"","_kad_post_feature_position":"","_kad_post_header":false,"_kad_post_footer":false,"_kad_post_classname":""},"product_brand":[],"product_cat":[40,32],"product_tag":[54,55,64],"class_list":{"0":"post-2389","1":"product","2":"type-product","3":"status-publish","4":"has-post-thumbnail","6":"product_cat-gantner-tooted","7":"product_cat-kiipide-tagastusautomaat","8":"product_tag-kiibid","9":"product_tag-kiipide-tagastusautomaat","10":"product_tag-labipaasususteemid","12":"first","13":"instock","14":"shipping-taxable","15":"product-type-simple","16":"entry","17":"content-bg","18":"loop-entry"},"yoast_head":"<!-- This site is optimized with the Yoast SEO plugin v27.4 - https:\/\/yoast.com\/product\/yoast-seo-wordpress\/ -->\n<title>K\u00e4epaelte tagastusautomaat<\/title>\n<meta name=\"description\" content=\"RFID-k\u00e4epaelte tagastamise s\u00fcsteem GRT7.x300, mis sobib n\u00e4iteks veeparkidesse, spordisaalidesse ja vabaajakeskustesse. K\u00fclastajad saavad mugavalt tagastada oma k\u00e4epaelad tagastusautomaati.\" \/>\n<meta name=\"robots\" content=\"index, follow, max-snippet:-1, max-image-preview:large, max-video-preview:-1\" \/>\n<link rel=\"canonical\" href=\"https:\/\/varo.ee\/en\/tooted\/kiipide-tagastusautomaat\/kaepaelte-tagastusautomaat\/\" \/>\n<meta property=\"og:locale\" content=\"en_GB\" \/>\n<meta property=\"og:type\" content=\"article\" \/>\n<meta property=\"og:title\" content=\"K\u00e4epaelte tagastusautomaat\" \/>\n<meta property=\"og:description\" content=\"RFID-k\u00e4epaelte tagastamise s\u00fcsteem GRT7.x300, mis sobib n\u00e4iteks veeparkidesse, spordisaalidesse ja vabaajakeskustesse. K\u00fclastajad saavad mugavalt tagastada oma k\u00e4epaelad tagastusautomaati.\" \/>\n<meta property=\"og:url\" content=\"https:\/\/varo.ee\/en\/tooted\/kiipide-tagastusautomaat\/kaepaelte-tagastusautomaat\/\" \/>\n<meta property=\"og:site_name\" content=\"Digitaalsed lahendused\" \/>\n<meta property=\"article:modified_time\" content=\"2025-03-03T19:40:40+00:00\" \/>\n<meta property=\"og:image\" content=\"https:\/\/varo.ee\/wp-content\/uploads\/2024\/12\/Tagastusautomaat-GRT7.x300.png\" \/>\n\t<meta property=\"og:image:width\" content=\"600\" \/>\n\t<meta property=\"og:image:height\" content=\"800\" \/>\n\t<meta property=\"og:image:type\" content=\"image\/png\" \/>\n<meta name=\"twitter:card\" content=\"summary_large_image\" \/>\n<meta name=\"twitter:label1\" content=\"Estimated reading time\" \/>\n\t<meta name=\"twitter:data1\" content=\"1 minute\" \/>\n<script type=\"application\/ld+json\" class=\"yoast-schema-graph\">{\"@context\":\"https:\\\/\\\/schema.org\",\"@graph\":[{\"@type\":\"WebPage\",\"@id\":\"https:\\\/\\\/varo.ee\\\/tooted\\\/kiipide-tagastusautomaat\\\/kaepaelte-tagastusautomaat\\\/\",\"url\":\"https:\\\/\\\/varo.ee\\\/tooted\\\/kiipide-tagastusautomaat\\\/kaepaelte-tagastusautomaat\\\/\",\"name\":\"K\u00e4epaelte tagastusautomaat\",\"isPartOf\":{\"@id\":\"https:\\\/\\\/varo.ee\\\/#website\"},\"primaryImageOfPage\":{\"@id\":\"https:\\\/\\\/varo.ee\\\/tooted\\\/kiipide-tagastusautomaat\\\/kaepaelte-tagastusautomaat\\\/#primaryimage\"},\"image\":{\"@id\":\"https:\\\/\\\/varo.ee\\\/tooted\\\/kiipide-tagastusautomaat\\\/kaepaelte-tagastusautomaat\\\/#primaryimage\"},\"thumbnailUrl\":\"https:\\\/\\\/varo.ee\\\/wp-content\\\/uploads\\\/2024\\\/12\\\/Tagastusautomaat-GRT7.x300.png\",\"datePublished\":\"2023-11-14T19:17:57+00:00\",\"dateModified\":\"2025-03-03T19:40:40+00:00\",\"description\":\"RFID-k\u00e4epaelte tagastamise s\u00fcsteem GRT7.x300, mis sobib n\u00e4iteks veeparkidesse, spordisaalidesse ja vabaajakeskustesse. K\u00fclastajad saavad mugavalt tagastada oma k\u00e4epaelad tagastusautomaati.\",\"breadcrumb\":{\"@id\":\"https:\\\/\\\/varo.ee\\\/tooted\\\/kiipide-tagastusautomaat\\\/kaepaelte-tagastusautomaat\\\/#breadcrumb\"},\"inLanguage\":\"en-GB\",\"potentialAction\":[{\"@type\":\"ReadAction\",\"target\":[\"https:\\\/\\\/varo.ee\\\/tooted\\\/kiipide-tagastusautomaat\\\/kaepaelte-tagastusautomaat\\\/\"]}]},{\"@type\":\"ImageObject\",\"inLanguage\":\"en-GB\",\"@id\":\"https:\\\/\\\/varo.ee\\\/tooted\\\/kiipide-tagastusautomaat\\\/kaepaelte-tagastusautomaat\\\/#primaryimage\",\"url\":\"https:\\\/\\\/varo.ee\\\/wp-content\\\/uploads\\\/2024\\\/12\\\/Tagastusautomaat-GRT7.x300.png\",\"contentUrl\":\"https:\\\/\\\/varo.ee\\\/wp-content\\\/uploads\\\/2024\\\/12\\\/Tagastusautomaat-GRT7.x300.png\",\"width\":600,\"height\":800},{\"@type\":\"BreadcrumbList\",\"@id\":\"https:\\\/\\\/varo.ee\\\/tooted\\\/kiipide-tagastusautomaat\\\/kaepaelte-tagastusautomaat\\\/#breadcrumb\",\"itemListElement\":[{\"@type\":\"ListItem\",\"position\":1,\"name\":\"Avaleht\",\"item\":\"https:\\\/\\\/varo.ee\\\/\"},{\"@type\":\"ListItem\",\"position\":2,\"name\":\"Products\",\"item\":\"https:\\\/\\\/varo.ee\\\/shop\\\/\"},{\"@type\":\"ListItem\",\"position\":3,\"name\":\"K\u00e4epaelte tagastusautomaat\"}]},{\"@type\":\"WebSite\",\"@id\":\"https:\\\/\\\/varo.ee\\\/#website\",\"url\":\"https:\\\/\\\/varo.ee\\\/\",\"name\":\"Digitaalsed lahendused\",\"description\":\"Digitaalsed lahendused\",\"publisher\":{\"@id\":\"https:\\\/\\\/varo.ee\\\/#organization\"},\"potentialAction\":[{\"@type\":\"SearchAction\",\"target\":{\"@type\":\"EntryPoint\",\"urlTemplate\":\"https:\\\/\\\/varo.ee\\\/?s={search_term_string}\"},\"query-input\":{\"@type\":\"PropertyValueSpecification\",\"valueRequired\":true,\"valueName\":\"search_term_string\"}}],\"inLanguage\":\"en-GB\"},{\"@type\":\"Organization\",\"@id\":\"https:\\\/\\\/varo.ee\\\/#organization\",\"name\":\"Digitaalsed lahendused\",\"url\":\"https:\\\/\\\/varo.ee\\\/\",\"logo\":{\"@type\":\"ImageObject\",\"inLanguage\":\"en-GB\",\"@id\":\"https:\\\/\\\/varo.ee\\\/#\\\/schema\\\/logo\\\/image\\\/\",\"url\":\"https:\\\/\\\/varo.ee\\\/wp-content\\\/uploads\\\/2023\\\/10\\\/tume_logo.png\",\"contentUrl\":\"https:\\\/\\\/varo.ee\\\/wp-content\\\/uploads\\\/2023\\\/10\\\/tume_logo.png\",\"width\":350,\"height\":138,\"caption\":\"Digitaalsed lahendused\"},\"image\":{\"@id\":\"https:\\\/\\\/varo.ee\\\/#\\\/schema\\\/logo\\\/image\\\/\"}}]}<\/script>\n<!-- \/ Yoast SEO plugin. -->","yoast_head_json":{"title":"K\u00e4epaelte tagastusautomaat","description":"RFID-k\u00e4epaelte tagastamise s\u00fcsteem GRT7.x300, mis sobib n\u00e4iteks veeparkidesse, spordisaalidesse ja vabaajakeskustesse. K\u00fclastajad saavad mugavalt tagastada oma k\u00e4epaelad tagastusautomaati.","robots":{"index":"index","follow":"follow","max-snippet":"max-snippet:-1","max-image-preview":"max-image-preview:large","max-video-preview":"max-video-preview:-1"},"canonical":"https:\/\/varo.ee\/en\/tooted\/kiipide-tagastusautomaat\/kaepaelte-tagastusautomaat\/","og_locale":"en_GB","og_type":"article","og_title":"K\u00e4epaelte tagastusautomaat","og_description":"RFID-k\u00e4epaelte tagastamise s\u00fcsteem GRT7.x300, mis sobib n\u00e4iteks veeparkidesse, spordisaalidesse ja vabaajakeskustesse. K\u00fclastajad saavad mugavalt tagastada oma k\u00e4epaelad tagastusautomaati.","og_url":"https:\/\/varo.ee\/en\/tooted\/kiipide-tagastusautomaat\/kaepaelte-tagastusautomaat\/","og_site_name":"Digitaalsed lahendused","article_modified_time":"2025-03-03T19:40:40+00:00","og_image":[{"width":600,"height":800,"url":"https:\/\/varo.ee\/wp-content\/uploads\/2024\/12\/Tagastusautomaat-GRT7.x300.png","type":"image\/png"}],"twitter_card":"summary_large_image","twitter_misc":{"Estimated reading time":"1 minute"},"schema":{"@context":"https:\/\/schema.org","@graph":[{"@type":"WebPage","@id":"https:\/\/varo.ee\/tooted\/kiipide-tagastusautomaat\/kaepaelte-tagastusautomaat\/","url":"https:\/\/varo.ee\/tooted\/kiipide-tagastusautomaat\/kaepaelte-tagastusautomaat\/","name":"K\u00e4epaelte tagastusautomaat","isPartOf":{"@id":"https:\/\/varo.ee\/#website"},"primaryImageOfPage":{"@id":"https:\/\/varo.ee\/tooted\/kiipide-tagastusautomaat\/kaepaelte-tagastusautomaat\/#primaryimage"},"image":{"@id":"https:\/\/varo.ee\/tooted\/kiipide-tagastusautomaat\/kaepaelte-tagastusautomaat\/#primaryimage"},"thumbnailUrl":"https:\/\/varo.ee\/wp-content\/uploads\/2024\/12\/Tagastusautomaat-GRT7.x300.png","datePublished":"2023-11-14T19:17:57+00:00","dateModified":"2025-03-03T19:40:40+00:00","description":"RFID-k\u00e4epaelte tagastamise s\u00fcsteem GRT7.x300, mis sobib n\u00e4iteks veeparkidesse, spordisaalidesse ja vabaajakeskustesse. K\u00fclastajad saavad mugavalt tagastada oma k\u00e4epaelad tagastusautomaati.","breadcrumb":{"@id":"https:\/\/varo.ee\/tooted\/kiipide-tagastusautomaat\/kaepaelte-tagastusautomaat\/#breadcrumb"},"inLanguage":"en-GB","potentialAction":[{"@type":"ReadAction","target":["https:\/\/varo.ee\/tooted\/kiipide-tagastusautomaat\/kaepaelte-tagastusautomaat\/"]}]},{"@type":"ImageObject","inLanguage":"en-GB","@id":"https:\/\/varo.ee\/tooted\/kiipide-tagastusautomaat\/kaepaelte-tagastusautomaat\/#primaryimage","url":"https:\/\/varo.ee\/wp-content\/uploads\/2024\/12\/Tagastusautomaat-GRT7.x300.png","contentUrl":"https:\/\/varo.ee\/wp-content\/uploads\/2024\/12\/Tagastusautomaat-GRT7.x300.png","width":600,"height":800},{"@type":"BreadcrumbList","@id":"https:\/\/varo.ee\/tooted\/kiipide-tagastusautomaat\/kaepaelte-tagastusautomaat\/#breadcrumb","itemListElement":[{"@type":"ListItem","position":1,"name":"Avaleht","item":"https:\/\/varo.ee\/"},{"@type":"ListItem","position":2,"name":"Products","item":"https:\/\/varo.ee\/shop\/"},{"@type":"ListItem","position":3,"name":"K\u00e4epaelte tagastusautomaat"}]},{"@type":"WebSite","@id":"https:\/\/varo.ee\/#website","url":"https:\/\/varo.ee\/","name":"Digitaalsed lahendused","description":"Digitaalsed lahendused","publisher":{"@id":"https:\/\/varo.ee\/#organization"},"potentialAction":[{"@type":"SearchAction","target":{"@type":"EntryPoint","urlTemplate":"https:\/\/varo.ee\/?s={search_term_string}"},"query-input":{"@type":"PropertyValueSpecification","valueRequired":true,"valueName":"search_term_string"}}],"inLanguage":"en-GB"},{"@type":"Organization","@id":"https:\/\/varo.ee\/#organization","name":"Digitaalsed lahendused","url":"https:\/\/varo.ee\/","logo":{"@type":"ImageObject","inLanguage":"en-GB","@id":"https:\/\/varo.ee\/#\/schema\/logo\/image\/","url":"https:\/\/varo.ee\/wp-content\/uploads\/2023\/10\/tume_logo.png","contentUrl":"https:\/\/varo.ee\/wp-content\/uploads\/2023\/10\/tume_logo.png","width":350,"height":138,"caption":"Digitaalsed lahendused"},"image":{"@id":"https:\/\/varo.ee\/#\/schema\/logo\/image\/"}}]}},"jetpack_sharing_enabled":true,"_links":{"self":[{"href":"https:\/\/varo.ee\/en\/wp-json\/wp\/v2\/product\/2389","targetHints":{"allow":["GET"]}}],"collection":[{"href":"https:\/\/varo.ee\/en\/wp-json\/wp\/v2\/product"}],"about":[{"href":"https:\/\/varo.ee\/en\/wp-json\/wp\/v2\/types\/product"}],"version-history":[{"count":7,"href":"https:\/\/varo.ee\/en\/wp-json\/wp\/v2\/product\/2389\/revisions"}],"predecessor-version":[{"id":2392,"href":"https:\/\/varo.ee\/en\/wp-json\/wp\/v2\/product\/2389\/revisions\/2392"}],"wp:featuredmedia":[{"embeddable":true,"href":"https:\/\/varo.ee\/en\/wp-json\/wp\/v2\/media\/6100"}],"wp:attachment":[{"href":"https:\/\/varo.ee\/en\/wp-json\/wp\/v2\/media?parent=2389"}],"wp:term":[{"taxonomy":"product_brand","embeddable":true,"href":"https:\/\/varo.ee\/en\/wp-json\/wp\/v2\/product_brand?post=2389"},{"taxonomy":"product_cat","embeddable":true,"href":"https:\/\/varo.ee\/en\/wp-json\/wp\/v2\/product_cat?post=2389"},{"taxonomy":"product_tag","embeddable":true,"href":"https:\/\/varo.ee\/en\/wp-json\/wp\/v2\/product_tag?post=2389"}],"curies":[{"name":"wp","href":"https:\/\/api.w.org\/{rel}","templated":true}]}}