{"id":2324,"date":"2023-11-12T22:18:29","date_gmt":"2023-11-12T22:18:29","guid":{"rendered":"https:\/\/varo.ee\/?post_type=product&#038;p=2324"},"modified":"2025-03-03T19:43:52","modified_gmt":"2025-03-03T19:43:52","slug":"gat-eco-lock-7xxx-f-iso","status":"publish","type":"product","link":"https:\/\/varo.ee\/en\/tooted\/gantner-tooted\/gat-eco-lock-7xxx-f-iso\/","title":{"rendered":"GAT ECO.Lock 7xxx F\/ISO"},"content":{"rendered":"<p>The RFID specialist proves once again that GANTNER is a pioneer in cabinet locking technology with its new generation of battery-powered, intuitive electronic cabinet and furniture locks - the GAT ECO.Lock 7xxx.<\/p>\n<p>Since no cabling is required, it can be integrated into almost any cabinet with minimal installation effort. Retrofitting existing cabinets or replacing previously used mechanical locks is easily possible. Customers can easily get an RFID-based electronic cabinet or furniture lock that can be conveniently controlled using an RFID or NFC data carrier.<\/p>\n<p>On request, a wireless interface is available that can be used to read the simplest configurations, reservations and current status, and update the firmware. GAT ECO.Locks can be either freely selectable, permanently assigned or even configured as rental lockers. Thanks to the timer, an automatic opening function is possible, which can be used, for example, for cleaning at night.<\/p>\n<p>The strong lock stores the last 150 bookings and ensures completely reliable data transfer. In addition, it is possible to specify whether the user can occupy only one locker or several lockers. And since GAT ECO.Lock (no key management) involves no administrative costs in managing the locker solution and the system is self-sustaining, personnel costs are kept to a minimum and administrative costs are lower. Especially thanks to the intuitive use of the lock, where you can immediately see which cabinets are free or occupied from the position of the button.<\/p>","protected":false},"excerpt":{"rendered":"<p><i aria-hidden=\"true\" class=\"far fa-file-pdf\" style=\"padding-right:10px; font-size:20px; color: #0088CC;\"><\/i><a href=\"https:\/\/varo.ee\/wp-content\/uploads\/2023\/11\/Gat-EcoLock-7100-dokumentatsioon-PDF.pdf\" target=\"_blank\" rel=\"noopener\" style=\"font-weight:bold; color: #0088CC; text-decoration: underline;\">Gat EcoLock 7100 documentation (PDF)<\/a><\/p>\n<p>\u2022 Clear the status display via push button position<br \/>\n\u2022 Scheduled Use - General unlocking feature<br \/>\n\u2022 Mobile version available - wireless and NFC interface<br \/>\n\u2022 Vandal-proof installation in the cabinet<br \/>\n\u2022 Intuitive and unique one-handed control<br \/>\n\u2022 NFC ready<br \/>\n\u2022 Powered by standard alkaline batteries<br \/>\n\u2022 Different operating modes - freely selectable locker, personal locker or time-limited locker<br \/>\n\u2022 Easy retrofitting of existing cabinets, no wiring, pre-drilled holes can be used<br \/>\n\u2022 Mechanical interlock (motor) for maximum reliability<br \/>\n\u2022 Configuration via computer, data carrier or NFC (MoLA mobile application)<\/p>","protected":false},"featured_media":2327,"template":"","meta":{"_monsterinsights_skip_tracking":false,"_monsterinsights_sitenote_active":false,"_monsterinsights_sitenote_note":"","_monsterinsights_sitenote_category":0,"_kadence_starter_templates_imported_post":false,"_kad_post_transparent":"default","_kad_post_title":"","_kad_post_layout":"default","_kad_post_sidebar_id":"","_kad_post_content_style":"default","_kad_post_vertical_padding":"default","_kad_post_feature":"","_kad_post_feature_position":"","_kad_post_header":false,"_kad_post_footer":false,"_kad_post_classname":""},"product_brand":[],"product_cat":[40],"product_tag":[47],"class_list":{"0":"post-2324","1":"product","2":"type-product","3":"status-publish","4":"has-post-thumbnail","6":"product_cat-gantner-tooted","7":"product_tag-offline-lukud","9":"first","10":"instock","11":"shipping-taxable","12":"product-type-simple","13":"entry","14":"content-bg","15":"loop-entry"},"yoast_head":"<!-- This site is optimized with the Yoast SEO plugin v27.4 - https:\/\/yoast.com\/product\/yoast-seo-wordpress\/ -->\n<title>GAT ECO.Lock 7xxx F\/ISO - Digitaalsed lahendused<\/title>\n<meta name=\"robots\" content=\"index, follow, max-snippet:-1, max-image-preview:large, max-video-preview:-1\" \/>\n<link rel=\"canonical\" href=\"https:\/\/varo.ee\/en\/tooted\/gantner-tooted\/gat-eco-lock-7xxx-f-iso\/\" \/>\n<meta property=\"og:locale\" content=\"en_GB\" \/>\n<meta property=\"og:type\" content=\"article\" \/>\n<meta property=\"og:title\" content=\"GAT ECO.Lock 7xxx F\/ISO - Digitaalsed lahendused\" \/>\n<meta property=\"og:description\" content=\"Gat EcoLock 7100 dokumentatsioon (PDF)  \u2022 T\u00fchjendage olekun\u00e4it surunupu asendi kaudu \u2022 Ajastatud kasutus \u2013 \u00fcldine avamisfunktsioon \u2022 Saadaval mobiiliversioon \u2013 juhtmevaba ja NFC liides \u2022 Vandaalikindel paigaldus \u2022 Intuitiivne ja ainulaadne \u00fche k\u00e4ega juhtimine \u2022 NFC valmidus \u2022 Toide tavaliste leelispatareide kaudu \u2022 Erinevad t\u00f6\u00f6re\u017eiimid \u2013 vabalt valitav kapp, isiklik kapp v\u00f5i ajaliselt piiratud kapp \u2022 Olemasolevate kappide lihtne tagantj\u00e4rele paigaldamine, juhtmestik puudub, saab kasutada eelnevaid auke \u2022 Mehaaniline blokeering (mootor) maksimaalse t\u00f6\u00f6kindluse tagamiseks \u2022 Konfigureerimine arvuti, andmekandja v\u00f5i NFC kaudu (MoLA mobiilirakendus)\" \/>\n<meta property=\"og:url\" content=\"https:\/\/varo.ee\/en\/tooted\/gantner-tooted\/gat-eco-lock-7xxx-f-iso\/\" \/>\n<meta property=\"og:site_name\" content=\"Digitaalsed lahendused\" \/>\n<meta property=\"article:modified_time\" content=\"2025-03-03T19:43:52+00:00\" \/>\n<meta property=\"og:image\" content=\"https:\/\/varo.ee\/wp-content\/uploads\/2023\/11\/1104779_GAT-ECO-Lock-7100-NW-BA-ICLS_1.png\" \/>\n\t<meta property=\"og:image:width\" content=\"600\" \/>\n\t<meta property=\"og:image:height\" content=\"800\" \/>\n\t<meta property=\"og:image:type\" content=\"image\/png\" \/>\n<meta name=\"twitter:card\" content=\"summary_large_image\" \/>\n<meta name=\"twitter:label1\" content=\"Estimated reading time\" \/>\n\t<meta name=\"twitter:data1\" content=\"1 minute\" \/>\n<script type=\"application\/ld+json\" class=\"yoast-schema-graph\">{\"@context\":\"https:\\\/\\\/schema.org\",\"@graph\":[{\"@type\":\"WebPage\",\"@id\":\"https:\\\/\\\/varo.ee\\\/tooted\\\/gantner-tooted\\\/gat-eco-lock-7xxx-f-iso\\\/\",\"url\":\"https:\\\/\\\/varo.ee\\\/tooted\\\/gantner-tooted\\\/gat-eco-lock-7xxx-f-iso\\\/\",\"name\":\"GAT ECO.Lock 7xxx F\\\/ISO - Digitaalsed lahendused\",\"isPartOf\":{\"@id\":\"https:\\\/\\\/varo.ee\\\/#website\"},\"primaryImageOfPage\":{\"@id\":\"https:\\\/\\\/varo.ee\\\/tooted\\\/gantner-tooted\\\/gat-eco-lock-7xxx-f-iso\\\/#primaryimage\"},\"image\":{\"@id\":\"https:\\\/\\\/varo.ee\\\/tooted\\\/gantner-tooted\\\/gat-eco-lock-7xxx-f-iso\\\/#primaryimage\"},\"thumbnailUrl\":\"https:\\\/\\\/varo.ee\\\/wp-content\\\/uploads\\\/2023\\\/11\\\/1104779_GAT-ECO-Lock-7100-NW-BA-ICLS_1.png\",\"datePublished\":\"2023-11-12T22:18:29+00:00\",\"dateModified\":\"2025-03-03T19:43:52+00:00\",\"breadcrumb\":{\"@id\":\"https:\\\/\\\/varo.ee\\\/tooted\\\/gantner-tooted\\\/gat-eco-lock-7xxx-f-iso\\\/#breadcrumb\"},\"inLanguage\":\"en-GB\",\"potentialAction\":[{\"@type\":\"ReadAction\",\"target\":[\"https:\\\/\\\/varo.ee\\\/tooted\\\/gantner-tooted\\\/gat-eco-lock-7xxx-f-iso\\\/\"]}]},{\"@type\":\"ImageObject\",\"inLanguage\":\"en-GB\",\"@id\":\"https:\\\/\\\/varo.ee\\\/tooted\\\/gantner-tooted\\\/gat-eco-lock-7xxx-f-iso\\\/#primaryimage\",\"url\":\"https:\\\/\\\/varo.ee\\\/wp-content\\\/uploads\\\/2023\\\/11\\\/1104779_GAT-ECO-Lock-7100-NW-BA-ICLS_1.png\",\"contentUrl\":\"https:\\\/\\\/varo.ee\\\/wp-content\\\/uploads\\\/2023\\\/11\\\/1104779_GAT-ECO-Lock-7100-NW-BA-ICLS_1.png\",\"width\":600,\"height\":800,\"caption\":\"Gantner GAT ECO Lock 7100\"},{\"@type\":\"BreadcrumbList\",\"@id\":\"https:\\\/\\\/varo.ee\\\/tooted\\\/gantner-tooted\\\/gat-eco-lock-7xxx-f-iso\\\/#breadcrumb\",\"itemListElement\":[{\"@type\":\"ListItem\",\"position\":1,\"name\":\"Avaleht\",\"item\":\"https:\\\/\\\/varo.ee\\\/\"},{\"@type\":\"ListItem\",\"position\":2,\"name\":\"Products\",\"item\":\"https:\\\/\\\/varo.ee\\\/shop\\\/\"},{\"@type\":\"ListItem\",\"position\":3,\"name\":\"GAT ECO.Lock 7xxx F\\\/ISO\"}]},{\"@type\":\"WebSite\",\"@id\":\"https:\\\/\\\/varo.ee\\\/#website\",\"url\":\"https:\\\/\\\/varo.ee\\\/\",\"name\":\"Digitaalsed lahendused\",\"description\":\"Digitaalsed lahendused\",\"publisher\":{\"@id\":\"https:\\\/\\\/varo.ee\\\/#organization\"},\"potentialAction\":[{\"@type\":\"SearchAction\",\"target\":{\"@type\":\"EntryPoint\",\"urlTemplate\":\"https:\\\/\\\/varo.ee\\\/?s={search_term_string}\"},\"query-input\":{\"@type\":\"PropertyValueSpecification\",\"valueRequired\":true,\"valueName\":\"search_term_string\"}}],\"inLanguage\":\"en-GB\"},{\"@type\":\"Organization\",\"@id\":\"https:\\\/\\\/varo.ee\\\/#organization\",\"name\":\"Digitaalsed lahendused\",\"url\":\"https:\\\/\\\/varo.ee\\\/\",\"logo\":{\"@type\":\"ImageObject\",\"inLanguage\":\"en-GB\",\"@id\":\"https:\\\/\\\/varo.ee\\\/#\\\/schema\\\/logo\\\/image\\\/\",\"url\":\"https:\\\/\\\/varo.ee\\\/wp-content\\\/uploads\\\/2023\\\/10\\\/tume_logo.png\",\"contentUrl\":\"https:\\\/\\\/varo.ee\\\/wp-content\\\/uploads\\\/2023\\\/10\\\/tume_logo.png\",\"width\":350,\"height\":138,\"caption\":\"Digitaalsed lahendused\"},\"image\":{\"@id\":\"https:\\\/\\\/varo.ee\\\/#\\\/schema\\\/logo\\\/image\\\/\"}}]}<\/script>\n<!-- \/ Yoast SEO plugin. -->","yoast_head_json":{"title":"GAT ECO.Lock 7xxx F\/ISO - Digitaalsed lahendused","robots":{"index":"index","follow":"follow","max-snippet":"max-snippet:-1","max-image-preview":"max-image-preview:large","max-video-preview":"max-video-preview:-1"},"canonical":"https:\/\/varo.ee\/en\/tooted\/gantner-tooted\/gat-eco-lock-7xxx-f-iso\/","og_locale":"en_GB","og_type":"article","og_title":"GAT ECO.Lock 7xxx F\/ISO - Digitaalsed lahendused","og_description":"Gat EcoLock 7100 dokumentatsioon (PDF)  \u2022 T\u00fchjendage olekun\u00e4it surunupu asendi kaudu \u2022 Ajastatud kasutus \u2013 \u00fcldine avamisfunktsioon \u2022 Saadaval mobiiliversioon \u2013 juhtmevaba ja NFC liides \u2022 Vandaalikindel paigaldus \u2022 Intuitiivne ja ainulaadne \u00fche k\u00e4ega juhtimine \u2022 NFC valmidus \u2022 Toide tavaliste leelispatareide kaudu \u2022 Erinevad t\u00f6\u00f6re\u017eiimid \u2013 vabalt valitav kapp, isiklik kapp v\u00f5i ajaliselt piiratud kapp \u2022 Olemasolevate kappide lihtne tagantj\u00e4rele paigaldamine, juhtmestik puudub, saab kasutada eelnevaid auke \u2022 Mehaaniline blokeering (mootor) maksimaalse t\u00f6\u00f6kindluse tagamiseks \u2022 Konfigureerimine arvuti, andmekandja v\u00f5i NFC kaudu (MoLA mobiilirakendus)","og_url":"https:\/\/varo.ee\/en\/tooted\/gantner-tooted\/gat-eco-lock-7xxx-f-iso\/","og_site_name":"Digitaalsed lahendused","article_modified_time":"2025-03-03T19:43:52+00:00","og_image":[{"width":600,"height":800,"url":"https:\/\/varo.ee\/wp-content\/uploads\/2023\/11\/1104779_GAT-ECO-Lock-7100-NW-BA-ICLS_1.png","type":"image\/png"}],"twitter_card":"summary_large_image","twitter_misc":{"Estimated reading time":"1 minute"},"schema":{"@context":"https:\/\/schema.org","@graph":[{"@type":"WebPage","@id":"https:\/\/varo.ee\/tooted\/gantner-tooted\/gat-eco-lock-7xxx-f-iso\/","url":"https:\/\/varo.ee\/tooted\/gantner-tooted\/gat-eco-lock-7xxx-f-iso\/","name":"GAT ECO.Lock 7xxx F\/ISO - Digitaalsed lahendused","isPartOf":{"@id":"https:\/\/varo.ee\/#website"},"primaryImageOfPage":{"@id":"https:\/\/varo.ee\/tooted\/gantner-tooted\/gat-eco-lock-7xxx-f-iso\/#primaryimage"},"image":{"@id":"https:\/\/varo.ee\/tooted\/gantner-tooted\/gat-eco-lock-7xxx-f-iso\/#primaryimage"},"thumbnailUrl":"https:\/\/varo.ee\/wp-content\/uploads\/2023\/11\/1104779_GAT-ECO-Lock-7100-NW-BA-ICLS_1.png","datePublished":"2023-11-12T22:18:29+00:00","dateModified":"2025-03-03T19:43:52+00:00","breadcrumb":{"@id":"https:\/\/varo.ee\/tooted\/gantner-tooted\/gat-eco-lock-7xxx-f-iso\/#breadcrumb"},"inLanguage":"en-GB","potentialAction":[{"@type":"ReadAction","target":["https:\/\/varo.ee\/tooted\/gantner-tooted\/gat-eco-lock-7xxx-f-iso\/"]}]},{"@type":"ImageObject","inLanguage":"en-GB","@id":"https:\/\/varo.ee\/tooted\/gantner-tooted\/gat-eco-lock-7xxx-f-iso\/#primaryimage","url":"https:\/\/varo.ee\/wp-content\/uploads\/2023\/11\/1104779_GAT-ECO-Lock-7100-NW-BA-ICLS_1.png","contentUrl":"https:\/\/varo.ee\/wp-content\/uploads\/2023\/11\/1104779_GAT-ECO-Lock-7100-NW-BA-ICLS_1.png","width":600,"height":800,"caption":"Gantner GAT ECO Lock 7100"},{"@type":"BreadcrumbList","@id":"https:\/\/varo.ee\/tooted\/gantner-tooted\/gat-eco-lock-7xxx-f-iso\/#breadcrumb","itemListElement":[{"@type":"ListItem","position":1,"name":"Avaleht","item":"https:\/\/varo.ee\/"},{"@type":"ListItem","position":2,"name":"Products","item":"https:\/\/varo.ee\/shop\/"},{"@type":"ListItem","position":3,"name":"GAT ECO.Lock 7xxx F\/ISO"}]},{"@type":"WebSite","@id":"https:\/\/varo.ee\/#website","url":"https:\/\/varo.ee\/","name":"Digitaalsed lahendused","description":"Digitaalsed lahendused","publisher":{"@id":"https:\/\/varo.ee\/#organization"},"potentialAction":[{"@type":"SearchAction","target":{"@type":"EntryPoint","urlTemplate":"https:\/\/varo.ee\/?s={search_term_string}"},"query-input":{"@type":"PropertyValueSpecification","valueRequired":true,"valueName":"search_term_string"}}],"inLanguage":"en-GB"},{"@type":"Organization","@id":"https:\/\/varo.ee\/#organization","name":"Digitaalsed lahendused","url":"https:\/\/varo.ee\/","logo":{"@type":"ImageObject","inLanguage":"en-GB","@id":"https:\/\/varo.ee\/#\/schema\/logo\/image\/","url":"https:\/\/varo.ee\/wp-content\/uploads\/2023\/10\/tume_logo.png","contentUrl":"https:\/\/varo.ee\/wp-content\/uploads\/2023\/10\/tume_logo.png","width":350,"height":138,"caption":"Digitaalsed lahendused"},"image":{"@id":"https:\/\/varo.ee\/#\/schema\/logo\/image\/"}}]}},"jetpack_sharing_enabled":true,"_links":{"self":[{"href":"https:\/\/varo.ee\/en\/wp-json\/wp\/v2\/product\/2324","targetHints":{"allow":["GET"]}}],"collection":[{"href":"https:\/\/varo.ee\/en\/wp-json\/wp\/v2\/product"}],"about":[{"href":"https:\/\/varo.ee\/en\/wp-json\/wp\/v2\/types\/product"}],"version-history":[{"count":3,"href":"https:\/\/varo.ee\/en\/wp-json\/wp\/v2\/product\/2324\/revisions"}],"predecessor-version":[{"id":2330,"href":"https:\/\/varo.ee\/en\/wp-json\/wp\/v2\/product\/2324\/revisions\/2330"}],"wp:featuredmedia":[{"embeddable":true,"href":"https:\/\/varo.ee\/en\/wp-json\/wp\/v2\/media\/2327"}],"wp:attachment":[{"href":"https:\/\/varo.ee\/en\/wp-json\/wp\/v2\/media?parent=2324"}],"wp:term":[{"taxonomy":"product_brand","embeddable":true,"href":"https:\/\/varo.ee\/en\/wp-json\/wp\/v2\/product_brand?post=2324"},{"taxonomy":"product_cat","embeddable":true,"href":"https:\/\/varo.ee\/en\/wp-json\/wp\/v2\/product_cat?post=2324"},{"taxonomy":"product_tag","embeddable":true,"href":"https:\/\/varo.ee\/en\/wp-json\/wp\/v2\/product_tag?post=2324"}],"curies":[{"name":"wp","href":"https:\/\/api.w.org\/{rel}","templated":true}]}}