{"id":2317,"date":"2023-11-12T22:05:28","date_gmt":"2023-11-12T22:05:28","guid":{"rendered":"https:\/\/varo.ee\/?post_type=product&#038;p=2317"},"modified":"2025-10-22T16:34:03","modified_gmt":"2025-10-22T16:34:03","slug":"gl7p-koodlukk","status":"publish","type":"product","link":"https:\/\/varo.ee\/en\/tooted\/gantner-tooted\/gl7p-koodlukk\/","title":{"rendered":"GL7p elektrooniline koodlukk lokkerile"},"content":{"rendered":"<p>GL7p koodlukk on akutoitel elektrooniline RFID kapilukk, mis on saadaval nii PIN-koodi klahvistikuga kui ka ilma. See koodlukk on ideaalne lahendus turvaliseks, kulut\u00f5husaks ja intuitiivseks isiklike asjade hoiustamiseks igat t\u00fc\u00fcpi kappides. GL7p kapilukk ei vaja kaableid ja on lihtne paigaldada olemasolevatesse kapis\u00fcsteemidesse, kasutades varasemaid mehaaniliste lukkude kinnitusavasid.<\/p>\n<p>Lukk t\u00f6\u00f6tab RFID (NFC) andmekandjate ja\/v\u00f5i PIN-koodiga, pakkudes paindlikkust ja erinevaid turvatasemeid. V\u00f5imalik on kasutada ainult PIN-koodi, samuti segakasutust, kus \u00fcks lukk t\u00f6\u00f6tab nii PIN-koodiga kui ka ilma andmekandjata. Koodlukk pakub t\u00e4iendavat mugavust, kuna kapi olek (h\u00f5ivatud v\u00f5i vaba) on selgelt n\u00e4htav lukunupu asendi j\u00e4rgi.<\/p>\n<p>Erinevad seadistusv\u00f5imalused, nagu USB liides, programmeerimisandmekandja, NFC\/\u00e4pi v\u00f5i juhtmevaba liides, muudavad koodluku haldamise lihtsaks ja kiireks. T\u00e4nu madala energiatarbega tehnoloogiale on \u00fche aku kasutusiga kuni 10 aastat, mis aitab v\u00e4hendada halduskulusid. GL7p koodlukk on hea lahendus RFID-juurdep\u00e4\u00e4su ja sularahata makses\u00fcsteemide integreerimiseks, pakkudes t\u00e4iendavat turvalisust ja mugavust.<\/p>","protected":false},"excerpt":{"rendered":"<p><i class=\"far fa-file-pdf\" style=\"padding-right: 10px; font-size: 20px; color: #0088cc;\" aria-hidden=\"true\"><\/i><a style=\"font-weight: bold; color: #0088cc; text-decoration: underline;\" href=\"https:\/\/varo.ee\/wp-content\/uploads\/2023\/11\/GL7-luku-dokumentatsioon-PDF.pdf\" target=\"_blank\" rel=\"noopener\">GL7 lock documentation (PDF)<\/a><\/p>\n<p>\u2022 With and without PIN keypad - mixed application<br \/>\n\u2022 Network variant - wireless interface<br \/>\n\u2022 Kapi olek n\u00e4htav surunupu asendi j\u00e4rgi<br \/>\n\u2022 Elegant low profile design - intuitive control<br \/>\n\u2022 Maintenance-free low-power technology<br \/>\n\u2022 Lihtne paigaldada olemasolevatesse kappidesse \u2013 kaablit ei vajata<br \/>\n\u2022 Mehaaniline lukk (mootor) tagab t\u00f6\u00f6kindluse<br \/>\n\u2022 Konfigureerimine arvuti, andmekandja v\u00f5i NFC kaudu<br \/>\n\u2022 Master card handling also with a PIN code variant<\/p>","protected":false},"featured_media":2318,"template":"","meta":{"_monsterinsights_skip_tracking":false,"_monsterinsights_sitenote_active":false,"_monsterinsights_sitenote_note":"","_monsterinsights_sitenote_category":0,"_kadence_starter_templates_imported_post":false,"_kad_post_transparent":"default","_kad_post_title":"","_kad_post_layout":"default","_kad_post_sidebar_id":"","_kad_post_content_style":"default","_kad_post_vertical_padding":"default","_kad_post_feature":"","_kad_post_feature_position":"","_kad_post_header":false,"_kad_post_footer":false,"_kad_post_classname":""},"product_brand":[],"product_cat":[40],"product_tag":[63,47],"class_list":{"0":"post-2317","1":"product","2":"type-product","3":"status-publish","4":"has-post-thumbnail","6":"product_cat-gantner-tooted","7":"product_tag-koodlukud","8":"product_tag-offline-lukud","10":"first","11":"instock","12":"shipping-taxable","13":"product-type-simple","14":"entry","15":"content-bg","16":"loop-entry"},"yoast_head":"<!-- This site is optimized with the Yoast SEO plugin v27.4 - https:\/\/yoast.com\/product\/yoast-seo-wordpress\/ -->\n<title>GL7p elektrooniline koodlukk lokkerile - Digitaalsed lahendused<\/title>\n<meta name=\"description\" content=\"GL7p koodlukk on akutoitel elektrooniline RFID kapilukk, mis t\u00f6\u00f6tab PIN-koodiga ja NFC andmekandjatega. Lihtne paigaldada ja hallata, energiat\u00f5hus lahendus.\" \/>\n<meta name=\"robots\" content=\"index, follow, max-snippet:-1, max-image-preview:large, max-video-preview:-1\" \/>\n<link rel=\"canonical\" href=\"https:\/\/varo.ee\/en\/tooted\/gantner-tooted\/gl7p-koodlukk\/\" \/>\n<meta property=\"og:locale\" content=\"en_GB\" \/>\n<meta property=\"og:type\" content=\"article\" \/>\n<meta property=\"og:title\" content=\"GL7p elektrooniline koodlukk lokkerile - Digitaalsed lahendused\" \/>\n<meta property=\"og:description\" content=\"GL7p koodlukk on akutoitel elektrooniline RFID kapilukk, mis t\u00f6\u00f6tab PIN-koodiga ja NFC andmekandjatega. Lihtne paigaldada ja hallata, energiat\u00f5hus lahendus.\" \/>\n<meta property=\"og:url\" content=\"https:\/\/varo.ee\/en\/tooted\/gantner-tooted\/gl7p-koodlukk\/\" \/>\n<meta property=\"og:site_name\" content=\"Digitaalsed lahendused\" \/>\n<meta property=\"article:modified_time\" content=\"2025-10-22T16:34:03+00:00\" \/>\n<meta property=\"og:image\" content=\"https:\/\/varo.ee\/wp-content\/uploads\/2023\/11\/GL7p.png\" \/>\n\t<meta property=\"og:image:width\" content=\"600\" \/>\n\t<meta property=\"og:image:height\" content=\"800\" \/>\n\t<meta property=\"og:image:type\" content=\"image\/png\" \/>\n<meta name=\"twitter:card\" content=\"summary_large_image\" \/>\n<meta name=\"twitter:label1\" content=\"Estimated reading time\" \/>\n\t<meta name=\"twitter:data1\" content=\"1 minute\" \/>\n<script type=\"application\/ld+json\" class=\"yoast-schema-graph\">{\"@context\":\"https:\\\/\\\/schema.org\",\"@graph\":[{\"@type\":\"WebPage\",\"@id\":\"https:\\\/\\\/varo.ee\\\/tooted\\\/gantner-tooted\\\/gl7p-koodlukk\\\/\",\"url\":\"https:\\\/\\\/varo.ee\\\/tooted\\\/gantner-tooted\\\/gl7p-koodlukk\\\/\",\"name\":\"GL7p elektrooniline koodlukk lokkerile - Digitaalsed lahendused\",\"isPartOf\":{\"@id\":\"https:\\\/\\\/varo.ee\\\/#website\"},\"primaryImageOfPage\":{\"@id\":\"https:\\\/\\\/varo.ee\\\/tooted\\\/gantner-tooted\\\/gl7p-koodlukk\\\/#primaryimage\"},\"image\":{\"@id\":\"https:\\\/\\\/varo.ee\\\/tooted\\\/gantner-tooted\\\/gl7p-koodlukk\\\/#primaryimage\"},\"thumbnailUrl\":\"https:\\\/\\\/varo.ee\\\/wp-content\\\/uploads\\\/2023\\\/11\\\/GL7p.png\",\"datePublished\":\"2023-11-12T22:05:28+00:00\",\"dateModified\":\"2025-10-22T16:34:03+00:00\",\"description\":\"GL7p koodlukk on akutoitel elektrooniline RFID kapilukk, mis t\u00f6\u00f6tab PIN-koodiga ja NFC andmekandjatega. Lihtne paigaldada ja hallata, energiat\u00f5hus lahendus.\",\"breadcrumb\":{\"@id\":\"https:\\\/\\\/varo.ee\\\/tooted\\\/gantner-tooted\\\/gl7p-koodlukk\\\/#breadcrumb\"},\"inLanguage\":\"en-GB\",\"potentialAction\":[{\"@type\":\"ReadAction\",\"target\":[\"https:\\\/\\\/varo.ee\\\/tooted\\\/gantner-tooted\\\/gl7p-koodlukk\\\/\"]}]},{\"@type\":\"ImageObject\",\"inLanguage\":\"en-GB\",\"@id\":\"https:\\\/\\\/varo.ee\\\/tooted\\\/gantner-tooted\\\/gl7p-koodlukk\\\/#primaryimage\",\"url\":\"https:\\\/\\\/varo.ee\\\/wp-content\\\/uploads\\\/2023\\\/11\\\/GL7p.png\",\"contentUrl\":\"https:\\\/\\\/varo.ee\\\/wp-content\\\/uploads\\\/2023\\\/11\\\/GL7p.png\",\"width\":600,\"height\":800,\"caption\":\"Gantner GL7p elektrooniline koodlukk lokkerile\"},{\"@type\":\"BreadcrumbList\",\"@id\":\"https:\\\/\\\/varo.ee\\\/tooted\\\/gantner-tooted\\\/gl7p-koodlukk\\\/#breadcrumb\",\"itemListElement\":[{\"@type\":\"ListItem\",\"position\":1,\"name\":\"Avaleht\",\"item\":\"https:\\\/\\\/varo.ee\\\/\"},{\"@type\":\"ListItem\",\"position\":2,\"name\":\"Products\",\"item\":\"https:\\\/\\\/varo.ee\\\/shop\\\/\"},{\"@type\":\"ListItem\",\"position\":3,\"name\":\"GL7p elektrooniline koodlukk lokkerile\"}]},{\"@type\":\"WebSite\",\"@id\":\"https:\\\/\\\/varo.ee\\\/#website\",\"url\":\"https:\\\/\\\/varo.ee\\\/\",\"name\":\"Digitaalsed lahendused\",\"description\":\"Digitaalsed lahendused\",\"publisher\":{\"@id\":\"https:\\\/\\\/varo.ee\\\/#organization\"},\"potentialAction\":[{\"@type\":\"SearchAction\",\"target\":{\"@type\":\"EntryPoint\",\"urlTemplate\":\"https:\\\/\\\/varo.ee\\\/?s={search_term_string}\"},\"query-input\":{\"@type\":\"PropertyValueSpecification\",\"valueRequired\":true,\"valueName\":\"search_term_string\"}}],\"inLanguage\":\"en-GB\"},{\"@type\":\"Organization\",\"@id\":\"https:\\\/\\\/varo.ee\\\/#organization\",\"name\":\"Digitaalsed lahendused\",\"url\":\"https:\\\/\\\/varo.ee\\\/\",\"logo\":{\"@type\":\"ImageObject\",\"inLanguage\":\"en-GB\",\"@id\":\"https:\\\/\\\/varo.ee\\\/#\\\/schema\\\/logo\\\/image\\\/\",\"url\":\"https:\\\/\\\/varo.ee\\\/wp-content\\\/uploads\\\/2023\\\/10\\\/tume_logo.png\",\"contentUrl\":\"https:\\\/\\\/varo.ee\\\/wp-content\\\/uploads\\\/2023\\\/10\\\/tume_logo.png\",\"width\":350,\"height\":138,\"caption\":\"Digitaalsed lahendused\"},\"image\":{\"@id\":\"https:\\\/\\\/varo.ee\\\/#\\\/schema\\\/logo\\\/image\\\/\"}}]}<\/script>\n<!-- \/ Yoast SEO plugin. -->","yoast_head_json":{"title":"GL7p elektrooniline koodlukk lokkerile - Digitaalsed lahendused","description":"GL7p koodlukk on akutoitel elektrooniline RFID kapilukk, mis t\u00f6\u00f6tab PIN-koodiga ja NFC andmekandjatega. Lihtne paigaldada ja hallata, energiat\u00f5hus lahendus.","robots":{"index":"index","follow":"follow","max-snippet":"max-snippet:-1","max-image-preview":"max-image-preview:large","max-video-preview":"max-video-preview:-1"},"canonical":"https:\/\/varo.ee\/en\/tooted\/gantner-tooted\/gl7p-koodlukk\/","og_locale":"en_GB","og_type":"article","og_title":"GL7p elektrooniline koodlukk lokkerile - Digitaalsed lahendused","og_description":"GL7p koodlukk on akutoitel elektrooniline RFID kapilukk, mis t\u00f6\u00f6tab PIN-koodiga ja NFC andmekandjatega. Lihtne paigaldada ja hallata, energiat\u00f5hus lahendus.","og_url":"https:\/\/varo.ee\/en\/tooted\/gantner-tooted\/gl7p-koodlukk\/","og_site_name":"Digitaalsed lahendused","article_modified_time":"2025-10-22T16:34:03+00:00","og_image":[{"width":600,"height":800,"url":"https:\/\/varo.ee\/wp-content\/uploads\/2023\/11\/GL7p.png","type":"image\/png"}],"twitter_card":"summary_large_image","twitter_misc":{"Estimated reading time":"1 minute"},"schema":{"@context":"https:\/\/schema.org","@graph":[{"@type":"WebPage","@id":"https:\/\/varo.ee\/tooted\/gantner-tooted\/gl7p-koodlukk\/","url":"https:\/\/varo.ee\/tooted\/gantner-tooted\/gl7p-koodlukk\/","name":"GL7p elektrooniline koodlukk lokkerile - Digitaalsed lahendused","isPartOf":{"@id":"https:\/\/varo.ee\/#website"},"primaryImageOfPage":{"@id":"https:\/\/varo.ee\/tooted\/gantner-tooted\/gl7p-koodlukk\/#primaryimage"},"image":{"@id":"https:\/\/varo.ee\/tooted\/gantner-tooted\/gl7p-koodlukk\/#primaryimage"},"thumbnailUrl":"https:\/\/varo.ee\/wp-content\/uploads\/2023\/11\/GL7p.png","datePublished":"2023-11-12T22:05:28+00:00","dateModified":"2025-10-22T16:34:03+00:00","description":"GL7p koodlukk on akutoitel elektrooniline RFID kapilukk, mis t\u00f6\u00f6tab PIN-koodiga ja NFC andmekandjatega. Lihtne paigaldada ja hallata, energiat\u00f5hus lahendus.","breadcrumb":{"@id":"https:\/\/varo.ee\/tooted\/gantner-tooted\/gl7p-koodlukk\/#breadcrumb"},"inLanguage":"en-GB","potentialAction":[{"@type":"ReadAction","target":["https:\/\/varo.ee\/tooted\/gantner-tooted\/gl7p-koodlukk\/"]}]},{"@type":"ImageObject","inLanguage":"en-GB","@id":"https:\/\/varo.ee\/tooted\/gantner-tooted\/gl7p-koodlukk\/#primaryimage","url":"https:\/\/varo.ee\/wp-content\/uploads\/2023\/11\/GL7p.png","contentUrl":"https:\/\/varo.ee\/wp-content\/uploads\/2023\/11\/GL7p.png","width":600,"height":800,"caption":"Gantner GL7p elektrooniline koodlukk lokkerile"},{"@type":"BreadcrumbList","@id":"https:\/\/varo.ee\/tooted\/gantner-tooted\/gl7p-koodlukk\/#breadcrumb","itemListElement":[{"@type":"ListItem","position":1,"name":"Avaleht","item":"https:\/\/varo.ee\/"},{"@type":"ListItem","position":2,"name":"Products","item":"https:\/\/varo.ee\/shop\/"},{"@type":"ListItem","position":3,"name":"GL7p elektrooniline koodlukk lokkerile"}]},{"@type":"WebSite","@id":"https:\/\/varo.ee\/#website","url":"https:\/\/varo.ee\/","name":"Digitaalsed lahendused","description":"Digitaalsed lahendused","publisher":{"@id":"https:\/\/varo.ee\/#organization"},"potentialAction":[{"@type":"SearchAction","target":{"@type":"EntryPoint","urlTemplate":"https:\/\/varo.ee\/?s={search_term_string}"},"query-input":{"@type":"PropertyValueSpecification","valueRequired":true,"valueName":"search_term_string"}}],"inLanguage":"en-GB"},{"@type":"Organization","@id":"https:\/\/varo.ee\/#organization","name":"Digitaalsed lahendused","url":"https:\/\/varo.ee\/","logo":{"@type":"ImageObject","inLanguage":"en-GB","@id":"https:\/\/varo.ee\/#\/schema\/logo\/image\/","url":"https:\/\/varo.ee\/wp-content\/uploads\/2023\/10\/tume_logo.png","contentUrl":"https:\/\/varo.ee\/wp-content\/uploads\/2023\/10\/tume_logo.png","width":350,"height":138,"caption":"Digitaalsed lahendused"},"image":{"@id":"https:\/\/varo.ee\/#\/schema\/logo\/image\/"}}]}},"jetpack_sharing_enabled":true,"_links":{"self":[{"href":"https:\/\/varo.ee\/en\/wp-json\/wp\/v2\/product\/2317","targetHints":{"allow":["GET"]}}],"collection":[{"href":"https:\/\/varo.ee\/en\/wp-json\/wp\/v2\/product"}],"about":[{"href":"https:\/\/varo.ee\/en\/wp-json\/wp\/v2\/types\/product"}],"version-history":[{"count":7,"href":"https:\/\/varo.ee\/en\/wp-json\/wp\/v2\/product\/2317\/revisions"}],"predecessor-version":[{"id":2321,"href":"https:\/\/varo.ee\/en\/wp-json\/wp\/v2\/product\/2317\/revisions\/2321"}],"wp:featuredmedia":[{"embeddable":true,"href":"https:\/\/varo.ee\/en\/wp-json\/wp\/v2\/media\/2318"}],"wp:attachment":[{"href":"https:\/\/varo.ee\/en\/wp-json\/wp\/v2\/media?parent=2317"}],"wp:term":[{"taxonomy":"product_brand","embeddable":true,"href":"https:\/\/varo.ee\/en\/wp-json\/wp\/v2\/product_brand?post=2317"},{"taxonomy":"product_cat","embeddable":true,"href":"https:\/\/varo.ee\/en\/wp-json\/wp\/v2\/product_cat?post=2317"},{"taxonomy":"product_tag","embeddable":true,"href":"https:\/\/varo.ee\/en\/wp-json\/wp\/v2\/product_tag?post=2317"}],"curies":[{"name":"wp","href":"https:\/\/api.w.org\/{rel}","templated":true}]}}