{"id":2301,"date":"2023-11-12T21:00:29","date_gmt":"2023-11-12T21:00:29","guid":{"rendered":"https:\/\/varo.ee\/?post_type=product&#038;p=2301"},"modified":"2025-04-10T14:33:55","modified_gmt":"2025-04-10T14:33:55","slug":"eloxx-relaxx","status":"publish","type":"product","link":"https:\/\/varo.ee\/en\/tooted\/gantner-tooted\/eloxx-relaxx\/","title":{"rendered":"eLoxx Relaxx tarkvara"},"content":{"rendered":"<p class=\"\" data-start=\"1010\" data-end=\"1167\">eLoxx Relaxx tarkvara sobib n\u00e4iteks spordiklubidesse, koolidesse, t\u00f6\u00f6stusettev\u00f5tetesse ja kontoritesse \u2013 k\u00f5ikjale, kus on vaja hallata hoiuruume. Relaxx t\u00f6\u00f6tab Windowsi operatsioonis\u00fcsteemidel ning kasutab andmebaasina Microsoft SQL Serverit. Veebiliidese kasutamiseks peab s\u00fcsteemis olema lubatud IIS serverikomponendid ning soovituslik on kasutada kr\u00fcpteeritud \u00fchendust (TLS-sertifikaat).<\/p>","protected":false},"excerpt":{"rendered":"<p><i class=\"far fa-file-pdf\" style=\"padding-right: 10px; font-size: 20px; color: #0088cc;\" aria-hidden=\"true\"><\/i><a style=\"font-weight: bold; color: #0088cc; text-decoration: underline;\" href=\"https:\/\/varo.ee\/wp-content\/uploads\/2025\/04\/DB_RELAXX-EN_36.pdf\" target=\"_blank\" rel=\"noopener\">eLoxx Relaxx tarkvara dokumentatsioon (PDF)<\/a><\/p>\n<p><strong data-start=\"134\" data-end=\"144\">eLoxx Relaxx<\/strong> tarkvaraga on v\u00f5imalik hallata GANTNERi kapilukus\u00fcsteeme nagu n\u00e4iteks <strong data-start=\"245\" data-end=\"266\">GAT NET.Lock 70&#215;0<\/strong> ja <strong data-start=\"270\" data-end=\"293\">GAT SMART.Lock 700x<\/strong>. T\u00e4nu kasutajas\u00f5bralikule graafilisele liidesele saab administraator j\u00e4lgida kapikasutust, m\u00e4\u00e4rata ligip\u00e4\u00e4su\u00f5igusi, hallata kasutajaid ning konfigureerida lukke mugavalt oma t\u00f6\u00f6jaamast.<\/p>\n<ul>\n<li class=\"\" data-start=\"511\" data-end=\"560\">\n<p class=\"\" data-start=\"513\" data-end=\"560\">Keskne juhtimine kogu kapilukus\u00fcsteemi ulatuses<\/p>\n<\/li>\n<li class=\"\" data-start=\"561\" data-end=\"624\">\n<p class=\"\" data-start=\"563\" data-end=\"624\">Kaugj\u00e4lgimine ja -juhtimine t\u00f6\u00f6jaamast v\u00f5i veebiliidese kaudu<\/p>\n<\/li>\n<li class=\"\" data-start=\"625\" data-end=\"719\">\n<p class=\"\" data-start=\"627\" data-end=\"719\">V\u00f5imalus seadistada erinevaid kasutaja\u00f5igusi ja t\u00f6\u00f6re\u017eiime (isiklikud, vabad v\u00f5i rendikapid)<\/p>\n<\/li>\n<li class=\"\" data-start=\"720\" data-end=\"776\">\n<p class=\"\" data-start=\"722\" data-end=\"776\">Turvalisus: murdvarguse alarmeerimine mitmes t\u00f6\u00f6jaamas<\/p>\n<\/li>\n<li class=\"\" data-start=\"777\" data-end=\"832\">\n<p class=\"\" data-start=\"779\" data-end=\"832\">Detailne kasutusstatistika koos graafilise esitlusega<\/p>\n<\/li>\n<li class=\"\" data-start=\"833\" data-end=\"877\">\n<p class=\"\" data-start=\"835\" data-end=\"877\">Lihtne mitme kasutajaga t\u00f6\u00f6 ja rollihaldus<\/p>\n<\/li>\n<li class=\"\" data-start=\"878\" data-end=\"935\">\n<p class=\"\" data-start=\"880\" data-end=\"935\">Rakendus LockPal v\u00f5imaldab juhtida kappe mobiilseadmest<\/p>\n<\/li>\n<li class=\"\" data-start=\"936\" data-end=\"981\">\n<p class=\"\" data-start=\"938\" data-end=\"981\">Laiendatav API abil (Enterprise versioonis)<\/p>\n<\/li>\n<\/ul>","protected":false},"featured_media":2310,"template":"","meta":{"_monsterinsights_skip_tracking":false,"_monsterinsights_sitenote_active":false,"_monsterinsights_sitenote_note":"","_monsterinsights_sitenote_category":0,"_kadence_starter_templates_imported_post":false,"_kad_post_transparent":"default","_kad_post_title":"","_kad_post_layout":"default","_kad_post_sidebar_id":"","_kad_post_content_style":"default","_kad_post_vertical_padding":"default","_kad_post_feature":"","_kad_post_feature_position":"","_kad_post_header":false,"_kad_post_footer":false,"_kad_post_classname":""},"product_brand":[],"product_cat":[40],"product_tag":[48,49],"class_list":{"0":"post-2301","1":"product","2":"type-product","3":"status-publish","4":"has-post-thumbnail","6":"product_cat-gantner-tooted","7":"product_tag-online-lukud","8":"product_tag-tarkvara","10":"first","11":"instock","12":"shipping-taxable","13":"product-type-simple","14":"entry","15":"content-bg","16":"loop-entry"},"yoast_head":"<!-- This site is optimized with the Yoast SEO plugin v27.4 - https:\/\/yoast.com\/product\/yoast-seo-wordpress\/ -->\n<title>eLoxx Relaxx tarkvara - Digitaalsed lahendused<\/title>\n<meta name=\"description\" content=\"eLoxx Relaxx on GANTNERi haldustarkvara kapilukus\u00fcsteemidele, pakkudes turvalist ja mugavat kaugjuhtimist ning kasutajahaldust.\" \/>\n<meta name=\"robots\" content=\"index, follow, max-snippet:-1, max-image-preview:large, max-video-preview:-1\" \/>\n<link rel=\"canonical\" href=\"https:\/\/varo.ee\/en\/tooted\/gantner-tooted\/eloxx-relaxx\/\" \/>\n<meta property=\"og:locale\" content=\"en_GB\" \/>\n<meta property=\"og:type\" content=\"article\" \/>\n<meta property=\"og:title\" content=\"eLoxx Relaxx tarkvara - Digitaalsed lahendused\" \/>\n<meta property=\"og:description\" content=\"eLoxx Relaxx on GANTNERi haldustarkvara kapilukus\u00fcsteemidele, pakkudes turvalist ja mugavat kaugjuhtimist ning kasutajahaldust.\" \/>\n<meta property=\"og:url\" content=\"https:\/\/varo.ee\/en\/tooted\/gantner-tooted\/eloxx-relaxx\/\" \/>\n<meta property=\"og:site_name\" content=\"Digitaalsed lahendused\" \/>\n<meta property=\"article:modified_time\" content=\"2025-04-10T14:33:55+00:00\" \/>\n<meta property=\"og:image\" content=\"https:\/\/varo.ee\/wp-content\/uploads\/2023\/11\/Relaxx-1-m.png\" \/>\n\t<meta property=\"og:image:width\" content=\"600\" \/>\n\t<meta property=\"og:image:height\" content=\"800\" \/>\n\t<meta property=\"og:image:type\" content=\"image\/png\" \/>\n<meta name=\"twitter:card\" content=\"summary_large_image\" \/>\n<meta name=\"twitter:label1\" content=\"Estimated reading time\" \/>\n\t<meta name=\"twitter:data1\" content=\"1 minute\" \/>\n<script type=\"application\/ld+json\" class=\"yoast-schema-graph\">{\"@context\":\"https:\\\/\\\/schema.org\",\"@graph\":[{\"@type\":\"WebPage\",\"@id\":\"https:\\\/\\\/varo.ee\\\/tooted\\\/gantner-tooted\\\/eloxx-relaxx\\\/\",\"url\":\"https:\\\/\\\/varo.ee\\\/tooted\\\/gantner-tooted\\\/eloxx-relaxx\\\/\",\"name\":\"eLoxx Relaxx tarkvara - Digitaalsed lahendused\",\"isPartOf\":{\"@id\":\"https:\\\/\\\/varo.ee\\\/#website\"},\"primaryImageOfPage\":{\"@id\":\"https:\\\/\\\/varo.ee\\\/tooted\\\/gantner-tooted\\\/eloxx-relaxx\\\/#primaryimage\"},\"image\":{\"@id\":\"https:\\\/\\\/varo.ee\\\/tooted\\\/gantner-tooted\\\/eloxx-relaxx\\\/#primaryimage\"},\"thumbnailUrl\":\"https:\\\/\\\/varo.ee\\\/wp-content\\\/uploads\\\/2023\\\/11\\\/Relaxx-1-m.png\",\"datePublished\":\"2023-11-12T21:00:29+00:00\",\"dateModified\":\"2025-04-10T14:33:55+00:00\",\"description\":\"eLoxx Relaxx on GANTNERi haldustarkvara kapilukus\u00fcsteemidele, pakkudes turvalist ja mugavat kaugjuhtimist ning kasutajahaldust.\",\"breadcrumb\":{\"@id\":\"https:\\\/\\\/varo.ee\\\/tooted\\\/gantner-tooted\\\/eloxx-relaxx\\\/#breadcrumb\"},\"inLanguage\":\"en-GB\",\"potentialAction\":[{\"@type\":\"ReadAction\",\"target\":[\"https:\\\/\\\/varo.ee\\\/tooted\\\/gantner-tooted\\\/eloxx-relaxx\\\/\"]}]},{\"@type\":\"ImageObject\",\"inLanguage\":\"en-GB\",\"@id\":\"https:\\\/\\\/varo.ee\\\/tooted\\\/gantner-tooted\\\/eloxx-relaxx\\\/#primaryimage\",\"url\":\"https:\\\/\\\/varo.ee\\\/wp-content\\\/uploads\\\/2023\\\/11\\\/Relaxx-1-m.png\",\"contentUrl\":\"https:\\\/\\\/varo.ee\\\/wp-content\\\/uploads\\\/2023\\\/11\\\/Relaxx-1-m.png\",\"width\":600,\"height\":800,\"caption\":\"Gantner Gat Relaxx tarkvara\"},{\"@type\":\"BreadcrumbList\",\"@id\":\"https:\\\/\\\/varo.ee\\\/tooted\\\/gantner-tooted\\\/eloxx-relaxx\\\/#breadcrumb\",\"itemListElement\":[{\"@type\":\"ListItem\",\"position\":1,\"name\":\"Avaleht\",\"item\":\"https:\\\/\\\/varo.ee\\\/\"},{\"@type\":\"ListItem\",\"position\":2,\"name\":\"Products\",\"item\":\"https:\\\/\\\/varo.ee\\\/shop\\\/\"},{\"@type\":\"ListItem\",\"position\":3,\"name\":\"eLoxx Relaxx tarkvara\"}]},{\"@type\":\"WebSite\",\"@id\":\"https:\\\/\\\/varo.ee\\\/#website\",\"url\":\"https:\\\/\\\/varo.ee\\\/\",\"name\":\"Digitaalsed lahendused\",\"description\":\"Digitaalsed lahendused\",\"publisher\":{\"@id\":\"https:\\\/\\\/varo.ee\\\/#organization\"},\"potentialAction\":[{\"@type\":\"SearchAction\",\"target\":{\"@type\":\"EntryPoint\",\"urlTemplate\":\"https:\\\/\\\/varo.ee\\\/?s={search_term_string}\"},\"query-input\":{\"@type\":\"PropertyValueSpecification\",\"valueRequired\":true,\"valueName\":\"search_term_string\"}}],\"inLanguage\":\"en-GB\"},{\"@type\":\"Organization\",\"@id\":\"https:\\\/\\\/varo.ee\\\/#organization\",\"name\":\"Digitaalsed lahendused\",\"url\":\"https:\\\/\\\/varo.ee\\\/\",\"logo\":{\"@type\":\"ImageObject\",\"inLanguage\":\"en-GB\",\"@id\":\"https:\\\/\\\/varo.ee\\\/#\\\/schema\\\/logo\\\/image\\\/\",\"url\":\"https:\\\/\\\/varo.ee\\\/wp-content\\\/uploads\\\/2023\\\/10\\\/tume_logo.png\",\"contentUrl\":\"https:\\\/\\\/varo.ee\\\/wp-content\\\/uploads\\\/2023\\\/10\\\/tume_logo.png\",\"width\":350,\"height\":138,\"caption\":\"Digitaalsed lahendused\"},\"image\":{\"@id\":\"https:\\\/\\\/varo.ee\\\/#\\\/schema\\\/logo\\\/image\\\/\"}}]}<\/script>\n<!-- \/ Yoast SEO plugin. -->","yoast_head_json":{"title":"eLoxx Relaxx tarkvara - Digitaalsed lahendused","description":"eLoxx Relaxx on GANTNERi haldustarkvara kapilukus\u00fcsteemidele, pakkudes turvalist ja mugavat kaugjuhtimist ning kasutajahaldust.","robots":{"index":"index","follow":"follow","max-snippet":"max-snippet:-1","max-image-preview":"max-image-preview:large","max-video-preview":"max-video-preview:-1"},"canonical":"https:\/\/varo.ee\/en\/tooted\/gantner-tooted\/eloxx-relaxx\/","og_locale":"en_GB","og_type":"article","og_title":"eLoxx Relaxx tarkvara - Digitaalsed lahendused","og_description":"eLoxx Relaxx on GANTNERi haldustarkvara kapilukus\u00fcsteemidele, pakkudes turvalist ja mugavat kaugjuhtimist ning kasutajahaldust.","og_url":"https:\/\/varo.ee\/en\/tooted\/gantner-tooted\/eloxx-relaxx\/","og_site_name":"Digitaalsed lahendused","article_modified_time":"2025-04-10T14:33:55+00:00","og_image":[{"width":600,"height":800,"url":"https:\/\/varo.ee\/wp-content\/uploads\/2023\/11\/Relaxx-1-m.png","type":"image\/png"}],"twitter_card":"summary_large_image","twitter_misc":{"Estimated reading time":"1 minute"},"schema":{"@context":"https:\/\/schema.org","@graph":[{"@type":"WebPage","@id":"https:\/\/varo.ee\/tooted\/gantner-tooted\/eloxx-relaxx\/","url":"https:\/\/varo.ee\/tooted\/gantner-tooted\/eloxx-relaxx\/","name":"eLoxx Relaxx tarkvara - Digitaalsed lahendused","isPartOf":{"@id":"https:\/\/varo.ee\/#website"},"primaryImageOfPage":{"@id":"https:\/\/varo.ee\/tooted\/gantner-tooted\/eloxx-relaxx\/#primaryimage"},"image":{"@id":"https:\/\/varo.ee\/tooted\/gantner-tooted\/eloxx-relaxx\/#primaryimage"},"thumbnailUrl":"https:\/\/varo.ee\/wp-content\/uploads\/2023\/11\/Relaxx-1-m.png","datePublished":"2023-11-12T21:00:29+00:00","dateModified":"2025-04-10T14:33:55+00:00","description":"eLoxx Relaxx on GANTNERi haldustarkvara kapilukus\u00fcsteemidele, pakkudes turvalist ja mugavat kaugjuhtimist ning kasutajahaldust.","breadcrumb":{"@id":"https:\/\/varo.ee\/tooted\/gantner-tooted\/eloxx-relaxx\/#breadcrumb"},"inLanguage":"en-GB","potentialAction":[{"@type":"ReadAction","target":["https:\/\/varo.ee\/tooted\/gantner-tooted\/eloxx-relaxx\/"]}]},{"@type":"ImageObject","inLanguage":"en-GB","@id":"https:\/\/varo.ee\/tooted\/gantner-tooted\/eloxx-relaxx\/#primaryimage","url":"https:\/\/varo.ee\/wp-content\/uploads\/2023\/11\/Relaxx-1-m.png","contentUrl":"https:\/\/varo.ee\/wp-content\/uploads\/2023\/11\/Relaxx-1-m.png","width":600,"height":800,"caption":"Gantner Gat Relaxx tarkvara"},{"@type":"BreadcrumbList","@id":"https:\/\/varo.ee\/tooted\/gantner-tooted\/eloxx-relaxx\/#breadcrumb","itemListElement":[{"@type":"ListItem","position":1,"name":"Avaleht","item":"https:\/\/varo.ee\/"},{"@type":"ListItem","position":2,"name":"Products","item":"https:\/\/varo.ee\/shop\/"},{"@type":"ListItem","position":3,"name":"eLoxx Relaxx tarkvara"}]},{"@type":"WebSite","@id":"https:\/\/varo.ee\/#website","url":"https:\/\/varo.ee\/","name":"Digitaalsed lahendused","description":"Digitaalsed lahendused","publisher":{"@id":"https:\/\/varo.ee\/#organization"},"potentialAction":[{"@type":"SearchAction","target":{"@type":"EntryPoint","urlTemplate":"https:\/\/varo.ee\/?s={search_term_string}"},"query-input":{"@type":"PropertyValueSpecification","valueRequired":true,"valueName":"search_term_string"}}],"inLanguage":"en-GB"},{"@type":"Organization","@id":"https:\/\/varo.ee\/#organization","name":"Digitaalsed lahendused","url":"https:\/\/varo.ee\/","logo":{"@type":"ImageObject","inLanguage":"en-GB","@id":"https:\/\/varo.ee\/#\/schema\/logo\/image\/","url":"https:\/\/varo.ee\/wp-content\/uploads\/2023\/10\/tume_logo.png","contentUrl":"https:\/\/varo.ee\/wp-content\/uploads\/2023\/10\/tume_logo.png","width":350,"height":138,"caption":"Digitaalsed lahendused"},"image":{"@id":"https:\/\/varo.ee\/#\/schema\/logo\/image\/"}}]}},"jetpack_sharing_enabled":true,"_links":{"self":[{"href":"https:\/\/varo.ee\/en\/wp-json\/wp\/v2\/product\/2301","targetHints":{"allow":["GET"]}}],"collection":[{"href":"https:\/\/varo.ee\/en\/wp-json\/wp\/v2\/product"}],"about":[{"href":"https:\/\/varo.ee\/en\/wp-json\/wp\/v2\/types\/product"}],"version-history":[{"count":5,"href":"https:\/\/varo.ee\/en\/wp-json\/wp\/v2\/product\/2301\/revisions"}],"predecessor-version":[{"id":2305,"href":"https:\/\/varo.ee\/en\/wp-json\/wp\/v2\/product\/2301\/revisions\/2305"}],"wp:featuredmedia":[{"embeddable":true,"href":"https:\/\/varo.ee\/en\/wp-json\/wp\/v2\/media\/2310"}],"wp:attachment":[{"href":"https:\/\/varo.ee\/en\/wp-json\/wp\/v2\/media?parent=2301"}],"wp:term":[{"taxonomy":"product_brand","embeddable":true,"href":"https:\/\/varo.ee\/en\/wp-json\/wp\/v2\/product_brand?post=2301"},{"taxonomy":"product_cat","embeddable":true,"href":"https:\/\/varo.ee\/en\/wp-json\/wp\/v2\/product_cat?post=2301"},{"taxonomy":"product_tag","embeddable":true,"href":"https:\/\/varo.ee\/en\/wp-json\/wp\/v2\/product_tag?post=2301"}],"curies":[{"name":"wp","href":"https:\/\/api.w.org\/{rel}","templated":true}]}}