{"id":2289,"date":"2023-11-12T20:29:32","date_gmt":"2023-11-12T20:29:32","guid":{"rendered":"https:\/\/varo.ee\/?post_type=product&#038;p=2289"},"modified":"2025-03-03T19:45:41","modified_gmt":"2025-03-03T19:45:41","slug":"net-controller-7020","status":"publish","type":"product","link":"https:\/\/varo.ee\/en\/tooted\/gantner-tooted\/net-controller-7020\/","title":{"rendered":"NET.Controller 7020"},"content":{"rendered":"<p>GAT NET.Controller M 7020 (main controller) and GAT NET. Controller S 7020 (sub-controller) units are used to connect and control GANTNER's latest generation of innovative electronic cabinet locks - GAT NET.Lock 7020.<\/p>\n<p>Controllers can operate in network or stand-alone mode. In network mode, the controllers communicate with the host computer\/server. The master controller acts as a communication bridge between the host computer\/server and the slave controllers. In stand-alone mode, no master controller is required; the sub-controller and connected locks operate autonomously according to their configuration.<\/p>\n<p>Flexibility is provided by different sub-controller models that support two RFID frequencies (13.56 MHz and 125 kHz) and all popular technologies (LEGIC, MIFARE\u00ae, ISO 15693 and HID iCLASS\u00ae).<\/p>\n<p>Each master controller can control up to 8 sub-controllers and 192 locks with a maximum cable length of 800 m. A lightweight version of the slave and master controller is available to reduce the cost and complexity of smaller MIFARE\u00ae\/ISO systems.<\/p>\n<p>In network mode, slave controllers receive media information through connected locks. This data is sent via the master controller to the computer\/server for authorization. The current state of the cabinet system is also transmitted to the computer\/server, thereby enabling the visualization of the state of each cabinet via computer software (eg GAT Relaxx). The failover feature for online mode ensures that work continues if communication with the computer\/server is lost.<\/p>\n<p>In stand-alone operation, GAT NET.Lock 7020 locks work similarly to the GANTNER battery lock. Lock configuration is possible with GAT Config Manager software or wireless communication locks (e.g. via MoLA application or configuration media).<\/p>\n<p>&nbsp;<\/p>","protected":false},"excerpt":{"rendered":"<p><i aria-hidden=\"true\" class=\"far fa-file-pdf\" style=\"padding-right:10px; font-size:20px; color: #0088CC;\"><\/i><a href=\"https:\/\/varo.ee\/wp-content\/uploads\/2023\/11\/NET.CONTROLLER-7020-LED-USB-lukule-dokumentatsioon-PDF.pdf\" target=\"_blank\" rel=\"noopener\" style=\"font-weight:bold; color: #0088CC; text-decoration: underline;\">NET.CONTROLLER 7020 LED USB lukule dokumentatsioon (PDF)<\/a><\/p>\n<p>\u2022 All popular RFID technologies are supported (13.56 MHz and 125 kHz) - LEGIC, MIFARE\u00ae, ISO 15693, HID iCLASS\u00ae<br \/>\n\u2022 Two controller types for up to 12 or 24 locks per controller<br \/>\n\u2022 Standalone mode supported<br \/>\n\u2022 Connecting locks via industry standard MOLEX connectors<br \/>\n\u2022 LED status indicator<br \/>\n\u2022 Easy integration into GAT Relaxx locker management software<br \/>\n\u2022 Able to update firmware via host interface<br \/>\n\u2022 Diagnostic system to identify lock problems<br \/>\n\u2022 Integration with alarm system (cabinet break-in alarm system)<br \/>\n\u2022 The strong housing is also suitable for wall mounting<\/p>","protected":false},"featured_media":2291,"template":"","meta":{"_monsterinsights_skip_tracking":false,"_monsterinsights_sitenote_active":false,"_monsterinsights_sitenote_note":"","_monsterinsights_sitenote_category":0,"_kadence_starter_templates_imported_post":false,"_kad_post_transparent":"default","_kad_post_title":"","_kad_post_layout":"default","_kad_post_sidebar_id":"","_kad_post_content_style":"default","_kad_post_vertical_padding":"default","_kad_post_feature":"","_kad_post_feature_position":"","_kad_post_header":false,"_kad_post_footer":false,"_kad_post_classname":""},"product_brand":[],"product_cat":[40],"product_tag":[48],"class_list":{"0":"post-2289","1":"product","2":"type-product","3":"status-publish","4":"has-post-thumbnail","6":"product_cat-gantner-tooted","7":"product_tag-online-lukud","9":"first","10":"instock","11":"shipping-taxable","12":"product-type-simple","13":"entry","14":"content-bg","15":"loop-entry"},"yoast_head":"<!-- This site is optimized with the Yoast SEO plugin v27.4 - https:\/\/yoast.com\/product\/yoast-seo-wordpress\/ -->\n<title>NET.Controller 7020 - Digitaalsed lahendused<\/title>\n<meta name=\"robots\" content=\"index, follow, max-snippet:-1, max-image-preview:large, max-video-preview:-1\" \/>\n<link rel=\"canonical\" href=\"https:\/\/varo.ee\/en\/tooted\/gantner-tooted\/net-controller-7020\/\" \/>\n<meta property=\"og:locale\" content=\"en_GB\" \/>\n<meta property=\"og:type\" content=\"article\" \/>\n<meta property=\"og:title\" content=\"NET.Controller 7020 - Digitaalsed lahendused\" \/>\n<meta property=\"og:description\" content=\"NET.CONTROLLER 7020 LED USB lukule dokumentatsioon (PDF)  \u2022 Toetatud on k\u00f5ik populaarsed RFID-tehnoloogiad (13,56 MHz ja 125 kHz) \u2013 LEGIC, MIFARE\u00ae, ISO 15693, HID iCLASS\u00ae \u2022 Kaks kontrollerit\u00fc\u00fcpi kuni 12 v\u00f5i 24 luku jaoks kontrolleri kohta \u2022 Toetatud eraldiseisev re\u017eiim \u2022 Lukkude \u00fchendamine t\u00f6\u00f6stusstandardi MOLEX pistikute kaudu \u2022 LED olekun\u00e4idik \u2022 Lihtne integreerimine GAT Relaxxi kapihaldusse\u00a0tarkvara \u2022 V\u00f5imalik v\u00e4rskendada p\u00fcsivara hosti liidese kaudu \u2022 Diagnostikas\u00fcsteem lukuprobleemide tuvastamiseks \u2022 Integreerimine signalisatsiooniga (kapi sissemurdmise signalisatsioon) \u2022 Tugev korpus sobib ka seinale kinnitamiseks\" \/>\n<meta property=\"og:url\" content=\"https:\/\/varo.ee\/en\/tooted\/gantner-tooted\/net-controller-7020\/\" \/>\n<meta property=\"og:site_name\" content=\"Digitaalsed lahendused\" \/>\n<meta property=\"article:modified_time\" content=\"2025-03-03T19:45:41+00:00\" \/>\n<meta property=\"og:image\" content=\"https:\/\/varo.ee\/wp-content\/uploads\/2023\/11\/1101689_GAT-SMART-Controller-S-7020_0.png\" \/>\n\t<meta property=\"og:image:width\" content=\"600\" \/>\n\t<meta property=\"og:image:height\" content=\"800\" \/>\n\t<meta property=\"og:image:type\" content=\"image\/png\" \/>\n<meta name=\"twitter:card\" content=\"summary_large_image\" \/>\n<meta name=\"twitter:label1\" content=\"Estimated reading time\" \/>\n\t<meta name=\"twitter:data1\" content=\"2 minutes\" \/>\n<script type=\"application\/ld+json\" class=\"yoast-schema-graph\">{\"@context\":\"https:\\\/\\\/schema.org\",\"@graph\":[{\"@type\":\"WebPage\",\"@id\":\"https:\\\/\\\/varo.ee\\\/tooted\\\/gantner-tooted\\\/net-controller-7020\\\/\",\"url\":\"https:\\\/\\\/varo.ee\\\/tooted\\\/gantner-tooted\\\/net-controller-7020\\\/\",\"name\":\"NET.Controller 7020 - Digitaalsed lahendused\",\"isPartOf\":{\"@id\":\"https:\\\/\\\/varo.ee\\\/#website\"},\"primaryImageOfPage\":{\"@id\":\"https:\\\/\\\/varo.ee\\\/tooted\\\/gantner-tooted\\\/net-controller-7020\\\/#primaryimage\"},\"image\":{\"@id\":\"https:\\\/\\\/varo.ee\\\/tooted\\\/gantner-tooted\\\/net-controller-7020\\\/#primaryimage\"},\"thumbnailUrl\":\"https:\\\/\\\/varo.ee\\\/wp-content\\\/uploads\\\/2023\\\/11\\\/1101689_GAT-SMART-Controller-S-7020_0.png\",\"datePublished\":\"2023-11-12T20:29:32+00:00\",\"dateModified\":\"2025-03-03T19:45:41+00:00\",\"breadcrumb\":{\"@id\":\"https:\\\/\\\/varo.ee\\\/tooted\\\/gantner-tooted\\\/net-controller-7020\\\/#breadcrumb\"},\"inLanguage\":\"en-GB\",\"potentialAction\":[{\"@type\":\"ReadAction\",\"target\":[\"https:\\\/\\\/varo.ee\\\/tooted\\\/gantner-tooted\\\/net-controller-7020\\\/\"]}]},{\"@type\":\"ImageObject\",\"inLanguage\":\"en-GB\",\"@id\":\"https:\\\/\\\/varo.ee\\\/tooted\\\/gantner-tooted\\\/net-controller-7020\\\/#primaryimage\",\"url\":\"https:\\\/\\\/varo.ee\\\/wp-content\\\/uploads\\\/2023\\\/11\\\/1101689_GAT-SMART-Controller-S-7020_0.png\",\"contentUrl\":\"https:\\\/\\\/varo.ee\\\/wp-content\\\/uploads\\\/2023\\\/11\\\/1101689_GAT-SMART-Controller-S-7020_0.png\",\"width\":600,\"height\":800,\"caption\":\"Gantner GAT SMART Controller S 7020\"},{\"@type\":\"BreadcrumbList\",\"@id\":\"https:\\\/\\\/varo.ee\\\/tooted\\\/gantner-tooted\\\/net-controller-7020\\\/#breadcrumb\",\"itemListElement\":[{\"@type\":\"ListItem\",\"position\":1,\"name\":\"Avaleht\",\"item\":\"https:\\\/\\\/varo.ee\\\/\"},{\"@type\":\"ListItem\",\"position\":2,\"name\":\"Products\",\"item\":\"https:\\\/\\\/varo.ee\\\/shop\\\/\"},{\"@type\":\"ListItem\",\"position\":3,\"name\":\"NET.Controller 7020\"}]},{\"@type\":\"WebSite\",\"@id\":\"https:\\\/\\\/varo.ee\\\/#website\",\"url\":\"https:\\\/\\\/varo.ee\\\/\",\"name\":\"Digitaalsed lahendused\",\"description\":\"Digitaalsed lahendused\",\"publisher\":{\"@id\":\"https:\\\/\\\/varo.ee\\\/#organization\"},\"potentialAction\":[{\"@type\":\"SearchAction\",\"target\":{\"@type\":\"EntryPoint\",\"urlTemplate\":\"https:\\\/\\\/varo.ee\\\/?s={search_term_string}\"},\"query-input\":{\"@type\":\"PropertyValueSpecification\",\"valueRequired\":true,\"valueName\":\"search_term_string\"}}],\"inLanguage\":\"en-GB\"},{\"@type\":\"Organization\",\"@id\":\"https:\\\/\\\/varo.ee\\\/#organization\",\"name\":\"Digitaalsed lahendused\",\"url\":\"https:\\\/\\\/varo.ee\\\/\",\"logo\":{\"@type\":\"ImageObject\",\"inLanguage\":\"en-GB\",\"@id\":\"https:\\\/\\\/varo.ee\\\/#\\\/schema\\\/logo\\\/image\\\/\",\"url\":\"https:\\\/\\\/varo.ee\\\/wp-content\\\/uploads\\\/2023\\\/10\\\/tume_logo.png\",\"contentUrl\":\"https:\\\/\\\/varo.ee\\\/wp-content\\\/uploads\\\/2023\\\/10\\\/tume_logo.png\",\"width\":350,\"height\":138,\"caption\":\"Digitaalsed lahendused\"},\"image\":{\"@id\":\"https:\\\/\\\/varo.ee\\\/#\\\/schema\\\/logo\\\/image\\\/\"}}]}<\/script>\n<!-- \/ Yoast SEO plugin. -->","yoast_head_json":{"title":"NET.Controller 7020 - Digitaalsed lahendused","robots":{"index":"index","follow":"follow","max-snippet":"max-snippet:-1","max-image-preview":"max-image-preview:large","max-video-preview":"max-video-preview:-1"},"canonical":"https:\/\/varo.ee\/en\/tooted\/gantner-tooted\/net-controller-7020\/","og_locale":"en_GB","og_type":"article","og_title":"NET.Controller 7020 - Digitaalsed lahendused","og_description":"NET.CONTROLLER 7020 LED USB lukule dokumentatsioon (PDF)  \u2022 Toetatud on k\u00f5ik populaarsed RFID-tehnoloogiad (13,56 MHz ja 125 kHz) \u2013 LEGIC, MIFARE\u00ae, ISO 15693, HID iCLASS\u00ae \u2022 Kaks kontrollerit\u00fc\u00fcpi kuni 12 v\u00f5i 24 luku jaoks kontrolleri kohta \u2022 Toetatud eraldiseisev re\u017eiim \u2022 Lukkude \u00fchendamine t\u00f6\u00f6stusstandardi MOLEX pistikute kaudu \u2022 LED olekun\u00e4idik \u2022 Lihtne integreerimine GAT Relaxxi kapihaldusse\u00a0tarkvara \u2022 V\u00f5imalik v\u00e4rskendada p\u00fcsivara hosti liidese kaudu \u2022 Diagnostikas\u00fcsteem lukuprobleemide tuvastamiseks \u2022 Integreerimine signalisatsiooniga (kapi sissemurdmise signalisatsioon) \u2022 Tugev korpus sobib ka seinale kinnitamiseks","og_url":"https:\/\/varo.ee\/en\/tooted\/gantner-tooted\/net-controller-7020\/","og_site_name":"Digitaalsed lahendused","article_modified_time":"2025-03-03T19:45:41+00:00","og_image":[{"width":600,"height":800,"url":"https:\/\/varo.ee\/wp-content\/uploads\/2023\/11\/1101689_GAT-SMART-Controller-S-7020_0.png","type":"image\/png"}],"twitter_card":"summary_large_image","twitter_misc":{"Estimated reading time":"2 minutes"},"schema":{"@context":"https:\/\/schema.org","@graph":[{"@type":"WebPage","@id":"https:\/\/varo.ee\/tooted\/gantner-tooted\/net-controller-7020\/","url":"https:\/\/varo.ee\/tooted\/gantner-tooted\/net-controller-7020\/","name":"NET.Controller 7020 - Digitaalsed lahendused","isPartOf":{"@id":"https:\/\/varo.ee\/#website"},"primaryImageOfPage":{"@id":"https:\/\/varo.ee\/tooted\/gantner-tooted\/net-controller-7020\/#primaryimage"},"image":{"@id":"https:\/\/varo.ee\/tooted\/gantner-tooted\/net-controller-7020\/#primaryimage"},"thumbnailUrl":"https:\/\/varo.ee\/wp-content\/uploads\/2023\/11\/1101689_GAT-SMART-Controller-S-7020_0.png","datePublished":"2023-11-12T20:29:32+00:00","dateModified":"2025-03-03T19:45:41+00:00","breadcrumb":{"@id":"https:\/\/varo.ee\/tooted\/gantner-tooted\/net-controller-7020\/#breadcrumb"},"inLanguage":"en-GB","potentialAction":[{"@type":"ReadAction","target":["https:\/\/varo.ee\/tooted\/gantner-tooted\/net-controller-7020\/"]}]},{"@type":"ImageObject","inLanguage":"en-GB","@id":"https:\/\/varo.ee\/tooted\/gantner-tooted\/net-controller-7020\/#primaryimage","url":"https:\/\/varo.ee\/wp-content\/uploads\/2023\/11\/1101689_GAT-SMART-Controller-S-7020_0.png","contentUrl":"https:\/\/varo.ee\/wp-content\/uploads\/2023\/11\/1101689_GAT-SMART-Controller-S-7020_0.png","width":600,"height":800,"caption":"Gantner GAT SMART Controller S 7020"},{"@type":"BreadcrumbList","@id":"https:\/\/varo.ee\/tooted\/gantner-tooted\/net-controller-7020\/#breadcrumb","itemListElement":[{"@type":"ListItem","position":1,"name":"Avaleht","item":"https:\/\/varo.ee\/"},{"@type":"ListItem","position":2,"name":"Products","item":"https:\/\/varo.ee\/shop\/"},{"@type":"ListItem","position":3,"name":"NET.Controller 7020"}]},{"@type":"WebSite","@id":"https:\/\/varo.ee\/#website","url":"https:\/\/varo.ee\/","name":"Digitaalsed lahendused","description":"Digitaalsed lahendused","publisher":{"@id":"https:\/\/varo.ee\/#organization"},"potentialAction":[{"@type":"SearchAction","target":{"@type":"EntryPoint","urlTemplate":"https:\/\/varo.ee\/?s={search_term_string}"},"query-input":{"@type":"PropertyValueSpecification","valueRequired":true,"valueName":"search_term_string"}}],"inLanguage":"en-GB"},{"@type":"Organization","@id":"https:\/\/varo.ee\/#organization","name":"Digitaalsed lahendused","url":"https:\/\/varo.ee\/","logo":{"@type":"ImageObject","inLanguage":"en-GB","@id":"https:\/\/varo.ee\/#\/schema\/logo\/image\/","url":"https:\/\/varo.ee\/wp-content\/uploads\/2023\/10\/tume_logo.png","contentUrl":"https:\/\/varo.ee\/wp-content\/uploads\/2023\/10\/tume_logo.png","width":350,"height":138,"caption":"Digitaalsed lahendused"},"image":{"@id":"https:\/\/varo.ee\/#\/schema\/logo\/image\/"}}]}},"jetpack_sharing_enabled":true,"_links":{"self":[{"href":"https:\/\/varo.ee\/en\/wp-json\/wp\/v2\/product\/2289","targetHints":{"allow":["GET"]}}],"collection":[{"href":"https:\/\/varo.ee\/en\/wp-json\/wp\/v2\/product"}],"about":[{"href":"https:\/\/varo.ee\/en\/wp-json\/wp\/v2\/types\/product"}],"version-history":[{"count":5,"href":"https:\/\/varo.ee\/en\/wp-json\/wp\/v2\/product\/2289\/revisions"}],"predecessor-version":[{"id":2293,"href":"https:\/\/varo.ee\/en\/wp-json\/wp\/v2\/product\/2289\/revisions\/2293"}],"wp:featuredmedia":[{"embeddable":true,"href":"https:\/\/varo.ee\/en\/wp-json\/wp\/v2\/media\/2291"}],"wp:attachment":[{"href":"https:\/\/varo.ee\/en\/wp-json\/wp\/v2\/media?parent=2289"}],"wp:term":[{"taxonomy":"product_brand","embeddable":true,"href":"https:\/\/varo.ee\/en\/wp-json\/wp\/v2\/product_brand?post=2289"},{"taxonomy":"product_cat","embeddable":true,"href":"https:\/\/varo.ee\/en\/wp-json\/wp\/v2\/product_cat?post=2289"},{"taxonomy":"product_tag","embeddable":true,"href":"https:\/\/varo.ee\/en\/wp-json\/wp\/v2\/product_tag?post=2289"}],"curies":[{"name":"wp","href":"https:\/\/api.w.org\/{rel}","templated":true}]}}