{"id":5427,"date":"2024-09-25T15:44:55","date_gmt":"2024-09-25T15:44:55","guid":{"rendered":"https:\/\/varo.ee\/?page_id=5427"},"modified":"2025-03-03T19:57:26","modified_gmt":"2025-03-03T19:57:26","slug":"dormakaba","status":"publish","type":"page","link":"https:\/\/varo.ee\/en\/dormakaba\/","title":{"rendered":"Dormakaba turnstiles"},"content":{"rendered":"\t\t<div data-elementor-type=\"wp-page\" data-elementor-id=\"5427\" class=\"elementor elementor-5427\">\n\t\t\t\t<div class=\"elementor-element elementor-element-a13811d e-flex e-con-boxed wpr-particle-no wpr-jarallax-no wpr-parallax-no wpr-sticky-section-no wpr-equal-height-no e-con e-parent\" data-id=\"a13811d\" data-element_type=\"container\" data-e-type=\"container\">\n\t\t\t\t\t<div class=\"e-con-inner\">\n\t\t<div class=\"elementor-element elementor-element-646172cb e-con-full e-flex wpr-particle-no wpr-jarallax-no wpr-parallax-no wpr-sticky-section-no wpr-equal-height-no elementor-invisible e-con e-child\" data-id=\"646172cb\" data-element_type=\"container\" data-e-type=\"container\" data-settings=\"{&quot;animation&quot;:&quot;fadeIn&quot;}\">\n\t\t\t\t<div class=\"elementor-element elementor-element-58cadd5a elementor-widget elementor-widget-image\" data-id=\"58cadd5a\" data-element_type=\"widget\" data-e-type=\"widget\" data-widget_type=\"image.default\">\n\t\t\t\t<div class=\"elementor-widget-container\">\n\t\t\t\t\t\t\t\t\t\t\t\t\t\t\t<img decoding=\"async\" src=\"https:\/\/varo.ee\/wp-content\/uploads\/elementor\/thumbs\/640px-Dormakaba_logo.svg-qumv4mbh74y7dy3eb12krz01u4op72s968jpmv5r7k.png\" title=\"640px-Dormakaba_logo.svg\" alt=\"640px-Dormakaba_logo.svg\" loading=\"lazy\" \/>\t\t\t\t\t\t\t\t\t\t\t\t\t\t\t<\/div>\n\t\t\t\t<\/div>\n\t\t\t\t<div class=\"elementor-element elementor-element-1705a27d elementor-invisible elementor-widget elementor-widget-heading\" data-id=\"1705a27d\" data-element_type=\"widget\" data-e-type=\"widget\" data-settings=\"{&quot;_animation&quot;:&quot;fadeInLeft&quot;}\" data-widget_type=\"heading.default\">\n\t\t\t\t<div class=\"elementor-widget-container\">\n\t\t\t\t\t<h1 class=\"elementor-heading-title elementor-size-default\">Turnikeed, p\u00f6\u00f6rdv\u00e4ravad ja p\u00f6\u00f6rduksed<\/h1>\t\t\t\t<\/div>\n\t\t\t\t<\/div>\n\t\t\t\t<div class=\"elementor-element elementor-element-5914644d elementor-view-stacked elementor-position-inline-start elementor-shape-circle elementor-mobile-position-block-start elementor-widget elementor-widget-icon-box\" data-id=\"5914644d\" data-element_type=\"widget\" data-e-type=\"widget\" data-widget_type=\"icon-box.default\">\n\t\t\t\t<div class=\"elementor-widget-container\">\n\t\t\t\t\t\t\t<div class=\"elementor-icon-box-wrapper\">\n\n\t\t\t\t\t\t<div class=\"elementor-icon-box-icon\">\n\t\t\t\t<span  class=\"elementor-icon\">\n\t\t\t\t<i aria-hidden=\"true\" class=\"fas fa-angle-double-right\"><\/i>\t\t\t\t<\/span>\n\t\t\t<\/div>\n\t\t\t\n\t\t\t\t\t\t<div class=\"elementor-icon-box-content\">\n\n\t\t\t\t\n\t\t\t\t\t\t\t\t\t<p class=\"elementor-icon-box-description\">\n\t\t\t\t\t\tDormakaba on \u0160veitsi ettev\u00f5te, mis peamiselt tegeleb turnikeede, p\u00f6\u00f6rdv\u00e4ravate ja p\u00f6\u00f6rduste tootmisega.\t\t\t\t\t<\/p>\n\t\t\t\t\n\t\t\t<\/div>\n\t\t\t\n\t\t<\/div>\n\t\t\t\t\t\t<\/div>\n\t\t\t\t<\/div>\n\t\t\t\t<div class=\"elementor-element elementor-element-4ca8e906 elementor-view-stacked elementor-position-inline-start elementor-shape-circle elementor-mobile-position-block-start elementor-widget elementor-widget-icon-box\" data-id=\"4ca8e906\" data-element_type=\"widget\" data-e-type=\"widget\" data-widget_type=\"icon-box.default\">\n\t\t\t\t<div class=\"elementor-widget-container\">\n\t\t\t\t\t\t\t<div class=\"elementor-icon-box-wrapper\">\n\n\t\t\t\t\t\t<div class=\"elementor-icon-box-icon\">\n\t\t\t\t<span  class=\"elementor-icon\">\n\t\t\t\t<i aria-hidden=\"true\" class=\"fas fa-angle-double-right\"><\/i>\t\t\t\t<\/span>\n\t\t\t<\/div>\n\t\t\t\n\t\t\t\t\t\t<div class=\"elementor-icon-box-content\">\n\n\t\t\t\t\n\t\t\t\t\t\t\t\t\t<p class=\"elementor-icon-box-description\">\n\t\t\t\t\t\tVaro O\u00dc on dormakaba toodete edasim\u00fc\u00fcja, paigaldaja ja hooldaja. \t\t\t\t\t<\/p>\n\t\t\t\t\n\t\t\t<\/div>\n\t\t\t\n\t\t<\/div>\n\t\t\t\t\t\t<\/div>\n\t\t\t\t<\/div>\n\t\t\t\t<div class=\"elementor-element elementor-element-39b48a55 elementor-widget elementor-widget-text-editor\" data-id=\"39b48a55\" data-element_type=\"widget\" data-e-type=\"widget\" data-widget_type=\"text-editor.default\">\n\t\t\t\t<div class=\"elementor-widget-container\">\n\t\t\t\t\t\t\t\t\t<p>Dormakaba toodete kohta leiad rohkem infot all olevatest bro\u0161\u00fc\u00fcridest. K\u00fcsimuste korral v\u00f5ta meiega \u00fchendust.<\/p>\t\t\t\t\t\t\t\t<\/div>\n\t\t\t\t<\/div>\n\t\t<div class=\"elementor-element elementor-element-a1f0dd9 e-con-full e-flex wpr-particle-no wpr-jarallax-no wpr-parallax-no wpr-sticky-section-no wpr-equal-height-no e-con e-child\" data-id=\"a1f0dd9\" data-element_type=\"container\" data-e-type=\"container\">\n\t\t\t\t<div class=\"elementor-element elementor-element-125a042 elementor-widget__width-initial elementor-view-default elementor-widget elementor-widget-icon\" data-id=\"125a042\" data-element_type=\"widget\" data-e-type=\"widget\" data-widget_type=\"icon.default\">\n\t\t\t\t<div class=\"elementor-widget-container\">\n\t\t\t\t\t\t\t<div class=\"elementor-icon-wrapper\">\n\t\t\t<div class=\"elementor-icon\">\n\t\t\t<i aria-hidden=\"true\" class=\"far fa-file-pdf\"><\/i>\t\t\t<\/div>\n\t\t<\/div>\n\t\t\t\t\t\t<\/div>\n\t\t\t\t<\/div>\n\t\t\t\t<div class=\"elementor-element elementor-element-802e067 elementor-widget elementor-widget-text-editor\" data-id=\"802e067\" data-element_type=\"widget\" data-e-type=\"widget\" data-widget_type=\"text-editor.default\">\n\t\t\t\t<div class=\"elementor-widget-container\">\n\t\t\t\t\t\t\t\t\t<p><span style=\"text-decoration: underline;\"><a href=\"https:\/\/varo.ee\/wp-content\/uploads\/2024\/09\/Brochure_Kentaur_A4_PDF_Low_EN_170228.pdf\" target=\"_blank\" rel=\"noopener\">Kentaur bro\u0161\u00fc\u00fcr (PDF ingl k)<\/a><\/span><\/p>\t\t\t\t\t\t\t\t<\/div>\n\t\t\t\t<\/div>\n\t\t\t\t<\/div>\n\t\t<div class=\"elementor-element elementor-element-5d3728e e-con-full e-flex wpr-particle-no wpr-jarallax-no wpr-parallax-no wpr-sticky-section-no wpr-equal-height-no e-con e-child\" data-id=\"5d3728e\" data-element_type=\"container\" data-e-type=\"container\">\n\t\t\t\t<div class=\"elementor-element elementor-element-248a0bf elementor-widget__width-initial elementor-view-default elementor-widget elementor-widget-icon\" data-id=\"248a0bf\" data-element_type=\"widget\" data-e-type=\"widget\" data-widget_type=\"icon.default\">\n\t\t\t\t<div class=\"elementor-widget-container\">\n\t\t\t\t\t\t\t<div class=\"elementor-icon-wrapper\">\n\t\t\t<div class=\"elementor-icon\">\n\t\t\t<i aria-hidden=\"true\" class=\"far fa-file-pdf\"><\/i>\t\t\t<\/div>\n\t\t<\/div>\n\t\t\t\t\t\t<\/div>\n\t\t\t\t<\/div>\n\t\t\t\t<div class=\"elementor-element elementor-element-39a95d6 elementor-widget elementor-widget-text-editor\" data-id=\"39a95d6\" data-element_type=\"widget\" data-e-type=\"widget\" data-widget_type=\"text-editor.default\">\n\t\t\t\t<div class=\"elementor-widget-container\">\n\t\t\t\t\t\t\t\t\t<p><span style=\"text-decoration: underline;\"><a href=\"https:\/\/varo.ee\/wp-content\/uploads\/2024\/09\/Brochure_Kerberos_A4_PDF_Low_EN_170228.pdf\" target=\"_blank\" rel=\"noopener\">Kerberos bro\u0161\u00fc\u00fcr (PDF ingl k)<\/a><\/span><\/p>\t\t\t\t\t\t\t\t<\/div>\n\t\t\t\t<\/div>\n\t\t\t\t<\/div>\n\t\t\t\t<\/div>\n\t\t<div class=\"elementor-element elementor-element-37fc2e99 e-con-full e-flex wpr-particle-no wpr-jarallax-no wpr-parallax-no wpr-sticky-section-no wpr-equal-height-no e-con e-child\" data-id=\"37fc2e99\" data-element_type=\"container\" data-e-type=\"container\">\n\t\t\t\t<div class=\"elementor-element elementor-element-61b2a0a7 elementor-widget elementor-widget-image\" data-id=\"61b2a0a7\" data-element_type=\"widget\" data-e-type=\"widget\" data-widget_type=\"image.default\">\n\t\t\t\t<div class=\"elementor-widget-container\">\n\t\t\t\t\t\t\t\t\t\t\t\t\t\t\t<img fetchpriority=\"high\" decoding=\"async\" width=\"768\" height=\"768\" src=\"https:\/\/varo.ee\/wp-content\/uploads\/2024\/09\/Turnikee-pilt3-768x768.png\" class=\"attachment-medium_large size-medium_large wp-image-5442\" alt=\"\" srcset=\"https:\/\/varo.ee\/wp-content\/uploads\/2024\/09\/Turnikee-pilt3-768x768.png 768w, https:\/\/varo.ee\/wp-content\/uploads\/2024\/09\/Turnikee-pilt3-300x300.png 300w, https:\/\/varo.ee\/wp-content\/uploads\/2024\/09\/Turnikee-pilt3-1024x1024.png 1024w, https:\/\/varo.ee\/wp-content\/uploads\/2024\/09\/Turnikee-pilt3-150x150.png 150w, https:\/\/varo.ee\/wp-content\/uploads\/2024\/09\/Turnikee-pilt3-12x12.png 12w, https:\/\/varo.ee\/wp-content\/uploads\/2024\/09\/Turnikee-pilt3-800x800.png 800w, https:\/\/varo.ee\/wp-content\/uploads\/2024\/09\/Turnikee-pilt3-700x700.png 700w, https:\/\/varo.ee\/wp-content\/uploads\/2024\/09\/Turnikee-pilt3-100x100.png 100w, https:\/\/varo.ee\/wp-content\/uploads\/2024\/09\/Turnikee-pilt3.png 1081w\" sizes=\"(max-width: 768px) 100vw, 768px\" \/>\t\t\t\t\t\t\t\t\t\t\t\t\t\t\t<\/div>\n\t\t\t\t<\/div>\n\t\t\t\t<\/div>\n\t\t\t\t\t<\/div>\n\t\t\t\t<\/div>\n\t\t<div class=\"elementor-element elementor-element-7f7006ca e-flex e-con-boxed wpr-particle-no wpr-jarallax-no wpr-parallax-no wpr-sticky-section-no wpr-equal-height-no e-con e-parent\" data-id=\"7f7006ca\" data-element_type=\"container\" data-e-type=\"container\" data-settings=\"{&quot;background_background&quot;:&quot;classic&quot;}\">\n\t\t\t\t\t<div class=\"e-con-inner\">\n\t\t\t\t<div class=\"elementor-element elementor-element-8470705 elementor-widget elementor-widget-spacer\" data-id=\"8470705\" data-element_type=\"widget\" data-e-type=\"widget\" data-widget_type=\"spacer.default\">\n\t\t\t\t<div class=\"elementor-widget-container\">\n\t\t\t\t\t\t\t<div class=\"elementor-spacer\">\n\t\t\t<div class=\"elementor-spacer-inner\"><\/div>\n\t\t<\/div>\n\t\t\t\t\t\t<\/div>\n\t\t\t\t<\/div>\n\t\t\t\t<div class=\"elementor-element elementor-element-3387cd69 elementor-widget elementor-widget-heading\" data-id=\"3387cd69\" data-element_type=\"widget\" data-e-type=\"widget\" data-widget_type=\"heading.default\">\n\t\t\t\t<div class=\"elementor-widget-container\">\n\t\t\t\t\t<h2 class=\"elementor-heading-title elementor-size-default\">V\u00f5ta meiega \u00fchendust<\/h2>\t\t\t\t<\/div>\n\t\t\t\t<\/div>\n\t\t\t\t<div class=\"elementor-element elementor-element-1f794029 elementor-widget elementor-widget-text-editor\" data-id=\"1f794029\" data-element_type=\"widget\" data-e-type=\"widget\" data-widget_type=\"text-editor.default\">\n\t\t\t\t<div class=\"elementor-widget-container\">\n\t\t\t\t\t\t\t\t\t<p>Palun sisestage oma kontaktandmed ja p\u00e4ring ning v\u00f5tame teiega \u00fchendust!<\/p>\t\t\t\t\t\t\t\t<\/div>\n\t\t\t\t<\/div>\n\t\t\t\t<div class=\"elementor-element elementor-element-3cfbb6c1 wpr-step-type-number_text wpr-step-content-layout-vertical wpr-custom-styles-yes elementor-widget elementor-widget-wpr-form-builder\" data-id=\"3cfbb6c1\" data-element_type=\"widget\" data-e-type=\"widget\" data-settings=\"{&quot;button_width&quot;:{&quot;unit&quot;:&quot;%&quot;,&quot;size&quot;:23,&quot;sizes&quot;:[]},&quot;button_width_mobile&quot;:{&quot;unit&quot;:&quot;px&quot;,&quot;size&quot;:100,&quot;sizes&quot;:[]},&quot;success_message&quot;:&quot;Ait\\u00e4h, kiri saadetud!&quot;,&quot;error_message&quot;:&quot;Viga, kirja ei saadetud.&quot;,&quot;button_width_tablet&quot;:{&quot;unit&quot;:&quot;px&quot;,&quot;size&quot;:&quot;&quot;,&quot;sizes&quot;:[]},&quot;step_type&quot;:&quot;number_text&quot;,&quot;step_content_layout&quot;:&quot;vertical&quot;}\" data-widget_type=\"wpr-form-builder.default\">\n\t\t\t\t<div class=\"elementor-widget-container\">\n\t\t\t\t\t\t\t<form class=\"wpr-form\" method=\"post\" name=\"Kontaktvorm\" page=\"Dormakaba turnikeed ja p\u00f6\u00f6rdv\u00e4ravad\" page_id=\"5427\" novalidate>\n\t\t\t<input type=\"hidden\" name=\"post_id\" value=\"5427\"\/>\n\t\t\t<input type=\"hidden\" name=\"form_id\" value=\"3cfbb6c1\"\/>\n\t\t\t<input type=\"hidden\" name=\"referer_title\" value=\"Digitaalsed lahendused\" \/>\n\n\t\t\t<div class=\"wpr-step-wrap\"><\/div>\n\t\t\t<div class=\"wpr-form-fields-wrap wpr-labels-above\">\n\t\t\t\t\t\t\t\t\t<div class=\"wpr-form-field-type-email wpr-field-group wpr-column wpr-field-group-email elementor-repeater-item-0e33fa3 wpr-form-field-required\">\n\t\t\t\t\t\t\t\t\t\t\t\t\t\t<label for=\"form-field-email\" class=\"wpr-form-field-label\" data-alt-label=\"E-posti aadress *\">\n\t\t\t\t\t\t\t\t\tE-posti aadress *\t\t\t\t\t\t\t\t<\/label>\n\t\t\t\t\t\t\t<input size=\"1 \"type=\"email\" name=\"form_fields[email]\" id=\"form-field-email\" class=\"wpr-form-field  wpr-form-field-textual\" placeholder=\"Sinu e-posti aadress\" required=\"required\" aria-required=\"true\">\t\t\t\t\t<\/div>\n\t\t\t\t\t\t\t\t\t<div class=\"wpr-form-field-type-tel wpr-field-group wpr-column wpr-field-group-e16f0c3 elementor-repeater-item-e16f0c3\">\n\t\t\t\t\t\t\t\t\t\t\t\t\t\t<label for=\"form-field-e16f0c3\" class=\"wpr-form-field-label\" data-alt-label=\"Telefoninumber\">\n\t\t\t\t\t\t\t\t\tTelefoninumber\t\t\t\t\t\t\t\t<\/label>\n\t\t\t\t\t\t\t<input size=\"1 \"type=\"tel\" name=\"form_fields[e16f0c3]\" id=\"form-field-e16f0c3\" class=\"wpr-form-field  wpr-form-field-textual\" placeholder=\"Sinu telefon\">\t\t\t\t\t<\/div>\n\t\t\t\t\t\t\t\t\t<div class=\"wpr-form-field-type-textarea wpr-field-group wpr-column wpr-field-group-message elementor-repeater-item-c79d1e7 wpr-form-field-required\">\n\t\t\t\t\t\t\t\t\t\t\t\t\t\t<label for=\"form-field-message\" class=\"wpr-form-field-label\" data-alt-label=\"S\u00f5num *\">\n\t\t\t\t\t\t\t\t\tS\u00f5num *\t\t\t\t\t\t\t\t<\/label>\n\t\t\t\t\t\t\t<textarea class=\"wpr-form-field-textual wpr-form-field \" name=\"form_fields[message]\" id=\"form-field-message\" rows=\"7\" placeholder=\"Sinu p\u00e4ring\" required=\"required\" aria-required=\"true\"><\/textarea>\t\t\t\t\t<\/div>\n\t\t\t\t<div class=\"wpr-field-group wpr-stp-btns-wrap wpr-column wpr-form-field-type-submit\" data-actions=\"[&quot;email&quot;]\" data-redirect-url=\"\" data-mailchimp-fields=\"{&quot;email_field&quot;:&quot;&quot;,&quot;first_name_field&quot;:&quot;&quot;,&quot;last_name_field&quot;:&quot;&quot;,&quot;address_field&quot;:&quot;&quot;,&quot;phone_field&quot;:&quot;&quot;,&quot;birthday_field&quot;:&quot;&quot;,&quot;group_id&quot;:&quot;&quot;}\" data-list-id=\"\">\t\t\t<button type=\"submit\" class=\"wpr-button\">\n\t\t\t\t<span >\n\t\t\t\t\t\t\t\t\t\t\t\t\t\t\t\t<span>Saada<\/span>\n\t\t\t\t\t\t\t\t\t\t\t\t\t\t<\/span>\t\n\t\t\t\t<div class=\"wpr-double-bounce wpr-loader-hidden\">\n\t\t\t\t\t<div class=\"wpr-child wpr-double-bounce1\"><\/div>\n\t\t\t\t\t<div class=\"wpr-child wpr-double-bounce2\"><\/div>\n\t\t\t\t<\/div>\n\t\t\t<\/button>\n\t\t<\/div>\t\t\t\t\n\t\t\t<\/div>\n\t\t<\/form>\n\t  \t\t\t\t<\/div>\n\t\t\t\t<\/div>\n\t\t\t\t<div class=\"elementor-element elementor-element-1f831194 elementor-widget elementor-widget-spacer\" data-id=\"1f831194\" data-element_type=\"widget\" data-e-type=\"widget\" data-widget_type=\"spacer.default\">\n\t\t\t\t<div class=\"elementor-widget-container\">\n\t\t\t\t\t\t\t<div class=\"elementor-spacer\">\n\t\t\t<div class=\"elementor-spacer-inner\"><\/div>\n\t\t<\/div>\n\t\t\t\t\t\t<\/div>\n\t\t\t\t<\/div>\n\t\t\t\t\t<\/div>\n\t\t\t\t<\/div>\n\t\t\t\t<\/div>\n\t\t","protected":false},"excerpt":{"rendered":"<p>Turnikeed, p\u00f6\u00f6rdv\u00e4ravad ja p\u00f6\u00f6rduksed Dormakaba on \u0160veitsi ettev\u00f5te, mis peamiselt tegeleb turnikeede, p\u00f6\u00f6rdv\u00e4ravate ja p\u00f6\u00f6rduste tootmisega. Varo O\u00dc on dormakaba toodete edasim\u00fc\u00fcja, paigaldaja ja hooldaja. Dormakaba toodete kohta leiad rohkem infot all olevatest bro\u0161\u00fc\u00fcridest. K\u00fcsimuste korral v\u00f5ta meiega \u00fchendust. Kentaur bro\u0161\u00fc\u00fcr (PDF ingl k) Kerberos bro\u0161\u00fc\u00fcr (PDF ingl k) V\u00f5ta meiega \u00fchendust Palun sisestage oma kontaktandmed ja p\u00e4ring ning v\u00f5tame teiega \u00fchendust! E-posti aadress * Telefoninumber S\u00f5num * Saada<\/p>","protected":false},"author":1,"featured_media":5442,"parent":0,"menu_order":0,"comment_status":"closed","ping_status":"closed","template":"","meta":{"_monsterinsights_skip_tracking":false,"_monsterinsights_sitenote_active":false,"_monsterinsights_sitenote_note":"","_monsterinsights_sitenote_category":0,"_kadence_starter_templates_imported_post":false,"_kad_post_transparent":"","_kad_post_title":"hide","_kad_post_layout":"fullwidth","_kad_post_sidebar_id":"","_kad_post_content_style":"unboxed","_kad_post_vertical_padding":"hide","_kad_post_feature":"hide","_kad_post_feature_position":"","_kad_post_header":false,"_kad_post_footer":false,"_kad_post_classname":"","footnotes":""},"class_list":["post-5427","page","type-page","status-publish","has-post-thumbnail","hentry"],"yoast_head":"<!-- This site is optimized with the Yoast SEO plugin v27.4 - https:\/\/yoast.com\/product\/yoast-seo-wordpress\/ -->\n<title>Dormakaba turnikeed ja p\u00f6\u00f6rdv\u00e4ravad - Digitaalsed lahendused<\/title>\n<meta name=\"description\" content=\"Dormakaba turnikeed p\u00f6\u00f6rdv\u00e4ravad ja p\u00f6\u00f6rduksed. Varo O\u00dc on dormakaba toodete edasim\u00fc\u00fcja, paigaldaja ja hooldaja.\" \/>\n<meta name=\"robots\" content=\"index, follow, max-snippet:-1, max-image-preview:large, max-video-preview:-1\" \/>\n<link rel=\"canonical\" href=\"https:\/\/varo.ee\/en\/dormakaba\/\" \/>\n<meta property=\"og:locale\" content=\"en_GB\" \/>\n<meta property=\"og:type\" content=\"article\" \/>\n<meta property=\"og:title\" content=\"Dormakaba turnikeed ja p\u00f6\u00f6rdv\u00e4ravad - Digitaalsed lahendused\" \/>\n<meta property=\"og:description\" content=\"Dormakaba turnikeed p\u00f6\u00f6rdv\u00e4ravad ja p\u00f6\u00f6rduksed. Varo O\u00dc on dormakaba toodete edasim\u00fc\u00fcja, paigaldaja ja hooldaja.\" \/>\n<meta property=\"og:url\" content=\"https:\/\/varo.ee\/en\/dormakaba\/\" \/>\n<meta property=\"og:site_name\" content=\"Digitaalsed lahendused\" \/>\n<meta property=\"article:modified_time\" content=\"2025-03-03T19:57:26+00:00\" \/>\n<meta property=\"og:image\" content=\"https:\/\/varo.ee\/wp-content\/uploads\/2024\/09\/Turnikee-pilt3.png\" \/>\n\t<meta property=\"og:image:width\" content=\"1081\" \/>\n\t<meta property=\"og:image:height\" content=\"1081\" \/>\n\t<meta property=\"og:image:type\" content=\"image\/png\" \/>\n<meta name=\"twitter:card\" content=\"summary_large_image\" \/>\n<meta name=\"twitter:label1\" content=\"Estimated reading time\" \/>\n\t<meta name=\"twitter:data1\" content=\"1 minute\" \/>\n<script type=\"application\/ld+json\" class=\"yoast-schema-graph\">{\"@context\":\"https:\\\/\\\/schema.org\",\"@graph\":[{\"@type\":\"WebPage\",\"@id\":\"https:\\\/\\\/varo.ee\\\/dormakaba\\\/\",\"url\":\"https:\\\/\\\/varo.ee\\\/dormakaba\\\/\",\"name\":\"Dormakaba turnikeed ja p\u00f6\u00f6rdv\u00e4ravad - Digitaalsed lahendused\",\"isPartOf\":{\"@id\":\"https:\\\/\\\/varo.ee\\\/#website\"},\"primaryImageOfPage\":{\"@id\":\"https:\\\/\\\/varo.ee\\\/dormakaba\\\/#primaryimage\"},\"image\":{\"@id\":\"https:\\\/\\\/varo.ee\\\/dormakaba\\\/#primaryimage\"},\"thumbnailUrl\":\"https:\\\/\\\/varo.ee\\\/wp-content\\\/uploads\\\/2024\\\/09\\\/Turnikee-pilt3.png\",\"datePublished\":\"2024-09-25T15:44:55+00:00\",\"dateModified\":\"2025-03-03T19:57:26+00:00\",\"description\":\"Dormakaba turnikeed p\u00f6\u00f6rdv\u00e4ravad ja p\u00f6\u00f6rduksed. Varo O\u00dc on dormakaba toodete edasim\u00fc\u00fcja, paigaldaja ja hooldaja.\",\"breadcrumb\":{\"@id\":\"https:\\\/\\\/varo.ee\\\/dormakaba\\\/#breadcrumb\"},\"inLanguage\":\"en-GB\",\"potentialAction\":[{\"@type\":\"ReadAction\",\"target\":[\"https:\\\/\\\/varo.ee\\\/dormakaba\\\/\"]}]},{\"@type\":\"ImageObject\",\"inLanguage\":\"en-GB\",\"@id\":\"https:\\\/\\\/varo.ee\\\/dormakaba\\\/#primaryimage\",\"url\":\"https:\\\/\\\/varo.ee\\\/wp-content\\\/uploads\\\/2024\\\/09\\\/Turnikee-pilt3.png\",\"contentUrl\":\"https:\\\/\\\/varo.ee\\\/wp-content\\\/uploads\\\/2024\\\/09\\\/Turnikee-pilt3.png\",\"width\":1081,\"height\":1081},{\"@type\":\"BreadcrumbList\",\"@id\":\"https:\\\/\\\/varo.ee\\\/dormakaba\\\/#breadcrumb\",\"itemListElement\":[{\"@type\":\"ListItem\",\"position\":1,\"name\":\"Avaleht\",\"item\":\"https:\\\/\\\/varo.ee\\\/\"},{\"@type\":\"ListItem\",\"position\":2,\"name\":\"Dormakaba turnikeed ja p\u00f6\u00f6rdv\u00e4ravad\"}]},{\"@type\":\"WebSite\",\"@id\":\"https:\\\/\\\/varo.ee\\\/#website\",\"url\":\"https:\\\/\\\/varo.ee\\\/\",\"name\":\"Digitaalsed lahendused\",\"description\":\"Digitaalsed lahendused\",\"publisher\":{\"@id\":\"https:\\\/\\\/varo.ee\\\/#organization\"},\"potentialAction\":[{\"@type\":\"SearchAction\",\"target\":{\"@type\":\"EntryPoint\",\"urlTemplate\":\"https:\\\/\\\/varo.ee\\\/?s={search_term_string}\"},\"query-input\":{\"@type\":\"PropertyValueSpecification\",\"valueRequired\":true,\"valueName\":\"search_term_string\"}}],\"inLanguage\":\"en-GB\"},{\"@type\":\"Organization\",\"@id\":\"https:\\\/\\\/varo.ee\\\/#organization\",\"name\":\"Digitaalsed lahendused\",\"url\":\"https:\\\/\\\/varo.ee\\\/\",\"logo\":{\"@type\":\"ImageObject\",\"inLanguage\":\"en-GB\",\"@id\":\"https:\\\/\\\/varo.ee\\\/#\\\/schema\\\/logo\\\/image\\\/\",\"url\":\"https:\\\/\\\/varo.ee\\\/wp-content\\\/uploads\\\/2023\\\/10\\\/tume_logo.png\",\"contentUrl\":\"https:\\\/\\\/varo.ee\\\/wp-content\\\/uploads\\\/2023\\\/10\\\/tume_logo.png\",\"width\":350,\"height\":138,\"caption\":\"Digitaalsed lahendused\"},\"image\":{\"@id\":\"https:\\\/\\\/varo.ee\\\/#\\\/schema\\\/logo\\\/image\\\/\"}}]}<\/script>\n<!-- \/ Yoast SEO plugin. -->","yoast_head_json":{"title":"Dormakaba turnikeed ja p\u00f6\u00f6rdv\u00e4ravad - Digitaalsed lahendused","description":"Dormakaba turnikeed p\u00f6\u00f6rdv\u00e4ravad ja p\u00f6\u00f6rduksed. Varo O\u00dc on dormakaba toodete edasim\u00fc\u00fcja, paigaldaja ja hooldaja.","robots":{"index":"index","follow":"follow","max-snippet":"max-snippet:-1","max-image-preview":"max-image-preview:large","max-video-preview":"max-video-preview:-1"},"canonical":"https:\/\/varo.ee\/en\/dormakaba\/","og_locale":"en_GB","og_type":"article","og_title":"Dormakaba turnikeed ja p\u00f6\u00f6rdv\u00e4ravad - Digitaalsed lahendused","og_description":"Dormakaba turnikeed p\u00f6\u00f6rdv\u00e4ravad ja p\u00f6\u00f6rduksed. Varo O\u00dc on dormakaba toodete edasim\u00fc\u00fcja, paigaldaja ja hooldaja.","og_url":"https:\/\/varo.ee\/en\/dormakaba\/","og_site_name":"Digitaalsed lahendused","article_modified_time":"2025-03-03T19:57:26+00:00","og_image":[{"width":1081,"height":1081,"url":"https:\/\/varo.ee\/wp-content\/uploads\/2024\/09\/Turnikee-pilt3.png","type":"image\/png"}],"twitter_card":"summary_large_image","twitter_misc":{"Estimated reading time":"1 minute"},"schema":{"@context":"https:\/\/schema.org","@graph":[{"@type":"WebPage","@id":"https:\/\/varo.ee\/dormakaba\/","url":"https:\/\/varo.ee\/dormakaba\/","name":"Dormakaba turnikeed ja p\u00f6\u00f6rdv\u00e4ravad - Digitaalsed lahendused","isPartOf":{"@id":"https:\/\/varo.ee\/#website"},"primaryImageOfPage":{"@id":"https:\/\/varo.ee\/dormakaba\/#primaryimage"},"image":{"@id":"https:\/\/varo.ee\/dormakaba\/#primaryimage"},"thumbnailUrl":"https:\/\/varo.ee\/wp-content\/uploads\/2024\/09\/Turnikee-pilt3.png","datePublished":"2024-09-25T15:44:55+00:00","dateModified":"2025-03-03T19:57:26+00:00","description":"Dormakaba turnikeed p\u00f6\u00f6rdv\u00e4ravad ja p\u00f6\u00f6rduksed. Varo O\u00dc on dormakaba toodete edasim\u00fc\u00fcja, paigaldaja ja hooldaja.","breadcrumb":{"@id":"https:\/\/varo.ee\/dormakaba\/#breadcrumb"},"inLanguage":"en-GB","potentialAction":[{"@type":"ReadAction","target":["https:\/\/varo.ee\/dormakaba\/"]}]},{"@type":"ImageObject","inLanguage":"en-GB","@id":"https:\/\/varo.ee\/dormakaba\/#primaryimage","url":"https:\/\/varo.ee\/wp-content\/uploads\/2024\/09\/Turnikee-pilt3.png","contentUrl":"https:\/\/varo.ee\/wp-content\/uploads\/2024\/09\/Turnikee-pilt3.png","width":1081,"height":1081},{"@type":"BreadcrumbList","@id":"https:\/\/varo.ee\/dormakaba\/#breadcrumb","itemListElement":[{"@type":"ListItem","position":1,"name":"Avaleht","item":"https:\/\/varo.ee\/"},{"@type":"ListItem","position":2,"name":"Dormakaba turnikeed ja p\u00f6\u00f6rdv\u00e4ravad"}]},{"@type":"WebSite","@id":"https:\/\/varo.ee\/#website","url":"https:\/\/varo.ee\/","name":"Digitaalsed lahendused","description":"Digitaalsed lahendused","publisher":{"@id":"https:\/\/varo.ee\/#organization"},"potentialAction":[{"@type":"SearchAction","target":{"@type":"EntryPoint","urlTemplate":"https:\/\/varo.ee\/?s={search_term_string}"},"query-input":{"@type":"PropertyValueSpecification","valueRequired":true,"valueName":"search_term_string"}}],"inLanguage":"en-GB"},{"@type":"Organization","@id":"https:\/\/varo.ee\/#organization","name":"Digitaalsed lahendused","url":"https:\/\/varo.ee\/","logo":{"@type":"ImageObject","inLanguage":"en-GB","@id":"https:\/\/varo.ee\/#\/schema\/logo\/image\/","url":"https:\/\/varo.ee\/wp-content\/uploads\/2023\/10\/tume_logo.png","contentUrl":"https:\/\/varo.ee\/wp-content\/uploads\/2023\/10\/tume_logo.png","width":350,"height":138,"caption":"Digitaalsed lahendused"},"image":{"@id":"https:\/\/varo.ee\/#\/schema\/logo\/image\/"}}]}},"jetpack_sharing_enabled":true,"_links":{"self":[{"href":"https:\/\/varo.ee\/en\/wp-json\/wp\/v2\/pages\/5427","targetHints":{"allow":["GET"]}}],"collection":[{"href":"https:\/\/varo.ee\/en\/wp-json\/wp\/v2\/pages"}],"about":[{"href":"https:\/\/varo.ee\/en\/wp-json\/wp\/v2\/types\/page"}],"author":[{"embeddable":true,"href":"https:\/\/varo.ee\/en\/wp-json\/wp\/v2\/users\/1"}],"replies":[{"embeddable":true,"href":"https:\/\/varo.ee\/en\/wp-json\/wp\/v2\/comments?post=5427"}],"version-history":[{"count":38,"href":"https:\/\/varo.ee\/en\/wp-json\/wp\/v2\/pages\/5427\/revisions"}],"predecessor-version":[{"id":6997,"href":"https:\/\/varo.ee\/en\/wp-json\/wp\/v2\/pages\/5427\/revisions\/6997"}],"wp:featuredmedia":[{"embeddable":true,"href":"https:\/\/varo.ee\/en\/wp-json\/wp\/v2\/media\/5442"}],"wp:attachment":[{"href":"https:\/\/varo.ee\/en\/wp-json\/wp\/v2\/media?parent=5427"}],"curies":[{"name":"wp","href":"https:\/\/api.w.org\/{rel}","templated":true}]}}