{"id":4061,"date":"2024-05-05T18:38:54","date_gmt":"2024-05-05T18:38:54","guid":{"rendered":"https:\/\/varo.ee\/?page_id=4061"},"modified":"2026-03-24T02:25:18","modified_gmt":"2026-03-24T02:25:18","slug":"tooted","status":"publish","type":"page","link":"https:\/\/varo.ee\/en\/tooted\/","title":{"rendered":"Products"},"content":{"rendered":"<div data-elementor-type=\"wp-page\" data-elementor-id=\"4061\" class=\"elementor elementor-4061\">\n\t\t\t\t<div class=\"elementor-element elementor-element-314093f4 e-flex e-con-boxed wpr-particle-no wpr-jarallax-no wpr-parallax-no wpr-sticky-section-no wpr-equal-height-no e-con e-parent\" data-id=\"314093f4\" data-element_type=\"container\" data-e-type=\"container\">\n\t\t\t\t\t<div class=\"e-con-inner\">\n\t\t\t\t<div class=\"elementor-element elementor-element-4176a8e9 elementor-widget__width-initial elementor-widget elementor-widget-heading\" data-id=\"4176a8e9\" data-element_type=\"widget\" data-e-type=\"widget\" data-widget_type=\"heading.default\">\n\t\t\t\t<div class=\"elementor-widget-container\">\n\t\t\t\t\t<h1 class=\"elementor-heading-title elementor-size-default\">Products<\/h1>\t\t\t\t<\/div>\n\t\t\t\t<\/div>\n\t\t\t\t<div class=\"elementor-element elementor-element-5c472291 elementor-widget elementor-widget-text-editor\" data-id=\"5c472291\" data-element_type=\"widget\" data-e-type=\"widget\" data-widget_type=\"text-editor.default\">\n\t\t\t\t<div class=\"elementor-widget-container\">\n\t\t\t\t\t\t\t\t\t<p>The needs of our customers require a personal approach - no object or customer is alike, and an individual solution must be offered to everyone. We offer a range of access system solutions, turnstiles, high quality Gantner electronic smart locks and much more.<\/p>\t\t\t\t\t\t\t\t<\/div>\n\t\t\t\t<\/div>\n\t\t\t\t\t<\/div>\n\t\t\t\t<\/div>\n\t\t<div class=\"elementor-element elementor-element-4199315 e-con-full e-flex wpr-particle-no wpr-jarallax-no wpr-parallax-no wpr-sticky-section-no wpr-equal-height-no e-con e-parent\" data-id=\"4199315\" data-element_type=\"container\" data-e-type=\"container\">\n\t\t\t\t<div class=\"elementor-element elementor-element-6b2b653 elementor-widget elementor-widget-html\" data-id=\"6b2b653\" data-element_type=\"widget\" data-e-type=\"widget\" data-widget_type=\"html.default\">\n\t\t\t\t<div class=\"elementor-widget-container\">\n\t\t\t\t\t<style>\n\n.container-cat {\n  display: flex;\n  flex-wrap: wrap;\n  align-items: center;\n  align-content: center;\n  justify-content: center;\n  margin-bottom: 20px;\n  margin-top: 20px;\n}\n\n.card-cat {\n  width: 240px;\n  height: 165px;\n  margin: 15px;\n  text-align: center;\n  position: relative;\n  cursor: pointer;\n  background-color: #ebebeb;\n  \n  padding: 15px;\n  border-style: dashed;\n  border-width: 1px;\n  border-color: #e7eaef;\n  border-radius: 5px;\n  \n}\n\n.card-cat::after{\n    content: '';\n    position: absolute;\n    bottom: 0;\n    left: 0;\n    width: 100%;\n    height: 1px; \n    background-color: #013D56;\n    transform: scaleX(0);\n    transition: transform 0.3s ease;\n}\n\n.card-cat:hover::after{\n    transform: scaleX(1);\n}\n\n.card-cat:hover .go-arrow-cat{\n    filter: opacity(1);\n}\n\n.logo-holder{\n    height: 50px;\n    margin-bottom: 10px;\n    position: relative;\n}\n\n.go-arrow-cat{\n    width: 25px;\n    position: absolute;\n    bottom: 5%;\n    left: 50%;\n    transform: translate(-50%, -5%);\n   filter: opacity(0.2);\n   transition: filter 0.3s ease;\n}\n\n.card-cat p{\n    line-height: 20px;\n}\n\n.container-cat a{\n    text-decoration: none;\n    color: rgb(1, 61, 86);\n}\n\n.supplier-logos{\n    max-height: 100%;\n    max-width: 80%;\n    position: absolute;\n    top: 50%;\n    left: 50%;\n    transform: translate(-50%, -50%);\n}\n\n\n@media screen and (max-width: 600px) {\n    .container-cat {\n        display: flex;\n      justify-content: center;\n      align-items: center;\n    }\n    \n    .card-cat{\n        width: 150px;\n        height: 140px;\n        margin: 5px;\n        padding: 7px;\n    }\n    .card-cat .supplier-logos{\n        max-width: 120px;\n        \n    }\n    .card-cat p{\n        margin: 0;\n        line-height: 16px;\n        font-size: 14px;\n        \n}\n    .card-cat::after{\n        display: none;\n    }\n    \n}\n\n    <\/style>    \n<main>\n    <div class=\"container-cat\">\n\n        <a href=\"https:\/\/varo.ee\/en\/gantner-tooted\/\" class=\"card-cat\">\n            <div class=\"logo-holder\"><img decoding=\"async\" class=\"supplier-logos\" src=\"https:\/\/varo.ee\/wp-content\/uploads\/2024\/04\/logo-gantner.png\"> <\/div>\n            <p>Electronic locks<\/p>\n            <img decoding=\"async\" class=\"go-arrow-cat\" src=\"https:\/\/varo.ee\/wp-content\/uploads\/2024\/04\/bl_right-arrow-blue.png\">\n        <\/a>\n\n        <a href=\"https:\/\/varo.ee\/en\/varo-tooted\/\" class=\"card-cat\">\n            <div class=\"logo-holder\"><img decoding=\"async\" class=\"supplier-logos\" src=\"https:\/\/varo.ee\/wp-content\/uploads\/2024\/04\/Varo-logo-tekst-tume.png\"> <\/div>\n            <p>Developed products<\/p>\n            <img decoding=\"async\" class=\"go-arrow-cat\" src=\"https:\/\/varo.ee\/wp-content\/uploads\/2024\/04\/bl_right-arrow-blue.png\">\n        <\/a>\n\n        <a href=\"https:\/\/varo.ee\/en\/metallmoobel-ja-garderoobikapid\/\" class=\"card-cat\">\n            <div class=\"logo-holder\"><img decoding=\"async\" class=\"supplier-logos\" src=\"https:\/\/varo.ee\/wp-content\/uploads\/2024\/04\/kapp.png\"><\/div>\n            <p>Metal furniture and wardrobes<\/p>\n            <img decoding=\"async\" class=\"go-arrow-cat\" src=\"https:\/\/varo.ee\/wp-content\/uploads\/2024\/04\/bl_right-arrow-blue.png\">\n        <\/a>         \n            \n\n        <a href=\"https:\/\/varo.ee\/en\/joan\/\" class=\"card-cat\">\n            <div class=\"logo-holder\"><img decoding=\"async\" class=\"supplier-logos\" src=\"https:\/\/varo.ee\/wp-content\/uploads\/2024\/04\/Joan-logo.png\"><\/div>\n            <p>Room reservation systems<\/p>\n            <img decoding=\"async\" class=\"go-arrow-cat\" src=\"https:\/\/varo.ee\/wp-content\/uploads\/2024\/04\/bl_right-arrow-blue.png\">\n        <\/a>\n\n        <a href=\"https:\/\/varo.ee\/en\/pharmatek-apteegirobot\/\" class=\"card-cat\">\n            <div class=\"logo-holder\"><img decoding=\"async\" class=\"supplier-logos\" src=\"https:\/\/varo.ee\/wp-content\/uploads\/2024\/04\/Pharmatek-logo.png\"><\/div>\n            <p>Pharmacy robots<\/p>\n            <img decoding=\"async\" class=\"go-arrow-cat\" src=\"https:\/\/varo.ee\/wp-content\/uploads\/2024\/04\/bl_right-arrow-blue.png\">\n        <\/a>   \n        \n        <a href=\"https:\/\/varo.ee\/en\/yuyama-ravimite-pakendamise-seade\/\" class=\"card-cat\">\n            <div class=\"logo-holder\"><img decoding=\"async\" class=\"supplier-logos\" src=\"https:\/\/varo.ee\/wp-content\/uploads\/2025\/10\/logo-color.webp\"><\/div>\n            <p>Ravimite pakendamine<\/p>\n            <img decoding=\"async\" class=\"go-arrow-cat\" src=\"https:\/\/varo.ee\/wp-content\/uploads\/2024\/04\/bl_right-arrow-blue.png\">\n        <\/a>  \n        <a href=\"https:\/\/varo.ee\/en\/dormakaba\/\" class=\"card-cat\">\n            <div class=\"logo-holder\"><img decoding=\"async\" class=\"supplier-logos\" src=\"https:\/\/varo.ee\/wp-content\/uploads\/2024\/09\/640px-Dormakaba_logo.svg.png\"><\/div>\n            <p>Turnikeed ja p\u00f6\u00f6rdv\u00e4ravad<\/p>\n            <img decoding=\"async\" class=\"go-arrow-cat\" src=\"https:\/\/varo.ee\/wp-content\/uploads\/2024\/04\/bl_right-arrow-blue.png\">\n        <\/a>  \n      <a href=\"https:\/\/varo.ee\/en\/ratikute-valjastus-ja-tagastusautomaat\/\" class=\"card-cat\">\n            <div class=\"logo-holder\"><img decoding=\"async\" class=\"supplier-logos\" src=\"https:\/\/varo.ee\/wp-content\/uploads\/2024\/11\/flybytracker-logo.png\"><\/div>\n            <p>Towel tracking system<\/p>\n            <img decoding=\"async\" class=\"go-arrow-cat\" src=\"https:\/\/varo.ee\/wp-content\/uploads\/2024\/04\/bl_right-arrow-blue.png\">\n        <\/a>\n        \n        <a href=\"https:\/\/varo.ee\/en\/ipan-ipan-juhtmevabad-laadimissusteemid\/\" class=\"card-cat\">\n            <div class=\"logo-holder\"><img decoding=\"async\" class=\"supplier-logos\" src=\"https:\/\/varo.ee\/wp-content\/uploads\/2024\/12\/Logo-IPAN_IPAN_HD1.png\"><\/div>\n            <p>Juhtmevabad laadimiss\u00fcsteemid<\/p>\n            <img decoding=\"async\" class=\"go-arrow-cat\" src=\"https:\/\/varo.ee\/wp-content\/uploads\/2024\/04\/bl_right-arrow-blue.png\">\n        <\/a>\n        <a href=\"https:\/\/varo.ee\/en\/igloohome-nutilukud\/\" class=\"card-cat\">\n            <div class=\"logo-holder\"><img decoding=\"async\" class=\"supplier-logos\" src=\"https:\/\/varo.ee\/wp-content\/uploads\/2025\/01\/igloohome-logo.png\"><\/div>\n            <p>Nutilukud<\/p>\n            <img decoding=\"async\" class=\"go-arrow-cat\" src=\"https:\/\/varo.ee\/wp-content\/uploads\/2024\/04\/bl_right-arrow-blue.png\">\n        <\/a>\n         <a href=\"https:\/\/varo.ee\/en\/salto-hotellitubade-lukud-ja-labipaasususteemid\/\" class=\"card-cat\">\n            <div class=\"logo-holder\"><img decoding=\"async\" class=\"supplier-logos\" src=\"https:\/\/varo.ee\/wp-content\/uploads\/2025\/01\/salto-logo.png\"><\/div>\n            <p>Ukselukud ja l\u00e4bip\u00e4\u00e4sus\u00fcsteemid<\/p>\n            <img decoding=\"async\" class=\"go-arrow-cat\" src=\"https:\/\/varo.ee\/wp-content\/uploads\/2024\/04\/bl_right-arrow-blue.png\">\n        <\/a>\n        <a href=\"https:\/\/varo.ee\/en\/smalox-elektrooniline-lukk\/\" class=\"card-cat\">\n            <div class=\"logo-holder\"><img decoding=\"async\" class=\"supplier-logos\" src=\"https:\/\/varo.ee\/wp-content\/uploads\/2025\/05\/logo_stiap_smalox_black_RGB.png\"><\/div>\n            <p>Patareivaba nutilukk<\/p>\n            <img decoding=\"async\" class=\"go-arrow-cat\" src=\"https:\/\/varo.ee\/wp-content\/uploads\/2024\/04\/bl_right-arrow-blue.png\">\n        <\/a>\n    <\/div>\n<\/main>\t\t\t\t<\/div>\n\t\t\t\t<\/div>\n\t\t\t\t<\/div>\n\t\t<div class=\"elementor-element elementor-element-3d6ab11 e-flex e-con-boxed wpr-particle-no wpr-jarallax-no wpr-parallax-no wpr-sticky-section-no wpr-equal-height-no e-con e-parent\" data-id=\"3d6ab11\" data-element_type=\"container\" data-e-type=\"container\">\n\t\t\t\t\t<div class=\"e-con-inner\">\n\t\t\t\t<div class=\"elementor-element elementor-element-8f4a371 elementor-widget elementor-widget-spacer\" data-id=\"8f4a371\" data-element_type=\"widget\" data-e-type=\"widget\" data-widget_type=\"spacer.default\">\n\t\t\t\t<div class=\"elementor-widget-container\">\n\t\t\t\t\t\t\t<div class=\"elementor-spacer\">\n\t\t\t<div class=\"elementor-spacer-inner\"><\/div>\n\t\t<\/div>\n\t\t\t\t\t\t<\/div>\n\t\t\t\t<\/div>\n\t\t\t\t\t<\/div>\n\t\t\t\t<\/div>\n\t\t\t\t<\/div>","protected":false},"excerpt":{"rendered":"<p>Tooted Meie klientide vajadused n\u00f5uavad personaalset l\u00e4henemist \u2013 \u00fckski objekt ega klient pole sarnane ning k\u00f5igile tuleb pakkuda individuaalset lahendust. Pakume mitmeid l\u00e4bip\u00e4\u00e4sus\u00fcsteemi lahendusi, turnikeesid, kvaliteetseid Gantner elektroonilisi nutilukke ja palju muud. Elektroonilised kapilukud Arendatud tooted Metallm\u00f6\u00f6bel ja garderoobikapid Ruumibroneerimise s\u00fcsteemid Apteegi robotid Ravimite pakendamine Turnikeed ja p\u00f6\u00f6rdv\u00e4ravad R\u00e4tikute v\u00e4ljastus- ja tagastusautomaat Juhtmevabad laadimiss\u00fcsteemid Nutilukud Ukselukud ja l\u00e4bip\u00e4\u00e4sus\u00fcsteemid Patareivaba nutilukk<\/p>","protected":false},"author":1,"featured_media":0,"parent":0,"menu_order":0,"comment_status":"closed","ping_status":"closed","template":"","meta":{"_monsterinsights_skip_tracking":false,"_monsterinsights_sitenote_active":false,"_monsterinsights_sitenote_note":"","_monsterinsights_sitenote_category":0,"_kadence_starter_templates_imported_post":false,"_kad_post_transparent":"","_kad_post_title":"hide","_kad_post_layout":"fullwidth","_kad_post_sidebar_id":"","_kad_post_content_style":"unboxed","_kad_post_vertical_padding":"hide","_kad_post_feature":"hide","_kad_post_feature_position":"","_kad_post_header":false,"_kad_post_footer":false,"_kad_post_classname":"","footnotes":""},"class_list":["post-4061","page","type-page","status-publish","hentry"],"yoast_head":"<!-- This site is optimized with the Yoast SEO plugin v27.4 - https:\/\/yoast.com\/product\/yoast-seo-wordpress\/ -->\n<title>Tooted - Digitaalsed lahendused<\/title>\n<meta name=\"description\" content=\"Tooted\" \/>\n<meta name=\"robots\" content=\"index, follow, max-snippet:-1, max-image-preview:large, max-video-preview:-1\" \/>\n<link rel=\"canonical\" href=\"https:\/\/varo.ee\/en\/tooted\/\" \/>\n<meta property=\"og:locale\" content=\"en_GB\" \/>\n<meta property=\"og:type\" content=\"article\" \/>\n<meta property=\"og:title\" content=\"Tooted - Digitaalsed lahendused\" \/>\n<meta property=\"og:description\" content=\"Tooted\" \/>\n<meta property=\"og:url\" content=\"https:\/\/varo.ee\/en\/tooted\/\" \/>\n<meta property=\"og:site_name\" content=\"Digitaalsed lahendused\" \/>\n<meta property=\"article:modified_time\" content=\"2026-03-24T02:25:18+00:00\" \/>\n<meta property=\"og:image\" content=\"https:\/\/varo.ee\/wp-content\/uploads\/2024\/04\/logo-gantner.png\" \/>\n<meta name=\"twitter:card\" content=\"summary_large_image\" \/>\n<meta name=\"twitter:label1\" content=\"Estimated reading time\" \/>\n\t<meta name=\"twitter:data1\" content=\"6 minutes\" \/>\n<script type=\"application\/ld+json\" class=\"yoast-schema-graph\">{\"@context\":\"https:\\\/\\\/schema.org\",\"@graph\":[{\"@type\":\"WebPage\",\"@id\":\"https:\\\/\\\/varo.ee\\\/tooted\\\/\",\"url\":\"https:\\\/\\\/varo.ee\\\/tooted\\\/\",\"name\":\"Tooted - Digitaalsed lahendused\",\"isPartOf\":{\"@id\":\"https:\\\/\\\/varo.ee\\\/#website\"},\"primaryImageOfPage\":{\"@id\":\"https:\\\/\\\/varo.ee\\\/tooted\\\/#primaryimage\"},\"image\":{\"@id\":\"https:\\\/\\\/varo.ee\\\/tooted\\\/#primaryimage\"},\"thumbnailUrl\":\"https:\\\/\\\/varo.ee\\\/wp-content\\\/uploads\\\/2024\\\/04\\\/logo-gantner.png\",\"datePublished\":\"2024-05-05T18:38:54+00:00\",\"dateModified\":\"2026-03-24T02:25:18+00:00\",\"description\":\"Tooted\",\"breadcrumb\":{\"@id\":\"https:\\\/\\\/varo.ee\\\/tooted\\\/#breadcrumb\"},\"inLanguage\":\"en-GB\",\"potentialAction\":[{\"@type\":\"ReadAction\",\"target\":[\"https:\\\/\\\/varo.ee\\\/tooted\\\/\"]}]},{\"@type\":\"ImageObject\",\"inLanguage\":\"en-GB\",\"@id\":\"https:\\\/\\\/varo.ee\\\/tooted\\\/#primaryimage\",\"url\":\"https:\\\/\\\/varo.ee\\\/wp-content\\\/uploads\\\/2024\\\/04\\\/logo-gantner.png\",\"contentUrl\":\"https:\\\/\\\/varo.ee\\\/wp-content\\\/uploads\\\/2024\\\/04\\\/logo-gantner.png\"},{\"@type\":\"BreadcrumbList\",\"@id\":\"https:\\\/\\\/varo.ee\\\/tooted\\\/#breadcrumb\",\"itemListElement\":[{\"@type\":\"ListItem\",\"position\":1,\"name\":\"Avaleht\",\"item\":\"https:\\\/\\\/varo.ee\\\/\"},{\"@type\":\"ListItem\",\"position\":2,\"name\":\"Tooted\"}]},{\"@type\":\"WebSite\",\"@id\":\"https:\\\/\\\/varo.ee\\\/#website\",\"url\":\"https:\\\/\\\/varo.ee\\\/\",\"name\":\"Digitaalsed lahendused\",\"description\":\"Digitaalsed lahendused\",\"publisher\":{\"@id\":\"https:\\\/\\\/varo.ee\\\/#organization\"},\"potentialAction\":[{\"@type\":\"SearchAction\",\"target\":{\"@type\":\"EntryPoint\",\"urlTemplate\":\"https:\\\/\\\/varo.ee\\\/?s={search_term_string}\"},\"query-input\":{\"@type\":\"PropertyValueSpecification\",\"valueRequired\":true,\"valueName\":\"search_term_string\"}}],\"inLanguage\":\"en-GB\"},{\"@type\":\"Organization\",\"@id\":\"https:\\\/\\\/varo.ee\\\/#organization\",\"name\":\"Digitaalsed lahendused\",\"url\":\"https:\\\/\\\/varo.ee\\\/\",\"logo\":{\"@type\":\"ImageObject\",\"inLanguage\":\"en-GB\",\"@id\":\"https:\\\/\\\/varo.ee\\\/#\\\/schema\\\/logo\\\/image\\\/\",\"url\":\"https:\\\/\\\/varo.ee\\\/wp-content\\\/uploads\\\/2023\\\/10\\\/tume_logo.png\",\"contentUrl\":\"https:\\\/\\\/varo.ee\\\/wp-content\\\/uploads\\\/2023\\\/10\\\/tume_logo.png\",\"width\":350,\"height\":138,\"caption\":\"Digitaalsed lahendused\"},\"image\":{\"@id\":\"https:\\\/\\\/varo.ee\\\/#\\\/schema\\\/logo\\\/image\\\/\"}}]}<\/script>\n<!-- \/ Yoast SEO plugin. -->","yoast_head_json":{"title":"Tooted - Digitaalsed lahendused","description":"Products","robots":{"index":"index","follow":"follow","max-snippet":"max-snippet:-1","max-image-preview":"max-image-preview:large","max-video-preview":"max-video-preview:-1"},"canonical":"https:\/\/varo.ee\/en\/tooted\/","og_locale":"en_GB","og_type":"article","og_title":"Tooted - Digitaalsed lahendused","og_description":"Tooted","og_url":"https:\/\/varo.ee\/en\/tooted\/","og_site_name":"Digitaalsed lahendused","article_modified_time":"2026-03-24T02:25:18+00:00","og_image":[{"url":"https:\/\/varo.ee\/wp-content\/uploads\/2024\/04\/logo-gantner.png","type":"","width":"","height":""}],"twitter_card":"summary_large_image","twitter_misc":{"Estimated reading time":"6 minutes"},"schema":{"@context":"https:\/\/schema.org","@graph":[{"@type":"WebPage","@id":"https:\/\/varo.ee\/tooted\/","url":"https:\/\/varo.ee\/tooted\/","name":"Tooted - Digitaalsed lahendused","isPartOf":{"@id":"https:\/\/varo.ee\/#website"},"primaryImageOfPage":{"@id":"https:\/\/varo.ee\/tooted\/#primaryimage"},"image":{"@id":"https:\/\/varo.ee\/tooted\/#primaryimage"},"thumbnailUrl":"https:\/\/varo.ee\/wp-content\/uploads\/2024\/04\/logo-gantner.png","datePublished":"2024-05-05T18:38:54+00:00","dateModified":"2026-03-24T02:25:18+00:00","description":"Products","breadcrumb":{"@id":"https:\/\/varo.ee\/tooted\/#breadcrumb"},"inLanguage":"en-GB","potentialAction":[{"@type":"ReadAction","target":["https:\/\/varo.ee\/tooted\/"]}]},{"@type":"ImageObject","inLanguage":"en-GB","@id":"https:\/\/varo.ee\/tooted\/#primaryimage","url":"https:\/\/varo.ee\/wp-content\/uploads\/2024\/04\/logo-gantner.png","contentUrl":"https:\/\/varo.ee\/wp-content\/uploads\/2024\/04\/logo-gantner.png"},{"@type":"BreadcrumbList","@id":"https:\/\/varo.ee\/tooted\/#breadcrumb","itemListElement":[{"@type":"ListItem","position":1,"name":"Avaleht","item":"https:\/\/varo.ee\/"},{"@type":"ListItem","position":2,"name":"Tooted"}]},{"@type":"WebSite","@id":"https:\/\/varo.ee\/#website","url":"https:\/\/varo.ee\/","name":"Digitaalsed lahendused","description":"Digitaalsed lahendused","publisher":{"@id":"https:\/\/varo.ee\/#organization"},"potentialAction":[{"@type":"SearchAction","target":{"@type":"EntryPoint","urlTemplate":"https:\/\/varo.ee\/?s={search_term_string}"},"query-input":{"@type":"PropertyValueSpecification","valueRequired":true,"valueName":"search_term_string"}}],"inLanguage":"en-GB"},{"@type":"Organization","@id":"https:\/\/varo.ee\/#organization","name":"Digitaalsed lahendused","url":"https:\/\/varo.ee\/","logo":{"@type":"ImageObject","inLanguage":"en-GB","@id":"https:\/\/varo.ee\/#\/schema\/logo\/image\/","url":"https:\/\/varo.ee\/wp-content\/uploads\/2023\/10\/tume_logo.png","contentUrl":"https:\/\/varo.ee\/wp-content\/uploads\/2023\/10\/tume_logo.png","width":350,"height":138,"caption":"Digitaalsed lahendused"},"image":{"@id":"https:\/\/varo.ee\/#\/schema\/logo\/image\/"}}]}},"jetpack_sharing_enabled":true,"_links":{"self":[{"href":"https:\/\/varo.ee\/en\/wp-json\/wp\/v2\/pages\/4061","targetHints":{"allow":["GET"]}}],"collection":[{"href":"https:\/\/varo.ee\/en\/wp-json\/wp\/v2\/pages"}],"about":[{"href":"https:\/\/varo.ee\/en\/wp-json\/wp\/v2\/types\/page"}],"author":[{"embeddable":true,"href":"https:\/\/varo.ee\/en\/wp-json\/wp\/v2\/users\/1"}],"replies":[{"embeddable":true,"href":"https:\/\/varo.ee\/en\/wp-json\/wp\/v2\/comments?post=4061"}],"version-history":[{"count":88,"href":"https:\/\/varo.ee\/en\/wp-json\/wp\/v2\/pages\/4061\/revisions"}],"predecessor-version":[{"id":7967,"href":"https:\/\/varo.ee\/en\/wp-json\/wp\/v2\/pages\/4061\/revisions\/7967"}],"wp:attachment":[{"href":"https:\/\/varo.ee\/en\/wp-json\/wp\/v2\/media?parent=4061"}],"curies":[{"name":"wp","href":"https:\/\/api.w.org\/{rel}","templated":true}]}}