{"id":2685,"date":"2023-12-30T12:08:10","date_gmt":"2023-12-30T12:08:10","guid":{"rendered":"https:\/\/varo.ee\/?page_id=2685"},"modified":"2026-03-22T06:53:14","modified_gmt":"2026-03-22T06:53:14","slug":"teenused","status":"publish","type":"page","link":"https:\/\/varo.ee\/en\/teenused\/","title":{"rendered":"Services"},"content":{"rendered":"<div data-elementor-type=\"wp-page\" data-elementor-id=\"2685\" class=\"elementor elementor-2685\">\n\t\t\t\t<div class=\"elementor-element elementor-element-a4cd926 e-flex e-con-boxed wpr-particle-no wpr-jarallax-no wpr-parallax-no wpr-sticky-section-no wpr-equal-height-no e-con e-parent\" data-id=\"a4cd926\" data-element_type=\"container\" data-e-type=\"container\">\n\t\t\t\t\t<div class=\"e-con-inner\">\n\t\t\t\t<div class=\"elementor-element elementor-element-aed75ef elementor-widget elementor-widget-heading\" data-id=\"aed75ef\" data-element_type=\"widget\" data-e-type=\"widget\" data-widget_type=\"heading.default\">\n\t\t\t\t<div class=\"elementor-widget-container\">\n\t\t\t\t\t<h1 class=\"elementor-heading-title elementor-size-default\">The services we offer<\/h1>\t\t\t\t<\/div>\n\t\t\t\t<\/div>\n\t\t\t\t\t<\/div>\n\t\t\t\t<\/div>\n\t\t<div class=\"elementor-element elementor-element-bb8f61a e-flex e-con-boxed wpr-particle-no wpr-jarallax-no wpr-parallax-no wpr-sticky-section-no wpr-equal-height-no e-con e-parent\" data-id=\"bb8f61a\" data-element_type=\"container\" data-e-type=\"container\">\n\t\t\t\t\t<div class=\"e-con-inner\">\n\t\t<div class=\"elementor-element elementor-element-39c137d e-con-full e-flex wpr-particle-no wpr-jarallax-no wpr-parallax-no wpr-sticky-section-no wpr-equal-height-no e-con e-child\" data-id=\"39c137d\" data-element_type=\"container\" data-e-type=\"container\">\n\t\t\t\t<div class=\"elementor-element elementor-element-88482b9 elementor-widget elementor-widget-text-editor\" data-id=\"88482b9\" data-element_type=\"widget\" data-e-type=\"widget\" data-widget_type=\"text-editor.default\">\n\t\t\t\t<div class=\"elementor-widget-container\">\n\t\t\t\t\t\t\t\t\t<ul><li>Installation and maintenance of Gantner electronic cabinet locks<\/li><li>Design of electronic cabinet locks and lockers<\/li><li>Garderoobikappide m\u00fc\u00fck ja paigaldus \u2013 metallist ja puidust<\/li><li>Apteegi laorobotite m\u00fc\u00fck, paigaldus, hooldus.<\/li><li>Pharmathek seadmed<\/li><li>Turnikeede- ja p\u00f6\u00f6rd v\u00e4ravate paigaldus \u2013 hooldus, m\u00fc\u00fcme dormakaba tooteid<\/li><li>Juhtmevabade telefonilaadijate m\u00fc\u00fck, paigaldus<\/li><li>Igloohome nutilukkude hooldus ja m\u00fc\u00fck <\/li><\/ul>\t\t\t\t\t\t\t\t<\/div>\n\t\t\t\t<\/div>\n\t\t\t\t<\/div>\n\t\t<div class=\"elementor-element elementor-element-7ab6034 e-con-full e-flex wpr-particle-no wpr-jarallax-no wpr-parallax-no wpr-sticky-section-no wpr-equal-height-no e-con e-child\" data-id=\"7ab6034\" data-element_type=\"container\" data-e-type=\"container\">\n\t\t\t\t<div class=\"elementor-element elementor-element-6eadbbf elementor-widget elementor-widget-text-editor\" data-id=\"6eadbbf\" data-element_type=\"widget\" data-e-type=\"widget\" data-widget_type=\"text-editor.default\">\n\t\t\t\t<div class=\"elementor-widget-container\">\n\t\t\t\t\t\t\t\t\t<ul><li>Hotellitubade uste lukud ja l\u00e4bip\u00e4\u00e4sus\u00fcsteemid<\/li><li>Sales, installation and maintenance of room and workplace reservation systems<\/li><li>Sales, installation and maintenance of Timate time and access systems<\/li><li>Paid WC and shower payment terminals (with coin and card payments), paid entrance solutions and their control.<\/li><li>ATS \/ fire alarm installation, maintenance and design<\/li><li>Maintenance and installation of weak current systems<\/li><\/ul>\t\t\t\t\t\t\t\t<\/div>\n\t\t\t\t<\/div>\n\t\t\t\t<\/div>\n\t\t\t\t\t<\/div>\n\t\t\t\t<\/div>\n\t\t<div class=\"elementor-element elementor-element-dc88e81 e-flex e-con-boxed wpr-particle-no wpr-jarallax-no wpr-parallax-no wpr-sticky-section-no wpr-equal-height-no e-con e-parent\" data-id=\"dc88e81\" data-element_type=\"container\" data-e-type=\"container\">\n\t\t\t\t\t<div class=\"e-con-inner\">\n\t\t<div class=\"elementor-element elementor-element-7007ba4 e-con-full e-flex wpr-particle-no wpr-jarallax-no wpr-parallax-no wpr-sticky-section-no wpr-equal-height-no e-con e-child\" data-id=\"7007ba4\" data-element_type=\"container\" data-e-type=\"container\">\n\t\t\t\t<div class=\"elementor-element elementor-element-87429ca elementor-widget elementor-widget-heading\" data-id=\"87429ca\" data-element_type=\"widget\" data-e-type=\"widget\" data-widget_type=\"heading.default\">\n\t\t\t\t<div class=\"elementor-widget-container\">\n\t\t\t\t\t<h2 class=\"elementor-heading-title elementor-size-default\">Price list<\/h2>\t\t\t\t<\/div>\n\t\t\t\t<\/div>\n\t\t\t\t<div class=\"elementor-element elementor-element-8fee209 elementor-widget elementor-widget-text-editor\" data-id=\"8fee209\" data-element_type=\"widget\" data-e-type=\"widget\" data-widget_type=\"text-editor.default\">\n\t\t\t\t<div class=\"elementor-widget-container\">\n\t\t\t\t\t\t\t\t\t<p><strong>Hoolduse-, v\u00e4ljakutsete ja remondi hinnakiri:<\/strong><\/p><ul><li>Regular maintenance from \u20ac35\/month<\/li><li>With regular maintenance, we ensure a quick response to emergencies<\/li><li>V\u00e4ljakutsetasu hoolduslepingu korral 65 \u20ac<\/li><li>T\u00f6\u00f6tunni hind 49 \u20ac<\/li><li>The price of an emergency call (includes up to 1 hour error detection fee) \u20ac165<\/li><li>The price of an extra working hour in the event of an emergency call is \u20ac65<\/li><li>Tallinnast ja Narvast v\u00e4ljaspool toimuvate v\u00e4ljakutsete korral lisandub transpordihind 0.50 \u20ac\/km<\/li><\/ul>\t\t\t\t\t\t\t\t<\/div>\n\t\t\t\t<\/div>\n\t\t\t\t<\/div>\n\t\t<div class=\"elementor-element elementor-element-8a47cb5 e-flex e-con-boxed wpr-particle-no wpr-jarallax-no wpr-parallax-no wpr-sticky-section-no wpr-equal-height-no e-con e-child\" data-id=\"8a47cb5\" data-element_type=\"container\" data-e-type=\"container\">\n\t\t\t\t\t<div class=\"e-con-inner\">\n\t\t\t\t<div class=\"elementor-element elementor-element-3a5c918 elementor-widget elementor-widget-image\" data-id=\"3a5c918\" data-element_type=\"widget\" data-e-type=\"widget\" data-widget_type=\"image.default\">\n\t\t\t\t<div class=\"elementor-widget-container\">\n\t\t\t\t\t\t\t\t\t\t\t\t\t\t\t<img fetchpriority=\"high\" decoding=\"async\" width=\"1024\" height=\"768\" src=\"https:\/\/varo.ee\/wp-content\/uploads\/2024\/02\/IMG_7554-1024x768.jpg\" class=\"attachment-large size-large wp-image-2823\" alt=\"Riietusruumi kapi lukus\u00fcsteem\" srcset=\"https:\/\/varo.ee\/wp-content\/uploads\/2024\/02\/IMG_7554-1024x768.jpg 1024w, https:\/\/varo.ee\/wp-content\/uploads\/2024\/02\/IMG_7554-300x225.jpg 300w, https:\/\/varo.ee\/wp-content\/uploads\/2024\/02\/IMG_7554-768x576.jpg 768w, https:\/\/varo.ee\/wp-content\/uploads\/2024\/02\/IMG_7554-1536x1152.jpg 1536w, https:\/\/varo.ee\/wp-content\/uploads\/2024\/02\/IMG_7554-2048x1536.jpg 2048w, https:\/\/varo.ee\/wp-content\/uploads\/2024\/02\/IMG_7554-1320x990.jpg 1320w, https:\/\/varo.ee\/wp-content\/uploads\/2024\/02\/IMG_7554-700x525.jpg 700w\" sizes=\"(max-width: 1024px) 100vw, 1024px\" \/>\t\t\t\t\t\t\t\t\t\t\t\t\t\t\t<\/div>\n\t\t\t\t<\/div>\n\t\t\t\t\t<\/div>\n\t\t\t\t<\/div>\n\t\t\t\t\t<\/div>\n\t\t\t\t<\/div>\n\t\t<div class=\"elementor-element elementor-element-05a6637 e-flex e-con-boxed wpr-particle-no wpr-jarallax-no wpr-parallax-no wpr-sticky-section-no wpr-equal-height-no e-con e-parent\" data-id=\"05a6637\" data-element_type=\"container\" data-e-type=\"container\">\n\t\t\t\t\t<div class=\"e-con-inner\">\n\t\t\t\t<div class=\"elementor-element elementor-element-0ef875c elementor-widget__width-initial elementor-widget elementor-widget-heading\" data-id=\"0ef875c\" data-element_type=\"widget\" data-e-type=\"widget\" data-widget_type=\"heading.default\">\n\t\t\t\t<div class=\"elementor-widget-container\">\n\t\t\t\t\t<h2 class=\"elementor-heading-title elementor-size-default\">We exceed expectations. Always.<\/h2>\t\t\t\t<\/div>\n\t\t\t\t<\/div>\n\t\t\t\t<div class=\"elementor-element elementor-element-628c170 elementor-widget__width-initial elementor-widget elementor-widget-text-editor\" data-id=\"628c170\" data-element_type=\"widget\" data-e-type=\"widget\" data-widget_type=\"text-editor.default\">\n\t\t\t\t<div class=\"elementor-widget-container\">\n\t\t\t\t\t\t\t\t\t<p>We want our customers to always return to us. We'll give you a reason for that.<\/p>\t\t\t\t\t\t\t\t<\/div>\n\t\t\t\t<\/div>\n\t\t<div class=\"elementor-element elementor-element-85574ff e-flex e-con-boxed wpr-particle-no wpr-jarallax-no wpr-parallax-no wpr-sticky-section-no wpr-equal-height-no e-con e-child\" data-id=\"85574ff\" data-element_type=\"container\" data-e-type=\"container\">\n\t\t\t\t\t<div class=\"e-con-inner\">\n\t\t\t\t<div class=\"elementor-element elementor-element-fdaf800 elementor-align-center elementor-mobile-align-center elementor-icon-list--layout-traditional elementor-list-item-link-full_width elementor-widget elementor-widget-icon-list\" data-id=\"fdaf800\" data-element_type=\"widget\" data-e-type=\"widget\" data-widget_type=\"icon-list.default\">\n\t\t\t\t<div class=\"elementor-widget-container\">\n\t\t\t\t\t\t\t<ul class=\"elementor-icon-list-items\">\n\t\t\t\t\t\t\t<li class=\"elementor-icon-list-item\">\n\t\t\t\t\t\t\t\t\t\t\t<a href=\"tel:53077224\">\n\n\t\t\t\t\t\t\t\t\t\t\t\t<span class=\"elementor-icon-list-icon\">\n\t\t\t\t\t\t\t<i aria-hidden=\"true\" class=\"fas fa-phone-alt\"><\/i>\t\t\t\t\t\t<\/span>\n\t\t\t\t\t\t\t\t\t\t<span class=\"elementor-icon-list-text\">+372 53077224<\/span>\n\t\t\t\t\t\t\t\t\t\t\t<\/a>\n\t\t\t\t\t\t\t\t\t<\/li>\n\t\t\t\t\t\t\t\t<li class=\"elementor-icon-list-item\">\n\t\t\t\t\t\t\t\t\t\t\t<a href=\"mailto:info@varo.ee\">\n\n\t\t\t\t\t\t\t\t\t\t\t\t<span class=\"elementor-icon-list-icon\">\n\t\t\t\t\t\t\t<i aria-hidden=\"true\" class=\"fas fa-envelope\"><\/i>\t\t\t\t\t\t<\/span>\n\t\t\t\t\t\t\t\t\t\t<span class=\"elementor-icon-list-text\">info@varo.ee<\/span>\n\t\t\t\t\t\t\t\t\t\t\t<\/a>\n\t\t\t\t\t\t\t\t\t<\/li>\n\t\t\t\t\t\t<\/ul>\n\t\t\t\t\t\t<\/div>\n\t\t\t\t<\/div>\n\t\t\t\t<div class=\"elementor-element elementor-element-2c75d0a elementor-widget elementor-widget-spacer\" data-id=\"2c75d0a\" data-element_type=\"widget\" data-e-type=\"widget\" data-widget_type=\"spacer.default\">\n\t\t\t\t<div class=\"elementor-widget-container\">\n\t\t\t\t\t\t\t<div class=\"elementor-spacer\">\n\t\t\t<div class=\"elementor-spacer-inner\"><\/div>\n\t\t<\/div>\n\t\t\t\t\t\t<\/div>\n\t\t\t\t<\/div>\n\t\t\t\t\t<\/div>\n\t\t\t\t<\/div>\n\t\t\t\t\t<\/div>\n\t\t\t\t<\/div>\n\t\t\t\t<\/div>","protected":false},"excerpt":{"rendered":"<p>Meie pakutavad teenused Gantner elektrooniliste kapilukkude paigaldus ja hooldus Elektrooniliste kapilukkude ja lokkerite projekteerimine Garderoobikappide m\u00fc\u00fck ja paigaldus \u2013 metallist ja puidust Apteegi laorobotite m\u00fc\u00fck, paigaldus, hooldus. Pharmathek seadmed Turnikeede- ja p\u00f6\u00f6rd v\u00e4ravate paigaldus \u2013 hooldus, m\u00fc\u00fcme dormakaba tooteid Juhtmevabade telefonilaadijate m\u00fc\u00fck, paigaldus Igloohome nutilukkude hooldus ja m\u00fc\u00fck Hotellitubade uste lukud ja l\u00e4bip\u00e4\u00e4sus\u00fcsteemid Ruumi- ja t\u00f6\u00f6koha broneerimiss\u00fcsteemide m\u00fc\u00fck, paigaldus ja hooldus Timate t\u00f6\u00f6aja- ja l\u00e4bip\u00e4\u00e4sus\u00fcsteemide m\u00fc\u00fck, paigaldus ja hooldus Tasulised WC ja du\u0161\u0161imakseterminalid (m\u00fcndi- ja kaardimaksetega), tasulise sissep\u00e4\u00e4su lahendused ja nende kontroll. ATS \/ tulekahjusignalisatsiooni paigaldus, hooldus ja projekteerimine N\u00f5rkvoolus\u00fcsteemide hooldus ja paigaldus Hinnakiri Hoolduse-, v\u00e4ljakutsete ja remondi hinnakiri: Regulaarne hooldus alates 35 \u20ac \/ kuus Regulaarse hoolduse korral tagame kiire reageerimise v\u00e4ljakutsetele V\u00e4ljakutsetasu hoolduslepingu korral 65 \u20ac T\u00f6\u00f6tunni hind 49 \u20ac Erakorralise v\u00e4ljakutse hind (sisaldab kuni 1 tundi vea tuvastamise tasu) 165 \u20ac Lisat\u00f6\u00f6tunni hind erakorralise v\u00e4ljakutse korral 65 \u20ac Tallinnast ja Narvast v\u00e4ljaspool toimuvate v\u00e4ljakutsete korral lisandub transpordihind 0.50 \u20ac\/km \u00dcletame ootusi. Alati. Soovime, et meie kliendid p\u00f6\u00f6rduksid meie poole alati tagasi. Me anname selleks p\u00f5hjuse. +372 53077224 info@varo.ee<\/p>","protected":false},"author":1,"featured_media":0,"parent":0,"menu_order":0,"comment_status":"closed","ping_status":"closed","template":"","meta":{"_monsterinsights_skip_tracking":false,"_monsterinsights_sitenote_active":false,"_monsterinsights_sitenote_note":"","_monsterinsights_sitenote_category":0,"_kadence_starter_templates_imported_post":false,"_kad_post_transparent":"","_kad_post_title":"hide","_kad_post_layout":"fullwidth","_kad_post_sidebar_id":"","_kad_post_content_style":"unboxed","_kad_post_vertical_padding":"hide","_kad_post_feature":"hide","_kad_post_feature_position":"","_kad_post_header":false,"_kad_post_footer":false,"_kad_post_classname":"","footnotes":""},"class_list":["post-2685","page","type-page","status-publish","hentry"],"yoast_head":"<!-- This site is optimized with the Yoast SEO plugin v27.4 - https:\/\/yoast.com\/product\/yoast-seo-wordpress\/ -->\n<title>Teenused - Digitaalsed lahendused<\/title>\n<meta name=\"robots\" content=\"index, follow, max-snippet:-1, max-image-preview:large, max-video-preview:-1\" \/>\n<link rel=\"canonical\" href=\"https:\/\/varo.ee\/en\/teenused\/\" \/>\n<meta property=\"og:locale\" content=\"en_GB\" \/>\n<meta property=\"og:type\" content=\"article\" \/>\n<meta property=\"og:title\" content=\"Teenused - Digitaalsed lahendused\" \/>\n<meta property=\"og:description\" content=\"Meie pakutavad teenused Gantner elektrooniliste kapilukkude paigaldus ja hooldus Elektrooniliste kapilukkude ja lokkerite projekteerimine Garderoobikappide m\u00fc\u00fck ja paigaldus \u2013 metallist ja puidust Apteegi laorobotite m\u00fc\u00fck, paigaldus, hooldus. Pharmathek seadmed Turnikeede- ja p\u00f6\u00f6rd v\u00e4ravate paigaldus \u2013 hooldus, m\u00fc\u00fcme dormakaba tooteid Juhtmevabade telefonilaadijate m\u00fc\u00fck, paigaldus Igloohome nutilukkude hooldus ja m\u00fc\u00fck Hotellitubade uste lukud ja l\u00e4bip\u00e4\u00e4sus\u00fcsteemid Ruumi- ja t\u00f6\u00f6koha broneerimiss\u00fcsteemide m\u00fc\u00fck, paigaldus ja hooldus Timate t\u00f6\u00f6aja- ja l\u00e4bip\u00e4\u00e4sus\u00fcsteemide m\u00fc\u00fck, paigaldus ja hooldus Tasulised WC ja du\u0161\u0161imakseterminalid (m\u00fcndi- ja kaardimaksetega), tasulise sissep\u00e4\u00e4su lahendused ja nende kontroll. ATS \/ tulekahjusignalisatsiooni paigaldus, hooldus ja projekteerimine N\u00f5rkvoolus\u00fcsteemide hooldus ja paigaldus Hinnakiri Hoolduse-, v\u00e4ljakutsete ja remondi hinnakiri: Regulaarne hooldus alates 35 \u20ac \/ kuus Regulaarse hoolduse korral tagame kiire reageerimise v\u00e4ljakutsetele V\u00e4ljakutsetasu hoolduslepingu korral 65 \u20ac T\u00f6\u00f6tunni hind 49 \u20ac Erakorralise v\u00e4ljakutse hind (sisaldab kuni 1 tundi vea tuvastamise tasu) 165 \u20ac Lisat\u00f6\u00f6tunni hind erakorralise v\u00e4ljakutse korral 65 \u20ac Tallinnast ja Narvast v\u00e4ljaspool toimuvate v\u00e4ljakutsete korral lisandub transpordihind 0.50 \u20ac\/km \u00dcletame ootusi. Alati. Soovime, et meie kliendid p\u00f6\u00f6rduksid meie poole alati tagasi. Me anname selleks p\u00f5hjuse. +372 53077224 info@varo.ee\" \/>\n<meta property=\"og:url\" content=\"https:\/\/varo.ee\/en\/teenused\/\" \/>\n<meta property=\"og:site_name\" content=\"Digitaalsed lahendused\" \/>\n<meta property=\"article:modified_time\" content=\"2026-03-22T06:53:14+00:00\" \/>\n<meta property=\"og:image\" content=\"https:\/\/varo.ee\/wp-content\/uploads\/2024\/02\/IMG_7554-scaled.jpg\" \/>\n\t<meta property=\"og:image:width\" content=\"2560\" \/>\n\t<meta property=\"og:image:height\" content=\"1920\" \/>\n\t<meta property=\"og:image:type\" content=\"image\/jpeg\" \/>\n<meta name=\"twitter:card\" content=\"summary_large_image\" \/>\n<meta name=\"twitter:label1\" content=\"Estimated reading time\" \/>\n\t<meta name=\"twitter:data1\" content=\"1 minute\" \/>\n<script type=\"application\/ld+json\" class=\"yoast-schema-graph\">{\"@context\":\"https:\\\/\\\/schema.org\",\"@graph\":[{\"@type\":\"WebPage\",\"@id\":\"https:\\\/\\\/varo.ee\\\/teenused\\\/\",\"url\":\"https:\\\/\\\/varo.ee\\\/teenused\\\/\",\"name\":\"Teenused - Digitaalsed lahendused\",\"isPartOf\":{\"@id\":\"https:\\\/\\\/varo.ee\\\/#website\"},\"primaryImageOfPage\":{\"@id\":\"https:\\\/\\\/varo.ee\\\/teenused\\\/#primaryimage\"},\"image\":{\"@id\":\"https:\\\/\\\/varo.ee\\\/teenused\\\/#primaryimage\"},\"thumbnailUrl\":\"https:\\\/\\\/varo.ee\\\/wp-content\\\/uploads\\\/2024\\\/02\\\/IMG_7554-1024x768.jpg\",\"datePublished\":\"2023-12-30T12:08:10+00:00\",\"dateModified\":\"2026-03-22T06:53:14+00:00\",\"breadcrumb\":{\"@id\":\"https:\\\/\\\/varo.ee\\\/teenused\\\/#breadcrumb\"},\"inLanguage\":\"en-GB\",\"potentialAction\":[{\"@type\":\"ReadAction\",\"target\":[\"https:\\\/\\\/varo.ee\\\/teenused\\\/\"]}]},{\"@type\":\"ImageObject\",\"inLanguage\":\"en-GB\",\"@id\":\"https:\\\/\\\/varo.ee\\\/teenused\\\/#primaryimage\",\"url\":\"https:\\\/\\\/varo.ee\\\/wp-content\\\/uploads\\\/2024\\\/02\\\/IMG_7554-1024x768.jpg\",\"contentUrl\":\"https:\\\/\\\/varo.ee\\\/wp-content\\\/uploads\\\/2024\\\/02\\\/IMG_7554-1024x768.jpg\"},{\"@type\":\"BreadcrumbList\",\"@id\":\"https:\\\/\\\/varo.ee\\\/teenused\\\/#breadcrumb\",\"itemListElement\":[{\"@type\":\"ListItem\",\"position\":1,\"name\":\"Avaleht\",\"item\":\"https:\\\/\\\/varo.ee\\\/\"},{\"@type\":\"ListItem\",\"position\":2,\"name\":\"Teenused\"}]},{\"@type\":\"WebSite\",\"@id\":\"https:\\\/\\\/varo.ee\\\/#website\",\"url\":\"https:\\\/\\\/varo.ee\\\/\",\"name\":\"Digitaalsed lahendused\",\"description\":\"Digitaalsed lahendused\",\"publisher\":{\"@id\":\"https:\\\/\\\/varo.ee\\\/#organization\"},\"potentialAction\":[{\"@type\":\"SearchAction\",\"target\":{\"@type\":\"EntryPoint\",\"urlTemplate\":\"https:\\\/\\\/varo.ee\\\/?s={search_term_string}\"},\"query-input\":{\"@type\":\"PropertyValueSpecification\",\"valueRequired\":true,\"valueName\":\"search_term_string\"}}],\"inLanguage\":\"en-GB\"},{\"@type\":\"Organization\",\"@id\":\"https:\\\/\\\/varo.ee\\\/#organization\",\"name\":\"Digitaalsed lahendused\",\"url\":\"https:\\\/\\\/varo.ee\\\/\",\"logo\":{\"@type\":\"ImageObject\",\"inLanguage\":\"en-GB\",\"@id\":\"https:\\\/\\\/varo.ee\\\/#\\\/schema\\\/logo\\\/image\\\/\",\"url\":\"https:\\\/\\\/varo.ee\\\/wp-content\\\/uploads\\\/2023\\\/10\\\/tume_logo.png\",\"contentUrl\":\"https:\\\/\\\/varo.ee\\\/wp-content\\\/uploads\\\/2023\\\/10\\\/tume_logo.png\",\"width\":350,\"height\":138,\"caption\":\"Digitaalsed lahendused\"},\"image\":{\"@id\":\"https:\\\/\\\/varo.ee\\\/#\\\/schema\\\/logo\\\/image\\\/\"}}]}<\/script>\n<!-- \/ Yoast SEO plugin. -->","yoast_head_json":{"title":"Teenused - Digitaalsed lahendused","robots":{"index":"index","follow":"follow","max-snippet":"max-snippet:-1","max-image-preview":"max-image-preview:large","max-video-preview":"max-video-preview:-1"},"canonical":"https:\/\/varo.ee\/en\/teenused\/","og_locale":"en_GB","og_type":"article","og_title":"Teenused - Digitaalsed lahendused","og_description":"Meie pakutavad teenused Gantner elektrooniliste kapilukkude paigaldus ja hooldus Elektrooniliste kapilukkude ja lokkerite projekteerimine Garderoobikappide m\u00fc\u00fck ja paigaldus \u2013 metallist ja puidust Apteegi laorobotite m\u00fc\u00fck, paigaldus, hooldus. Pharmathek seadmed Turnikeede- ja p\u00f6\u00f6rd v\u00e4ravate paigaldus \u2013 hooldus, m\u00fc\u00fcme dormakaba tooteid Juhtmevabade telefonilaadijate m\u00fc\u00fck, paigaldus Igloohome nutilukkude hooldus ja m\u00fc\u00fck Hotellitubade uste lukud ja l\u00e4bip\u00e4\u00e4sus\u00fcsteemid Ruumi- ja t\u00f6\u00f6koha broneerimiss\u00fcsteemide m\u00fc\u00fck, paigaldus ja hooldus Timate t\u00f6\u00f6aja- ja l\u00e4bip\u00e4\u00e4sus\u00fcsteemide m\u00fc\u00fck, paigaldus ja hooldus Tasulised WC ja du\u0161\u0161imakseterminalid (m\u00fcndi- ja kaardimaksetega), tasulise sissep\u00e4\u00e4su lahendused ja nende kontroll. ATS \/ tulekahjusignalisatsiooni paigaldus, hooldus ja projekteerimine N\u00f5rkvoolus\u00fcsteemide hooldus ja paigaldus Hinnakiri Hoolduse-, v\u00e4ljakutsete ja remondi hinnakiri: Regulaarne hooldus alates 35 \u20ac \/ kuus Regulaarse hoolduse korral tagame kiire reageerimise v\u00e4ljakutsetele V\u00e4ljakutsetasu hoolduslepingu korral 65 \u20ac T\u00f6\u00f6tunni hind 49 \u20ac Erakorralise v\u00e4ljakutse hind (sisaldab kuni 1 tundi vea tuvastamise tasu) 165 \u20ac Lisat\u00f6\u00f6tunni hind erakorralise v\u00e4ljakutse korral 65 \u20ac Tallinnast ja Narvast v\u00e4ljaspool toimuvate v\u00e4ljakutsete korral lisandub transpordihind 0.50 \u20ac\/km \u00dcletame ootusi. Alati. Soovime, et meie kliendid p\u00f6\u00f6rduksid meie poole alati tagasi. Me anname selleks p\u00f5hjuse. +372 53077224 info@varo.ee","og_url":"https:\/\/varo.ee\/en\/teenused\/","og_site_name":"Digitaalsed lahendused","article_modified_time":"2026-03-22T06:53:14+00:00","og_image":[{"width":2560,"height":1920,"url":"https:\/\/varo.ee\/wp-content\/uploads\/2024\/02\/IMG_7554-scaled.jpg","type":"image\/jpeg"}],"twitter_card":"summary_large_image","twitter_misc":{"Estimated reading time":"1 minute"},"schema":{"@context":"https:\/\/schema.org","@graph":[{"@type":"WebPage","@id":"https:\/\/varo.ee\/teenused\/","url":"https:\/\/varo.ee\/teenused\/","name":"Teenused - Digitaalsed lahendused","isPartOf":{"@id":"https:\/\/varo.ee\/#website"},"primaryImageOfPage":{"@id":"https:\/\/varo.ee\/teenused\/#primaryimage"},"image":{"@id":"https:\/\/varo.ee\/teenused\/#primaryimage"},"thumbnailUrl":"https:\/\/varo.ee\/wp-content\/uploads\/2024\/02\/IMG_7554-1024x768.jpg","datePublished":"2023-12-30T12:08:10+00:00","dateModified":"2026-03-22T06:53:14+00:00","breadcrumb":{"@id":"https:\/\/varo.ee\/teenused\/#breadcrumb"},"inLanguage":"en-GB","potentialAction":[{"@type":"ReadAction","target":["https:\/\/varo.ee\/teenused\/"]}]},{"@type":"ImageObject","inLanguage":"en-GB","@id":"https:\/\/varo.ee\/teenused\/#primaryimage","url":"https:\/\/varo.ee\/wp-content\/uploads\/2024\/02\/IMG_7554-1024x768.jpg","contentUrl":"https:\/\/varo.ee\/wp-content\/uploads\/2024\/02\/IMG_7554-1024x768.jpg"},{"@type":"BreadcrumbList","@id":"https:\/\/varo.ee\/teenused\/#breadcrumb","itemListElement":[{"@type":"ListItem","position":1,"name":"Avaleht","item":"https:\/\/varo.ee\/"},{"@type":"ListItem","position":2,"name":"Teenused"}]},{"@type":"WebSite","@id":"https:\/\/varo.ee\/#website","url":"https:\/\/varo.ee\/","name":"Digitaalsed lahendused","description":"Digitaalsed lahendused","publisher":{"@id":"https:\/\/varo.ee\/#organization"},"potentialAction":[{"@type":"SearchAction","target":{"@type":"EntryPoint","urlTemplate":"https:\/\/varo.ee\/?s={search_term_string}"},"query-input":{"@type":"PropertyValueSpecification","valueRequired":true,"valueName":"search_term_string"}}],"inLanguage":"en-GB"},{"@type":"Organization","@id":"https:\/\/varo.ee\/#organization","name":"Digitaalsed lahendused","url":"https:\/\/varo.ee\/","logo":{"@type":"ImageObject","inLanguage":"en-GB","@id":"https:\/\/varo.ee\/#\/schema\/logo\/image\/","url":"https:\/\/varo.ee\/wp-content\/uploads\/2023\/10\/tume_logo.png","contentUrl":"https:\/\/varo.ee\/wp-content\/uploads\/2023\/10\/tume_logo.png","width":350,"height":138,"caption":"Digitaalsed lahendused"},"image":{"@id":"https:\/\/varo.ee\/#\/schema\/logo\/image\/"}}]}},"jetpack_sharing_enabled":true,"_links":{"self":[{"href":"https:\/\/varo.ee\/en\/wp-json\/wp\/v2\/pages\/2685","targetHints":{"allow":["GET"]}}],"collection":[{"href":"https:\/\/varo.ee\/en\/wp-json\/wp\/v2\/pages"}],"about":[{"href":"https:\/\/varo.ee\/en\/wp-json\/wp\/v2\/types\/page"}],"author":[{"embeddable":true,"href":"https:\/\/varo.ee\/en\/wp-json\/wp\/v2\/users\/1"}],"replies":[{"embeddable":true,"href":"https:\/\/varo.ee\/en\/wp-json\/wp\/v2\/comments?post=2685"}],"version-history":[{"count":112,"href":"https:\/\/varo.ee\/en\/wp-json\/wp\/v2\/pages\/2685\/revisions"}],"predecessor-version":[{"id":7934,"href":"https:\/\/varo.ee\/en\/wp-json\/wp\/v2\/pages\/2685\/revisions\/7934"}],"wp:attachment":[{"href":"https:\/\/varo.ee\/en\/wp-json\/wp\/v2\/media?parent=2685"}],"curies":[{"name":"wp","href":"https:\/\/api.w.org\/{rel}","templated":true}]}}